{"id":94,"date":"2026-01-30T17:52:59","date_gmt":"2026-01-30T09:52:59","guid":{"rendered":"https:\/\/holidaybeachdanang.ms2.decms.asia\/dining\/aloha-restaurant\/"},"modified":"2026-04-08T18:14:08","modified_gmt":"2026-04-08T10:14:08","slug":"aloha-restaurant","status":"publish","type":"page","link":"https:\/\/holidaybeachdanang.com\/vi\/dining\/aloha-restaurant\/","title":{"rendered":"Nh\u00e0 h\u00e0ng Aloha"},"content":{"rendered":"<p>Ch\u00e0o m\u1eebng \u0111\u1ebfn v\u1edbi Aloha Restaurant, nh\u00e0 h\u00e0ng \u1ea9m th\u1ef1c ph\u1ee5c v\u1ee5 c\u1ea3 ng\u00e0y c\u1ee7a Holiday Beach Hotel Danang. T\u1ecda l\u1ea1c ngay s\u00e1t bi\u1ec3n \u0110\u00e0 N\u1eb5ng xinh \u0111\u1eb9p, ch\u00fang t\u00f4i mang \u0111\u1ebfn m\u1ed9t tr\u1ea3i nghi\u1ec7m \u1ea9m th\u1ef1c tinh t\u1ebf, k\u1ebft h\u1ee3p h\u01b0\u01a1ng v\u1ecb \u00c1 \u2013 \u00c2u trong m\u1ed9t kh\u00f4ng gian \u1ea5m c\u00fang v\u00e0 phong c\u00e1ch. Aloha Restaurant l\u00e0 n\u01a1i th\u01b0\u1edfng th\u1ee9c s\u1ef1 \u0111\u1ea7y \u0111\u1eb7n trong t\u1eebng m\u00f3n \u0103n v\u1edbi th\u1ef1c \u0111\u01a1n s\u00e1ng t\u1ea1o t\u1eeb c\u00e1c \u0111\u1ea7u b\u1ebfp t\u00e0i n\u0103ng c\u1ee7a ch\u00fang t\u00f4i. T\u1eeb b\u1eefa s\u00e1ng phong ph\u00fa gi\u00fap b\u1ea1n s\u1eb5n s\u00e0ng kh\u00e1m ph\u00e1 \u0110\u00e0 N\u1eb5ng, \u0111\u1ebfn b\u1eefa t\u1ed1i l\u00e3ng m\u1ea1n d\u01b0\u1edbi \u00e1nh \u0111\u00e8n \u1ea5m \u00e1p.<\/p>\n","protected":false},"excerpt":{"rendered":"<p>Ch\u00e0o m\u1eebng \u0111\u1ebfn v\u1edbi Aloha Restaurant, nh\u00e0 h\u00e0ng \u1ea9m th\u1ef1c ph\u1ee5c v\u1ee5 c\u1ea3 ng\u00e0y c\u1ee7a Holiday Beach Hotel Danang. T\u1ecda l\u1ea1c ngay s\u00e1t bi\u1ec3n \u0110\u00e0 N\u1eb5ng xinh \u0111\u1eb9p, ch\u00fang t\u00f4i mang \u0111\u1ebfn m\u1ed9t tr\u1ea3i nghi\u1ec7m \u1ea9m th\u1ef1c tinh t\u1ebf, k\u1ebft h\u1ee3p h\u01b0\u01a1ng v\u1ecb \u00c1 \u2013 \u00c2u trong m\u1ed9t kh\u00f4ng gian \u1ea5m c\u00fang v\u00e0 phong c\u00e1ch. [&hellip;]<\/p>\n","protected":false},"author":90,"featured_media":0,"parent":86,"menu_order":0,"comment_status":"closed","ping_status":"closed","template":"template-single-restaurant.php","meta":{"footnotes":""},"categories":[],"yoast_head":"<!-- This site is optimized with the Yoast SEO plugin v22.3 - https:\/\/yoast.com\/wordpress\/plugins\/seo\/ -->\n<title>Nh\u00e0 h\u00e0ng Aloha - Holiday Beach Hotel Danang<\/title>\n<meta name=\"description\" content=\"Ch\u00e0o m\u1eebng \u0111\u1ebfn v\u1edbi Aloha Restaurant, nh\u00e0 h\u00e0ng \u1ea9m th\u1ef1c ph\u1ee5c v\u1ee5 c\u1ea3 ng\u00e0y c\u1ee7a Holiday Beach Hotel Danang. T\u1ecda l\u1ea1c ngay s\u00e1t bi\u1ec3n \u0110\u00e0 N\u1eb5ng xinh \u0111\u1eb9p, ch\u00fang t\u00f4i mang \u0111\u1ebfn m\u1ed9t tr\u1ea3i nghi\u1ec7m \u1ea9m th\u1ef1c tinh t\u1ebf, k\u1ebft h\u1ee3p h\u01b0\u01a1ng v\u1ecb \u00c1 \u2013 \u00c2u trong m\u1ed9t kh\u00f4ng gian \u1ea5m c\u00fang v\u00e0 phong c\u00e1ch. Aloha Restaurant l\u00e0 n\u01a1i th\u01b0\u1edfng th\u1ee9c s\u1ef1 \u0111\u1ea7y \u0111\u1eb7n trong t\u1eebng m\u00f3n \u0103n v\u1edbi th\u1ef1c \u0111\u01a1n s\u00e1ng t\u1ea1o t\u1eeb c\u00e1c \u0111\u1ea7u b\u1ebfp t\u00e0i n\u0103ng c\u1ee7a ch\u00fang t\u00f4i. T\u1eeb b\u1eefa s\u00e1ng phong ph\u00fa gi\u00fap b\u1ea1n s\u1eb5n s\u00e0ng kh\u00e1m ph\u00e1 \u0110\u00e0 N\u1eb5ng, \u0111\u1ebfn b\u1eefa t\u1ed1i l\u00e3ng m\u1ea1n d\u01b0\u1edbi \u00e1nh \u0111\u00e8n \u1ea5m \u00e1p.\" \/>\n<meta name=\"robots\" content=\"index, follow, max-snippet:-1, max-image-preview:large, max-video-preview:-1\" \/>\n<link rel=\"canonical\" href=\"https:\/\/holidaybeachdanang.com\/vi\/dining\/aloha-restaurant\/\" \/>\n<meta property=\"og:locale\" content=\"vi_VN\" \/>\n<meta property=\"og:type\" content=\"article\" \/>\n<meta property=\"og:title\" content=\"Nh\u00e0 h\u00e0ng Aloha - Holiday Beach Hotel Danang\" \/>\n<meta property=\"og:description\" content=\"Ch\u00e0o m\u1eebng \u0111\u1ebfn v\u1edbi Aloha Restaurant, nh\u00e0 h\u00e0ng \u1ea9m th\u1ef1c ph\u1ee5c v\u1ee5 c\u1ea3 ng\u00e0y c\u1ee7a Holiday Beach Hotel Danang. T\u1ecda l\u1ea1c ngay s\u00e1t bi\u1ec3n \u0110\u00e0 N\u1eb5ng xinh \u0111\u1eb9p, ch\u00fang t\u00f4i mang \u0111\u1ebfn m\u1ed9t tr\u1ea3i nghi\u1ec7m \u1ea9m th\u1ef1c tinh t\u1ebf, k\u1ebft h\u1ee3p h\u01b0\u01a1ng v\u1ecb \u00c1 \u2013 \u00c2u trong m\u1ed9t kh\u00f4ng gian \u1ea5m c\u00fang v\u00e0 phong c\u00e1ch. Aloha Restaurant l\u00e0 n\u01a1i th\u01b0\u1edfng th\u1ee9c s\u1ef1 \u0111\u1ea7y \u0111\u1eb7n trong t\u1eebng m\u00f3n \u0103n v\u1edbi th\u1ef1c \u0111\u01a1n s\u00e1ng t\u1ea1o t\u1eeb c\u00e1c \u0111\u1ea7u b\u1ebfp t\u00e0i n\u0103ng c\u1ee7a ch\u00fang t\u00f4i. T\u1eeb b\u1eefa s\u00e1ng phong ph\u00fa gi\u00fap b\u1ea1n s\u1eb5n s\u00e0ng kh\u00e1m ph\u00e1 \u0110\u00e0 N\u1eb5ng, \u0111\u1ebfn b\u1eefa t\u1ed1i l\u00e3ng m\u1ea1n d\u01b0\u1edbi \u00e1nh \u0111\u00e8n \u1ea5m \u00e1p.\" \/>\n<meta property=\"og:url\" content=\"https:\/\/holidaybeachdanang.com\/vi\/dining\/aloha-restaurant\/\" \/>\n<meta property=\"og:site_name\" content=\"Holiday Beach Hotel Danang\" \/>\n<meta property=\"article:modified_time\" content=\"2026-04-08T10:14:08+00:00\" \/>\n<meta name=\"twitter:card\" content=\"summary_large_image\" \/>\n<meta name=\"twitter:label1\" content=\"Est. reading time\" \/>\n\t<meta name=\"twitter:data1\" content=\"1 minute\" \/>\n<script type=\"application\/ld+json\" class=\"yoast-schema-graph\">{\"@context\":\"https:\/\/schema.org\",\"@graph\":[{\"@type\":\"WebPage\",\"@id\":\"https:\/\/holidaybeachdanang.com\/vi\/dining\/aloha-restaurant\/\",\"url\":\"https:\/\/holidaybeachdanang.com\/vi\/dining\/aloha-restaurant\/\",\"name\":\"Nh\u00e0 h\u00e0ng Aloha - Holiday Beach Hotel Danang\",\"isPartOf\":{\"@id\":\"https:\/\/holidaybeachdanang.com\/vi\/#website\"},\"datePublished\":\"2026-01-30T09:52:59+00:00\",\"dateModified\":\"2026-04-08T10:14:08+00:00\",\"description\":\"Ch\u00e0o m\u1eebng \u0111\u1ebfn v\u1edbi Aloha Restaurant, nh\u00e0 h\u00e0ng \u1ea9m th\u1ef1c ph\u1ee5c v\u1ee5 c\u1ea3 ng\u00e0y c\u1ee7a Holiday Beach Hotel Danang. T\u1ecda l\u1ea1c ngay s\u00e1t bi\u1ec3n \u0110\u00e0 N\u1eb5ng xinh \u0111\u1eb9p, ch\u00fang t\u00f4i mang \u0111\u1ebfn m\u1ed9t tr\u1ea3i nghi\u1ec7m \u1ea9m th\u1ef1c tinh t\u1ebf, k\u1ebft h\u1ee3p h\u01b0\u01a1ng v\u1ecb \u00c1 \u2013 \u00c2u trong m\u1ed9t kh\u00f4ng gian \u1ea5m c\u00fang v\u00e0 phong c\u00e1ch. Aloha Restaurant l\u00e0 n\u01a1i th\u01b0\u1edfng th\u1ee9c s\u1ef1 \u0111\u1ea7y \u0111\u1eb7n trong t\u1eebng m\u00f3n \u0103n v\u1edbi th\u1ef1c \u0111\u01a1n s\u00e1ng t\u1ea1o t\u1eeb c\u00e1c \u0111\u1ea7u b\u1ebfp t\u00e0i n\u0103ng c\u1ee7a ch\u00fang t\u00f4i. T\u1eeb b\u1eefa s\u00e1ng phong ph\u00fa gi\u00fap b\u1ea1n s\u1eb5n s\u00e0ng kh\u00e1m ph\u00e1 \u0110\u00e0 N\u1eb5ng, \u0111\u1ebfn b\u1eefa t\u1ed1i l\u00e3ng m\u1ea1n d\u01b0\u1edbi \u00e1nh \u0111\u00e8n \u1ea5m \u00e1p.\",\"breadcrumb\":{\"@id\":\"https:\/\/holidaybeachdanang.com\/vi\/dining\/aloha-restaurant\/#breadcrumb\"},\"inLanguage\":\"vi-VN\",\"potentialAction\":[{\"@type\":\"ReadAction\",\"target\":[\"https:\/\/holidaybeachdanang.com\/vi\/dining\/aloha-restaurant\/\"]}]},{\"@type\":\"BreadcrumbList\",\"@id\":\"https:\/\/holidaybeachdanang.com\/vi\/dining\/aloha-restaurant\/#breadcrumb\",\"itemListElement\":[{\"@type\":\"ListItem\",\"position\":1,\"name\":\"Home\",\"item\":\"https:\/\/holidaybeachdanang.com\/vi\/\"},{\"@type\":\"ListItem\",\"position\":2,\"name\":\"\u1ea8m th\u1ef1c\",\"item\":\"https:\/\/holidaybeachdanang.com\/vi\/dining\/\"},{\"@type\":\"ListItem\",\"position\":3,\"name\":\"Nh\u00e0 h\u00e0ng Aloha\"}]},{\"@type\":\"WebSite\",\"@id\":\"https:\/\/holidaybeachdanang.com\/vi\/#website\",\"url\":\"https:\/\/holidaybeachdanang.com\/vi\/\",\"name\":\"Holiday Beach Hotel Danang\",\"description\":\"\",\"potentialAction\":[{\"@type\":\"SearchAction\",\"target\":{\"@type\":\"EntryPoint\",\"urlTemplate\":\"https:\/\/holidaybeachdanang.com\/vi\/?s={search_term_string}\"},\"query-input\":\"required name=search_term_string\"}],\"inLanguage\":\"vi-VN\"}]}<\/script>\n<!-- \/ Yoast SEO plugin. -->","yoast_head_json":{"title":"Nh\u00e0 h\u00e0ng Aloha - Holiday Beach Hotel Danang","description":"Ch\u00e0o m\u1eebng \u0111\u1ebfn v\u1edbi Aloha Restaurant, nh\u00e0 h\u00e0ng \u1ea9m th\u1ef1c ph\u1ee5c v\u1ee5 c\u1ea3 ng\u00e0y c\u1ee7a Holiday Beach Hotel Danang. T\u1ecda l\u1ea1c ngay s\u00e1t bi\u1ec3n \u0110\u00e0 N\u1eb5ng xinh \u0111\u1eb9p, ch\u00fang t\u00f4i mang \u0111\u1ebfn m\u1ed9t tr\u1ea3i nghi\u1ec7m \u1ea9m th\u1ef1c tinh t\u1ebf, k\u1ebft h\u1ee3p h\u01b0\u01a1ng v\u1ecb \u00c1 \u2013 \u00c2u trong m\u1ed9t kh\u00f4ng gian \u1ea5m c\u00fang v\u00e0 phong c\u00e1ch. Aloha Restaurant l\u00e0 n\u01a1i th\u01b0\u1edfng th\u1ee9c s\u1ef1 \u0111\u1ea7y \u0111\u1eb7n trong t\u1eebng m\u00f3n \u0103n v\u1edbi th\u1ef1c \u0111\u01a1n s\u00e1ng t\u1ea1o t\u1eeb c\u00e1c \u0111\u1ea7u b\u1ebfp t\u00e0i n\u0103ng c\u1ee7a ch\u00fang t\u00f4i. T\u1eeb b\u1eefa s\u00e1ng phong ph\u00fa gi\u00fap b\u1ea1n s\u1eb5n s\u00e0ng kh\u00e1m ph\u00e1 \u0110\u00e0 N\u1eb5ng, \u0111\u1ebfn b\u1eefa t\u1ed1i l\u00e3ng m\u1ea1n d\u01b0\u1edbi \u00e1nh \u0111\u00e8n \u1ea5m \u00e1p.","robots":{"index":"index","follow":"follow","max-snippet":"max-snippet:-1","max-image-preview":"max-image-preview:large","max-video-preview":"max-video-preview:-1"},"canonical":"https:\/\/holidaybeachdanang.com\/vi\/dining\/aloha-restaurant\/","og_locale":"vi_VN","og_type":"article","og_title":"Nh\u00e0 h\u00e0ng Aloha - Holiday Beach Hotel Danang","og_description":"Ch\u00e0o m\u1eebng \u0111\u1ebfn v\u1edbi Aloha Restaurant, nh\u00e0 h\u00e0ng \u1ea9m th\u1ef1c ph\u1ee5c v\u1ee5 c\u1ea3 ng\u00e0y c\u1ee7a Holiday Beach Hotel Danang. T\u1ecda l\u1ea1c ngay s\u00e1t bi\u1ec3n \u0110\u00e0 N\u1eb5ng xinh \u0111\u1eb9p, ch\u00fang t\u00f4i mang \u0111\u1ebfn m\u1ed9t tr\u1ea3i nghi\u1ec7m \u1ea9m th\u1ef1c tinh t\u1ebf, k\u1ebft h\u1ee3p h\u01b0\u01a1ng v\u1ecb \u00c1 \u2013 \u00c2u trong m\u1ed9t kh\u00f4ng gian \u1ea5m c\u00fang v\u00e0 phong c\u00e1ch. Aloha Restaurant l\u00e0 n\u01a1i th\u01b0\u1edfng th\u1ee9c s\u1ef1 \u0111\u1ea7y \u0111\u1eb7n trong t\u1eebng m\u00f3n \u0103n v\u1edbi th\u1ef1c \u0111\u01a1n s\u00e1ng t\u1ea1o t\u1eeb c\u00e1c \u0111\u1ea7u b\u1ebfp t\u00e0i n\u0103ng c\u1ee7a ch\u00fang t\u00f4i. T\u1eeb b\u1eefa s\u00e1ng phong ph\u00fa gi\u00fap b\u1ea1n s\u1eb5n s\u00e0ng kh\u00e1m ph\u00e1 \u0110\u00e0 N\u1eb5ng, \u0111\u1ebfn b\u1eefa t\u1ed1i l\u00e3ng m\u1ea1n d\u01b0\u1edbi \u00e1nh \u0111\u00e8n \u1ea5m \u00e1p.","og_url":"https:\/\/holidaybeachdanang.com\/vi\/dining\/aloha-restaurant\/","og_site_name":"Holiday Beach Hotel Danang","article_modified_time":"2026-04-08T10:14:08+00:00","twitter_card":"summary_large_image","twitter_misc":{"Est. reading time":"1 minute"},"schema":{"@context":"https:\/\/schema.org","@graph":[{"@type":"WebPage","@id":"https:\/\/holidaybeachdanang.com\/vi\/dining\/aloha-restaurant\/","url":"https:\/\/holidaybeachdanang.com\/vi\/dining\/aloha-restaurant\/","name":"Nh\u00e0 h\u00e0ng Aloha - Holiday Beach Hotel Danang","isPartOf":{"@id":"https:\/\/holidaybeachdanang.com\/vi\/#website"},"datePublished":"2026-01-30T09:52:59+00:00","dateModified":"2026-04-08T10:14:08+00:00","description":"Ch\u00e0o m\u1eebng \u0111\u1ebfn v\u1edbi Aloha Restaurant, nh\u00e0 h\u00e0ng \u1ea9m th\u1ef1c ph\u1ee5c v\u1ee5 c\u1ea3 ng\u00e0y c\u1ee7a Holiday Beach Hotel Danang. T\u1ecda l\u1ea1c ngay s\u00e1t bi\u1ec3n \u0110\u00e0 N\u1eb5ng xinh \u0111\u1eb9p, ch\u00fang t\u00f4i mang \u0111\u1ebfn m\u1ed9t tr\u1ea3i nghi\u1ec7m \u1ea9m th\u1ef1c tinh t\u1ebf, k\u1ebft h\u1ee3p h\u01b0\u01a1ng v\u1ecb \u00c1 \u2013 \u00c2u trong m\u1ed9t kh\u00f4ng gian \u1ea5m c\u00fang v\u00e0 phong c\u00e1ch. Aloha Restaurant l\u00e0 n\u01a1i th\u01b0\u1edfng th\u1ee9c s\u1ef1 \u0111\u1ea7y \u0111\u1eb7n trong t\u1eebng m\u00f3n \u0103n v\u1edbi th\u1ef1c \u0111\u01a1n s\u00e1ng t\u1ea1o t\u1eeb c\u00e1c \u0111\u1ea7u b\u1ebfp t\u00e0i n\u0103ng c\u1ee7a ch\u00fang t\u00f4i. T\u1eeb b\u1eefa s\u00e1ng phong ph\u00fa gi\u00fap b\u1ea1n s\u1eb5n s\u00e0ng kh\u00e1m ph\u00e1 \u0110\u00e0 N\u1eb5ng, \u0111\u1ebfn b\u1eefa t\u1ed1i l\u00e3ng m\u1ea1n d\u01b0\u1edbi \u00e1nh \u0111\u00e8n \u1ea5m \u00e1p.","breadcrumb":{"@id":"https:\/\/holidaybeachdanang.com\/vi\/dining\/aloha-restaurant\/#breadcrumb"},"inLanguage":"vi-VN","potentialAction":[{"@type":"ReadAction","target":["https:\/\/holidaybeachdanang.com\/vi\/dining\/aloha-restaurant\/"]}]},{"@type":"BreadcrumbList","@id":"https:\/\/holidaybeachdanang.com\/vi\/dining\/aloha-restaurant\/#breadcrumb","itemListElement":[{"@type":"ListItem","position":1,"name":"Home","item":"https:\/\/holidaybeachdanang.com\/vi\/"},{"@type":"ListItem","position":2,"name":"\u1ea8m th\u1ef1c","item":"https:\/\/holidaybeachdanang.com\/vi\/dining\/"},{"@type":"ListItem","position":3,"name":"Nh\u00e0 h\u00e0ng Aloha"}]},{"@type":"WebSite","@id":"https:\/\/holidaybeachdanang.com\/vi\/#website","url":"https:\/\/holidaybeachdanang.com\/vi\/","name":"Holiday Beach Hotel Danang","description":"","potentialAction":[{"@type":"SearchAction","target":{"@type":"EntryPoint","urlTemplate":"https:\/\/holidaybeachdanang.com\/vi\/?s={search_term_string}"},"query-input":"required name=search_term_string"}],"inLanguage":"vi-VN"}]}},"acf":[],"_links":{"self":[{"href":"https:\/\/holidaybeachdanang.com\/vi\/wp-json\/wp\/v2\/pages\/94"}],"collection":[{"href":"https:\/\/holidaybeachdanang.com\/vi\/wp-json\/wp\/v2\/pages"}],"about":[{"href":"https:\/\/holidaybeachdanang.com\/vi\/wp-json\/wp\/v2\/types\/page"}],"author":[{"embeddable":true,"href":"https:\/\/holidaybeachdanang.com\/vi\/wp-json\/wp\/v2\/users\/90"}],"replies":[{"embeddable":true,"href":"https:\/\/holidaybeachdanang.com\/vi\/wp-json\/wp\/v2\/comments?post=94"}],"version-history":[{"count":0,"href":"https:\/\/holidaybeachdanang.com\/vi\/wp-json\/wp\/v2\/pages\/94\/revisions"}],"up":[{"embeddable":true,"href":"https:\/\/holidaybeachdanang.com\/vi\/wp-json\/wp\/v2\/pages\/86"}],"wp:attachment":[{"href":"https:\/\/holidaybeachdanang.com\/vi\/wp-json\/wp\/v2\/media?parent=94"}],"wp:term":[{"taxonomy":"category","embeddable":true,"href":"https:\/\/holidaybeachdanang.com\/vi\/wp-json\/wp\/v2\/categories?post=94"}],"curies":[{"name":"wp","href":"https:\/\/api.w.org\/{rel}","templated":true}]}}