{"id":86,"date":"2026-01-30T17:48:49","date_gmt":"2026-01-30T09:48:49","guid":{"rendered":"https:\/\/holidaybeachdanang.ms2.decms.asia\/dining\/"},"modified":"2026-02-02T20:53:11","modified_gmt":"2026-02-02T12:53:11","slug":"dining","status":"publish","type":"page","link":"https:\/\/holidaybeachdanang.com\/vi\/dining\/","title":{"rendered":"\u1ea8m th\u1ef1c"},"content":{"rendered":"","protected":false},"excerpt":{"rendered":"","protected":false},"author":90,"featured_media":0,"parent":0,"menu_order":0,"comment_status":"closed","ping_status":"closed","template":"template-restaurants.php","meta":{"footnotes":""},"categories":[],"yoast_head":"<!-- This site is optimized with the Yoast SEO plugin v22.3 - https:\/\/yoast.com\/wordpress\/plugins\/seo\/ -->\n<title>\u1ea8m Th\u1ef1c - Holiday Beach Hotel Danang<\/title>\n<meta name=\"description\" content=\"Kh\u00e1m ph\u00e1 h\u00e0nh tr\u00ecnh \u1ea9m th\u1ef1c \u0111a d\u1ea1ng t\u1ea1i Holiday Beach Hotel Danang \u2013 m\u1ed9t trong nh\u1eefng kh\u00e1ch s\u1ea1n bi\u1ec3n \u0110\u00e0 N\u1eb5ng h\u00e0ng \u0111\u1ea7u. M\u1ee5c Dining - \u1ea8m th\u1ef1c c\u1ee7a ch\u00fang t\u00f4i mang \u0111\u1ebfn nh\u1eefng tr\u1ea3i nghi\u1ec7m h\u01b0\u01a1ng v\u1ecb phong ph\u00fa ngay t\u1ea1i \u0110\u00e0 N\u1eb5ng, n\u1eb1m ngay c\u1ea1nh bi\u1ec3n xinh \u0111\u1eb9p. B\u1eaft \u0111\u1ea7u ng\u00e0y m\u1edbi t\u1ea1i Aloha Restaurant v\u1edbi th\u1ef1c \u0111\u01a1n phong ph\u00fa, ho\u1eb7c th\u01b0\u1edfng th\u1ee9c b\u1eefa tr\u01b0a th\u01b0 gi\u00e3n. \u0110\u1ec3 t\u1eadn h\u01b0\u1edfng kh\u00f4ng kh\u00ed s\u00f4i \u0111\u1ed9ng v\u00e0 view bi\u1ec3n tr\u1ef1c di\u1ec7n \u0111\u1ed9c \u0111\u00e1o, \u0111\u1eebng b\u1ecf l\u1ee1 Holiday Beach Club \u2013 n\u01a1i k\u1ebft h\u1ee3p ho\u00e0n h\u1ea3o gi\u1eefa \u1ea9m th\u1ef1c nh\u1eb9, cocktail v\u00e0 \u00e2m nh\u1ea1c b\u00ean b\u1edd bi\u1ec3n \u0110\u00e0 N\u1eb5ng. \u0110\u1eb7c bi\u1ec7t, The Waves Pool Bar &amp; Bistro l\u00e0 \u0111i\u1ec3m d\u1eebng ch\u00e2n l\u00fd t\u01b0\u1edfng \u0111\u1ec3 nh\u00e2m nhi \u0111\u1ed3 u\u1ed1ng gi\u1ea3i kh\u00e1t v\u00e0 c\u00e1c m\u00f3n \u0103n nh\u1eb9 ngon mi\u1ec7ng b\u00ean h\u1ed3 b\u01a1i, ph\u1ee5c v\u1ee5 s\u1ef1 ti\u1ec7n nghi t\u1ed1i \u0111a c\u1ee7a b\u1ea1n. Ch\u00fang t\u00f4i cam k\u1ebft mang \u0111\u1ebfn ch\u1ea5t l\u01b0\u1ee3ng d\u1ecbch v\u1ee5 v\u00e0 h\u01b0\u01a1ng v\u1ecb tuy\u1ec7t h\u1ea3o, bi\u1ebfn k\u1ef3 ngh\u1ec9 c\u1ee7a b\u1ea1n t\u1ea1i khu v\u1ef1c s\u00f4i \u0111\u1ed9ng g\u1ea7n khu b\u00e3i bi\u1ec3n xinh \u0111\u1eb9p n\u00e0y tr\u1edf n\u00ean ho\u00e0n h\u1ea3o. Kh\u00e1m ph\u00e1 c\u00e1c \u01b0u \u0111\u00e3i \u1ea9m th\u1ef1c \u0111\u1ed9c quy\u1ec1n v\u00e0 \u0111\u1eb7t b\u00e0n ngay h\u00f4m nay!\" \/>\n<meta name=\"robots\" content=\"index, follow, max-snippet:-1, max-image-preview:large, max-video-preview:-1\" \/>\n<link rel=\"canonical\" href=\"https:\/\/holidaybeachdanang.com\/vi\/dining\/\" \/>\n<meta property=\"og:locale\" content=\"vi_VN\" \/>\n<meta property=\"og:type\" content=\"article\" \/>\n<meta property=\"og:title\" content=\"\u1ea8m Th\u1ef1c - Holiday Beach Hotel Danang\" \/>\n<meta property=\"og:description\" content=\"Kh\u00e1m ph\u00e1 h\u00e0nh tr\u00ecnh \u1ea9m th\u1ef1c \u0111a d\u1ea1ng t\u1ea1i Holiday Beach Hotel Danang \u2013 m\u1ed9t trong nh\u1eefng kh\u00e1ch s\u1ea1n bi\u1ec3n \u0110\u00e0 N\u1eb5ng h\u00e0ng \u0111\u1ea7u. M\u1ee5c Dining - \u1ea8m th\u1ef1c c\u1ee7a ch\u00fang t\u00f4i mang \u0111\u1ebfn nh\u1eefng tr\u1ea3i nghi\u1ec7m h\u01b0\u01a1ng v\u1ecb phong ph\u00fa ngay t\u1ea1i \u0110\u00e0 N\u1eb5ng, n\u1eb1m ngay c\u1ea1nh bi\u1ec3n xinh \u0111\u1eb9p. B\u1eaft \u0111\u1ea7u ng\u00e0y m\u1edbi t\u1ea1i Aloha Restaurant v\u1edbi th\u1ef1c \u0111\u01a1n phong ph\u00fa, ho\u1eb7c th\u01b0\u1edfng th\u1ee9c b\u1eefa tr\u01b0a th\u01b0 gi\u00e3n. \u0110\u1ec3 t\u1eadn h\u01b0\u1edfng kh\u00f4ng kh\u00ed s\u00f4i \u0111\u1ed9ng v\u00e0 view bi\u1ec3n tr\u1ef1c di\u1ec7n \u0111\u1ed9c \u0111\u00e1o, \u0111\u1eebng b\u1ecf l\u1ee1 Holiday Beach Club \u2013 n\u01a1i k\u1ebft h\u1ee3p ho\u00e0n h\u1ea3o gi\u1eefa \u1ea9m th\u1ef1c nh\u1eb9, cocktail v\u00e0 \u00e2m nh\u1ea1c b\u00ean b\u1edd bi\u1ec3n \u0110\u00e0 N\u1eb5ng. \u0110\u1eb7c bi\u1ec7t, The Waves Pool Bar &amp; Bistro l\u00e0 \u0111i\u1ec3m d\u1eebng ch\u00e2n l\u00fd t\u01b0\u1edfng \u0111\u1ec3 nh\u00e2m nhi \u0111\u1ed3 u\u1ed1ng gi\u1ea3i kh\u00e1t v\u00e0 c\u00e1c m\u00f3n \u0103n nh\u1eb9 ngon mi\u1ec7ng b\u00ean h\u1ed3 b\u01a1i, ph\u1ee5c v\u1ee5 s\u1ef1 ti\u1ec7n nghi t\u1ed1i \u0111a c\u1ee7a b\u1ea1n. Ch\u00fang t\u00f4i cam k\u1ebft mang \u0111\u1ebfn ch\u1ea5t l\u01b0\u1ee3ng d\u1ecbch v\u1ee5 v\u00e0 h\u01b0\u01a1ng v\u1ecb tuy\u1ec7t h\u1ea3o, bi\u1ebfn k\u1ef3 ngh\u1ec9 c\u1ee7a b\u1ea1n t\u1ea1i khu v\u1ef1c s\u00f4i \u0111\u1ed9ng g\u1ea7n khu b\u00e3i bi\u1ec3n xinh \u0111\u1eb9p n\u00e0y tr\u1edf n\u00ean ho\u00e0n h\u1ea3o. Kh\u00e1m ph\u00e1 c\u00e1c \u01b0u \u0111\u00e3i \u1ea9m th\u1ef1c \u0111\u1ed9c quy\u1ec1n v\u00e0 \u0111\u1eb7t b\u00e0n ngay h\u00f4m nay!\" \/>\n<meta property=\"og:url\" content=\"https:\/\/holidaybeachdanang.com\/vi\/dining\/\" \/>\n<meta property=\"og:site_name\" content=\"Holiday Beach Hotel Danang\" \/>\n<meta property=\"article:modified_time\" content=\"2026-02-02T12:53:11+00:00\" \/>\n<meta name=\"twitter:card\" content=\"summary_large_image\" \/>\n<script type=\"application\/ld+json\" class=\"yoast-schema-graph\">{\"@context\":\"https:\/\/schema.org\",\"@graph\":[{\"@type\":\"WebPage\",\"@id\":\"https:\/\/holidaybeachdanang.com\/vi\/dining\/\",\"url\":\"https:\/\/holidaybeachdanang.com\/vi\/dining\/\",\"name\":\"\u1ea8m Th\u1ef1c - Holiday Beach Hotel Danang\",\"isPartOf\":{\"@id\":\"https:\/\/holidaybeachdanang.com\/vi\/#website\"},\"datePublished\":\"2026-01-30T09:48:49+00:00\",\"dateModified\":\"2026-02-02T12:53:11+00:00\",\"description\":\"Kh\u00e1m ph\u00e1 h\u00e0nh tr\u00ecnh \u1ea9m th\u1ef1c \u0111a d\u1ea1ng t\u1ea1i Holiday Beach Hotel Danang \u2013 m\u1ed9t trong nh\u1eefng kh\u00e1ch s\u1ea1n bi\u1ec3n \u0110\u00e0 N\u1eb5ng h\u00e0ng \u0111\u1ea7u. M\u1ee5c Dining - \u1ea8m th\u1ef1c c\u1ee7a ch\u00fang t\u00f4i mang \u0111\u1ebfn nh\u1eefng tr\u1ea3i nghi\u1ec7m h\u01b0\u01a1ng v\u1ecb phong ph\u00fa ngay t\u1ea1i \u0110\u00e0 N\u1eb5ng, n\u1eb1m ngay c\u1ea1nh bi\u1ec3n xinh \u0111\u1eb9p. B\u1eaft \u0111\u1ea7u ng\u00e0y m\u1edbi t\u1ea1i Aloha Restaurant v\u1edbi th\u1ef1c \u0111\u01a1n phong ph\u00fa, ho\u1eb7c th\u01b0\u1edfng th\u1ee9c b\u1eefa tr\u01b0a th\u01b0 gi\u00e3n. \u0110\u1ec3 t\u1eadn h\u01b0\u1edfng kh\u00f4ng kh\u00ed s\u00f4i \u0111\u1ed9ng v\u00e0 view bi\u1ec3n tr\u1ef1c di\u1ec7n \u0111\u1ed9c \u0111\u00e1o, \u0111\u1eebng b\u1ecf l\u1ee1 Holiday Beach Club \u2013 n\u01a1i k\u1ebft h\u1ee3p ho\u00e0n h\u1ea3o gi\u1eefa \u1ea9m th\u1ef1c nh\u1eb9, cocktail v\u00e0 \u00e2m nh\u1ea1c b\u00ean b\u1edd bi\u1ec3n \u0110\u00e0 N\u1eb5ng. \u0110\u1eb7c bi\u1ec7t, The Waves Pool Bar & Bistro l\u00e0 \u0111i\u1ec3m d\u1eebng ch\u00e2n l\u00fd t\u01b0\u1edfng \u0111\u1ec3 nh\u00e2m nhi \u0111\u1ed3 u\u1ed1ng gi\u1ea3i kh\u00e1t v\u00e0 c\u00e1c m\u00f3n \u0103n nh\u1eb9 ngon mi\u1ec7ng b\u00ean h\u1ed3 b\u01a1i, ph\u1ee5c v\u1ee5 s\u1ef1 ti\u1ec7n nghi t\u1ed1i \u0111a c\u1ee7a b\u1ea1n. Ch\u00fang t\u00f4i cam k\u1ebft mang \u0111\u1ebfn ch\u1ea5t l\u01b0\u1ee3ng d\u1ecbch v\u1ee5 v\u00e0 h\u01b0\u01a1ng v\u1ecb tuy\u1ec7t h\u1ea3o, bi\u1ebfn k\u1ef3 ngh\u1ec9 c\u1ee7a b\u1ea1n t\u1ea1i khu v\u1ef1c s\u00f4i \u0111\u1ed9ng g\u1ea7n khu b\u00e3i bi\u1ec3n xinh \u0111\u1eb9p n\u00e0y tr\u1edf n\u00ean ho\u00e0n h\u1ea3o. Kh\u00e1m ph\u00e1 c\u00e1c \u01b0u \u0111\u00e3i \u1ea9m th\u1ef1c \u0111\u1ed9c quy\u1ec1n v\u00e0 \u0111\u1eb7t b\u00e0n ngay h\u00f4m nay!\",\"breadcrumb\":{\"@id\":\"https:\/\/holidaybeachdanang.com\/vi\/dining\/#breadcrumb\"},\"inLanguage\":\"vi-VN\",\"potentialAction\":[{\"@type\":\"ReadAction\",\"target\":[\"https:\/\/holidaybeachdanang.com\/vi\/dining\/\"]}]},{\"@type\":\"BreadcrumbList\",\"@id\":\"https:\/\/holidaybeachdanang.com\/vi\/dining\/#breadcrumb\",\"itemListElement\":[{\"@type\":\"ListItem\",\"position\":1,\"name\":\"Home\",\"item\":\"https:\/\/holidaybeachdanang.com\/vi\/\"},{\"@type\":\"ListItem\",\"position\":2,\"name\":\"\u1ea8m th\u1ef1c\"}]},{\"@type\":\"WebSite\",\"@id\":\"https:\/\/holidaybeachdanang.com\/vi\/#website\",\"url\":\"https:\/\/holidaybeachdanang.com\/vi\/\",\"name\":\"Holiday Beach Hotel Danang\",\"description\":\"\",\"potentialAction\":[{\"@type\":\"SearchAction\",\"target\":{\"@type\":\"EntryPoint\",\"urlTemplate\":\"https:\/\/holidaybeachdanang.com\/vi\/?s={search_term_string}\"},\"query-input\":\"required name=search_term_string\"}],\"inLanguage\":\"vi-VN\"}]}<\/script>\n<!-- \/ Yoast SEO plugin. -->","yoast_head_json":{"title":"\u1ea8m Th\u1ef1c - Holiday Beach Hotel Danang","description":"Kh\u00e1m ph\u00e1 h\u00e0nh tr\u00ecnh \u1ea9m th\u1ef1c \u0111a d\u1ea1ng t\u1ea1i Holiday Beach Hotel Danang \u2013 m\u1ed9t trong nh\u1eefng kh\u00e1ch s\u1ea1n bi\u1ec3n \u0110\u00e0 N\u1eb5ng h\u00e0ng \u0111\u1ea7u. M\u1ee5c Dining - \u1ea8m th\u1ef1c c\u1ee7a ch\u00fang t\u00f4i mang \u0111\u1ebfn nh\u1eefng tr\u1ea3i nghi\u1ec7m h\u01b0\u01a1ng v\u1ecb phong ph\u00fa ngay t\u1ea1i \u0110\u00e0 N\u1eb5ng, n\u1eb1m ngay c\u1ea1nh bi\u1ec3n xinh \u0111\u1eb9p. B\u1eaft \u0111\u1ea7u ng\u00e0y m\u1edbi t\u1ea1i Aloha Restaurant v\u1edbi th\u1ef1c \u0111\u01a1n phong ph\u00fa, ho\u1eb7c th\u01b0\u1edfng th\u1ee9c b\u1eefa tr\u01b0a th\u01b0 gi\u00e3n. \u0110\u1ec3 t\u1eadn h\u01b0\u1edfng kh\u00f4ng kh\u00ed s\u00f4i \u0111\u1ed9ng v\u00e0 view bi\u1ec3n tr\u1ef1c di\u1ec7n \u0111\u1ed9c \u0111\u00e1o, \u0111\u1eebng b\u1ecf l\u1ee1 Holiday Beach Club \u2013 n\u01a1i k\u1ebft h\u1ee3p ho\u00e0n h\u1ea3o gi\u1eefa \u1ea9m th\u1ef1c nh\u1eb9, cocktail v\u00e0 \u00e2m nh\u1ea1c b\u00ean b\u1edd bi\u1ec3n \u0110\u00e0 N\u1eb5ng. \u0110\u1eb7c bi\u1ec7t, The Waves Pool Bar & Bistro l\u00e0 \u0111i\u1ec3m d\u1eebng ch\u00e2n l\u00fd t\u01b0\u1edfng \u0111\u1ec3 nh\u00e2m nhi \u0111\u1ed3 u\u1ed1ng gi\u1ea3i kh\u00e1t v\u00e0 c\u00e1c m\u00f3n \u0103n nh\u1eb9 ngon mi\u1ec7ng b\u00ean h\u1ed3 b\u01a1i, ph\u1ee5c v\u1ee5 s\u1ef1 ti\u1ec7n nghi t\u1ed1i \u0111a c\u1ee7a b\u1ea1n. Ch\u00fang t\u00f4i cam k\u1ebft mang \u0111\u1ebfn ch\u1ea5t l\u01b0\u1ee3ng d\u1ecbch v\u1ee5 v\u00e0 h\u01b0\u01a1ng v\u1ecb tuy\u1ec7t h\u1ea3o, bi\u1ebfn k\u1ef3 ngh\u1ec9 c\u1ee7a b\u1ea1n t\u1ea1i khu v\u1ef1c s\u00f4i \u0111\u1ed9ng g\u1ea7n khu b\u00e3i bi\u1ec3n xinh \u0111\u1eb9p n\u00e0y tr\u1edf n\u00ean ho\u00e0n h\u1ea3o. Kh\u00e1m ph\u00e1 c\u00e1c \u01b0u \u0111\u00e3i \u1ea9m th\u1ef1c \u0111\u1ed9c quy\u1ec1n v\u00e0 \u0111\u1eb7t b\u00e0n ngay h\u00f4m nay!","robots":{"index":"index","follow":"follow","max-snippet":"max-snippet:-1","max-image-preview":"max-image-preview:large","max-video-preview":"max-video-preview:-1"},"canonical":"https:\/\/holidaybeachdanang.com\/vi\/dining\/","og_locale":"vi_VN","og_type":"article","og_title":"\u1ea8m Th\u1ef1c - Holiday Beach Hotel Danang","og_description":"Kh\u00e1m ph\u00e1 h\u00e0nh tr\u00ecnh \u1ea9m th\u1ef1c \u0111a d\u1ea1ng t\u1ea1i Holiday Beach Hotel Danang \u2013 m\u1ed9t trong nh\u1eefng kh\u00e1ch s\u1ea1n bi\u1ec3n \u0110\u00e0 N\u1eb5ng h\u00e0ng \u0111\u1ea7u. M\u1ee5c Dining - \u1ea8m th\u1ef1c c\u1ee7a ch\u00fang t\u00f4i mang \u0111\u1ebfn nh\u1eefng tr\u1ea3i nghi\u1ec7m h\u01b0\u01a1ng v\u1ecb phong ph\u00fa ngay t\u1ea1i \u0110\u00e0 N\u1eb5ng, n\u1eb1m ngay c\u1ea1nh bi\u1ec3n xinh \u0111\u1eb9p. B\u1eaft \u0111\u1ea7u ng\u00e0y m\u1edbi t\u1ea1i Aloha Restaurant v\u1edbi th\u1ef1c \u0111\u01a1n phong ph\u00fa, ho\u1eb7c th\u01b0\u1edfng th\u1ee9c b\u1eefa tr\u01b0a th\u01b0 gi\u00e3n. \u0110\u1ec3 t\u1eadn h\u01b0\u1edfng kh\u00f4ng kh\u00ed s\u00f4i \u0111\u1ed9ng v\u00e0 view bi\u1ec3n tr\u1ef1c di\u1ec7n \u0111\u1ed9c \u0111\u00e1o, \u0111\u1eebng b\u1ecf l\u1ee1 Holiday Beach Club \u2013 n\u01a1i k\u1ebft h\u1ee3p ho\u00e0n h\u1ea3o gi\u1eefa \u1ea9m th\u1ef1c nh\u1eb9, cocktail v\u00e0 \u00e2m nh\u1ea1c b\u00ean b\u1edd bi\u1ec3n \u0110\u00e0 N\u1eb5ng. \u0110\u1eb7c bi\u1ec7t, The Waves Pool Bar & Bistro l\u00e0 \u0111i\u1ec3m d\u1eebng ch\u00e2n l\u00fd t\u01b0\u1edfng \u0111\u1ec3 nh\u00e2m nhi \u0111\u1ed3 u\u1ed1ng gi\u1ea3i kh\u00e1t v\u00e0 c\u00e1c m\u00f3n \u0103n nh\u1eb9 ngon mi\u1ec7ng b\u00ean h\u1ed3 b\u01a1i, ph\u1ee5c v\u1ee5 s\u1ef1 ti\u1ec7n nghi t\u1ed1i \u0111a c\u1ee7a b\u1ea1n. Ch\u00fang t\u00f4i cam k\u1ebft mang \u0111\u1ebfn ch\u1ea5t l\u01b0\u1ee3ng d\u1ecbch v\u1ee5 v\u00e0 h\u01b0\u01a1ng v\u1ecb tuy\u1ec7t h\u1ea3o, bi\u1ebfn k\u1ef3 ngh\u1ec9 c\u1ee7a b\u1ea1n t\u1ea1i khu v\u1ef1c s\u00f4i \u0111\u1ed9ng g\u1ea7n khu b\u00e3i bi\u1ec3n xinh \u0111\u1eb9p n\u00e0y tr\u1edf n\u00ean ho\u00e0n h\u1ea3o. Kh\u00e1m ph\u00e1 c\u00e1c \u01b0u \u0111\u00e3i \u1ea9m th\u1ef1c \u0111\u1ed9c quy\u1ec1n v\u00e0 \u0111\u1eb7t b\u00e0n ngay h\u00f4m nay!","og_url":"https:\/\/holidaybeachdanang.com\/vi\/dining\/","og_site_name":"Holiday Beach Hotel Danang","article_modified_time":"2026-02-02T12:53:11+00:00","twitter_card":"summary_large_image","schema":{"@context":"https:\/\/schema.org","@graph":[{"@type":"WebPage","@id":"https:\/\/holidaybeachdanang.com\/vi\/dining\/","url":"https:\/\/holidaybeachdanang.com\/vi\/dining\/","name":"\u1ea8m Th\u1ef1c - Holiday Beach Hotel Danang","isPartOf":{"@id":"https:\/\/holidaybeachdanang.com\/vi\/#website"},"datePublished":"2026-01-30T09:48:49+00:00","dateModified":"2026-02-02T12:53:11+00:00","description":"Kh\u00e1m ph\u00e1 h\u00e0nh tr\u00ecnh \u1ea9m th\u1ef1c \u0111a d\u1ea1ng t\u1ea1i Holiday Beach Hotel Danang \u2013 m\u1ed9t trong nh\u1eefng kh\u00e1ch s\u1ea1n bi\u1ec3n \u0110\u00e0 N\u1eb5ng h\u00e0ng \u0111\u1ea7u. M\u1ee5c Dining - \u1ea8m th\u1ef1c c\u1ee7a ch\u00fang t\u00f4i mang \u0111\u1ebfn nh\u1eefng tr\u1ea3i nghi\u1ec7m h\u01b0\u01a1ng v\u1ecb phong ph\u00fa ngay t\u1ea1i \u0110\u00e0 N\u1eb5ng, n\u1eb1m ngay c\u1ea1nh bi\u1ec3n xinh \u0111\u1eb9p. B\u1eaft \u0111\u1ea7u ng\u00e0y m\u1edbi t\u1ea1i Aloha Restaurant v\u1edbi th\u1ef1c \u0111\u01a1n phong ph\u00fa, ho\u1eb7c th\u01b0\u1edfng th\u1ee9c b\u1eefa tr\u01b0a th\u01b0 gi\u00e3n. \u0110\u1ec3 t\u1eadn h\u01b0\u1edfng kh\u00f4ng kh\u00ed s\u00f4i \u0111\u1ed9ng v\u00e0 view bi\u1ec3n tr\u1ef1c di\u1ec7n \u0111\u1ed9c \u0111\u00e1o, \u0111\u1eebng b\u1ecf l\u1ee1 Holiday Beach Club \u2013 n\u01a1i k\u1ebft h\u1ee3p ho\u00e0n h\u1ea3o gi\u1eefa \u1ea9m th\u1ef1c nh\u1eb9, cocktail v\u00e0 \u00e2m nh\u1ea1c b\u00ean b\u1edd bi\u1ec3n \u0110\u00e0 N\u1eb5ng. \u0110\u1eb7c bi\u1ec7t, The Waves Pool Bar & Bistro l\u00e0 \u0111i\u1ec3m d\u1eebng ch\u00e2n l\u00fd t\u01b0\u1edfng \u0111\u1ec3 nh\u00e2m nhi \u0111\u1ed3 u\u1ed1ng gi\u1ea3i kh\u00e1t v\u00e0 c\u00e1c m\u00f3n \u0103n nh\u1eb9 ngon mi\u1ec7ng b\u00ean h\u1ed3 b\u01a1i, ph\u1ee5c v\u1ee5 s\u1ef1 ti\u1ec7n nghi t\u1ed1i \u0111a c\u1ee7a b\u1ea1n. Ch\u00fang t\u00f4i cam k\u1ebft mang \u0111\u1ebfn ch\u1ea5t l\u01b0\u1ee3ng d\u1ecbch v\u1ee5 v\u00e0 h\u01b0\u01a1ng v\u1ecb tuy\u1ec7t h\u1ea3o, bi\u1ebfn k\u1ef3 ngh\u1ec9 c\u1ee7a b\u1ea1n t\u1ea1i khu v\u1ef1c s\u00f4i \u0111\u1ed9ng g\u1ea7n khu b\u00e3i bi\u1ec3n xinh \u0111\u1eb9p n\u00e0y tr\u1edf n\u00ean ho\u00e0n h\u1ea3o. Kh\u00e1m ph\u00e1 c\u00e1c \u01b0u \u0111\u00e3i \u1ea9m th\u1ef1c \u0111\u1ed9c quy\u1ec1n v\u00e0 \u0111\u1eb7t b\u00e0n ngay h\u00f4m nay!","breadcrumb":{"@id":"https:\/\/holidaybeachdanang.com\/vi\/dining\/#breadcrumb"},"inLanguage":"vi-VN","potentialAction":[{"@type":"ReadAction","target":["https:\/\/holidaybeachdanang.com\/vi\/dining\/"]}]},{"@type":"BreadcrumbList","@id":"https:\/\/holidaybeachdanang.com\/vi\/dining\/#breadcrumb","itemListElement":[{"@type":"ListItem","position":1,"name":"Home","item":"https:\/\/holidaybeachdanang.com\/vi\/"},{"@type":"ListItem","position":2,"name":"\u1ea8m th\u1ef1c"}]},{"@type":"WebSite","@id":"https:\/\/holidaybeachdanang.com\/vi\/#website","url":"https:\/\/holidaybeachdanang.com\/vi\/","name":"Holiday Beach Hotel Danang","description":"","potentialAction":[{"@type":"SearchAction","target":{"@type":"EntryPoint","urlTemplate":"https:\/\/holidaybeachdanang.com\/vi\/?s={search_term_string}"},"query-input":"required name=search_term_string"}],"inLanguage":"vi-VN"}]}},"acf":[],"_links":{"self":[{"href":"https:\/\/holidaybeachdanang.com\/vi\/wp-json\/wp\/v2\/pages\/86"}],"collection":[{"href":"https:\/\/holidaybeachdanang.com\/vi\/wp-json\/wp\/v2\/pages"}],"about":[{"href":"https:\/\/holidaybeachdanang.com\/vi\/wp-json\/wp\/v2\/types\/page"}],"author":[{"embeddable":true,"href":"https:\/\/holidaybeachdanang.com\/vi\/wp-json\/wp\/v2\/users\/90"}],"replies":[{"embeddable":true,"href":"https:\/\/holidaybeachdanang.com\/vi\/wp-json\/wp\/v2\/comments?post=86"}],"version-history":[{"count":0,"href":"https:\/\/holidaybeachdanang.com\/vi\/wp-json\/wp\/v2\/pages\/86\/revisions"}],"wp:attachment":[{"href":"https:\/\/holidaybeachdanang.com\/vi\/wp-json\/wp\/v2\/media?parent=86"}],"wp:term":[{"taxonomy":"category","embeddable":true,"href":"https:\/\/holidaybeachdanang.com\/vi\/wp-json\/wp\/v2\/categories?post=86"}],"curies":[{"name":"wp","href":"https:\/\/api.w.org\/{rel}","templated":true}]}}