{"id":81,"date":"2026-01-30T16:58:10","date_gmt":"2026-01-30T08:58:10","guid":{"rendered":"https:\/\/holidaybeachdanang.ms2.decms.asia\/rooms-suites\/superior-city\/"},"modified":"2026-04-08T12:41:34","modified_gmt":"2026-04-08T04:41:34","slug":"superior-city","status":"publish","type":"page","link":"https:\/\/holidaybeachdanang.com\/vi\/rooms-suites\/superior-city\/","title":{"rendered":"Superior City"},"content":{"rendered":"<p>Nh\u01b0 m\u1ed9t ch\u1ed1n ngh\u1ec9 d\u01b0\u1ee1ng t\u1ef1a nh\u01b0 \u1edf nh\u00e0, c\u00e1c ph\u00f2ng c\u00e2n b\u1eb1ng gi\u1eefa kh\u00f4ng gian v\u00e0 ti\u1ec7n nghi v\u1edbi gi\u01b0\u1eddng \u00eam \u00e1i, sofa th\u01b0 th\u00e1i, v\u00e0 nh\u00e0 v\u1ec7 sinh l\u00e1t \u0111\u00e1. H\u00e0i l\u00f2ng v\u00e0 tho\u1ea3i m\u00e1i.<\/p>\n","protected":false},"excerpt":{"rendered":"<p>Nh\u01b0 m\u1ed9t ch\u1ed1n ngh\u1ec9 d\u01b0\u1ee1ng t\u1ef1a nh\u01b0 \u1edf nh\u00e0, c\u00e1c ph\u00f2ng c\u00e2n b\u1eb1ng gi\u1eefa kh\u00f4ng gian v\u00e0 ti\u1ec7n nghi v\u1edbi gi\u01b0\u1eddng \u00eam \u00e1i, sofa th\u01b0 th\u00e1i, v\u00e0 nh\u00e0 v\u1ec7 sinh l\u00e1t \u0111\u00e1. H\u00e0i l\u00f2ng v\u00e0 tho\u1ea3i m\u00e1i.<\/p>\n","protected":false},"author":90,"featured_media":0,"parent":47,"menu_order":6,"comment_status":"closed","ping_status":"closed","template":"template-single-room.php","meta":{"footnotes":""},"categories":[],"yoast_head":"<!-- This site is optimized with the Yoast SEO plugin v22.3 - https:\/\/yoast.com\/wordpress\/plugins\/seo\/ -->\n<title>Superior City - Holiday Beach Hotel Danang<\/title>\n<meta name=\"description\" content=\"Nh\u01b0 m\u1ed9t ch\u1ed1n ngh\u1ec9 d\u01b0\u1ee1ng t\u1ef1a nh\u01b0 \u1edf nh\u00e0, c\u00e1c ph\u00f2ng c\u00e2n b\u1eb1ng gi\u1eefa kh\u00f4ng gian v\u00e0 ti\u1ec7n nghi v\u1edbi gi\u01b0\u1eddng \u00eam \u00e1i, sofa th\u01b0 th\u00e1i, v\u00e0 nh\u00e0 v\u1ec7 sinh l\u00e1t \u0111\u00e1. H\u00e0i l\u00f2ng v\u00e0 tho\u1ea3i m\u00e1i.\" \/>\n<meta name=\"robots\" content=\"index, follow, max-snippet:-1, max-image-preview:large, max-video-preview:-1\" \/>\n<link rel=\"canonical\" href=\"https:\/\/holidaybeachdanang.com\/vi\/rooms-suites\/superior-city\/\" \/>\n<meta property=\"og:locale\" content=\"vi_VN\" \/>\n<meta property=\"og:type\" content=\"article\" \/>\n<meta property=\"og:title\" content=\"Superior City - Holiday Beach Hotel Danang\" \/>\n<meta property=\"og:description\" content=\"Nh\u01b0 m\u1ed9t ch\u1ed1n ngh\u1ec9 d\u01b0\u1ee1ng t\u1ef1a nh\u01b0 \u1edf nh\u00e0, c\u00e1c ph\u00f2ng c\u00e2n b\u1eb1ng gi\u1eefa kh\u00f4ng gian v\u00e0 ti\u1ec7n nghi v\u1edbi gi\u01b0\u1eddng \u00eam \u00e1i, sofa th\u01b0 th\u00e1i, v\u00e0 nh\u00e0 v\u1ec7 sinh l\u00e1t \u0111\u00e1. H\u00e0i l\u00f2ng v\u00e0 tho\u1ea3i m\u00e1i.\" \/>\n<meta property=\"og:url\" content=\"https:\/\/holidaybeachdanang.com\/vi\/rooms-suites\/superior-city\/\" \/>\n<meta property=\"og:site_name\" content=\"Holiday Beach Hotel Danang\" \/>\n<meta property=\"article:modified_time\" content=\"2026-04-08T04:41:34+00:00\" \/>\n<meta name=\"twitter:card\" content=\"summary_large_image\" \/>\n<meta name=\"twitter:label1\" content=\"Est. reading time\" \/>\n\t<meta name=\"twitter:data1\" content=\"1 minute\" \/>\n<script type=\"application\/ld+json\" class=\"yoast-schema-graph\">{\"@context\":\"https:\/\/schema.org\",\"@graph\":[{\"@type\":\"WebPage\",\"@id\":\"https:\/\/holidaybeachdanang.com\/vi\/rooms-suites\/superior-city\/\",\"url\":\"https:\/\/holidaybeachdanang.com\/vi\/rooms-suites\/superior-city\/\",\"name\":\"Superior City - Holiday Beach Hotel Danang\",\"isPartOf\":{\"@id\":\"https:\/\/holidaybeachdanang.com\/vi\/#website\"},\"datePublished\":\"2026-01-30T08:58:10+00:00\",\"dateModified\":\"2026-04-08T04:41:34+00:00\",\"description\":\"Nh\u01b0 m\u1ed9t ch\u1ed1n ngh\u1ec9 d\u01b0\u1ee1ng t\u1ef1a nh\u01b0 \u1edf nh\u00e0, c\u00e1c ph\u00f2ng c\u00e2n b\u1eb1ng gi\u1eefa kh\u00f4ng gian v\u00e0 ti\u1ec7n nghi v\u1edbi gi\u01b0\u1eddng \u00eam \u00e1i, sofa th\u01b0 th\u00e1i, v\u00e0 nh\u00e0 v\u1ec7 sinh l\u00e1t \u0111\u00e1. H\u00e0i l\u00f2ng v\u00e0 tho\u1ea3i m\u00e1i.\",\"breadcrumb\":{\"@id\":\"https:\/\/holidaybeachdanang.com\/vi\/rooms-suites\/superior-city\/#breadcrumb\"},\"inLanguage\":\"vi-VN\",\"potentialAction\":[{\"@type\":\"ReadAction\",\"target\":[\"https:\/\/holidaybeachdanang.com\/vi\/rooms-suites\/superior-city\/\"]}]},{\"@type\":\"BreadcrumbList\",\"@id\":\"https:\/\/holidaybeachdanang.com\/vi\/rooms-suites\/superior-city\/#breadcrumb\",\"itemListElement\":[{\"@type\":\"ListItem\",\"position\":1,\"name\":\"Home\",\"item\":\"https:\/\/holidaybeachdanang.com\/vi\/\"},{\"@type\":\"ListItem\",\"position\":2,\"name\":\"Ph\u00f2ng &amp; Suites\",\"item\":\"https:\/\/holidaybeachdanang.com\/vi\/rooms-suites\/\"},{\"@type\":\"ListItem\",\"position\":3,\"name\":\"Superior City\"}]},{\"@type\":\"WebSite\",\"@id\":\"https:\/\/holidaybeachdanang.com\/vi\/#website\",\"url\":\"https:\/\/holidaybeachdanang.com\/vi\/\",\"name\":\"Holiday Beach Hotel Danang\",\"description\":\"\",\"potentialAction\":[{\"@type\":\"SearchAction\",\"target\":{\"@type\":\"EntryPoint\",\"urlTemplate\":\"https:\/\/holidaybeachdanang.com\/vi\/?s={search_term_string}\"},\"query-input\":\"required name=search_term_string\"}],\"inLanguage\":\"vi-VN\"}]}<\/script>\n<!-- \/ Yoast SEO plugin. -->","yoast_head_json":{"title":"Superior City - Holiday Beach Hotel Danang","description":"Nh\u01b0 m\u1ed9t ch\u1ed1n ngh\u1ec9 d\u01b0\u1ee1ng t\u1ef1a nh\u01b0 \u1edf nh\u00e0, c\u00e1c ph\u00f2ng c\u00e2n b\u1eb1ng gi\u1eefa kh\u00f4ng gian v\u00e0 ti\u1ec7n nghi v\u1edbi gi\u01b0\u1eddng \u00eam \u00e1i, sofa th\u01b0 th\u00e1i, v\u00e0 nh\u00e0 v\u1ec7 sinh l\u00e1t \u0111\u00e1. H\u00e0i l\u00f2ng v\u00e0 tho\u1ea3i m\u00e1i.","robots":{"index":"index","follow":"follow","max-snippet":"max-snippet:-1","max-image-preview":"max-image-preview:large","max-video-preview":"max-video-preview:-1"},"canonical":"https:\/\/holidaybeachdanang.com\/vi\/rooms-suites\/superior-city\/","og_locale":"vi_VN","og_type":"article","og_title":"Superior City - Holiday Beach Hotel Danang","og_description":"Nh\u01b0 m\u1ed9t ch\u1ed1n ngh\u1ec9 d\u01b0\u1ee1ng t\u1ef1a nh\u01b0 \u1edf nh\u00e0, c\u00e1c ph\u00f2ng c\u00e2n b\u1eb1ng gi\u1eefa kh\u00f4ng gian v\u00e0 ti\u1ec7n nghi v\u1edbi gi\u01b0\u1eddng \u00eam \u00e1i, sofa th\u01b0 th\u00e1i, v\u00e0 nh\u00e0 v\u1ec7 sinh l\u00e1t \u0111\u00e1. H\u00e0i l\u00f2ng v\u00e0 tho\u1ea3i m\u00e1i.","og_url":"https:\/\/holidaybeachdanang.com\/vi\/rooms-suites\/superior-city\/","og_site_name":"Holiday Beach Hotel Danang","article_modified_time":"2026-04-08T04:41:34+00:00","twitter_card":"summary_large_image","twitter_misc":{"Est. reading time":"1 minute"},"schema":{"@context":"https:\/\/schema.org","@graph":[{"@type":"WebPage","@id":"https:\/\/holidaybeachdanang.com\/vi\/rooms-suites\/superior-city\/","url":"https:\/\/holidaybeachdanang.com\/vi\/rooms-suites\/superior-city\/","name":"Superior City - Holiday Beach Hotel Danang","isPartOf":{"@id":"https:\/\/holidaybeachdanang.com\/vi\/#website"},"datePublished":"2026-01-30T08:58:10+00:00","dateModified":"2026-04-08T04:41:34+00:00","description":"Nh\u01b0 m\u1ed9t ch\u1ed1n ngh\u1ec9 d\u01b0\u1ee1ng t\u1ef1a nh\u01b0 \u1edf nh\u00e0, c\u00e1c ph\u00f2ng c\u00e2n b\u1eb1ng gi\u1eefa kh\u00f4ng gian v\u00e0 ti\u1ec7n nghi v\u1edbi gi\u01b0\u1eddng \u00eam \u00e1i, sofa th\u01b0 th\u00e1i, v\u00e0 nh\u00e0 v\u1ec7 sinh l\u00e1t \u0111\u00e1. H\u00e0i l\u00f2ng v\u00e0 tho\u1ea3i m\u00e1i.","breadcrumb":{"@id":"https:\/\/holidaybeachdanang.com\/vi\/rooms-suites\/superior-city\/#breadcrumb"},"inLanguage":"vi-VN","potentialAction":[{"@type":"ReadAction","target":["https:\/\/holidaybeachdanang.com\/vi\/rooms-suites\/superior-city\/"]}]},{"@type":"BreadcrumbList","@id":"https:\/\/holidaybeachdanang.com\/vi\/rooms-suites\/superior-city\/#breadcrumb","itemListElement":[{"@type":"ListItem","position":1,"name":"Home","item":"https:\/\/holidaybeachdanang.com\/vi\/"},{"@type":"ListItem","position":2,"name":"Ph\u00f2ng &amp; Suites","item":"https:\/\/holidaybeachdanang.com\/vi\/rooms-suites\/"},{"@type":"ListItem","position":3,"name":"Superior City"}]},{"@type":"WebSite","@id":"https:\/\/holidaybeachdanang.com\/vi\/#website","url":"https:\/\/holidaybeachdanang.com\/vi\/","name":"Holiday Beach Hotel Danang","description":"","potentialAction":[{"@type":"SearchAction","target":{"@type":"EntryPoint","urlTemplate":"https:\/\/holidaybeachdanang.com\/vi\/?s={search_term_string}"},"query-input":"required name=search_term_string"}],"inLanguage":"vi-VN"}]}},"acf":[],"_links":{"self":[{"href":"https:\/\/holidaybeachdanang.com\/vi\/wp-json\/wp\/v2\/pages\/81"}],"collection":[{"href":"https:\/\/holidaybeachdanang.com\/vi\/wp-json\/wp\/v2\/pages"}],"about":[{"href":"https:\/\/holidaybeachdanang.com\/vi\/wp-json\/wp\/v2\/types\/page"}],"author":[{"embeddable":true,"href":"https:\/\/holidaybeachdanang.com\/vi\/wp-json\/wp\/v2\/users\/90"}],"replies":[{"embeddable":true,"href":"https:\/\/holidaybeachdanang.com\/vi\/wp-json\/wp\/v2\/comments?post=81"}],"version-history":[{"count":0,"href":"https:\/\/holidaybeachdanang.com\/vi\/wp-json\/wp\/v2\/pages\/81\/revisions"}],"up":[{"embeddable":true,"href":"https:\/\/holidaybeachdanang.com\/vi\/wp-json\/wp\/v2\/pages\/47"}],"wp:attachment":[{"href":"https:\/\/holidaybeachdanang.com\/vi\/wp-json\/wp\/v2\/media?parent=81"}],"wp:term":[{"taxonomy":"category","embeddable":true,"href":"https:\/\/holidaybeachdanang.com\/vi\/wp-json\/wp\/v2\/categories?post=81"}],"curies":[{"name":"wp","href":"https:\/\/api.w.org\/{rel}","templated":true}]}}