{"id":75,"date":"2026-02-02T20:41:41","date_gmt":"2026-02-02T12:41:41","guid":{"rendered":"https:\/\/holidaybeachdanang.ms2.decms.asia\/?page_id=75"},"modified":"2026-04-08T18:03:40","modified_gmt":"2026-04-08T10:03:40","slug":"deluxe-partial-ocean","status":"publish","type":"page","link":"https:\/\/holidaybeachdanang.com\/vi\/rooms-suites\/deluxe-partial-ocean\/","title":{"rendered":"Deluxe Partial Ocean"},"content":{"rendered":"<p>\u1ea4m c\u00fang v\u1edbi phong c\u1ea3nh bi\u1ec3n qua \u00f4 c\u1eeda s\u1ed5 v\u00e0 \u0111\u1ec3 m\u00ecnh th\u01b0 gi\u00e3n tr\u00ean gi\u01b0\u1eddng \u00eam \u00e1i v\u00e0 kh\u00f4ng gian b\u00e0i tr\u00ed tinh t\u1ebf hi\u1ec7n \u0111\u1ea1i k\u1ebft h\u1ee3p g\u1ed7 t\u1ed1i v\u00e0 da cao c\u1ea5p. K\u1ebft h\u1ee3p c\u00f9ng \u0111\u00e1 \u1ed1p t\u01b0\u1eddng v\u00e0 s\u00e0n ph\u00f2ng t\u1eafm s\u00e1ng m\u00e0u cho mang l\u1ea1i kh\u00f4ng gian \u1ed1c \u0111\u1ea3o thanh l\u1ecbch.<\/p>\n","protected":false},"excerpt":{"rendered":"<p>\u1ea4m c\u00fang v\u1edbi phong c\u1ea3nh bi\u1ec3n qua \u00f4 c\u1eeda s\u1ed5 v\u00e0 \u0111\u1ec3 m\u00ecnh th\u01b0 gi\u00e3n tr\u00ean gi\u01b0\u1eddng \u00eam \u00e1i v\u00e0 kh\u00f4ng gian b\u00e0i tr\u00ed tinh t\u1ebf hi\u1ec7n \u0111\u1ea1i k\u1ebft h\u1ee3p g\u1ed7 t\u1ed1i v\u00e0 da cao c\u1ea5p. K\u1ebft h\u1ee3p c\u00f9ng \u0111\u00e1 \u1ed1p t\u01b0\u1eddng v\u00e0 s\u00e0n ph\u00f2ng t\u1eafm s\u00e1ng m\u00e0u cho mang l\u1ea1i kh\u00f4ng gian \u1ed1c \u0111\u1ea3o [&hellip;]<\/p>\n","protected":false},"author":90,"featured_media":0,"parent":47,"menu_order":5,"comment_status":"closed","ping_status":"closed","template":"template-single-room.php","meta":{"footnotes":""},"categories":[],"yoast_head":"<!-- This site is optimized with the Yoast SEO plugin v22.3 - https:\/\/yoast.com\/wordpress\/plugins\/seo\/ -->\n<title>Deluxe Partial Ocean - Holiday Beach Hotel Danang<\/title>\n<meta name=\"description\" content=\"\u1ea4m c\u00fang v\u1edbi phong c\u1ea3nh bi\u1ec3n qua \u00f4 c\u1eeda s\u1ed5 v\u00e0 \u0111\u1ec3 m\u00ecnh th\u01b0 gi\u00e3n tr\u00ean gi\u01b0\u1eddng \u00eam \u00e1i v\u00e0 kh\u00f4ng gian b\u00e0i tr\u00ed tinh t\u1ebf hi\u1ec7n \u0111\u1ea1i k\u1ebft h\u1ee3p g\u1ed7 t\u1ed1i v\u00e0 da cao c\u1ea5p. K\u1ebft h\u1ee3p c\u00f9ng \u0111\u00e1 \u1ed1p t\u01b0\u1eddng v\u00e0 s\u00e0n ph\u00f2ng t\u1eafm s\u00e1ng m\u00e0u cho mang l\u1ea1i kh\u00f4ng gian \u1ed1c \u0111\u1ea3o thanh l\u1ecbch.\" \/>\n<meta name=\"robots\" content=\"index, follow, max-snippet:-1, max-image-preview:large, max-video-preview:-1\" \/>\n<link rel=\"canonical\" href=\"https:\/\/holidaybeachdanang.com\/vi\/rooms-suites\/deluxe-partial-ocean\/\" \/>\n<meta property=\"og:locale\" content=\"vi_VN\" \/>\n<meta property=\"og:type\" content=\"article\" \/>\n<meta property=\"og:title\" content=\"Deluxe Partial Ocean - Holiday Beach Hotel Danang\" \/>\n<meta property=\"og:description\" content=\"\u1ea4m c\u00fang v\u1edbi phong c\u1ea3nh bi\u1ec3n qua \u00f4 c\u1eeda s\u1ed5 v\u00e0 \u0111\u1ec3 m\u00ecnh th\u01b0 gi\u00e3n tr\u00ean gi\u01b0\u1eddng \u00eam \u00e1i v\u00e0 kh\u00f4ng gian b\u00e0i tr\u00ed tinh t\u1ebf hi\u1ec7n \u0111\u1ea1i k\u1ebft h\u1ee3p g\u1ed7 t\u1ed1i v\u00e0 da cao c\u1ea5p. K\u1ebft h\u1ee3p c\u00f9ng \u0111\u00e1 \u1ed1p t\u01b0\u1eddng v\u00e0 s\u00e0n ph\u00f2ng t\u1eafm s\u00e1ng m\u00e0u cho mang l\u1ea1i kh\u00f4ng gian \u1ed1c \u0111\u1ea3o thanh l\u1ecbch.\" \/>\n<meta property=\"og:url\" content=\"https:\/\/holidaybeachdanang.com\/vi\/rooms-suites\/deluxe-partial-ocean\/\" \/>\n<meta property=\"og:site_name\" content=\"Holiday Beach Hotel Danang\" \/>\n<meta property=\"article:modified_time\" content=\"2026-04-08T10:03:40+00:00\" \/>\n<meta name=\"twitter:card\" content=\"summary_large_image\" \/>\n<meta name=\"twitter:label1\" content=\"Est. reading time\" \/>\n\t<meta name=\"twitter:data1\" content=\"1 minute\" \/>\n<script type=\"application\/ld+json\" class=\"yoast-schema-graph\">{\"@context\":\"https:\/\/schema.org\",\"@graph\":[{\"@type\":\"WebPage\",\"@id\":\"https:\/\/holidaybeachdanang.com\/vi\/rooms-suites\/deluxe-partial-ocean\/\",\"url\":\"https:\/\/holidaybeachdanang.com\/vi\/rooms-suites\/deluxe-partial-ocean\/\",\"name\":\"Deluxe Partial Ocean - Holiday Beach Hotel Danang\",\"isPartOf\":{\"@id\":\"https:\/\/holidaybeachdanang.com\/vi\/#website\"},\"datePublished\":\"2026-02-02T12:41:41+00:00\",\"dateModified\":\"2026-04-08T10:03:40+00:00\",\"description\":\"\u1ea4m c\u00fang v\u1edbi phong c\u1ea3nh bi\u1ec3n qua \u00f4 c\u1eeda s\u1ed5 v\u00e0 \u0111\u1ec3 m\u00ecnh th\u01b0 gi\u00e3n tr\u00ean gi\u01b0\u1eddng \u00eam \u00e1i v\u00e0 kh\u00f4ng gian b\u00e0i tr\u00ed tinh t\u1ebf hi\u1ec7n \u0111\u1ea1i k\u1ebft h\u1ee3p g\u1ed7 t\u1ed1i v\u00e0 da cao c\u1ea5p. K\u1ebft h\u1ee3p c\u00f9ng \u0111\u00e1 \u1ed1p t\u01b0\u1eddng v\u00e0 s\u00e0n ph\u00f2ng t\u1eafm s\u00e1ng m\u00e0u cho mang l\u1ea1i kh\u00f4ng gian \u1ed1c \u0111\u1ea3o thanh l\u1ecbch.\",\"breadcrumb\":{\"@id\":\"https:\/\/holidaybeachdanang.com\/vi\/rooms-suites\/deluxe-partial-ocean\/#breadcrumb\"},\"inLanguage\":\"vi-VN\",\"potentialAction\":[{\"@type\":\"ReadAction\",\"target\":[\"https:\/\/holidaybeachdanang.com\/vi\/rooms-suites\/deluxe-partial-ocean\/\"]}]},{\"@type\":\"BreadcrumbList\",\"@id\":\"https:\/\/holidaybeachdanang.com\/vi\/rooms-suites\/deluxe-partial-ocean\/#breadcrumb\",\"itemListElement\":[{\"@type\":\"ListItem\",\"position\":1,\"name\":\"Home\",\"item\":\"https:\/\/holidaybeachdanang.com\/vi\/\"},{\"@type\":\"ListItem\",\"position\":2,\"name\":\"Ph\u00f2ng &amp; Suites\",\"item\":\"https:\/\/holidaybeachdanang.com\/vi\/rooms-suites\/\"},{\"@type\":\"ListItem\",\"position\":3,\"name\":\"Deluxe Partial Ocean\"}]},{\"@type\":\"WebSite\",\"@id\":\"https:\/\/holidaybeachdanang.com\/vi\/#website\",\"url\":\"https:\/\/holidaybeachdanang.com\/vi\/\",\"name\":\"Holiday Beach Hotel Danang\",\"description\":\"\",\"potentialAction\":[{\"@type\":\"SearchAction\",\"target\":{\"@type\":\"EntryPoint\",\"urlTemplate\":\"https:\/\/holidaybeachdanang.com\/vi\/?s={search_term_string}\"},\"query-input\":\"required name=search_term_string\"}],\"inLanguage\":\"vi-VN\"}]}<\/script>\n<!-- \/ Yoast SEO plugin. -->","yoast_head_json":{"title":"Deluxe Partial Ocean - Holiday Beach Hotel Danang","description":"\u1ea4m c\u00fang v\u1edbi phong c\u1ea3nh bi\u1ec3n qua \u00f4 c\u1eeda s\u1ed5 v\u00e0 \u0111\u1ec3 m\u00ecnh th\u01b0 gi\u00e3n tr\u00ean gi\u01b0\u1eddng \u00eam \u00e1i v\u00e0 kh\u00f4ng gian b\u00e0i tr\u00ed tinh t\u1ebf hi\u1ec7n \u0111\u1ea1i k\u1ebft h\u1ee3p g\u1ed7 t\u1ed1i v\u00e0 da cao c\u1ea5p. K\u1ebft h\u1ee3p c\u00f9ng \u0111\u00e1 \u1ed1p t\u01b0\u1eddng v\u00e0 s\u00e0n ph\u00f2ng t\u1eafm s\u00e1ng m\u00e0u cho mang l\u1ea1i kh\u00f4ng gian \u1ed1c \u0111\u1ea3o thanh l\u1ecbch.","robots":{"index":"index","follow":"follow","max-snippet":"max-snippet:-1","max-image-preview":"max-image-preview:large","max-video-preview":"max-video-preview:-1"},"canonical":"https:\/\/holidaybeachdanang.com\/vi\/rooms-suites\/deluxe-partial-ocean\/","og_locale":"vi_VN","og_type":"article","og_title":"Deluxe Partial Ocean - Holiday Beach Hotel Danang","og_description":"\u1ea4m c\u00fang v\u1edbi phong c\u1ea3nh bi\u1ec3n qua \u00f4 c\u1eeda s\u1ed5 v\u00e0 \u0111\u1ec3 m\u00ecnh th\u01b0 gi\u00e3n tr\u00ean gi\u01b0\u1eddng \u00eam \u00e1i v\u00e0 kh\u00f4ng gian b\u00e0i tr\u00ed tinh t\u1ebf hi\u1ec7n \u0111\u1ea1i k\u1ebft h\u1ee3p g\u1ed7 t\u1ed1i v\u00e0 da cao c\u1ea5p. K\u1ebft h\u1ee3p c\u00f9ng \u0111\u00e1 \u1ed1p t\u01b0\u1eddng v\u00e0 s\u00e0n ph\u00f2ng t\u1eafm s\u00e1ng m\u00e0u cho mang l\u1ea1i kh\u00f4ng gian \u1ed1c \u0111\u1ea3o thanh l\u1ecbch.","og_url":"https:\/\/holidaybeachdanang.com\/vi\/rooms-suites\/deluxe-partial-ocean\/","og_site_name":"Holiday Beach Hotel Danang","article_modified_time":"2026-04-08T10:03:40+00:00","twitter_card":"summary_large_image","twitter_misc":{"Est. reading time":"1 minute"},"schema":{"@context":"https:\/\/schema.org","@graph":[{"@type":"WebPage","@id":"https:\/\/holidaybeachdanang.com\/vi\/rooms-suites\/deluxe-partial-ocean\/","url":"https:\/\/holidaybeachdanang.com\/vi\/rooms-suites\/deluxe-partial-ocean\/","name":"Deluxe Partial Ocean - Holiday Beach Hotel Danang","isPartOf":{"@id":"https:\/\/holidaybeachdanang.com\/vi\/#website"},"datePublished":"2026-02-02T12:41:41+00:00","dateModified":"2026-04-08T10:03:40+00:00","description":"\u1ea4m c\u00fang v\u1edbi phong c\u1ea3nh bi\u1ec3n qua \u00f4 c\u1eeda s\u1ed5 v\u00e0 \u0111\u1ec3 m\u00ecnh th\u01b0 gi\u00e3n tr\u00ean gi\u01b0\u1eddng \u00eam \u00e1i v\u00e0 kh\u00f4ng gian b\u00e0i tr\u00ed tinh t\u1ebf hi\u1ec7n \u0111\u1ea1i k\u1ebft h\u1ee3p g\u1ed7 t\u1ed1i v\u00e0 da cao c\u1ea5p. K\u1ebft h\u1ee3p c\u00f9ng \u0111\u00e1 \u1ed1p t\u01b0\u1eddng v\u00e0 s\u00e0n ph\u00f2ng t\u1eafm s\u00e1ng m\u00e0u cho mang l\u1ea1i kh\u00f4ng gian \u1ed1c \u0111\u1ea3o thanh l\u1ecbch.","breadcrumb":{"@id":"https:\/\/holidaybeachdanang.com\/vi\/rooms-suites\/deluxe-partial-ocean\/#breadcrumb"},"inLanguage":"vi-VN","potentialAction":[{"@type":"ReadAction","target":["https:\/\/holidaybeachdanang.com\/vi\/rooms-suites\/deluxe-partial-ocean\/"]}]},{"@type":"BreadcrumbList","@id":"https:\/\/holidaybeachdanang.com\/vi\/rooms-suites\/deluxe-partial-ocean\/#breadcrumb","itemListElement":[{"@type":"ListItem","position":1,"name":"Home","item":"https:\/\/holidaybeachdanang.com\/vi\/"},{"@type":"ListItem","position":2,"name":"Ph\u00f2ng &amp; Suites","item":"https:\/\/holidaybeachdanang.com\/vi\/rooms-suites\/"},{"@type":"ListItem","position":3,"name":"Deluxe Partial Ocean"}]},{"@type":"WebSite","@id":"https:\/\/holidaybeachdanang.com\/vi\/#website","url":"https:\/\/holidaybeachdanang.com\/vi\/","name":"Holiday Beach Hotel Danang","description":"","potentialAction":[{"@type":"SearchAction","target":{"@type":"EntryPoint","urlTemplate":"https:\/\/holidaybeachdanang.com\/vi\/?s={search_term_string}"},"query-input":"required name=search_term_string"}],"inLanguage":"vi-VN"}]}},"acf":[],"_links":{"self":[{"href":"https:\/\/holidaybeachdanang.com\/vi\/wp-json\/wp\/v2\/pages\/75"}],"collection":[{"href":"https:\/\/holidaybeachdanang.com\/vi\/wp-json\/wp\/v2\/pages"}],"about":[{"href":"https:\/\/holidaybeachdanang.com\/vi\/wp-json\/wp\/v2\/types\/page"}],"author":[{"embeddable":true,"href":"https:\/\/holidaybeachdanang.com\/vi\/wp-json\/wp\/v2\/users\/90"}],"replies":[{"embeddable":true,"href":"https:\/\/holidaybeachdanang.com\/vi\/wp-json\/wp\/v2\/comments?post=75"}],"version-history":[{"count":0,"href":"https:\/\/holidaybeachdanang.com\/vi\/wp-json\/wp\/v2\/pages\/75\/revisions"}],"up":[{"embeddable":true,"href":"https:\/\/holidaybeachdanang.com\/vi\/wp-json\/wp\/v2\/pages\/47"}],"wp:attachment":[{"href":"https:\/\/holidaybeachdanang.com\/vi\/wp-json\/wp\/v2\/media?parent=75"}],"wp:term":[{"taxonomy":"category","embeddable":true,"href":"https:\/\/holidaybeachdanang.com\/vi\/wp-json\/wp\/v2\/categories?post=75"}],"curies":[{"name":"wp","href":"https:\/\/api.w.org\/{rel}","templated":true}]}}