{"id":70,"date":"2026-01-30T16:56:45","date_gmt":"2026-01-30T08:56:45","guid":{"rendered":"https:\/\/holidaybeachdanang.ms2.decms.asia\/rooms-suites\/senior-deluxe\/"},"modified":"2026-04-08T12:39:47","modified_gmt":"2026-04-08T04:39:47","slug":"senior-deluxe","status":"publish","type":"page","link":"https:\/\/holidaybeachdanang.com\/vi\/rooms-suites\/senior-deluxe\/","title":{"rendered":"Senior Deluxe"},"content":{"rendered":"<p>\u00c1nh d\u01b0\u01a1ng n\u01a1i h\u1eebng \u0111\u00f4ng ch\u1ea1ng v\u1ea1ng v\u00e0 s\u1ee9c s\u1ed1ng r\u1ef1c r\u1ee1 trong tr\u1eddi \u0111\u00eam, nh\u1eefng ph\u00f2ng ngh\u1ec9 tho\u00e1ng \u0111\u00e3ng b\u00ean khung c\u1ea3nh b\u00e3i bi\u1ec3n M\u1ef9 Kh\u00ea v\u00e0 \u0111\u1ea1i d\u01b0\u01a1ng bao la s\u1ebd l\u00e0 \u0111i\u1ec3m nh\u1ea5n trong c\u0103n ph\u00f2ng hi\u1ec7n \u0111\u1ea1i v\u00e0 y\u00ean tinh \u0111\u1ec3 th\u01b0 gi\u00e3n.<\/p>\n","protected":false},"excerpt":{"rendered":"<p>\u00c1nh d\u01b0\u01a1ng n\u01a1i h\u1eebng \u0111\u00f4ng ch\u1ea1ng v\u1ea1ng v\u00e0 s\u1ee9c s\u1ed1ng r\u1ef1c r\u1ee1 trong tr\u1eddi \u0111\u00eam, nh\u1eefng ph\u00f2ng ngh\u1ec9 tho\u00e1ng \u0111\u00e3ng b\u00ean khung c\u1ea3nh b\u00e3i bi\u1ec3n M\u1ef9 Kh\u00ea v\u00e0 \u0111\u1ea1i d\u01b0\u01a1ng bao la s\u1ebd l\u00e0 \u0111i\u1ec3m nh\u1ea5n trong c\u0103n ph\u00f2ng hi\u1ec7n \u0111\u1ea1i v\u00e0 y\u00ean tinh \u0111\u1ec3 th\u01b0 gi\u00e3n.<\/p>\n","protected":false},"author":90,"featured_media":0,"parent":47,"menu_order":4,"comment_status":"closed","ping_status":"closed","template":"template-single-room.php","meta":{"footnotes":""},"categories":[],"yoast_head":"<!-- This site is optimized with the Yoast SEO plugin v22.3 - https:\/\/yoast.com\/wordpress\/plugins\/seo\/ -->\n<title>Senior Deluxe - Holiday Beach Hotel Danang<\/title>\n<meta name=\"description\" content=\"\u00c1nh d\u01b0\u01a1ng n\u01a1i h\u1eebng \u0111\u00f4ng ch\u1ea1ng v\u1ea1ng v\u00e0 s\u1ee9c s\u1ed1ng r\u1ef1c r\u1ee1 trong tr\u1eddi \u0111\u00eam, nh\u1eefng ph\u00f2ng ngh\u1ec9 tho\u00e1ng \u0111\u00e3ng b\u00ean khung c\u1ea3nh b\u00e3i bi\u1ec3n M\u1ef9 Kh\u00ea v\u00e0 \u0111\u1ea1i d\u01b0\u01a1ng bao la s\u1ebd l\u00e0 \u0111i\u1ec3m nh\u1ea5n trong c\u0103n ph\u00f2ng hi\u1ec7n \u0111\u1ea1i v\u00e0 y\u00ean tinh \u0111\u1ec3 th\u01b0 gi\u00e3n.\" \/>\n<meta name=\"robots\" content=\"index, follow, max-snippet:-1, max-image-preview:large, max-video-preview:-1\" \/>\n<link rel=\"canonical\" href=\"https:\/\/holidaybeachdanang.com\/vi\/rooms-suites\/senior-deluxe\/\" \/>\n<meta property=\"og:locale\" content=\"vi_VN\" \/>\n<meta property=\"og:type\" content=\"article\" \/>\n<meta property=\"og:title\" content=\"Senior Deluxe - Holiday Beach Hotel Danang\" \/>\n<meta property=\"og:description\" content=\"\u00c1nh d\u01b0\u01a1ng n\u01a1i h\u1eebng \u0111\u00f4ng ch\u1ea1ng v\u1ea1ng v\u00e0 s\u1ee9c s\u1ed1ng r\u1ef1c r\u1ee1 trong tr\u1eddi \u0111\u00eam, nh\u1eefng ph\u00f2ng ngh\u1ec9 tho\u00e1ng \u0111\u00e3ng b\u00ean khung c\u1ea3nh b\u00e3i bi\u1ec3n M\u1ef9 Kh\u00ea v\u00e0 \u0111\u1ea1i d\u01b0\u01a1ng bao la s\u1ebd l\u00e0 \u0111i\u1ec3m nh\u1ea5n trong c\u0103n ph\u00f2ng hi\u1ec7n \u0111\u1ea1i v\u00e0 y\u00ean tinh \u0111\u1ec3 th\u01b0 gi\u00e3n.\" \/>\n<meta property=\"og:url\" content=\"https:\/\/holidaybeachdanang.com\/vi\/rooms-suites\/senior-deluxe\/\" \/>\n<meta property=\"og:site_name\" content=\"Holiday Beach Hotel Danang\" \/>\n<meta property=\"article:modified_time\" content=\"2026-04-08T04:39:47+00:00\" \/>\n<meta name=\"twitter:card\" content=\"summary_large_image\" \/>\n<meta name=\"twitter:label1\" content=\"Est. reading time\" \/>\n\t<meta name=\"twitter:data1\" content=\"1 minute\" \/>\n<script type=\"application\/ld+json\" class=\"yoast-schema-graph\">{\"@context\":\"https:\/\/schema.org\",\"@graph\":[{\"@type\":\"WebPage\",\"@id\":\"https:\/\/holidaybeachdanang.com\/vi\/rooms-suites\/senior-deluxe\/\",\"url\":\"https:\/\/holidaybeachdanang.com\/vi\/rooms-suites\/senior-deluxe\/\",\"name\":\"Senior Deluxe - Holiday Beach Hotel Danang\",\"isPartOf\":{\"@id\":\"https:\/\/holidaybeachdanang.com\/vi\/#website\"},\"datePublished\":\"2026-01-30T08:56:45+00:00\",\"dateModified\":\"2026-04-08T04:39:47+00:00\",\"description\":\"\u00c1nh d\u01b0\u01a1ng n\u01a1i h\u1eebng \u0111\u00f4ng ch\u1ea1ng v\u1ea1ng v\u00e0 s\u1ee9c s\u1ed1ng r\u1ef1c r\u1ee1 trong tr\u1eddi \u0111\u00eam, nh\u1eefng ph\u00f2ng ngh\u1ec9 tho\u00e1ng \u0111\u00e3ng b\u00ean khung c\u1ea3nh b\u00e3i bi\u1ec3n M\u1ef9 Kh\u00ea v\u00e0 \u0111\u1ea1i d\u01b0\u01a1ng bao la s\u1ebd l\u00e0 \u0111i\u1ec3m nh\u1ea5n trong c\u0103n ph\u00f2ng hi\u1ec7n \u0111\u1ea1i v\u00e0 y\u00ean tinh \u0111\u1ec3 th\u01b0 gi\u00e3n.\",\"breadcrumb\":{\"@id\":\"https:\/\/holidaybeachdanang.com\/vi\/rooms-suites\/senior-deluxe\/#breadcrumb\"},\"inLanguage\":\"vi-VN\",\"potentialAction\":[{\"@type\":\"ReadAction\",\"target\":[\"https:\/\/holidaybeachdanang.com\/vi\/rooms-suites\/senior-deluxe\/\"]}]},{\"@type\":\"BreadcrumbList\",\"@id\":\"https:\/\/holidaybeachdanang.com\/vi\/rooms-suites\/senior-deluxe\/#breadcrumb\",\"itemListElement\":[{\"@type\":\"ListItem\",\"position\":1,\"name\":\"Home\",\"item\":\"https:\/\/holidaybeachdanang.com\/vi\/\"},{\"@type\":\"ListItem\",\"position\":2,\"name\":\"Ph\u00f2ng &amp; Suites\",\"item\":\"https:\/\/holidaybeachdanang.com\/vi\/rooms-suites\/\"},{\"@type\":\"ListItem\",\"position\":3,\"name\":\"Senior Deluxe\"}]},{\"@type\":\"WebSite\",\"@id\":\"https:\/\/holidaybeachdanang.com\/vi\/#website\",\"url\":\"https:\/\/holidaybeachdanang.com\/vi\/\",\"name\":\"Holiday Beach Hotel Danang\",\"description\":\"\",\"potentialAction\":[{\"@type\":\"SearchAction\",\"target\":{\"@type\":\"EntryPoint\",\"urlTemplate\":\"https:\/\/holidaybeachdanang.com\/vi\/?s={search_term_string}\"},\"query-input\":\"required name=search_term_string\"}],\"inLanguage\":\"vi-VN\"}]}<\/script>\n<!-- \/ Yoast SEO plugin. -->","yoast_head_json":{"title":"Senior Deluxe - Holiday Beach Hotel Danang","description":"\u00c1nh d\u01b0\u01a1ng n\u01a1i h\u1eebng \u0111\u00f4ng ch\u1ea1ng v\u1ea1ng v\u00e0 s\u1ee9c s\u1ed1ng r\u1ef1c r\u1ee1 trong tr\u1eddi \u0111\u00eam, nh\u1eefng ph\u00f2ng ngh\u1ec9 tho\u00e1ng \u0111\u00e3ng b\u00ean khung c\u1ea3nh b\u00e3i bi\u1ec3n M\u1ef9 Kh\u00ea v\u00e0 \u0111\u1ea1i d\u01b0\u01a1ng bao la s\u1ebd l\u00e0 \u0111i\u1ec3m nh\u1ea5n trong c\u0103n ph\u00f2ng hi\u1ec7n \u0111\u1ea1i v\u00e0 y\u00ean tinh \u0111\u1ec3 th\u01b0 gi\u00e3n.","robots":{"index":"index","follow":"follow","max-snippet":"max-snippet:-1","max-image-preview":"max-image-preview:large","max-video-preview":"max-video-preview:-1"},"canonical":"https:\/\/holidaybeachdanang.com\/vi\/rooms-suites\/senior-deluxe\/","og_locale":"vi_VN","og_type":"article","og_title":"Senior Deluxe - Holiday Beach Hotel Danang","og_description":"\u00c1nh d\u01b0\u01a1ng n\u01a1i h\u1eebng \u0111\u00f4ng ch\u1ea1ng v\u1ea1ng v\u00e0 s\u1ee9c s\u1ed1ng r\u1ef1c r\u1ee1 trong tr\u1eddi \u0111\u00eam, nh\u1eefng ph\u00f2ng ngh\u1ec9 tho\u00e1ng \u0111\u00e3ng b\u00ean khung c\u1ea3nh b\u00e3i bi\u1ec3n M\u1ef9 Kh\u00ea v\u00e0 \u0111\u1ea1i d\u01b0\u01a1ng bao la s\u1ebd l\u00e0 \u0111i\u1ec3m nh\u1ea5n trong c\u0103n ph\u00f2ng hi\u1ec7n \u0111\u1ea1i v\u00e0 y\u00ean tinh \u0111\u1ec3 th\u01b0 gi\u00e3n.","og_url":"https:\/\/holidaybeachdanang.com\/vi\/rooms-suites\/senior-deluxe\/","og_site_name":"Holiday Beach Hotel Danang","article_modified_time":"2026-04-08T04:39:47+00:00","twitter_card":"summary_large_image","twitter_misc":{"Est. reading time":"1 minute"},"schema":{"@context":"https:\/\/schema.org","@graph":[{"@type":"WebPage","@id":"https:\/\/holidaybeachdanang.com\/vi\/rooms-suites\/senior-deluxe\/","url":"https:\/\/holidaybeachdanang.com\/vi\/rooms-suites\/senior-deluxe\/","name":"Senior Deluxe - Holiday Beach Hotel Danang","isPartOf":{"@id":"https:\/\/holidaybeachdanang.com\/vi\/#website"},"datePublished":"2026-01-30T08:56:45+00:00","dateModified":"2026-04-08T04:39:47+00:00","description":"\u00c1nh d\u01b0\u01a1ng n\u01a1i h\u1eebng \u0111\u00f4ng ch\u1ea1ng v\u1ea1ng v\u00e0 s\u1ee9c s\u1ed1ng r\u1ef1c r\u1ee1 trong tr\u1eddi \u0111\u00eam, nh\u1eefng ph\u00f2ng ngh\u1ec9 tho\u00e1ng \u0111\u00e3ng b\u00ean khung c\u1ea3nh b\u00e3i bi\u1ec3n M\u1ef9 Kh\u00ea v\u00e0 \u0111\u1ea1i d\u01b0\u01a1ng bao la s\u1ebd l\u00e0 \u0111i\u1ec3m nh\u1ea5n trong c\u0103n ph\u00f2ng hi\u1ec7n \u0111\u1ea1i v\u00e0 y\u00ean tinh \u0111\u1ec3 th\u01b0 gi\u00e3n.","breadcrumb":{"@id":"https:\/\/holidaybeachdanang.com\/vi\/rooms-suites\/senior-deluxe\/#breadcrumb"},"inLanguage":"vi-VN","potentialAction":[{"@type":"ReadAction","target":["https:\/\/holidaybeachdanang.com\/vi\/rooms-suites\/senior-deluxe\/"]}]},{"@type":"BreadcrumbList","@id":"https:\/\/holidaybeachdanang.com\/vi\/rooms-suites\/senior-deluxe\/#breadcrumb","itemListElement":[{"@type":"ListItem","position":1,"name":"Home","item":"https:\/\/holidaybeachdanang.com\/vi\/"},{"@type":"ListItem","position":2,"name":"Ph\u00f2ng &amp; Suites","item":"https:\/\/holidaybeachdanang.com\/vi\/rooms-suites\/"},{"@type":"ListItem","position":3,"name":"Senior Deluxe"}]},{"@type":"WebSite","@id":"https:\/\/holidaybeachdanang.com\/vi\/#website","url":"https:\/\/holidaybeachdanang.com\/vi\/","name":"Holiday Beach Hotel Danang","description":"","potentialAction":[{"@type":"SearchAction","target":{"@type":"EntryPoint","urlTemplate":"https:\/\/holidaybeachdanang.com\/vi\/?s={search_term_string}"},"query-input":"required name=search_term_string"}],"inLanguage":"vi-VN"}]}},"acf":[],"_links":{"self":[{"href":"https:\/\/holidaybeachdanang.com\/vi\/wp-json\/wp\/v2\/pages\/70"}],"collection":[{"href":"https:\/\/holidaybeachdanang.com\/vi\/wp-json\/wp\/v2\/pages"}],"about":[{"href":"https:\/\/holidaybeachdanang.com\/vi\/wp-json\/wp\/v2\/types\/page"}],"author":[{"embeddable":true,"href":"https:\/\/holidaybeachdanang.com\/vi\/wp-json\/wp\/v2\/users\/90"}],"replies":[{"embeddable":true,"href":"https:\/\/holidaybeachdanang.com\/vi\/wp-json\/wp\/v2\/comments?post=70"}],"version-history":[{"count":0,"href":"https:\/\/holidaybeachdanang.com\/vi\/wp-json\/wp\/v2\/pages\/70\/revisions"}],"up":[{"embeddable":true,"href":"https:\/\/holidaybeachdanang.com\/vi\/wp-json\/wp\/v2\/pages\/47"}],"wp:attachment":[{"href":"https:\/\/holidaybeachdanang.com\/vi\/wp-json\/wp\/v2\/media?parent=70"}],"wp:term":[{"taxonomy":"category","embeddable":true,"href":"https:\/\/holidaybeachdanang.com\/vi\/wp-json\/wp\/v2\/categories?post=70"}],"curies":[{"name":"wp","href":"https:\/\/api.w.org\/{rel}","templated":true}]}}