{"id":60,"date":"2026-01-30T16:53:12","date_gmt":"2026-01-30T08:53:12","guid":{"rendered":"https:\/\/holidaybeachdanang.ms2.decms.asia\/rooms-suites\/premier-suite-beachfront\/"},"modified":"2026-04-08T12:35:54","modified_gmt":"2026-04-08T04:35:54","slug":"premier-suite-beachfront","status":"publish","type":"page","link":"https:\/\/holidaybeachdanang.com\/vi\/rooms-suites\/premier-suite-beachfront\/","title":{"rendered":"Premier Suite Beachfront"},"content":{"rendered":"<p>Tr\u00e0n ng\u1eadp trong khung c\u1ea3nh bi\u1ec3n c\u1ea3 tuy\u1ec7t m\u1ef9 cu\u1ed9n quanh kh\u00f4ng gian ph\u00f2ng suite. C\u1ea3m nh\u1eadn s\u1ef1 n\u00e2ng t\u1ea7m trong l\u1ef1a ch\u1ecdn n\u00e0y v\u1edbi c\u00e1c chi ti\u1ebft g\u1ed7 v\u00e0 da cao c\u1ea5p c\u0169ng nh\u01b0 kh\u00f4ng gian th\u01b0 gi\u00e3n n\u01a1i bi\u1ec3n nh\u01b0 th\u1ec3 x\u00f4 d\u01b0\u1edbi ch\u00e2n. Trang b\u1ecb ph\u00f2ng t\u1eafm \u0111i k\u00e8m cao c\u1ea5p v\u1edbi nh\u1eefng ti\u1ec7n nghi hi\u1ec7n \u0111\u1ea1i.<\/p>\n","protected":false},"excerpt":{"rendered":"<p>Tr\u00e0n ng\u1eadp trong khung c\u1ea3nh bi\u1ec3n c\u1ea3 tuy\u1ec7t m\u1ef9 cu\u1ed9n quanh kh\u00f4ng gian ph\u00f2ng suite. C\u1ea3m nh\u1eadn s\u1ef1 n\u00e2ng t\u1ea7m trong l\u1ef1a ch\u1ecdn n\u00e0y v\u1edbi c\u00e1c chi ti\u1ebft g\u1ed7 v\u00e0 da cao c\u1ea5p c\u0169ng nh\u01b0 kh\u00f4ng gian th\u01b0 gi\u00e3n n\u01a1i bi\u1ec3n nh\u01b0 th\u1ec3 x\u00f4 d\u01b0\u1edbi ch\u00e2n. Trang b\u1ecb ph\u00f2ng t\u1eafm \u0111i k\u00e8m cao c\u1ea5p v\u1edbi [&hellip;]<\/p>\n","protected":false},"author":90,"featured_media":0,"parent":47,"menu_order":2,"comment_status":"closed","ping_status":"closed","template":"template-single-room.php","meta":{"footnotes":""},"categories":[],"yoast_head":"<!-- This site is optimized with the Yoast SEO plugin v22.3 - https:\/\/yoast.com\/wordpress\/plugins\/seo\/ -->\n<title>Premier Suite Beachfront - Holiday Beach Hotel Danang<\/title>\n<meta name=\"description\" content=\"Tr\u1ea3i nghi\u1ec7m s\u1ef1 kh\u00e1c bi\u1ec7t v\u1edbi Premier Beachfront Suites t\u1ea1i Holiday Beach Hotel Danang, n\u01a1i l\u00fd t\u01b0\u1edfng cho nh\u1eefng ai t\u00ecm ki\u1ebfm ph\u00f2ng ngh\u1ec9 h\u01b0\u1edbng bi\u1ec3n cao c\u1ea5p trong s\u1ed1 c\u00e1c kh\u00e1ch s\u1ea1n bi\u1ec3n \u0110\u00e0 N\u1eb5ng t\u1ed1t nh\u1ea5t. M\u1ed7i Suites \u0111\u01b0\u1ee3c thi\u1ebft k\u1ebf tinh t\u1ebf v\u1edbi c\u1eeda k\u00ednh l\u1edbn, \u0111\u1ea3m b\u1ea3o b\u1ea1n c\u00f3 th\u1ec3 th\u1ee9c d\u1eady v\u1edbi view bi\u1ec3n ngo\u1ea1n m\u1ee5c c\u1ee7a bi\u1ec3n \u0110\u00e0 N\u1eb5ng ngay t\u1eeb gi\u01b0\u1eddng ng\u1ee7. Kh\u00f4ng gian sang tr\u1ecdng c\u00f3 sofa h\u01b0\u1edbng bi\u1ec3n tho\u1ea3i m\u00e1i, ho\u00e0n h\u1ea3o \u0111\u1ec3 th\u01b0 gi\u00e3n v\u00e0 ng\u1eafm nh\u00ecn \u0111\u1ea1i d\u01b0\u01a1ng v\u00f4 t\u1eadn. Sau m\u1ed9t ng\u00e0y kh\u00e1m ph\u00e1 \u0110\u00e0 N\u1eb5ng s\u00f4i \u0111\u1ed9ng, b\u1ea1n c\u00f3 th\u1ec3 th\u01b0 gi\u00e3n tuy\u1ec7t \u0111\u1ed1i trong b\u1ed3n t\u1eafm hi\u1ec7n \u0111\u1ea1i, t\u1eadn h\u01b0\u1edfng s\u1ef1 ri\u00eang t\u01b0 v\u00e0 ti\u1ec7n nghi ho\u00e0n h\u1ea3o. Premier Beachfront Suites mang \u0111\u1ebfn s\u1ef1 k\u1ebft h\u1ee3p gi\u1eefa s\u1ef1 sang tr\u1ecdng v\u00e0 c\u1ea3m h\u1ee9ng thi\u00ean nhi\u00ean, l\u00e0 l\u1ef1a ch\u1ecdn l\u00fd t\u01b0\u1edfng cho k\u1ef3 ngh\u1ec9 l\u00e3ng m\u1ea1n ho\u1eb7c chuy\u1ebfn \u0111i gia \u0111\u00ecnh \u0111\u00e1ng nh\u1edb.\" \/>\n<meta name=\"robots\" content=\"index, follow, max-snippet:-1, max-image-preview:large, max-video-preview:-1\" \/>\n<link rel=\"canonical\" href=\"https:\/\/holidaybeachdanang.com\/vi\/rooms-suites\/premier-suite-beachfront\/\" \/>\n<meta property=\"og:locale\" content=\"vi_VN\" \/>\n<meta property=\"og:type\" content=\"article\" \/>\n<meta property=\"og:title\" content=\"Premier Suite Beachfront - Holiday Beach Hotel Danang\" \/>\n<meta property=\"og:description\" content=\"Tr\u1ea3i nghi\u1ec7m s\u1ef1 kh\u00e1c bi\u1ec7t v\u1edbi Premier Beachfront Suites t\u1ea1i Holiday Beach Hotel Danang, n\u01a1i l\u00fd t\u01b0\u1edfng cho nh\u1eefng ai t\u00ecm ki\u1ebfm ph\u00f2ng ngh\u1ec9 h\u01b0\u1edbng bi\u1ec3n cao c\u1ea5p trong s\u1ed1 c\u00e1c kh\u00e1ch s\u1ea1n bi\u1ec3n \u0110\u00e0 N\u1eb5ng t\u1ed1t nh\u1ea5t. M\u1ed7i Suites \u0111\u01b0\u1ee3c thi\u1ebft k\u1ebf tinh t\u1ebf v\u1edbi c\u1eeda k\u00ednh l\u1edbn, \u0111\u1ea3m b\u1ea3o b\u1ea1n c\u00f3 th\u1ec3 th\u1ee9c d\u1eady v\u1edbi view bi\u1ec3n ngo\u1ea1n m\u1ee5c c\u1ee7a bi\u1ec3n \u0110\u00e0 N\u1eb5ng ngay t\u1eeb gi\u01b0\u1eddng ng\u1ee7. Kh\u00f4ng gian sang tr\u1ecdng c\u00f3 sofa h\u01b0\u1edbng bi\u1ec3n tho\u1ea3i m\u00e1i, ho\u00e0n h\u1ea3o \u0111\u1ec3 th\u01b0 gi\u00e3n v\u00e0 ng\u1eafm nh\u00ecn \u0111\u1ea1i d\u01b0\u01a1ng v\u00f4 t\u1eadn. Sau m\u1ed9t ng\u00e0y kh\u00e1m ph\u00e1 \u0110\u00e0 N\u1eb5ng s\u00f4i \u0111\u1ed9ng, b\u1ea1n c\u00f3 th\u1ec3 th\u01b0 gi\u00e3n tuy\u1ec7t \u0111\u1ed1i trong b\u1ed3n t\u1eafm hi\u1ec7n \u0111\u1ea1i, t\u1eadn h\u01b0\u1edfng s\u1ef1 ri\u00eang t\u01b0 v\u00e0 ti\u1ec7n nghi ho\u00e0n h\u1ea3o. Premier Beachfront Suites mang \u0111\u1ebfn s\u1ef1 k\u1ebft h\u1ee3p gi\u1eefa s\u1ef1 sang tr\u1ecdng v\u00e0 c\u1ea3m h\u1ee9ng thi\u00ean nhi\u00ean, l\u00e0 l\u1ef1a ch\u1ecdn l\u00fd t\u01b0\u1edfng cho k\u1ef3 ngh\u1ec9 l\u00e3ng m\u1ea1n ho\u1eb7c chuy\u1ebfn \u0111i gia \u0111\u00ecnh \u0111\u00e1ng nh\u1edb.\" \/>\n<meta property=\"og:url\" content=\"https:\/\/holidaybeachdanang.com\/vi\/rooms-suites\/premier-suite-beachfront\/\" \/>\n<meta property=\"og:site_name\" content=\"Holiday Beach Hotel Danang\" \/>\n<meta property=\"article:modified_time\" content=\"2026-04-08T04:35:54+00:00\" \/>\n<meta name=\"twitter:card\" content=\"summary_large_image\" \/>\n<meta name=\"twitter:label1\" content=\"Est. reading time\" \/>\n\t<meta name=\"twitter:data1\" content=\"1 minute\" \/>\n<script type=\"application\/ld+json\" class=\"yoast-schema-graph\">{\"@context\":\"https:\/\/schema.org\",\"@graph\":[{\"@type\":\"WebPage\",\"@id\":\"https:\/\/holidaybeachdanang.com\/vi\/rooms-suites\/premier-suite-beachfront\/\",\"url\":\"https:\/\/holidaybeachdanang.com\/vi\/rooms-suites\/premier-suite-beachfront\/\",\"name\":\"Premier Suite Beachfront - Holiday Beach Hotel Danang\",\"isPartOf\":{\"@id\":\"https:\/\/holidaybeachdanang.com\/vi\/#website\"},\"datePublished\":\"2026-01-30T08:53:12+00:00\",\"dateModified\":\"2026-04-08T04:35:54+00:00\",\"description\":\"Tr\u1ea3i nghi\u1ec7m s\u1ef1 kh\u00e1c bi\u1ec7t v\u1edbi Premier Beachfront Suites t\u1ea1i Holiday Beach Hotel Danang, n\u01a1i l\u00fd t\u01b0\u1edfng cho nh\u1eefng ai t\u00ecm ki\u1ebfm ph\u00f2ng ngh\u1ec9 h\u01b0\u1edbng bi\u1ec3n cao c\u1ea5p trong s\u1ed1 c\u00e1c kh\u00e1ch s\u1ea1n bi\u1ec3n \u0110\u00e0 N\u1eb5ng t\u1ed1t nh\u1ea5t. M\u1ed7i Suites \u0111\u01b0\u1ee3c thi\u1ebft k\u1ebf tinh t\u1ebf v\u1edbi c\u1eeda k\u00ednh l\u1edbn, \u0111\u1ea3m b\u1ea3o b\u1ea1n c\u00f3 th\u1ec3 th\u1ee9c d\u1eady v\u1edbi view bi\u1ec3n ngo\u1ea1n m\u1ee5c c\u1ee7a bi\u1ec3n \u0110\u00e0 N\u1eb5ng ngay t\u1eeb gi\u01b0\u1eddng ng\u1ee7. Kh\u00f4ng gian sang tr\u1ecdng c\u00f3 sofa h\u01b0\u1edbng bi\u1ec3n tho\u1ea3i m\u00e1i, ho\u00e0n h\u1ea3o \u0111\u1ec3 th\u01b0 gi\u00e3n v\u00e0 ng\u1eafm nh\u00ecn \u0111\u1ea1i d\u01b0\u01a1ng v\u00f4 t\u1eadn. Sau m\u1ed9t ng\u00e0y kh\u00e1m ph\u00e1 \u0110\u00e0 N\u1eb5ng s\u00f4i \u0111\u1ed9ng, b\u1ea1n c\u00f3 th\u1ec3 th\u01b0 gi\u00e3n tuy\u1ec7t \u0111\u1ed1i trong b\u1ed3n t\u1eafm hi\u1ec7n \u0111\u1ea1i, t\u1eadn h\u01b0\u1edfng s\u1ef1 ri\u00eang t\u01b0 v\u00e0 ti\u1ec7n nghi ho\u00e0n h\u1ea3o. Premier Beachfront Suites mang \u0111\u1ebfn s\u1ef1 k\u1ebft h\u1ee3p gi\u1eefa s\u1ef1 sang tr\u1ecdng v\u00e0 c\u1ea3m h\u1ee9ng thi\u00ean nhi\u00ean, l\u00e0 l\u1ef1a ch\u1ecdn l\u00fd t\u01b0\u1edfng cho k\u1ef3 ngh\u1ec9 l\u00e3ng m\u1ea1n ho\u1eb7c chuy\u1ebfn \u0111i gia \u0111\u00ecnh \u0111\u00e1ng nh\u1edb.\",\"breadcrumb\":{\"@id\":\"https:\/\/holidaybeachdanang.com\/vi\/rooms-suites\/premier-suite-beachfront\/#breadcrumb\"},\"inLanguage\":\"vi-VN\",\"potentialAction\":[{\"@type\":\"ReadAction\",\"target\":[\"https:\/\/holidaybeachdanang.com\/vi\/rooms-suites\/premier-suite-beachfront\/\"]}]},{\"@type\":\"BreadcrumbList\",\"@id\":\"https:\/\/holidaybeachdanang.com\/vi\/rooms-suites\/premier-suite-beachfront\/#breadcrumb\",\"itemListElement\":[{\"@type\":\"ListItem\",\"position\":1,\"name\":\"Home\",\"item\":\"https:\/\/holidaybeachdanang.com\/vi\/\"},{\"@type\":\"ListItem\",\"position\":2,\"name\":\"Ph\u00f2ng &amp; Suites\",\"item\":\"https:\/\/holidaybeachdanang.com\/vi\/rooms-suites\/\"},{\"@type\":\"ListItem\",\"position\":3,\"name\":\"Premier Suite Beachfront\"}]},{\"@type\":\"WebSite\",\"@id\":\"https:\/\/holidaybeachdanang.com\/vi\/#website\",\"url\":\"https:\/\/holidaybeachdanang.com\/vi\/\",\"name\":\"Holiday Beach Hotel Danang\",\"description\":\"\",\"potentialAction\":[{\"@type\":\"SearchAction\",\"target\":{\"@type\":\"EntryPoint\",\"urlTemplate\":\"https:\/\/holidaybeachdanang.com\/vi\/?s={search_term_string}\"},\"query-input\":\"required name=search_term_string\"}],\"inLanguage\":\"vi-VN\"}]}<\/script>\n<!-- \/ Yoast SEO plugin. -->","yoast_head_json":{"title":"Premier Suite Beachfront - Holiday Beach Hotel Danang","description":"Tr\u1ea3i nghi\u1ec7m s\u1ef1 kh\u00e1c bi\u1ec7t v\u1edbi Premier Beachfront Suites t\u1ea1i Holiday Beach Hotel Danang, n\u01a1i l\u00fd t\u01b0\u1edfng cho nh\u1eefng ai t\u00ecm ki\u1ebfm ph\u00f2ng ngh\u1ec9 h\u01b0\u1edbng bi\u1ec3n cao c\u1ea5p trong s\u1ed1 c\u00e1c kh\u00e1ch s\u1ea1n bi\u1ec3n \u0110\u00e0 N\u1eb5ng t\u1ed1t nh\u1ea5t. M\u1ed7i Suites \u0111\u01b0\u1ee3c thi\u1ebft k\u1ebf tinh t\u1ebf v\u1edbi c\u1eeda k\u00ednh l\u1edbn, \u0111\u1ea3m b\u1ea3o b\u1ea1n c\u00f3 th\u1ec3 th\u1ee9c d\u1eady v\u1edbi view bi\u1ec3n ngo\u1ea1n m\u1ee5c c\u1ee7a bi\u1ec3n \u0110\u00e0 N\u1eb5ng ngay t\u1eeb gi\u01b0\u1eddng ng\u1ee7. Kh\u00f4ng gian sang tr\u1ecdng c\u00f3 sofa h\u01b0\u1edbng bi\u1ec3n tho\u1ea3i m\u00e1i, ho\u00e0n h\u1ea3o \u0111\u1ec3 th\u01b0 gi\u00e3n v\u00e0 ng\u1eafm nh\u00ecn \u0111\u1ea1i d\u01b0\u01a1ng v\u00f4 t\u1eadn. Sau m\u1ed9t ng\u00e0y kh\u00e1m ph\u00e1 \u0110\u00e0 N\u1eb5ng s\u00f4i \u0111\u1ed9ng, b\u1ea1n c\u00f3 th\u1ec3 th\u01b0 gi\u00e3n tuy\u1ec7t \u0111\u1ed1i trong b\u1ed3n t\u1eafm hi\u1ec7n \u0111\u1ea1i, t\u1eadn h\u01b0\u1edfng s\u1ef1 ri\u00eang t\u01b0 v\u00e0 ti\u1ec7n nghi ho\u00e0n h\u1ea3o. Premier Beachfront Suites mang \u0111\u1ebfn s\u1ef1 k\u1ebft h\u1ee3p gi\u1eefa s\u1ef1 sang tr\u1ecdng v\u00e0 c\u1ea3m h\u1ee9ng thi\u00ean nhi\u00ean, l\u00e0 l\u1ef1a ch\u1ecdn l\u00fd t\u01b0\u1edfng cho k\u1ef3 ngh\u1ec9 l\u00e3ng m\u1ea1n ho\u1eb7c chuy\u1ebfn \u0111i gia \u0111\u00ecnh \u0111\u00e1ng nh\u1edb.","robots":{"index":"index","follow":"follow","max-snippet":"max-snippet:-1","max-image-preview":"max-image-preview:large","max-video-preview":"max-video-preview:-1"},"canonical":"https:\/\/holidaybeachdanang.com\/vi\/rooms-suites\/premier-suite-beachfront\/","og_locale":"vi_VN","og_type":"article","og_title":"Premier Suite Beachfront - Holiday Beach Hotel Danang","og_description":"Tr\u1ea3i nghi\u1ec7m s\u1ef1 kh\u00e1c bi\u1ec7t v\u1edbi Premier Beachfront Suites t\u1ea1i Holiday Beach Hotel Danang, n\u01a1i l\u00fd t\u01b0\u1edfng cho nh\u1eefng ai t\u00ecm ki\u1ebfm ph\u00f2ng ngh\u1ec9 h\u01b0\u1edbng bi\u1ec3n cao c\u1ea5p trong s\u1ed1 c\u00e1c kh\u00e1ch s\u1ea1n bi\u1ec3n \u0110\u00e0 N\u1eb5ng t\u1ed1t nh\u1ea5t. M\u1ed7i Suites \u0111\u01b0\u1ee3c thi\u1ebft k\u1ebf tinh t\u1ebf v\u1edbi c\u1eeda k\u00ednh l\u1edbn, \u0111\u1ea3m b\u1ea3o b\u1ea1n c\u00f3 th\u1ec3 th\u1ee9c d\u1eady v\u1edbi view bi\u1ec3n ngo\u1ea1n m\u1ee5c c\u1ee7a bi\u1ec3n \u0110\u00e0 N\u1eb5ng ngay t\u1eeb gi\u01b0\u1eddng ng\u1ee7. Kh\u00f4ng gian sang tr\u1ecdng c\u00f3 sofa h\u01b0\u1edbng bi\u1ec3n tho\u1ea3i m\u00e1i, ho\u00e0n h\u1ea3o \u0111\u1ec3 th\u01b0 gi\u00e3n v\u00e0 ng\u1eafm nh\u00ecn \u0111\u1ea1i d\u01b0\u01a1ng v\u00f4 t\u1eadn. Sau m\u1ed9t ng\u00e0y kh\u00e1m ph\u00e1 \u0110\u00e0 N\u1eb5ng s\u00f4i \u0111\u1ed9ng, b\u1ea1n c\u00f3 th\u1ec3 th\u01b0 gi\u00e3n tuy\u1ec7t \u0111\u1ed1i trong b\u1ed3n t\u1eafm hi\u1ec7n \u0111\u1ea1i, t\u1eadn h\u01b0\u1edfng s\u1ef1 ri\u00eang t\u01b0 v\u00e0 ti\u1ec7n nghi ho\u00e0n h\u1ea3o. Premier Beachfront Suites mang \u0111\u1ebfn s\u1ef1 k\u1ebft h\u1ee3p gi\u1eefa s\u1ef1 sang tr\u1ecdng v\u00e0 c\u1ea3m h\u1ee9ng thi\u00ean nhi\u00ean, l\u00e0 l\u1ef1a ch\u1ecdn l\u00fd t\u01b0\u1edfng cho k\u1ef3 ngh\u1ec9 l\u00e3ng m\u1ea1n ho\u1eb7c chuy\u1ebfn \u0111i gia \u0111\u00ecnh \u0111\u00e1ng nh\u1edb.","og_url":"https:\/\/holidaybeachdanang.com\/vi\/rooms-suites\/premier-suite-beachfront\/","og_site_name":"Holiday Beach Hotel Danang","article_modified_time":"2026-04-08T04:35:54+00:00","twitter_card":"summary_large_image","twitter_misc":{"Est. reading time":"1 minute"},"schema":{"@context":"https:\/\/schema.org","@graph":[{"@type":"WebPage","@id":"https:\/\/holidaybeachdanang.com\/vi\/rooms-suites\/premier-suite-beachfront\/","url":"https:\/\/holidaybeachdanang.com\/vi\/rooms-suites\/premier-suite-beachfront\/","name":"Premier Suite Beachfront - Holiday Beach Hotel Danang","isPartOf":{"@id":"https:\/\/holidaybeachdanang.com\/vi\/#website"},"datePublished":"2026-01-30T08:53:12+00:00","dateModified":"2026-04-08T04:35:54+00:00","description":"Tr\u1ea3i nghi\u1ec7m s\u1ef1 kh\u00e1c bi\u1ec7t v\u1edbi Premier Beachfront Suites t\u1ea1i Holiday Beach Hotel Danang, n\u01a1i l\u00fd t\u01b0\u1edfng cho nh\u1eefng ai t\u00ecm ki\u1ebfm ph\u00f2ng ngh\u1ec9 h\u01b0\u1edbng bi\u1ec3n cao c\u1ea5p trong s\u1ed1 c\u00e1c kh\u00e1ch s\u1ea1n bi\u1ec3n \u0110\u00e0 N\u1eb5ng t\u1ed1t nh\u1ea5t. M\u1ed7i Suites \u0111\u01b0\u1ee3c thi\u1ebft k\u1ebf tinh t\u1ebf v\u1edbi c\u1eeda k\u00ednh l\u1edbn, \u0111\u1ea3m b\u1ea3o b\u1ea1n c\u00f3 th\u1ec3 th\u1ee9c d\u1eady v\u1edbi view bi\u1ec3n ngo\u1ea1n m\u1ee5c c\u1ee7a bi\u1ec3n \u0110\u00e0 N\u1eb5ng ngay t\u1eeb gi\u01b0\u1eddng ng\u1ee7. Kh\u00f4ng gian sang tr\u1ecdng c\u00f3 sofa h\u01b0\u1edbng bi\u1ec3n tho\u1ea3i m\u00e1i, ho\u00e0n h\u1ea3o \u0111\u1ec3 th\u01b0 gi\u00e3n v\u00e0 ng\u1eafm nh\u00ecn \u0111\u1ea1i d\u01b0\u01a1ng v\u00f4 t\u1eadn. Sau m\u1ed9t ng\u00e0y kh\u00e1m ph\u00e1 \u0110\u00e0 N\u1eb5ng s\u00f4i \u0111\u1ed9ng, b\u1ea1n c\u00f3 th\u1ec3 th\u01b0 gi\u00e3n tuy\u1ec7t \u0111\u1ed1i trong b\u1ed3n t\u1eafm hi\u1ec7n \u0111\u1ea1i, t\u1eadn h\u01b0\u1edfng s\u1ef1 ri\u00eang t\u01b0 v\u00e0 ti\u1ec7n nghi ho\u00e0n h\u1ea3o. Premier Beachfront Suites mang \u0111\u1ebfn s\u1ef1 k\u1ebft h\u1ee3p gi\u1eefa s\u1ef1 sang tr\u1ecdng v\u00e0 c\u1ea3m h\u1ee9ng thi\u00ean nhi\u00ean, l\u00e0 l\u1ef1a ch\u1ecdn l\u00fd t\u01b0\u1edfng cho k\u1ef3 ngh\u1ec9 l\u00e3ng m\u1ea1n ho\u1eb7c chuy\u1ebfn \u0111i gia \u0111\u00ecnh \u0111\u00e1ng nh\u1edb.","breadcrumb":{"@id":"https:\/\/holidaybeachdanang.com\/vi\/rooms-suites\/premier-suite-beachfront\/#breadcrumb"},"inLanguage":"vi-VN","potentialAction":[{"@type":"ReadAction","target":["https:\/\/holidaybeachdanang.com\/vi\/rooms-suites\/premier-suite-beachfront\/"]}]},{"@type":"BreadcrumbList","@id":"https:\/\/holidaybeachdanang.com\/vi\/rooms-suites\/premier-suite-beachfront\/#breadcrumb","itemListElement":[{"@type":"ListItem","position":1,"name":"Home","item":"https:\/\/holidaybeachdanang.com\/vi\/"},{"@type":"ListItem","position":2,"name":"Ph\u00f2ng &amp; Suites","item":"https:\/\/holidaybeachdanang.com\/vi\/rooms-suites\/"},{"@type":"ListItem","position":3,"name":"Premier Suite Beachfront"}]},{"@type":"WebSite","@id":"https:\/\/holidaybeachdanang.com\/vi\/#website","url":"https:\/\/holidaybeachdanang.com\/vi\/","name":"Holiday Beach Hotel Danang","description":"","potentialAction":[{"@type":"SearchAction","target":{"@type":"EntryPoint","urlTemplate":"https:\/\/holidaybeachdanang.com\/vi\/?s={search_term_string}"},"query-input":"required name=search_term_string"}],"inLanguage":"vi-VN"}]}},"acf":[],"_links":{"self":[{"href":"https:\/\/holidaybeachdanang.com\/vi\/wp-json\/wp\/v2\/pages\/60"}],"collection":[{"href":"https:\/\/holidaybeachdanang.com\/vi\/wp-json\/wp\/v2\/pages"}],"about":[{"href":"https:\/\/holidaybeachdanang.com\/vi\/wp-json\/wp\/v2\/types\/page"}],"author":[{"embeddable":true,"href":"https:\/\/holidaybeachdanang.com\/vi\/wp-json\/wp\/v2\/users\/90"}],"replies":[{"embeddable":true,"href":"https:\/\/holidaybeachdanang.com\/vi\/wp-json\/wp\/v2\/comments?post=60"}],"version-history":[{"count":0,"href":"https:\/\/holidaybeachdanang.com\/vi\/wp-json\/wp\/v2\/pages\/60\/revisions"}],"up":[{"embeddable":true,"href":"https:\/\/holidaybeachdanang.com\/vi\/wp-json\/wp\/v2\/pages\/47"}],"wp:attachment":[{"href":"https:\/\/holidaybeachdanang.com\/vi\/wp-json\/wp\/v2\/media?parent=60"}],"wp:term":[{"taxonomy":"category","embeddable":true,"href":"https:\/\/holidaybeachdanang.com\/vi\/wp-json\/wp\/v2\/categories?post=60"}],"curies":[{"name":"wp","href":"https:\/\/api.w.org\/{rel}","templated":true}]}}