{"id":52,"date":"2026-01-30T16:51:37","date_gmt":"2026-01-30T08:51:37","guid":{"rendered":"https:\/\/holidaybeachdanang.ms2.decms.asia\/rooms-suites\/executive-suite-beachfront\/"},"modified":"2026-04-08T12:34:04","modified_gmt":"2026-04-08T04:34:04","slug":"executive-suite-beachfront","status":"publish","type":"page","link":"https:\/\/holidaybeachdanang.com\/vi\/rooms-suites\/executive-suite-beachfront\/","title":{"rendered":"Executive Suite Beachfront"},"content":{"rendered":"<p>Kh\u00f4ng gian r\u1ed9ng l\u1edbn \u0111\u1ec3 s\u1ed1ng, y\u00ean gi\u1ea5c, v\u00e0 th\u01b0\u1edfng th\u1ee9c cu\u1ed9c s\u1ed1ng ngh\u1ec9 d\u01b0\u1ee1ng m\u01a1 \u01b0\u1edbc; Tr\u1ea3i nghi\u1ec7m t\u1ea5t c\u1ea3 t\u1ea1i ph\u00f2ng suite l\u1edbn nh\u1ea5t c\u1ee7a Holiday Beach Hotel Danang. \u0110\u1eafm m\u00ecnh trong b\u1ed3n t\u1eafm b\u00ean bi\u1ec3n xanh v\u00f4 t\u1eadn, hay nh\u1ea5m nh\u00e1p t\u1ea1i qu\u1ea7y bar v\u00e0 d\u00f9ng b\u1eefa ri\u00eang t\u01b0 t\u1ea1i khu v\u1ef1c b\u00e0n \u0103n.<\/p>\n","protected":false},"excerpt":{"rendered":"<p>Kh\u00f4ng gian r\u1ed9ng l\u1edbn \u0111\u1ec3 s\u1ed1ng, y\u00ean gi\u1ea5c, v\u00e0 th\u01b0\u1edfng th\u1ee9c cu\u1ed9c s\u1ed1ng ngh\u1ec9 d\u01b0\u1ee1ng m\u01a1 \u01b0\u1edbc; Tr\u1ea3i nghi\u1ec7m t\u1ea5t c\u1ea3 t\u1ea1i ph\u00f2ng suite l\u1edbn nh\u1ea5t c\u1ee7a Holiday Beach Hotel Danang. \u0110\u1eafm m\u00ecnh trong b\u1ed3n t\u1eafm b\u00ean bi\u1ec3n xanh v\u00f4 t\u1eadn, hay nh\u1ea5m nh\u00e1p t\u1ea1i qu\u1ea7y bar v\u00e0 d\u00f9ng b\u1eefa ri\u00eang t\u01b0 t\u1ea1i khu v\u1ef1c [&hellip;]<\/p>\n","protected":false},"author":90,"featured_media":0,"parent":47,"menu_order":1,"comment_status":"closed","ping_status":"closed","template":"template-single-room.php","meta":{"footnotes":""},"categories":[],"yoast_head":"<!-- This site is optimized with the Yoast SEO plugin v22.3 - https:\/\/yoast.com\/wordpress\/plugins\/seo\/ -->\n<title>Executive Suite Beachfront - Holiday Beach Hotel Danang<\/title>\n<meta name=\"description\" content=\"N\u00e2ng t\u1ea7m k\u1ef3 ngh\u1ec9 c\u1ee7a b\u1ea1n t\u1ea1i Executive Beachfront Suites c\u1ee7a Holiday Beach Hotel Danang, m\u1ed9t l\u1ef1a ch\u1ecdn tuy\u1ec7t v\u1eddi trong s\u1ed1 c\u00e1c kh\u00e1ch s\u1ea1n bi\u1ec3n \u0110\u00e0 N\u1eb5ng cao c\u1ea5p. C\u0103n Suite n\u00e0y \u0111\u01b0\u1ee3c thi\u1ebft k\u1ebf \u0111\u1ec3 mang \u0111\u1ebfn tr\u1ea3i nghi\u1ec7m l\u01b0u tr\u00fa ho\u00e0n to\u00e0n h\u00f2a m\u00ecnh v\u1edbi \u0111\u1ea1i d\u01b0\u01a1ng. T\u1eadn h\u01b0\u1edfng kh\u00f4ng gian s\u1ed1ng ri\u00eang t\u01b0 v\u1edbi ph\u00f2ng kh\u00e1ch bi\u1ec3n r\u1ed9ng r\u00e3i, ho\u00e0n h\u1ea3o \u0111\u1ec3 th\u01b0 gi\u00e3n v\u00e0 ng\u1eafm nh\u00ecn to\u00e0n c\u1ea3nh bi\u1ec3n \u0110\u00e0 N\u1eb5ng xinh \u0111\u1eb9p. S\u1ef1 sang tr\u1ecdng \u0111\u01b0\u1ee3c th\u1ec3 hi\u1ec7n qua ti\u1ec7n nghi \u0111\u1ed9c \u0111\u00e1o: th\u01b0 gi\u00e3n tuy\u1ec7t \u0111\u1ed1i trong b\u1ed3n t\u1eafm h\u01b0\u1edbng bi\u1ec3n l\u00e3ng m\u1ea1n, nh\u00e2m nhi ly cocktail t\u1ea1i qu\u1ea7y bar h\u01b0\u1edbng bi\u1ec3n ti\u1ec7n l\u1ee3i ngay trong ph\u00f2ng, v\u00e0 k\u1ebft th\u00fac ng\u00e0y t\u1ea1i ph\u00f2ng ng\u1ee7 bi\u1ec3n y\u00ean t\u0129nh v\u1edbi t\u1ea7m nh\u00ecn v\u00f4 t\u1eadn ra \u0111\u1ea1i d\u01b0\u01a1ng. \u0110\u00e2y l\u00e0 lo\u1ea1i ph\u00f2ng l\u00fd t\u01b0\u1edfng cho c\u1eb7p \u0111\u00f4i t\u00ecm ki\u1ebfm s\u1ef1 ri\u00eang t\u01b0, sang tr\u1ecdng v\u00e0 m\u1ed9t view bi\u1ec3n tr\u1ef1c di\u1ec7n kh\u00f3 qu\u00ean t\u1ea1i \u0110\u00e0 N\u1eb5ng.\" \/>\n<meta name=\"robots\" content=\"index, follow, max-snippet:-1, max-image-preview:large, max-video-preview:-1\" \/>\n<link rel=\"canonical\" href=\"https:\/\/holidaybeachdanang.com\/vi\/rooms-suites\/executive-suite-beachfront\/\" \/>\n<meta property=\"og:locale\" content=\"vi_VN\" \/>\n<meta property=\"og:type\" content=\"article\" \/>\n<meta property=\"og:title\" content=\"Executive Suite Beachfront - Holiday Beach Hotel Danang\" \/>\n<meta property=\"og:description\" content=\"N\u00e2ng t\u1ea7m k\u1ef3 ngh\u1ec9 c\u1ee7a b\u1ea1n t\u1ea1i Executive Beachfront Suites c\u1ee7a Holiday Beach Hotel Danang, m\u1ed9t l\u1ef1a ch\u1ecdn tuy\u1ec7t v\u1eddi trong s\u1ed1 c\u00e1c kh\u00e1ch s\u1ea1n bi\u1ec3n \u0110\u00e0 N\u1eb5ng cao c\u1ea5p. C\u0103n Suite n\u00e0y \u0111\u01b0\u1ee3c thi\u1ebft k\u1ebf \u0111\u1ec3 mang \u0111\u1ebfn tr\u1ea3i nghi\u1ec7m l\u01b0u tr\u00fa ho\u00e0n to\u00e0n h\u00f2a m\u00ecnh v\u1edbi \u0111\u1ea1i d\u01b0\u01a1ng. T\u1eadn h\u01b0\u1edfng kh\u00f4ng gian s\u1ed1ng ri\u00eang t\u01b0 v\u1edbi ph\u00f2ng kh\u00e1ch bi\u1ec3n r\u1ed9ng r\u00e3i, ho\u00e0n h\u1ea3o \u0111\u1ec3 th\u01b0 gi\u00e3n v\u00e0 ng\u1eafm nh\u00ecn to\u00e0n c\u1ea3nh bi\u1ec3n \u0110\u00e0 N\u1eb5ng xinh \u0111\u1eb9p. S\u1ef1 sang tr\u1ecdng \u0111\u01b0\u1ee3c th\u1ec3 hi\u1ec7n qua ti\u1ec7n nghi \u0111\u1ed9c \u0111\u00e1o: th\u01b0 gi\u00e3n tuy\u1ec7t \u0111\u1ed1i trong b\u1ed3n t\u1eafm h\u01b0\u1edbng bi\u1ec3n l\u00e3ng m\u1ea1n, nh\u00e2m nhi ly cocktail t\u1ea1i qu\u1ea7y bar h\u01b0\u1edbng bi\u1ec3n ti\u1ec7n l\u1ee3i ngay trong ph\u00f2ng, v\u00e0 k\u1ebft th\u00fac ng\u00e0y t\u1ea1i ph\u00f2ng ng\u1ee7 bi\u1ec3n y\u00ean t\u0129nh v\u1edbi t\u1ea7m nh\u00ecn v\u00f4 t\u1eadn ra \u0111\u1ea1i d\u01b0\u01a1ng. \u0110\u00e2y l\u00e0 lo\u1ea1i ph\u00f2ng l\u00fd t\u01b0\u1edfng cho c\u1eb7p \u0111\u00f4i t\u00ecm ki\u1ebfm s\u1ef1 ri\u00eang t\u01b0, sang tr\u1ecdng v\u00e0 m\u1ed9t view bi\u1ec3n tr\u1ef1c di\u1ec7n kh\u00f3 qu\u00ean t\u1ea1i \u0110\u00e0 N\u1eb5ng.\" \/>\n<meta property=\"og:url\" content=\"https:\/\/holidaybeachdanang.com\/vi\/rooms-suites\/executive-suite-beachfront\/\" \/>\n<meta property=\"og:site_name\" content=\"Holiday Beach Hotel Danang\" \/>\n<meta property=\"article:modified_time\" content=\"2026-04-08T04:34:04+00:00\" \/>\n<meta name=\"twitter:card\" content=\"summary_large_image\" \/>\n<meta name=\"twitter:label1\" content=\"Est. reading time\" \/>\n\t<meta name=\"twitter:data1\" content=\"1 minute\" \/>\n<script type=\"application\/ld+json\" class=\"yoast-schema-graph\">{\"@context\":\"https:\/\/schema.org\",\"@graph\":[{\"@type\":\"WebPage\",\"@id\":\"https:\/\/holidaybeachdanang.com\/vi\/rooms-suites\/executive-suite-beachfront\/\",\"url\":\"https:\/\/holidaybeachdanang.com\/vi\/rooms-suites\/executive-suite-beachfront\/\",\"name\":\"Executive Suite Beachfront - Holiday Beach Hotel Danang\",\"isPartOf\":{\"@id\":\"https:\/\/holidaybeachdanang.com\/vi\/#website\"},\"datePublished\":\"2026-01-30T08:51:37+00:00\",\"dateModified\":\"2026-04-08T04:34:04+00:00\",\"description\":\"N\u00e2ng t\u1ea7m k\u1ef3 ngh\u1ec9 c\u1ee7a b\u1ea1n t\u1ea1i Executive Beachfront Suites c\u1ee7a Holiday Beach Hotel Danang, m\u1ed9t l\u1ef1a ch\u1ecdn tuy\u1ec7t v\u1eddi trong s\u1ed1 c\u00e1c kh\u00e1ch s\u1ea1n bi\u1ec3n \u0110\u00e0 N\u1eb5ng cao c\u1ea5p. C\u0103n Suite n\u00e0y \u0111\u01b0\u1ee3c thi\u1ebft k\u1ebf \u0111\u1ec3 mang \u0111\u1ebfn tr\u1ea3i nghi\u1ec7m l\u01b0u tr\u00fa ho\u00e0n to\u00e0n h\u00f2a m\u00ecnh v\u1edbi \u0111\u1ea1i d\u01b0\u01a1ng. T\u1eadn h\u01b0\u1edfng kh\u00f4ng gian s\u1ed1ng ri\u00eang t\u01b0 v\u1edbi ph\u00f2ng kh\u00e1ch bi\u1ec3n r\u1ed9ng r\u00e3i, ho\u00e0n h\u1ea3o \u0111\u1ec3 th\u01b0 gi\u00e3n v\u00e0 ng\u1eafm nh\u00ecn to\u00e0n c\u1ea3nh bi\u1ec3n \u0110\u00e0 N\u1eb5ng xinh \u0111\u1eb9p. S\u1ef1 sang tr\u1ecdng \u0111\u01b0\u1ee3c th\u1ec3 hi\u1ec7n qua ti\u1ec7n nghi \u0111\u1ed9c \u0111\u00e1o: th\u01b0 gi\u00e3n tuy\u1ec7t \u0111\u1ed1i trong b\u1ed3n t\u1eafm h\u01b0\u1edbng bi\u1ec3n l\u00e3ng m\u1ea1n, nh\u00e2m nhi ly cocktail t\u1ea1i qu\u1ea7y bar h\u01b0\u1edbng bi\u1ec3n ti\u1ec7n l\u1ee3i ngay trong ph\u00f2ng, v\u00e0 k\u1ebft th\u00fac ng\u00e0y t\u1ea1i ph\u00f2ng ng\u1ee7 bi\u1ec3n y\u00ean t\u0129nh v\u1edbi t\u1ea7m nh\u00ecn v\u00f4 t\u1eadn ra \u0111\u1ea1i d\u01b0\u01a1ng. \u0110\u00e2y l\u00e0 lo\u1ea1i ph\u00f2ng l\u00fd t\u01b0\u1edfng cho c\u1eb7p \u0111\u00f4i t\u00ecm ki\u1ebfm s\u1ef1 ri\u00eang t\u01b0, sang tr\u1ecdng v\u00e0 m\u1ed9t view bi\u1ec3n tr\u1ef1c di\u1ec7n kh\u00f3 qu\u00ean t\u1ea1i \u0110\u00e0 N\u1eb5ng.\",\"breadcrumb\":{\"@id\":\"https:\/\/holidaybeachdanang.com\/vi\/rooms-suites\/executive-suite-beachfront\/#breadcrumb\"},\"inLanguage\":\"vi-VN\",\"potentialAction\":[{\"@type\":\"ReadAction\",\"target\":[\"https:\/\/holidaybeachdanang.com\/vi\/rooms-suites\/executive-suite-beachfront\/\"]}]},{\"@type\":\"BreadcrumbList\",\"@id\":\"https:\/\/holidaybeachdanang.com\/vi\/rooms-suites\/executive-suite-beachfront\/#breadcrumb\",\"itemListElement\":[{\"@type\":\"ListItem\",\"position\":1,\"name\":\"Home\",\"item\":\"https:\/\/holidaybeachdanang.com\/vi\/\"},{\"@type\":\"ListItem\",\"position\":2,\"name\":\"Ph\u00f2ng &amp; Suites\",\"item\":\"https:\/\/holidaybeachdanang.com\/vi\/rooms-suites\/\"},{\"@type\":\"ListItem\",\"position\":3,\"name\":\"Executive Suite Beachfront\"}]},{\"@type\":\"WebSite\",\"@id\":\"https:\/\/holidaybeachdanang.com\/vi\/#website\",\"url\":\"https:\/\/holidaybeachdanang.com\/vi\/\",\"name\":\"Holiday Beach Hotel Danang\",\"description\":\"\",\"potentialAction\":[{\"@type\":\"SearchAction\",\"target\":{\"@type\":\"EntryPoint\",\"urlTemplate\":\"https:\/\/holidaybeachdanang.com\/vi\/?s={search_term_string}\"},\"query-input\":\"required name=search_term_string\"}],\"inLanguage\":\"vi-VN\"}]}<\/script>\n<!-- \/ Yoast SEO plugin. -->","yoast_head_json":{"title":"Executive Suite Beachfront - Holiday Beach Hotel Danang","description":"N\u00e2ng t\u1ea7m k\u1ef3 ngh\u1ec9 c\u1ee7a b\u1ea1n t\u1ea1i Executive Beachfront Suites c\u1ee7a Holiday Beach Hotel Danang, m\u1ed9t l\u1ef1a ch\u1ecdn tuy\u1ec7t v\u1eddi trong s\u1ed1 c\u00e1c kh\u00e1ch s\u1ea1n bi\u1ec3n \u0110\u00e0 N\u1eb5ng cao c\u1ea5p. C\u0103n Suite n\u00e0y \u0111\u01b0\u1ee3c thi\u1ebft k\u1ebf \u0111\u1ec3 mang \u0111\u1ebfn tr\u1ea3i nghi\u1ec7m l\u01b0u tr\u00fa ho\u00e0n to\u00e0n h\u00f2a m\u00ecnh v\u1edbi \u0111\u1ea1i d\u01b0\u01a1ng. T\u1eadn h\u01b0\u1edfng kh\u00f4ng gian s\u1ed1ng ri\u00eang t\u01b0 v\u1edbi ph\u00f2ng kh\u00e1ch bi\u1ec3n r\u1ed9ng r\u00e3i, ho\u00e0n h\u1ea3o \u0111\u1ec3 th\u01b0 gi\u00e3n v\u00e0 ng\u1eafm nh\u00ecn to\u00e0n c\u1ea3nh bi\u1ec3n \u0110\u00e0 N\u1eb5ng xinh \u0111\u1eb9p. S\u1ef1 sang tr\u1ecdng \u0111\u01b0\u1ee3c th\u1ec3 hi\u1ec7n qua ti\u1ec7n nghi \u0111\u1ed9c \u0111\u00e1o: th\u01b0 gi\u00e3n tuy\u1ec7t \u0111\u1ed1i trong b\u1ed3n t\u1eafm h\u01b0\u1edbng bi\u1ec3n l\u00e3ng m\u1ea1n, nh\u00e2m nhi ly cocktail t\u1ea1i qu\u1ea7y bar h\u01b0\u1edbng bi\u1ec3n ti\u1ec7n l\u1ee3i ngay trong ph\u00f2ng, v\u00e0 k\u1ebft th\u00fac ng\u00e0y t\u1ea1i ph\u00f2ng ng\u1ee7 bi\u1ec3n y\u00ean t\u0129nh v\u1edbi t\u1ea7m nh\u00ecn v\u00f4 t\u1eadn ra \u0111\u1ea1i d\u01b0\u01a1ng. \u0110\u00e2y l\u00e0 lo\u1ea1i ph\u00f2ng l\u00fd t\u01b0\u1edfng cho c\u1eb7p \u0111\u00f4i t\u00ecm ki\u1ebfm s\u1ef1 ri\u00eang t\u01b0, sang tr\u1ecdng v\u00e0 m\u1ed9t view bi\u1ec3n tr\u1ef1c di\u1ec7n kh\u00f3 qu\u00ean t\u1ea1i \u0110\u00e0 N\u1eb5ng.","robots":{"index":"index","follow":"follow","max-snippet":"max-snippet:-1","max-image-preview":"max-image-preview:large","max-video-preview":"max-video-preview:-1"},"canonical":"https:\/\/holidaybeachdanang.com\/vi\/rooms-suites\/executive-suite-beachfront\/","og_locale":"vi_VN","og_type":"article","og_title":"Executive Suite Beachfront - Holiday Beach Hotel Danang","og_description":"N\u00e2ng t\u1ea7m k\u1ef3 ngh\u1ec9 c\u1ee7a b\u1ea1n t\u1ea1i Executive Beachfront Suites c\u1ee7a Holiday Beach Hotel Danang, m\u1ed9t l\u1ef1a ch\u1ecdn tuy\u1ec7t v\u1eddi trong s\u1ed1 c\u00e1c kh\u00e1ch s\u1ea1n bi\u1ec3n \u0110\u00e0 N\u1eb5ng cao c\u1ea5p. C\u0103n Suite n\u00e0y \u0111\u01b0\u1ee3c thi\u1ebft k\u1ebf \u0111\u1ec3 mang \u0111\u1ebfn tr\u1ea3i nghi\u1ec7m l\u01b0u tr\u00fa ho\u00e0n to\u00e0n h\u00f2a m\u00ecnh v\u1edbi \u0111\u1ea1i d\u01b0\u01a1ng. T\u1eadn h\u01b0\u1edfng kh\u00f4ng gian s\u1ed1ng ri\u00eang t\u01b0 v\u1edbi ph\u00f2ng kh\u00e1ch bi\u1ec3n r\u1ed9ng r\u00e3i, ho\u00e0n h\u1ea3o \u0111\u1ec3 th\u01b0 gi\u00e3n v\u00e0 ng\u1eafm nh\u00ecn to\u00e0n c\u1ea3nh bi\u1ec3n \u0110\u00e0 N\u1eb5ng xinh \u0111\u1eb9p. S\u1ef1 sang tr\u1ecdng \u0111\u01b0\u1ee3c th\u1ec3 hi\u1ec7n qua ti\u1ec7n nghi \u0111\u1ed9c \u0111\u00e1o: th\u01b0 gi\u00e3n tuy\u1ec7t \u0111\u1ed1i trong b\u1ed3n t\u1eafm h\u01b0\u1edbng bi\u1ec3n l\u00e3ng m\u1ea1n, nh\u00e2m nhi ly cocktail t\u1ea1i qu\u1ea7y bar h\u01b0\u1edbng bi\u1ec3n ti\u1ec7n l\u1ee3i ngay trong ph\u00f2ng, v\u00e0 k\u1ebft th\u00fac ng\u00e0y t\u1ea1i ph\u00f2ng ng\u1ee7 bi\u1ec3n y\u00ean t\u0129nh v\u1edbi t\u1ea7m nh\u00ecn v\u00f4 t\u1eadn ra \u0111\u1ea1i d\u01b0\u01a1ng. \u0110\u00e2y l\u00e0 lo\u1ea1i ph\u00f2ng l\u00fd t\u01b0\u1edfng cho c\u1eb7p \u0111\u00f4i t\u00ecm ki\u1ebfm s\u1ef1 ri\u00eang t\u01b0, sang tr\u1ecdng v\u00e0 m\u1ed9t view bi\u1ec3n tr\u1ef1c di\u1ec7n kh\u00f3 qu\u00ean t\u1ea1i \u0110\u00e0 N\u1eb5ng.","og_url":"https:\/\/holidaybeachdanang.com\/vi\/rooms-suites\/executive-suite-beachfront\/","og_site_name":"Holiday Beach Hotel Danang","article_modified_time":"2026-04-08T04:34:04+00:00","twitter_card":"summary_large_image","twitter_misc":{"Est. reading time":"1 minute"},"schema":{"@context":"https:\/\/schema.org","@graph":[{"@type":"WebPage","@id":"https:\/\/holidaybeachdanang.com\/vi\/rooms-suites\/executive-suite-beachfront\/","url":"https:\/\/holidaybeachdanang.com\/vi\/rooms-suites\/executive-suite-beachfront\/","name":"Executive Suite Beachfront - Holiday Beach Hotel Danang","isPartOf":{"@id":"https:\/\/holidaybeachdanang.com\/vi\/#website"},"datePublished":"2026-01-30T08:51:37+00:00","dateModified":"2026-04-08T04:34:04+00:00","description":"N\u00e2ng t\u1ea7m k\u1ef3 ngh\u1ec9 c\u1ee7a b\u1ea1n t\u1ea1i Executive Beachfront Suites c\u1ee7a Holiday Beach Hotel Danang, m\u1ed9t l\u1ef1a ch\u1ecdn tuy\u1ec7t v\u1eddi trong s\u1ed1 c\u00e1c kh\u00e1ch s\u1ea1n bi\u1ec3n \u0110\u00e0 N\u1eb5ng cao c\u1ea5p. C\u0103n Suite n\u00e0y \u0111\u01b0\u1ee3c thi\u1ebft k\u1ebf \u0111\u1ec3 mang \u0111\u1ebfn tr\u1ea3i nghi\u1ec7m l\u01b0u tr\u00fa ho\u00e0n to\u00e0n h\u00f2a m\u00ecnh v\u1edbi \u0111\u1ea1i d\u01b0\u01a1ng. T\u1eadn h\u01b0\u1edfng kh\u00f4ng gian s\u1ed1ng ri\u00eang t\u01b0 v\u1edbi ph\u00f2ng kh\u00e1ch bi\u1ec3n r\u1ed9ng r\u00e3i, ho\u00e0n h\u1ea3o \u0111\u1ec3 th\u01b0 gi\u00e3n v\u00e0 ng\u1eafm nh\u00ecn to\u00e0n c\u1ea3nh bi\u1ec3n \u0110\u00e0 N\u1eb5ng xinh \u0111\u1eb9p. S\u1ef1 sang tr\u1ecdng \u0111\u01b0\u1ee3c th\u1ec3 hi\u1ec7n qua ti\u1ec7n nghi \u0111\u1ed9c \u0111\u00e1o: th\u01b0 gi\u00e3n tuy\u1ec7t \u0111\u1ed1i trong b\u1ed3n t\u1eafm h\u01b0\u1edbng bi\u1ec3n l\u00e3ng m\u1ea1n, nh\u00e2m nhi ly cocktail t\u1ea1i qu\u1ea7y bar h\u01b0\u1edbng bi\u1ec3n ti\u1ec7n l\u1ee3i ngay trong ph\u00f2ng, v\u00e0 k\u1ebft th\u00fac ng\u00e0y t\u1ea1i ph\u00f2ng ng\u1ee7 bi\u1ec3n y\u00ean t\u0129nh v\u1edbi t\u1ea7m nh\u00ecn v\u00f4 t\u1eadn ra \u0111\u1ea1i d\u01b0\u01a1ng. \u0110\u00e2y l\u00e0 lo\u1ea1i ph\u00f2ng l\u00fd t\u01b0\u1edfng cho c\u1eb7p \u0111\u00f4i t\u00ecm ki\u1ebfm s\u1ef1 ri\u00eang t\u01b0, sang tr\u1ecdng v\u00e0 m\u1ed9t view bi\u1ec3n tr\u1ef1c di\u1ec7n kh\u00f3 qu\u00ean t\u1ea1i \u0110\u00e0 N\u1eb5ng.","breadcrumb":{"@id":"https:\/\/holidaybeachdanang.com\/vi\/rooms-suites\/executive-suite-beachfront\/#breadcrumb"},"inLanguage":"vi-VN","potentialAction":[{"@type":"ReadAction","target":["https:\/\/holidaybeachdanang.com\/vi\/rooms-suites\/executive-suite-beachfront\/"]}]},{"@type":"BreadcrumbList","@id":"https:\/\/holidaybeachdanang.com\/vi\/rooms-suites\/executive-suite-beachfront\/#breadcrumb","itemListElement":[{"@type":"ListItem","position":1,"name":"Home","item":"https:\/\/holidaybeachdanang.com\/vi\/"},{"@type":"ListItem","position":2,"name":"Ph\u00f2ng &amp; Suites","item":"https:\/\/holidaybeachdanang.com\/vi\/rooms-suites\/"},{"@type":"ListItem","position":3,"name":"Executive Suite Beachfront"}]},{"@type":"WebSite","@id":"https:\/\/holidaybeachdanang.com\/vi\/#website","url":"https:\/\/holidaybeachdanang.com\/vi\/","name":"Holiday Beach Hotel Danang","description":"","potentialAction":[{"@type":"SearchAction","target":{"@type":"EntryPoint","urlTemplate":"https:\/\/holidaybeachdanang.com\/vi\/?s={search_term_string}"},"query-input":"required name=search_term_string"}],"inLanguage":"vi-VN"}]}},"acf":[],"_links":{"self":[{"href":"https:\/\/holidaybeachdanang.com\/vi\/wp-json\/wp\/v2\/pages\/52"}],"collection":[{"href":"https:\/\/holidaybeachdanang.com\/vi\/wp-json\/wp\/v2\/pages"}],"about":[{"href":"https:\/\/holidaybeachdanang.com\/vi\/wp-json\/wp\/v2\/types\/page"}],"author":[{"embeddable":true,"href":"https:\/\/holidaybeachdanang.com\/vi\/wp-json\/wp\/v2\/users\/90"}],"replies":[{"embeddable":true,"href":"https:\/\/holidaybeachdanang.com\/vi\/wp-json\/wp\/v2\/comments?post=52"}],"version-history":[{"count":0,"href":"https:\/\/holidaybeachdanang.com\/vi\/wp-json\/wp\/v2\/pages\/52\/revisions"}],"up":[{"embeddable":true,"href":"https:\/\/holidaybeachdanang.com\/vi\/wp-json\/wp\/v2\/pages\/47"}],"wp:attachment":[{"href":"https:\/\/holidaybeachdanang.com\/vi\/wp-json\/wp\/v2\/media?parent=52"}],"wp:term":[{"taxonomy":"category","embeddable":true,"href":"https:\/\/holidaybeachdanang.com\/vi\/wp-json\/wp\/v2\/categories?post=52"}],"curies":[{"name":"wp","href":"https:\/\/api.w.org\/{rel}","templated":true}]}}