{"id":51,"date":"2026-01-30T16:50:18","date_gmt":"2026-01-30T08:50:18","guid":{"rendered":"https:\/\/holidaybeachdanang.ms2.decms.asia\/rooms-suites\/presidential-suite-beachfront\/"},"modified":"2026-04-08T12:33:34","modified_gmt":"2026-04-08T04:33:34","slug":"presidential-suite-beachfront","status":"publish","type":"page","link":"https:\/\/holidaybeachdanang.com\/vi\/rooms-suites\/presidential-suite-beachfront\/","title":{"rendered":"Presidential Suite Beachfront"},"content":{"rendered":"<p>N\u01a1i ngh\u1ec9 d\u01b0\u1ee1ng tuy\u1ec7t \u0111\u1ed1i v\u1edbi phong c\u00e1ch \u0111\u01b0\u01a1ng \u0111\u1ea1i v\u00e0 trang b\u1ecb th\u01b0 gi\u00e3n cao c\u1ea5p t\u1ea1i t\u00e2m \u0111i\u1ec3m c\u1ee7a m\u1ed9t \u0110\u00e0 N\u1eb5ng \u0111\u1ea7y s\u1eafc m\u00e0u. V\u1edbi kh\u00f4ng gian s\u1ed1ng r\u1ed9ng r\u00e3i v\u1edbi gian ph\u00f2ng kh\u00e1ch v\u00e0 ph\u00f2ng ng\u1ee7 bao tr\u1ecdn t\u1ea7m nh\u00ecn ra bi\u1ec3n bao la, t\u1eadn h\u01b0\u1edfng cu\u1ed9c s\u1ed1ng thong th\u1ea3 b\u00ean b\u1edd nh\u1ecbp s\u1ed1ng \u0111\u1ea7y \u00e1nh \u0111\u00e8n l\u1ea5p l\u00e1nh ngay trong t\u1ea7m m\u1eaft.<\/p>\n","protected":false},"excerpt":{"rendered":"<p>N\u01a1i ngh\u1ec9 d\u01b0\u1ee1ng tuy\u1ec7t \u0111\u1ed1i v\u1edbi phong c\u00e1ch \u0111\u01b0\u01a1ng \u0111\u1ea1i v\u00e0 trang b\u1ecb th\u01b0 gi\u00e3n cao c\u1ea5p t\u1ea1i t\u00e2m \u0111i\u1ec3m c\u1ee7a m\u1ed9t \u0110\u00e0 N\u1eb5ng \u0111\u1ea7y s\u1eafc m\u00e0u. V\u1edbi kh\u00f4ng gian s\u1ed1ng r\u1ed9ng r\u00e3i v\u1edbi gian ph\u00f2ng kh\u00e1ch v\u00e0 ph\u00f2ng ng\u1ee7 bao tr\u1ecdn t\u1ea7m nh\u00ecn ra bi\u1ec3n bao la, t\u1eadn h\u01b0\u1edfng cu\u1ed9c s\u1ed1ng thong th\u1ea3 b\u00ean [&hellip;]<\/p>\n","protected":false},"author":90,"featured_media":0,"parent":47,"menu_order":0,"comment_status":"closed","ping_status":"closed","template":"template-single-room.php","meta":{"footnotes":""},"categories":[],"yoast_head":"<!-- This site is optimized with the Yoast SEO plugin v22.3 - https:\/\/yoast.com\/wordpress\/plugins\/seo\/ -->\n<title>Presidential Suite Beachfront - Holiday Beach Hotel Danang<\/title>\n<meta name=\"description\" content=\"Kh\u00e1m ph\u00e1 s\u1ef1 kh\u00e1c bi\u1ec7t t\u1ea1i Presidential Suite Beachfront thu\u1ed9c Holiday Beach Hotel Danang. \u0110\u00e2y l\u00e0 c\u0103n h\u1ed9 ngh\u1ec9 d\u01b0\u1ee1ng sang tr\u1ecdng nh\u1ea5t, mang \u0111\u1ebfn tr\u1ea3i nghi\u1ec7m l\u01b0u tr\u00fa \u0111\u1eb3ng c\u1ea5p 5 sao t\u1ea1i th\u00e0nh ph\u1ed1 \u0110\u00e0 N\u1eb5ng xinh \u0111\u1eb9p. T\u1eadn h\u01b0\u1edfng kh\u00f4ng gian s\u1ed1ng r\u1ed9ng l\u1edbn, thi\u1ebft k\u1ebf tinh t\u1ebf v\u1edbi n\u1ed9i th\u1ea5t cao c\u1ea5p v\u00e0 \u0111\u1eb7c bi\u1ec7t l\u00e0 view bi\u1ec3n tr\u1ef1c di\u1ec7n v\u00f4 song. Th\u1ee9c d\u1eady v\u1edbi \u00e1nh b\u00ecnh minh r\u1ef1c r\u1ee1 tr\u00ean bi\u1ec3n \u0110\u00e0 N\u1eb5ng v\u00e0 k\u1ebft th\u00fac ng\u00e0y b\u1eb1ng kho\u1ea3nh kh\u1eafc th\u01b0 gi\u00e3n tuy\u1ec7t v\u1eddi tr\u00ean ban c\u00f4ng ri\u00eang, n\u01a1i b\u1ea1n c\u00f3 th\u1ec3 ng\u1eafm nh\u00ecn to\u00e0n c\u1ea3nh \u0111\u1ea1i d\u01b0\u01a1ng v\u00e0 l\u1eafng nghe ti\u1ebfng s\u00f3ng v\u1ed7. Presidential Suite Beachfront kh\u00f4ng ch\u1ec9 l\u00e0 m\u1ed9t ph\u00f2ng ngh\u1ec9, m\u00e0 l\u00e0 m\u1ed9t thi\u00ean \u0111\u01b0\u1eddng c\u00e1 nh\u00e2n h\u00f3a, l\u00fd t\u01b0\u1edfng cho k\u1ef3 ngh\u1ec9 l\u00e3ng m\u1ea1n ho\u1eb7c chuy\u1ebfn \u0111i gia \u0111\u00ecnh th\u01b0\u1ee3ng h\u1ea1ng. L\u1ef1a ch\u1ecdn Holiday Beach Hotel Danang, m\u1ed9t trong nh\u1eefng kh\u00e1ch s\u1ea1n bi\u1ec3n \u0110\u00e0 N\u1eb5ng h\u00e0ng \u0111\u1ea7u, \u0111\u1ec3 tr\u1ea3i nghi\u1ec7m tr\u1ecdn v\u1eb9n v\u1ebb \u0111\u1eb9p v\u00e0 s\u1ef1 ti\u1ec7n nghi ho\u00e0n h\u1ea3o c\u1ee7a bi\u1ec3n. \u0110\u1eb7t ph\u00f2ng ngay h\u00f4m nay \u0111\u1ec3 nh\u1eadn \u01b0u \u0111\u00e3i t\u1ed1t nh\u1ea5t cho chuy\u1ebfn \u0111i s\u1eafp t\u1edbi c\u1ee7a b\u1ea1n.\" \/>\n<meta name=\"robots\" content=\"index, follow, max-snippet:-1, max-image-preview:large, max-video-preview:-1\" \/>\n<link rel=\"canonical\" href=\"https:\/\/holidaybeachdanang.com\/vi\/rooms-suites\/presidential-suite-beachfront\/\" \/>\n<meta property=\"og:locale\" content=\"vi_VN\" \/>\n<meta property=\"og:type\" content=\"article\" \/>\n<meta property=\"og:title\" content=\"Presidential Suite Beachfront - Holiday Beach Hotel Danang\" \/>\n<meta property=\"og:description\" content=\"Kh\u00e1m ph\u00e1 s\u1ef1 kh\u00e1c bi\u1ec7t t\u1ea1i Presidential Suite Beachfront thu\u1ed9c Holiday Beach Hotel Danang. \u0110\u00e2y l\u00e0 c\u0103n h\u1ed9 ngh\u1ec9 d\u01b0\u1ee1ng sang tr\u1ecdng nh\u1ea5t, mang \u0111\u1ebfn tr\u1ea3i nghi\u1ec7m l\u01b0u tr\u00fa \u0111\u1eb3ng c\u1ea5p 5 sao t\u1ea1i th\u00e0nh ph\u1ed1 \u0110\u00e0 N\u1eb5ng xinh \u0111\u1eb9p. T\u1eadn h\u01b0\u1edfng kh\u00f4ng gian s\u1ed1ng r\u1ed9ng l\u1edbn, thi\u1ebft k\u1ebf tinh t\u1ebf v\u1edbi n\u1ed9i th\u1ea5t cao c\u1ea5p v\u00e0 \u0111\u1eb7c bi\u1ec7t l\u00e0 view bi\u1ec3n tr\u1ef1c di\u1ec7n v\u00f4 song. Th\u1ee9c d\u1eady v\u1edbi \u00e1nh b\u00ecnh minh r\u1ef1c r\u1ee1 tr\u00ean bi\u1ec3n \u0110\u00e0 N\u1eb5ng v\u00e0 k\u1ebft th\u00fac ng\u00e0y b\u1eb1ng kho\u1ea3nh kh\u1eafc th\u01b0 gi\u00e3n tuy\u1ec7t v\u1eddi tr\u00ean ban c\u00f4ng ri\u00eang, n\u01a1i b\u1ea1n c\u00f3 th\u1ec3 ng\u1eafm nh\u00ecn to\u00e0n c\u1ea3nh \u0111\u1ea1i d\u01b0\u01a1ng v\u00e0 l\u1eafng nghe ti\u1ebfng s\u00f3ng v\u1ed7. Presidential Suite Beachfront kh\u00f4ng ch\u1ec9 l\u00e0 m\u1ed9t ph\u00f2ng ngh\u1ec9, m\u00e0 l\u00e0 m\u1ed9t thi\u00ean \u0111\u01b0\u1eddng c\u00e1 nh\u00e2n h\u00f3a, l\u00fd t\u01b0\u1edfng cho k\u1ef3 ngh\u1ec9 l\u00e3ng m\u1ea1n ho\u1eb7c chuy\u1ebfn \u0111i gia \u0111\u00ecnh th\u01b0\u1ee3ng h\u1ea1ng. L\u1ef1a ch\u1ecdn Holiday Beach Hotel Danang, m\u1ed9t trong nh\u1eefng kh\u00e1ch s\u1ea1n bi\u1ec3n \u0110\u00e0 N\u1eb5ng h\u00e0ng \u0111\u1ea7u, \u0111\u1ec3 tr\u1ea3i nghi\u1ec7m tr\u1ecdn v\u1eb9n v\u1ebb \u0111\u1eb9p v\u00e0 s\u1ef1 ti\u1ec7n nghi ho\u00e0n h\u1ea3o c\u1ee7a bi\u1ec3n. \u0110\u1eb7t ph\u00f2ng ngay h\u00f4m nay \u0111\u1ec3 nh\u1eadn \u01b0u \u0111\u00e3i t\u1ed1t nh\u1ea5t cho chuy\u1ebfn \u0111i s\u1eafp t\u1edbi c\u1ee7a b\u1ea1n.\" \/>\n<meta property=\"og:url\" content=\"https:\/\/holidaybeachdanang.com\/vi\/rooms-suites\/presidential-suite-beachfront\/\" \/>\n<meta property=\"og:site_name\" content=\"Holiday Beach Hotel Danang\" \/>\n<meta property=\"article:modified_time\" content=\"2026-04-08T04:33:34+00:00\" \/>\n<meta name=\"twitter:card\" content=\"summary_large_image\" \/>\n<meta name=\"twitter:label1\" content=\"Est. reading time\" \/>\n\t<meta name=\"twitter:data1\" content=\"1 minute\" \/>\n<script type=\"application\/ld+json\" class=\"yoast-schema-graph\">{\"@context\":\"https:\/\/schema.org\",\"@graph\":[{\"@type\":\"WebPage\",\"@id\":\"https:\/\/holidaybeachdanang.com\/vi\/rooms-suites\/presidential-suite-beachfront\/\",\"url\":\"https:\/\/holidaybeachdanang.com\/vi\/rooms-suites\/presidential-suite-beachfront\/\",\"name\":\"Presidential Suite Beachfront - Holiday Beach Hotel Danang\",\"isPartOf\":{\"@id\":\"https:\/\/holidaybeachdanang.com\/vi\/#website\"},\"datePublished\":\"2026-01-30T08:50:18+00:00\",\"dateModified\":\"2026-04-08T04:33:34+00:00\",\"description\":\"Kh\u00e1m ph\u00e1 s\u1ef1 kh\u00e1c bi\u1ec7t t\u1ea1i Presidential Suite Beachfront thu\u1ed9c Holiday Beach Hotel Danang. \u0110\u00e2y l\u00e0 c\u0103n h\u1ed9 ngh\u1ec9 d\u01b0\u1ee1ng sang tr\u1ecdng nh\u1ea5t, mang \u0111\u1ebfn tr\u1ea3i nghi\u1ec7m l\u01b0u tr\u00fa \u0111\u1eb3ng c\u1ea5p 5 sao t\u1ea1i th\u00e0nh ph\u1ed1 \u0110\u00e0 N\u1eb5ng xinh \u0111\u1eb9p. T\u1eadn h\u01b0\u1edfng kh\u00f4ng gian s\u1ed1ng r\u1ed9ng l\u1edbn, thi\u1ebft k\u1ebf tinh t\u1ebf v\u1edbi n\u1ed9i th\u1ea5t cao c\u1ea5p v\u00e0 \u0111\u1eb7c bi\u1ec7t l\u00e0 view bi\u1ec3n tr\u1ef1c di\u1ec7n v\u00f4 song. Th\u1ee9c d\u1eady v\u1edbi \u00e1nh b\u00ecnh minh r\u1ef1c r\u1ee1 tr\u00ean bi\u1ec3n \u0110\u00e0 N\u1eb5ng v\u00e0 k\u1ebft th\u00fac ng\u00e0y b\u1eb1ng kho\u1ea3nh kh\u1eafc th\u01b0 gi\u00e3n tuy\u1ec7t v\u1eddi tr\u00ean ban c\u00f4ng ri\u00eang, n\u01a1i b\u1ea1n c\u00f3 th\u1ec3 ng\u1eafm nh\u00ecn to\u00e0n c\u1ea3nh \u0111\u1ea1i d\u01b0\u01a1ng v\u00e0 l\u1eafng nghe ti\u1ebfng s\u00f3ng v\u1ed7. Presidential Suite Beachfront kh\u00f4ng ch\u1ec9 l\u00e0 m\u1ed9t ph\u00f2ng ngh\u1ec9, m\u00e0 l\u00e0 m\u1ed9t thi\u00ean \u0111\u01b0\u1eddng c\u00e1 nh\u00e2n h\u00f3a, l\u00fd t\u01b0\u1edfng cho k\u1ef3 ngh\u1ec9 l\u00e3ng m\u1ea1n ho\u1eb7c chuy\u1ebfn \u0111i gia \u0111\u00ecnh th\u01b0\u1ee3ng h\u1ea1ng. L\u1ef1a ch\u1ecdn Holiday Beach Hotel Danang, m\u1ed9t trong nh\u1eefng kh\u00e1ch s\u1ea1n bi\u1ec3n \u0110\u00e0 N\u1eb5ng h\u00e0ng \u0111\u1ea7u, \u0111\u1ec3 tr\u1ea3i nghi\u1ec7m tr\u1ecdn v\u1eb9n v\u1ebb \u0111\u1eb9p v\u00e0 s\u1ef1 ti\u1ec7n nghi ho\u00e0n h\u1ea3o c\u1ee7a bi\u1ec3n. \u0110\u1eb7t ph\u00f2ng ngay h\u00f4m nay \u0111\u1ec3 nh\u1eadn \u01b0u \u0111\u00e3i t\u1ed1t nh\u1ea5t cho chuy\u1ebfn \u0111i s\u1eafp t\u1edbi c\u1ee7a b\u1ea1n.\",\"breadcrumb\":{\"@id\":\"https:\/\/holidaybeachdanang.com\/vi\/rooms-suites\/presidential-suite-beachfront\/#breadcrumb\"},\"inLanguage\":\"vi-VN\",\"potentialAction\":[{\"@type\":\"ReadAction\",\"target\":[\"https:\/\/holidaybeachdanang.com\/vi\/rooms-suites\/presidential-suite-beachfront\/\"]}]},{\"@type\":\"BreadcrumbList\",\"@id\":\"https:\/\/holidaybeachdanang.com\/vi\/rooms-suites\/presidential-suite-beachfront\/#breadcrumb\",\"itemListElement\":[{\"@type\":\"ListItem\",\"position\":1,\"name\":\"Home\",\"item\":\"https:\/\/holidaybeachdanang.com\/vi\/\"},{\"@type\":\"ListItem\",\"position\":2,\"name\":\"Ph\u00f2ng &amp; Suites\",\"item\":\"https:\/\/holidaybeachdanang.com\/vi\/rooms-suites\/\"},{\"@type\":\"ListItem\",\"position\":3,\"name\":\"Presidential Suite Beachfront\"}]},{\"@type\":\"WebSite\",\"@id\":\"https:\/\/holidaybeachdanang.com\/vi\/#website\",\"url\":\"https:\/\/holidaybeachdanang.com\/vi\/\",\"name\":\"Holiday Beach Hotel Danang\",\"description\":\"\",\"potentialAction\":[{\"@type\":\"SearchAction\",\"target\":{\"@type\":\"EntryPoint\",\"urlTemplate\":\"https:\/\/holidaybeachdanang.com\/vi\/?s={search_term_string}\"},\"query-input\":\"required name=search_term_string\"}],\"inLanguage\":\"vi-VN\"}]}<\/script>\n<!-- \/ Yoast SEO plugin. -->","yoast_head_json":{"title":"Presidential Suite Beachfront - Holiday Beach Hotel Danang","description":"Kh\u00e1m ph\u00e1 s\u1ef1 kh\u00e1c bi\u1ec7t t\u1ea1i Presidential Suite Beachfront thu\u1ed9c Holiday Beach Hotel Danang. \u0110\u00e2y l\u00e0 c\u0103n h\u1ed9 ngh\u1ec9 d\u01b0\u1ee1ng sang tr\u1ecdng nh\u1ea5t, mang \u0111\u1ebfn tr\u1ea3i nghi\u1ec7m l\u01b0u tr\u00fa \u0111\u1eb3ng c\u1ea5p 5 sao t\u1ea1i th\u00e0nh ph\u1ed1 \u0110\u00e0 N\u1eb5ng xinh \u0111\u1eb9p. T\u1eadn h\u01b0\u1edfng kh\u00f4ng gian s\u1ed1ng r\u1ed9ng l\u1edbn, thi\u1ebft k\u1ebf tinh t\u1ebf v\u1edbi n\u1ed9i th\u1ea5t cao c\u1ea5p v\u00e0 \u0111\u1eb7c bi\u1ec7t l\u00e0 view bi\u1ec3n tr\u1ef1c di\u1ec7n v\u00f4 song. Th\u1ee9c d\u1eady v\u1edbi \u00e1nh b\u00ecnh minh r\u1ef1c r\u1ee1 tr\u00ean bi\u1ec3n \u0110\u00e0 N\u1eb5ng v\u00e0 k\u1ebft th\u00fac ng\u00e0y b\u1eb1ng kho\u1ea3nh kh\u1eafc th\u01b0 gi\u00e3n tuy\u1ec7t v\u1eddi tr\u00ean ban c\u00f4ng ri\u00eang, n\u01a1i b\u1ea1n c\u00f3 th\u1ec3 ng\u1eafm nh\u00ecn to\u00e0n c\u1ea3nh \u0111\u1ea1i d\u01b0\u01a1ng v\u00e0 l\u1eafng nghe ti\u1ebfng s\u00f3ng v\u1ed7. Presidential Suite Beachfront kh\u00f4ng ch\u1ec9 l\u00e0 m\u1ed9t ph\u00f2ng ngh\u1ec9, m\u00e0 l\u00e0 m\u1ed9t thi\u00ean \u0111\u01b0\u1eddng c\u00e1 nh\u00e2n h\u00f3a, l\u00fd t\u01b0\u1edfng cho k\u1ef3 ngh\u1ec9 l\u00e3ng m\u1ea1n ho\u1eb7c chuy\u1ebfn \u0111i gia \u0111\u00ecnh th\u01b0\u1ee3ng h\u1ea1ng. L\u1ef1a ch\u1ecdn Holiday Beach Hotel Danang, m\u1ed9t trong nh\u1eefng kh\u00e1ch s\u1ea1n bi\u1ec3n \u0110\u00e0 N\u1eb5ng h\u00e0ng \u0111\u1ea7u, \u0111\u1ec3 tr\u1ea3i nghi\u1ec7m tr\u1ecdn v\u1eb9n v\u1ebb \u0111\u1eb9p v\u00e0 s\u1ef1 ti\u1ec7n nghi ho\u00e0n h\u1ea3o c\u1ee7a bi\u1ec3n. \u0110\u1eb7t ph\u00f2ng ngay h\u00f4m nay \u0111\u1ec3 nh\u1eadn \u01b0u \u0111\u00e3i t\u1ed1t nh\u1ea5t cho chuy\u1ebfn \u0111i s\u1eafp t\u1edbi c\u1ee7a b\u1ea1n.","robots":{"index":"index","follow":"follow","max-snippet":"max-snippet:-1","max-image-preview":"max-image-preview:large","max-video-preview":"max-video-preview:-1"},"canonical":"https:\/\/holidaybeachdanang.com\/vi\/rooms-suites\/presidential-suite-beachfront\/","og_locale":"vi_VN","og_type":"article","og_title":"Presidential Suite Beachfront - Holiday Beach Hotel Danang","og_description":"Kh\u00e1m ph\u00e1 s\u1ef1 kh\u00e1c bi\u1ec7t t\u1ea1i Presidential Suite Beachfront thu\u1ed9c Holiday Beach Hotel Danang. \u0110\u00e2y l\u00e0 c\u0103n h\u1ed9 ngh\u1ec9 d\u01b0\u1ee1ng sang tr\u1ecdng nh\u1ea5t, mang \u0111\u1ebfn tr\u1ea3i nghi\u1ec7m l\u01b0u tr\u00fa \u0111\u1eb3ng c\u1ea5p 5 sao t\u1ea1i th\u00e0nh ph\u1ed1 \u0110\u00e0 N\u1eb5ng xinh \u0111\u1eb9p. T\u1eadn h\u01b0\u1edfng kh\u00f4ng gian s\u1ed1ng r\u1ed9ng l\u1edbn, thi\u1ebft k\u1ebf tinh t\u1ebf v\u1edbi n\u1ed9i th\u1ea5t cao c\u1ea5p v\u00e0 \u0111\u1eb7c bi\u1ec7t l\u00e0 view bi\u1ec3n tr\u1ef1c di\u1ec7n v\u00f4 song. Th\u1ee9c d\u1eady v\u1edbi \u00e1nh b\u00ecnh minh r\u1ef1c r\u1ee1 tr\u00ean bi\u1ec3n \u0110\u00e0 N\u1eb5ng v\u00e0 k\u1ebft th\u00fac ng\u00e0y b\u1eb1ng kho\u1ea3nh kh\u1eafc th\u01b0 gi\u00e3n tuy\u1ec7t v\u1eddi tr\u00ean ban c\u00f4ng ri\u00eang, n\u01a1i b\u1ea1n c\u00f3 th\u1ec3 ng\u1eafm nh\u00ecn to\u00e0n c\u1ea3nh \u0111\u1ea1i d\u01b0\u01a1ng v\u00e0 l\u1eafng nghe ti\u1ebfng s\u00f3ng v\u1ed7. Presidential Suite Beachfront kh\u00f4ng ch\u1ec9 l\u00e0 m\u1ed9t ph\u00f2ng ngh\u1ec9, m\u00e0 l\u00e0 m\u1ed9t thi\u00ean \u0111\u01b0\u1eddng c\u00e1 nh\u00e2n h\u00f3a, l\u00fd t\u01b0\u1edfng cho k\u1ef3 ngh\u1ec9 l\u00e3ng m\u1ea1n ho\u1eb7c chuy\u1ebfn \u0111i gia \u0111\u00ecnh th\u01b0\u1ee3ng h\u1ea1ng. L\u1ef1a ch\u1ecdn Holiday Beach Hotel Danang, m\u1ed9t trong nh\u1eefng kh\u00e1ch s\u1ea1n bi\u1ec3n \u0110\u00e0 N\u1eb5ng h\u00e0ng \u0111\u1ea7u, \u0111\u1ec3 tr\u1ea3i nghi\u1ec7m tr\u1ecdn v\u1eb9n v\u1ebb \u0111\u1eb9p v\u00e0 s\u1ef1 ti\u1ec7n nghi ho\u00e0n h\u1ea3o c\u1ee7a bi\u1ec3n. \u0110\u1eb7t ph\u00f2ng ngay h\u00f4m nay \u0111\u1ec3 nh\u1eadn \u01b0u \u0111\u00e3i t\u1ed1t nh\u1ea5t cho chuy\u1ebfn \u0111i s\u1eafp t\u1edbi c\u1ee7a b\u1ea1n.","og_url":"https:\/\/holidaybeachdanang.com\/vi\/rooms-suites\/presidential-suite-beachfront\/","og_site_name":"Holiday Beach Hotel Danang","article_modified_time":"2026-04-08T04:33:34+00:00","twitter_card":"summary_large_image","twitter_misc":{"Est. reading time":"1 minute"},"schema":{"@context":"https:\/\/schema.org","@graph":[{"@type":"WebPage","@id":"https:\/\/holidaybeachdanang.com\/vi\/rooms-suites\/presidential-suite-beachfront\/","url":"https:\/\/holidaybeachdanang.com\/vi\/rooms-suites\/presidential-suite-beachfront\/","name":"Presidential Suite Beachfront - Holiday Beach Hotel Danang","isPartOf":{"@id":"https:\/\/holidaybeachdanang.com\/vi\/#website"},"datePublished":"2026-01-30T08:50:18+00:00","dateModified":"2026-04-08T04:33:34+00:00","description":"Kh\u00e1m ph\u00e1 s\u1ef1 kh\u00e1c bi\u1ec7t t\u1ea1i Presidential Suite Beachfront thu\u1ed9c Holiday Beach Hotel Danang. \u0110\u00e2y l\u00e0 c\u0103n h\u1ed9 ngh\u1ec9 d\u01b0\u1ee1ng sang tr\u1ecdng nh\u1ea5t, mang \u0111\u1ebfn tr\u1ea3i nghi\u1ec7m l\u01b0u tr\u00fa \u0111\u1eb3ng c\u1ea5p 5 sao t\u1ea1i th\u00e0nh ph\u1ed1 \u0110\u00e0 N\u1eb5ng xinh \u0111\u1eb9p. T\u1eadn h\u01b0\u1edfng kh\u00f4ng gian s\u1ed1ng r\u1ed9ng l\u1edbn, thi\u1ebft k\u1ebf tinh t\u1ebf v\u1edbi n\u1ed9i th\u1ea5t cao c\u1ea5p v\u00e0 \u0111\u1eb7c bi\u1ec7t l\u00e0 view bi\u1ec3n tr\u1ef1c di\u1ec7n v\u00f4 song. Th\u1ee9c d\u1eady v\u1edbi \u00e1nh b\u00ecnh minh r\u1ef1c r\u1ee1 tr\u00ean bi\u1ec3n \u0110\u00e0 N\u1eb5ng v\u00e0 k\u1ebft th\u00fac ng\u00e0y b\u1eb1ng kho\u1ea3nh kh\u1eafc th\u01b0 gi\u00e3n tuy\u1ec7t v\u1eddi tr\u00ean ban c\u00f4ng ri\u00eang, n\u01a1i b\u1ea1n c\u00f3 th\u1ec3 ng\u1eafm nh\u00ecn to\u00e0n c\u1ea3nh \u0111\u1ea1i d\u01b0\u01a1ng v\u00e0 l\u1eafng nghe ti\u1ebfng s\u00f3ng v\u1ed7. Presidential Suite Beachfront kh\u00f4ng ch\u1ec9 l\u00e0 m\u1ed9t ph\u00f2ng ngh\u1ec9, m\u00e0 l\u00e0 m\u1ed9t thi\u00ean \u0111\u01b0\u1eddng c\u00e1 nh\u00e2n h\u00f3a, l\u00fd t\u01b0\u1edfng cho k\u1ef3 ngh\u1ec9 l\u00e3ng m\u1ea1n ho\u1eb7c chuy\u1ebfn \u0111i gia \u0111\u00ecnh th\u01b0\u1ee3ng h\u1ea1ng. L\u1ef1a ch\u1ecdn Holiday Beach Hotel Danang, m\u1ed9t trong nh\u1eefng kh\u00e1ch s\u1ea1n bi\u1ec3n \u0110\u00e0 N\u1eb5ng h\u00e0ng \u0111\u1ea7u, \u0111\u1ec3 tr\u1ea3i nghi\u1ec7m tr\u1ecdn v\u1eb9n v\u1ebb \u0111\u1eb9p v\u00e0 s\u1ef1 ti\u1ec7n nghi ho\u00e0n h\u1ea3o c\u1ee7a bi\u1ec3n. \u0110\u1eb7t ph\u00f2ng ngay h\u00f4m nay \u0111\u1ec3 nh\u1eadn \u01b0u \u0111\u00e3i t\u1ed1t nh\u1ea5t cho chuy\u1ebfn \u0111i s\u1eafp t\u1edbi c\u1ee7a b\u1ea1n.","breadcrumb":{"@id":"https:\/\/holidaybeachdanang.com\/vi\/rooms-suites\/presidential-suite-beachfront\/#breadcrumb"},"inLanguage":"vi-VN","potentialAction":[{"@type":"ReadAction","target":["https:\/\/holidaybeachdanang.com\/vi\/rooms-suites\/presidential-suite-beachfront\/"]}]},{"@type":"BreadcrumbList","@id":"https:\/\/holidaybeachdanang.com\/vi\/rooms-suites\/presidential-suite-beachfront\/#breadcrumb","itemListElement":[{"@type":"ListItem","position":1,"name":"Home","item":"https:\/\/holidaybeachdanang.com\/vi\/"},{"@type":"ListItem","position":2,"name":"Ph\u00f2ng &amp; Suites","item":"https:\/\/holidaybeachdanang.com\/vi\/rooms-suites\/"},{"@type":"ListItem","position":3,"name":"Presidential Suite Beachfront"}]},{"@type":"WebSite","@id":"https:\/\/holidaybeachdanang.com\/vi\/#website","url":"https:\/\/holidaybeachdanang.com\/vi\/","name":"Holiday Beach Hotel Danang","description":"","potentialAction":[{"@type":"SearchAction","target":{"@type":"EntryPoint","urlTemplate":"https:\/\/holidaybeachdanang.com\/vi\/?s={search_term_string}"},"query-input":"required name=search_term_string"}],"inLanguage":"vi-VN"}]}},"acf":[],"_links":{"self":[{"href":"https:\/\/holidaybeachdanang.com\/vi\/wp-json\/wp\/v2\/pages\/51"}],"collection":[{"href":"https:\/\/holidaybeachdanang.com\/vi\/wp-json\/wp\/v2\/pages"}],"about":[{"href":"https:\/\/holidaybeachdanang.com\/vi\/wp-json\/wp\/v2\/types\/page"}],"author":[{"embeddable":true,"href":"https:\/\/holidaybeachdanang.com\/vi\/wp-json\/wp\/v2\/users\/90"}],"replies":[{"embeddable":true,"href":"https:\/\/holidaybeachdanang.com\/vi\/wp-json\/wp\/v2\/comments?post=51"}],"version-history":[{"count":0,"href":"https:\/\/holidaybeachdanang.com\/vi\/wp-json\/wp\/v2\/pages\/51\/revisions"}],"up":[{"embeddable":true,"href":"https:\/\/holidaybeachdanang.com\/vi\/wp-json\/wp\/v2\/pages\/47"}],"wp:attachment":[{"href":"https:\/\/holidaybeachdanang.com\/vi\/wp-json\/wp\/v2\/media?parent=51"}],"wp:term":[{"taxonomy":"category","embeddable":true,"href":"https:\/\/holidaybeachdanang.com\/vi\/wp-json\/wp\/v2\/categories?post=51"}],"curies":[{"name":"wp","href":"https:\/\/api.w.org\/{rel}","templated":true}]}}