{"id":47,"date":"2026-01-30T16:44:47","date_gmt":"2026-01-30T08:44:47","guid":{"rendered":"https:\/\/holidaybeachdanang.ms2.decms.asia\/rooms-suites\/"},"modified":"2026-04-06T10:24:35","modified_gmt":"2026-04-06T02:24:35","slug":"rooms-suites","status":"publish","type":"page","link":"https:\/\/holidaybeachdanang.com\/vi\/rooms-suites\/","title":{"rendered":"Ph\u00f2ng &amp; Suites"},"content":{"rendered":"<p>Kh\u00f4ng gian th\u00e2n m\u1eadt mang trong m\u00ecnh s\u1ef1 tho\u1ea3i m\u00e1i v\u00e0 hi\u1ec7n \u0111\u1ea1i v\u1edbi nh\u1eefng chi ti\u1ebft g\u1ed7 t\u1ea1o c\u1ea3m gi\u00e1c cao c\u1ea5p. T\u1ea5t c\u1ea3 h\u00f2a c\u00f9ng khung c\u1ea3nh s\u00f3ng xanh v\u1ed7 v\u00e0o c\u00e1t tr\u1eafng qua khung c\u1eeda s\u1ed5 l\u1edbn mang l\u1ea1i s\u1ef1 \u1ea5m \u00e1p cho k\u1ef3 ngh\u1ec9 th\u01b0\u1ee3ng.<\/p>\n<p>T\u1ea5t c\u1ea3 ph\u00f2ng trang b\u1ecb n\u1ec7m t\u1eeb \u00dd nh\u1eb1m mang l\u1ea1i tr\u1ea3i nghi\u1ec7m ngh\u1ec9 d\u01b0\u1ee1ng x\u1ee9ng t\u1ea7m.<\/p>\n","protected":false},"excerpt":{"rendered":"<p>Kh\u00f4ng gian th\u00e2n m\u1eadt mang trong m\u00ecnh s\u1ef1 tho\u1ea3i m\u00e1i v\u00e0 hi\u1ec7n \u0111\u1ea1i v\u1edbi nh\u1eefng chi ti\u1ebft g\u1ed7 t\u1ea1o c\u1ea3m gi\u00e1c cao c\u1ea5p. T\u1ea5t c\u1ea3 h\u00f2a c\u00f9ng khung c\u1ea3nh s\u00f3ng xanh v\u1ed7 v\u00e0o c\u00e1t tr\u1eafng qua khung c\u1eeda s\u1ed5 l\u1edbn mang l\u1ea1i s\u1ef1 \u1ea5m \u00e1p cho k\u1ef3 ngh\u1ec9 th\u01b0\u1ee3ng. T\u1ea5t c\u1ea3 ph\u00f2ng trang b\u1ecb n\u1ec7m [&hellip;]<\/p>\n","protected":false},"author":90,"featured_media":0,"parent":0,"menu_order":0,"comment_status":"closed","ping_status":"closed","template":"template-rooms.php","meta":{"footnotes":""},"categories":[],"yoast_head":"<!-- This site is optimized with the Yoast SEO plugin v22.3 - https:\/\/yoast.com\/wordpress\/plugins\/seo\/ -->\n<title>Ph\u00f2ng &amp; Suites - Holiday Beach Hotel Danang<\/title>\n<meta name=\"description\" content=\"Kh\u00e1m ph\u00e1 th\u1ebf gi\u1edbi ph\u00f2ng ngh\u1ec9 v\u00e0 c\u0103n h\u1ed9 sang tr\u1ecdng t\u1ea1i Holiday Beach Hotel Danang \u2013 kh\u00e1ch s\u1ea1n bi\u1ec3n \u0110\u00e0 N\u1eb5ng l\u00fd t\u01b0\u1edfng. T\u1ecda l\u1ea1c t\u1ea1i khu v\u1ef1c s\u00f4i \u0111\u1ed9ng c\u1ee7a bi\u1ec3n \u0110\u00e0 N\u1eb5ng xinh \u0111\u1eb9p, ch\u00fang t\u00f4i mang \u0111\u1ebfn nhi\u1ec1u l\u1ef1a ch\u1ecdn ph\u00f2ng ngh\u1ec9 \u0111\u01b0\u1ee3c thi\u1ebft k\u1ebf hi\u1ec7n \u0111\u1ea1i, t\u1eeb ph\u00f2ng ti\u00eau chu\u1ea9n ti\u1ec7n nghi \u0111\u1ebfn c\u00e1c Suites cao c\u1ea5p. N\u1eb1m ngay s\u00e1t b\u00e3i bi\u1ec3n M\u1ef9 Kh\u00ea n\u1ed5i ti\u1ebfng \u2013 m\u1ed9t trong nh\u1eefng b\u00e3i bi\u1ec3n \u0111\u1eb9p nh\u1ea5t h\u00e0nh tinh \u2013 Holiday Beach Hotel Danang t\u1ef1 h\u00e0o l\u00e0 \u0111i\u1ec3m d\u1eebng ch\u00e2n ho\u00e0n h\u1ea3o \u0111\u1ec3 kh\u00e1m ph\u00e1 th\u00e0nh ph\u1ed1. T\u1eadn h\u01b0\u1edfng ti\u1ec7n \u00edch \u0111\u1ec9nh cao v\u00e0 d\u1ecbch v\u1ee5 t\u1eadn t\u00e2m trong kh\u00f4ng gian ngh\u1ec9 d\u01b0\u1ee1ng \u0111\u1ea7y phong c\u00e1ch. \u0110\u1eb7t ph\u00f2ng ngay h\u00f4m nay \u0111\u1ec3 tr\u1ea3i nghi\u1ec7m k\u1ef3 ngh\u1ec9 trong m\u01a1 g\u1ea7n khu b\u00e3i bi\u1ec3n xinh \u0111\u1eb9p v\u00e0 kh\u00e1m ph\u00e1 t\u1ea5t c\u1ea3 nh\u1eefng g\u00ec ch\u00fang t\u00f4i mang l\u1ea1i.\" \/>\n<meta name=\"robots\" content=\"index, follow, max-snippet:-1, max-image-preview:large, max-video-preview:-1\" \/>\n<link rel=\"canonical\" href=\"https:\/\/holidaybeachdanang.com\/vi\/rooms-suites\/\" \/>\n<meta property=\"og:locale\" content=\"vi_VN\" \/>\n<meta property=\"og:type\" content=\"article\" \/>\n<meta property=\"og:title\" content=\"Ph\u00f2ng &amp; Suites - Holiday Beach Hotel Danang\" \/>\n<meta property=\"og:description\" content=\"Kh\u00e1m ph\u00e1 th\u1ebf gi\u1edbi ph\u00f2ng ngh\u1ec9 v\u00e0 c\u0103n h\u1ed9 sang tr\u1ecdng t\u1ea1i Holiday Beach Hotel Danang \u2013 kh\u00e1ch s\u1ea1n bi\u1ec3n \u0110\u00e0 N\u1eb5ng l\u00fd t\u01b0\u1edfng. T\u1ecda l\u1ea1c t\u1ea1i khu v\u1ef1c s\u00f4i \u0111\u1ed9ng c\u1ee7a bi\u1ec3n \u0110\u00e0 N\u1eb5ng xinh \u0111\u1eb9p, ch\u00fang t\u00f4i mang \u0111\u1ebfn nhi\u1ec1u l\u1ef1a ch\u1ecdn ph\u00f2ng ngh\u1ec9 \u0111\u01b0\u1ee3c thi\u1ebft k\u1ebf hi\u1ec7n \u0111\u1ea1i, t\u1eeb ph\u00f2ng ti\u00eau chu\u1ea9n ti\u1ec7n nghi \u0111\u1ebfn c\u00e1c Suites cao c\u1ea5p. N\u1eb1m ngay s\u00e1t b\u00e3i bi\u1ec3n M\u1ef9 Kh\u00ea n\u1ed5i ti\u1ebfng \u2013 m\u1ed9t trong nh\u1eefng b\u00e3i bi\u1ec3n \u0111\u1eb9p nh\u1ea5t h\u00e0nh tinh \u2013 Holiday Beach Hotel Danang t\u1ef1 h\u00e0o l\u00e0 \u0111i\u1ec3m d\u1eebng ch\u00e2n ho\u00e0n h\u1ea3o \u0111\u1ec3 kh\u00e1m ph\u00e1 th\u00e0nh ph\u1ed1. T\u1eadn h\u01b0\u1edfng ti\u1ec7n \u00edch \u0111\u1ec9nh cao v\u00e0 d\u1ecbch v\u1ee5 t\u1eadn t\u00e2m trong kh\u00f4ng gian ngh\u1ec9 d\u01b0\u1ee1ng \u0111\u1ea7y phong c\u00e1ch. \u0110\u1eb7t ph\u00f2ng ngay h\u00f4m nay \u0111\u1ec3 tr\u1ea3i nghi\u1ec7m k\u1ef3 ngh\u1ec9 trong m\u01a1 g\u1ea7n khu b\u00e3i bi\u1ec3n xinh \u0111\u1eb9p v\u00e0 kh\u00e1m ph\u00e1 t\u1ea5t c\u1ea3 nh\u1eefng g\u00ec ch\u00fang t\u00f4i mang l\u1ea1i.\" \/>\n<meta property=\"og:url\" content=\"https:\/\/holidaybeachdanang.com\/vi\/rooms-suites\/\" \/>\n<meta property=\"og:site_name\" content=\"Holiday Beach Hotel Danang\" \/>\n<meta property=\"article:modified_time\" content=\"2026-04-06T02:24:35+00:00\" \/>\n<meta name=\"twitter:card\" content=\"summary_large_image\" \/>\n<meta name=\"twitter:label1\" content=\"Est. reading time\" \/>\n\t<meta name=\"twitter:data1\" content=\"1 minute\" \/>\n<script type=\"application\/ld+json\" class=\"yoast-schema-graph\">{\"@context\":\"https:\/\/schema.org\",\"@graph\":[{\"@type\":\"WebPage\",\"@id\":\"https:\/\/holidaybeachdanang.com\/vi\/rooms-suites\/\",\"url\":\"https:\/\/holidaybeachdanang.com\/vi\/rooms-suites\/\",\"name\":\"Ph\u00f2ng & Suites - Holiday Beach Hotel Danang\",\"isPartOf\":{\"@id\":\"https:\/\/holidaybeachdanang.com\/vi\/#website\"},\"datePublished\":\"2026-01-30T08:44:47+00:00\",\"dateModified\":\"2026-04-06T02:24:35+00:00\",\"description\":\"Kh\u00e1m ph\u00e1 th\u1ebf gi\u1edbi ph\u00f2ng ngh\u1ec9 v\u00e0 c\u0103n h\u1ed9 sang tr\u1ecdng t\u1ea1i Holiday Beach Hotel Danang \u2013 kh\u00e1ch s\u1ea1n bi\u1ec3n \u0110\u00e0 N\u1eb5ng l\u00fd t\u01b0\u1edfng. T\u1ecda l\u1ea1c t\u1ea1i khu v\u1ef1c s\u00f4i \u0111\u1ed9ng c\u1ee7a bi\u1ec3n \u0110\u00e0 N\u1eb5ng xinh \u0111\u1eb9p, ch\u00fang t\u00f4i mang \u0111\u1ebfn nhi\u1ec1u l\u1ef1a ch\u1ecdn ph\u00f2ng ngh\u1ec9 \u0111\u01b0\u1ee3c thi\u1ebft k\u1ebf hi\u1ec7n \u0111\u1ea1i, t\u1eeb ph\u00f2ng ti\u00eau chu\u1ea9n ti\u1ec7n nghi \u0111\u1ebfn c\u00e1c Suites cao c\u1ea5p. N\u1eb1m ngay s\u00e1t b\u00e3i bi\u1ec3n M\u1ef9 Kh\u00ea n\u1ed5i ti\u1ebfng \u2013 m\u1ed9t trong nh\u1eefng b\u00e3i bi\u1ec3n \u0111\u1eb9p nh\u1ea5t h\u00e0nh tinh \u2013 Holiday Beach Hotel Danang t\u1ef1 h\u00e0o l\u00e0 \u0111i\u1ec3m d\u1eebng ch\u00e2n ho\u00e0n h\u1ea3o \u0111\u1ec3 kh\u00e1m ph\u00e1 th\u00e0nh ph\u1ed1. T\u1eadn h\u01b0\u1edfng ti\u1ec7n \u00edch \u0111\u1ec9nh cao v\u00e0 d\u1ecbch v\u1ee5 t\u1eadn t\u00e2m trong kh\u00f4ng gian ngh\u1ec9 d\u01b0\u1ee1ng \u0111\u1ea7y phong c\u00e1ch. \u0110\u1eb7t ph\u00f2ng ngay h\u00f4m nay \u0111\u1ec3 tr\u1ea3i nghi\u1ec7m k\u1ef3 ngh\u1ec9 trong m\u01a1 g\u1ea7n khu b\u00e3i bi\u1ec3n xinh \u0111\u1eb9p v\u00e0 kh\u00e1m ph\u00e1 t\u1ea5t c\u1ea3 nh\u1eefng g\u00ec ch\u00fang t\u00f4i mang l\u1ea1i.\",\"breadcrumb\":{\"@id\":\"https:\/\/holidaybeachdanang.com\/vi\/rooms-suites\/#breadcrumb\"},\"inLanguage\":\"vi-VN\",\"potentialAction\":[{\"@type\":\"ReadAction\",\"target\":[\"https:\/\/holidaybeachdanang.com\/vi\/rooms-suites\/\"]}]},{\"@type\":\"BreadcrumbList\",\"@id\":\"https:\/\/holidaybeachdanang.com\/vi\/rooms-suites\/#breadcrumb\",\"itemListElement\":[{\"@type\":\"ListItem\",\"position\":1,\"name\":\"Home\",\"item\":\"https:\/\/holidaybeachdanang.com\/vi\/\"},{\"@type\":\"ListItem\",\"position\":2,\"name\":\"Ph\u00f2ng &amp; Suites\"}]},{\"@type\":\"WebSite\",\"@id\":\"https:\/\/holidaybeachdanang.com\/vi\/#website\",\"url\":\"https:\/\/holidaybeachdanang.com\/vi\/\",\"name\":\"Holiday Beach Hotel Danang\",\"description\":\"\",\"potentialAction\":[{\"@type\":\"SearchAction\",\"target\":{\"@type\":\"EntryPoint\",\"urlTemplate\":\"https:\/\/holidaybeachdanang.com\/vi\/?s={search_term_string}\"},\"query-input\":\"required name=search_term_string\"}],\"inLanguage\":\"vi-VN\"}]}<\/script>\n<!-- \/ Yoast SEO plugin. -->","yoast_head_json":{"title":"Ph\u00f2ng & Suites - Holiday Beach Hotel Danang","description":"Kh\u00e1m ph\u00e1 th\u1ebf gi\u1edbi ph\u00f2ng ngh\u1ec9 v\u00e0 c\u0103n h\u1ed9 sang tr\u1ecdng t\u1ea1i Holiday Beach Hotel Danang \u2013 kh\u00e1ch s\u1ea1n bi\u1ec3n \u0110\u00e0 N\u1eb5ng l\u00fd t\u01b0\u1edfng. T\u1ecda l\u1ea1c t\u1ea1i khu v\u1ef1c s\u00f4i \u0111\u1ed9ng c\u1ee7a bi\u1ec3n \u0110\u00e0 N\u1eb5ng xinh \u0111\u1eb9p, ch\u00fang t\u00f4i mang \u0111\u1ebfn nhi\u1ec1u l\u1ef1a ch\u1ecdn ph\u00f2ng ngh\u1ec9 \u0111\u01b0\u1ee3c thi\u1ebft k\u1ebf hi\u1ec7n \u0111\u1ea1i, t\u1eeb ph\u00f2ng ti\u00eau chu\u1ea9n ti\u1ec7n nghi \u0111\u1ebfn c\u00e1c Suites cao c\u1ea5p. N\u1eb1m ngay s\u00e1t b\u00e3i bi\u1ec3n M\u1ef9 Kh\u00ea n\u1ed5i ti\u1ebfng \u2013 m\u1ed9t trong nh\u1eefng b\u00e3i bi\u1ec3n \u0111\u1eb9p nh\u1ea5t h\u00e0nh tinh \u2013 Holiday Beach Hotel Danang t\u1ef1 h\u00e0o l\u00e0 \u0111i\u1ec3m d\u1eebng ch\u00e2n ho\u00e0n h\u1ea3o \u0111\u1ec3 kh\u00e1m ph\u00e1 th\u00e0nh ph\u1ed1. T\u1eadn h\u01b0\u1edfng ti\u1ec7n \u00edch \u0111\u1ec9nh cao v\u00e0 d\u1ecbch v\u1ee5 t\u1eadn t\u00e2m trong kh\u00f4ng gian ngh\u1ec9 d\u01b0\u1ee1ng \u0111\u1ea7y phong c\u00e1ch. \u0110\u1eb7t ph\u00f2ng ngay h\u00f4m nay \u0111\u1ec3 tr\u1ea3i nghi\u1ec7m k\u1ef3 ngh\u1ec9 trong m\u01a1 g\u1ea7n khu b\u00e3i bi\u1ec3n xinh \u0111\u1eb9p v\u00e0 kh\u00e1m ph\u00e1 t\u1ea5t c\u1ea3 nh\u1eefng g\u00ec ch\u00fang t\u00f4i mang l\u1ea1i.","robots":{"index":"index","follow":"follow","max-snippet":"max-snippet:-1","max-image-preview":"max-image-preview:large","max-video-preview":"max-video-preview:-1"},"canonical":"https:\/\/holidaybeachdanang.com\/vi\/rooms-suites\/","og_locale":"vi_VN","og_type":"article","og_title":"Ph\u00f2ng & Suites - Holiday Beach Hotel Danang","og_description":"Kh\u00e1m ph\u00e1 th\u1ebf gi\u1edbi ph\u00f2ng ngh\u1ec9 v\u00e0 c\u0103n h\u1ed9 sang tr\u1ecdng t\u1ea1i Holiday Beach Hotel Danang \u2013 kh\u00e1ch s\u1ea1n bi\u1ec3n \u0110\u00e0 N\u1eb5ng l\u00fd t\u01b0\u1edfng. T\u1ecda l\u1ea1c t\u1ea1i khu v\u1ef1c s\u00f4i \u0111\u1ed9ng c\u1ee7a bi\u1ec3n \u0110\u00e0 N\u1eb5ng xinh \u0111\u1eb9p, ch\u00fang t\u00f4i mang \u0111\u1ebfn nhi\u1ec1u l\u1ef1a ch\u1ecdn ph\u00f2ng ngh\u1ec9 \u0111\u01b0\u1ee3c thi\u1ebft k\u1ebf hi\u1ec7n \u0111\u1ea1i, t\u1eeb ph\u00f2ng ti\u00eau chu\u1ea9n ti\u1ec7n nghi \u0111\u1ebfn c\u00e1c Suites cao c\u1ea5p. N\u1eb1m ngay s\u00e1t b\u00e3i bi\u1ec3n M\u1ef9 Kh\u00ea n\u1ed5i ti\u1ebfng \u2013 m\u1ed9t trong nh\u1eefng b\u00e3i bi\u1ec3n \u0111\u1eb9p nh\u1ea5t h\u00e0nh tinh \u2013 Holiday Beach Hotel Danang t\u1ef1 h\u00e0o l\u00e0 \u0111i\u1ec3m d\u1eebng ch\u00e2n ho\u00e0n h\u1ea3o \u0111\u1ec3 kh\u00e1m ph\u00e1 th\u00e0nh ph\u1ed1. T\u1eadn h\u01b0\u1edfng ti\u1ec7n \u00edch \u0111\u1ec9nh cao v\u00e0 d\u1ecbch v\u1ee5 t\u1eadn t\u00e2m trong kh\u00f4ng gian ngh\u1ec9 d\u01b0\u1ee1ng \u0111\u1ea7y phong c\u00e1ch. \u0110\u1eb7t ph\u00f2ng ngay h\u00f4m nay \u0111\u1ec3 tr\u1ea3i nghi\u1ec7m k\u1ef3 ngh\u1ec9 trong m\u01a1 g\u1ea7n khu b\u00e3i bi\u1ec3n xinh \u0111\u1eb9p v\u00e0 kh\u00e1m ph\u00e1 t\u1ea5t c\u1ea3 nh\u1eefng g\u00ec ch\u00fang t\u00f4i mang l\u1ea1i.","og_url":"https:\/\/holidaybeachdanang.com\/vi\/rooms-suites\/","og_site_name":"Holiday Beach Hotel Danang","article_modified_time":"2026-04-06T02:24:35+00:00","twitter_card":"summary_large_image","twitter_misc":{"Est. reading time":"1 minute"},"schema":{"@context":"https:\/\/schema.org","@graph":[{"@type":"WebPage","@id":"https:\/\/holidaybeachdanang.com\/vi\/rooms-suites\/","url":"https:\/\/holidaybeachdanang.com\/vi\/rooms-suites\/","name":"Ph\u00f2ng & Suites - Holiday Beach Hotel Danang","isPartOf":{"@id":"https:\/\/holidaybeachdanang.com\/vi\/#website"},"datePublished":"2026-01-30T08:44:47+00:00","dateModified":"2026-04-06T02:24:35+00:00","description":"Kh\u00e1m ph\u00e1 th\u1ebf gi\u1edbi ph\u00f2ng ngh\u1ec9 v\u00e0 c\u0103n h\u1ed9 sang tr\u1ecdng t\u1ea1i Holiday Beach Hotel Danang \u2013 kh\u00e1ch s\u1ea1n bi\u1ec3n \u0110\u00e0 N\u1eb5ng l\u00fd t\u01b0\u1edfng. T\u1ecda l\u1ea1c t\u1ea1i khu v\u1ef1c s\u00f4i \u0111\u1ed9ng c\u1ee7a bi\u1ec3n \u0110\u00e0 N\u1eb5ng xinh \u0111\u1eb9p, ch\u00fang t\u00f4i mang \u0111\u1ebfn nhi\u1ec1u l\u1ef1a ch\u1ecdn ph\u00f2ng ngh\u1ec9 \u0111\u01b0\u1ee3c thi\u1ebft k\u1ebf hi\u1ec7n \u0111\u1ea1i, t\u1eeb ph\u00f2ng ti\u00eau chu\u1ea9n ti\u1ec7n nghi \u0111\u1ebfn c\u00e1c Suites cao c\u1ea5p. N\u1eb1m ngay s\u00e1t b\u00e3i bi\u1ec3n M\u1ef9 Kh\u00ea n\u1ed5i ti\u1ebfng \u2013 m\u1ed9t trong nh\u1eefng b\u00e3i bi\u1ec3n \u0111\u1eb9p nh\u1ea5t h\u00e0nh tinh \u2013 Holiday Beach Hotel Danang t\u1ef1 h\u00e0o l\u00e0 \u0111i\u1ec3m d\u1eebng ch\u00e2n ho\u00e0n h\u1ea3o \u0111\u1ec3 kh\u00e1m ph\u00e1 th\u00e0nh ph\u1ed1. T\u1eadn h\u01b0\u1edfng ti\u1ec7n \u00edch \u0111\u1ec9nh cao v\u00e0 d\u1ecbch v\u1ee5 t\u1eadn t\u00e2m trong kh\u00f4ng gian ngh\u1ec9 d\u01b0\u1ee1ng \u0111\u1ea7y phong c\u00e1ch. \u0110\u1eb7t ph\u00f2ng ngay h\u00f4m nay \u0111\u1ec3 tr\u1ea3i nghi\u1ec7m k\u1ef3 ngh\u1ec9 trong m\u01a1 g\u1ea7n khu b\u00e3i bi\u1ec3n xinh \u0111\u1eb9p v\u00e0 kh\u00e1m ph\u00e1 t\u1ea5t c\u1ea3 nh\u1eefng g\u00ec ch\u00fang t\u00f4i mang l\u1ea1i.","breadcrumb":{"@id":"https:\/\/holidaybeachdanang.com\/vi\/rooms-suites\/#breadcrumb"},"inLanguage":"vi-VN","potentialAction":[{"@type":"ReadAction","target":["https:\/\/holidaybeachdanang.com\/vi\/rooms-suites\/"]}]},{"@type":"BreadcrumbList","@id":"https:\/\/holidaybeachdanang.com\/vi\/rooms-suites\/#breadcrumb","itemListElement":[{"@type":"ListItem","position":1,"name":"Home","item":"https:\/\/holidaybeachdanang.com\/vi\/"},{"@type":"ListItem","position":2,"name":"Ph\u00f2ng &amp; Suites"}]},{"@type":"WebSite","@id":"https:\/\/holidaybeachdanang.com\/vi\/#website","url":"https:\/\/holidaybeachdanang.com\/vi\/","name":"Holiday Beach Hotel Danang","description":"","potentialAction":[{"@type":"SearchAction","target":{"@type":"EntryPoint","urlTemplate":"https:\/\/holidaybeachdanang.com\/vi\/?s={search_term_string}"},"query-input":"required name=search_term_string"}],"inLanguage":"vi-VN"}]}},"acf":[],"_links":{"self":[{"href":"https:\/\/holidaybeachdanang.com\/vi\/wp-json\/wp\/v2\/pages\/47"}],"collection":[{"href":"https:\/\/holidaybeachdanang.com\/vi\/wp-json\/wp\/v2\/pages"}],"about":[{"href":"https:\/\/holidaybeachdanang.com\/vi\/wp-json\/wp\/v2\/types\/page"}],"author":[{"embeddable":true,"href":"https:\/\/holidaybeachdanang.com\/vi\/wp-json\/wp\/v2\/users\/90"}],"replies":[{"embeddable":true,"href":"https:\/\/holidaybeachdanang.com\/vi\/wp-json\/wp\/v2\/comments?post=47"}],"version-history":[{"count":0,"href":"https:\/\/holidaybeachdanang.com\/vi\/wp-json\/wp\/v2\/pages\/47\/revisions"}],"wp:attachment":[{"href":"https:\/\/holidaybeachdanang.com\/vi\/wp-json\/wp\/v2\/media?parent=47"}],"wp:term":[{"taxonomy":"category","embeddable":true,"href":"https:\/\/holidaybeachdanang.com\/vi\/wp-json\/wp\/v2\/categories?post=47"}],"curies":[{"name":"wp","href":"https:\/\/api.w.org\/{rel}","templated":true}]}}