{"id":148,"date":"2026-02-03T12:01:34","date_gmt":"2026-02-03T04:01:34","guid":{"rendered":"https:\/\/holidaybeachdanang.ms2.decms.asia\/offers\/meeting-package-from-459000-vnd-per-guest\/"},"modified":"2026-03-21T14:39:51","modified_gmt":"2026-03-21T06:39:51","slug":"meeting-package-from-459000-vnd-per-guest","status":"publish","type":"page","link":"https:\/\/holidaybeachdanang.com\/vi\/offers\/meeting-package-from-459000-vnd-per-guest\/","title":{"rendered":"G\u00f3i H\u1ecdp ch\u1ec9 t\u1eeb 459,000 VND m\u1ed7i kh\u00e1ch"},"content":{"rendered":"<p>T\u1eadn h\u01b0\u1edfng g\u00f3i \u01b0u \u0111\u00e3i h\u1ea5p d\u1eabn c\u00f9ng nhi\u1ec1u quy\u1ec1n l\u1ee3i \u0111\u1eb7c bi\u1ec7t:<br \/>\n\u2022 Th\u1ef1c \u0111\u01a1n phong ph\u00fa, c\u00f3 th\u1ec3 t\u00f9y ch\u1ec9nh theo nhu c\u1ea7u<br \/>\n\u2022 H\u1ec7 th\u1ed1ng \u00e2m thanh, \u00e1nh s\u00e1ng, m\u00e0n chi\u1ebfu hi\u1ec7n \u0111\u1ea1i<br \/>\n\u2022 T\u1eb7ng k\u00e8m r\u01b0\u1ee3u vang khai ti\u1ec7c<br \/>\n\u2022 Mi\u1ec5n ph\u00ed su\u1ea5t \u0103n t\u00f9y v\u00e0o s\u1ed1 l\u01b0\u1ee3ng kh\u00e1ch<br \/>\n\u2022 Mi\u1ec5n ph\u00ed d\u1ecbch v\u1ee5 treo d\u1ef1ng b\u0103ng r\u00f4n \/ backdrop<br \/>\n\u2022 \u01afu \u0111\u00e3i 20% ph\u00ed s\u1eed d\u1ee5ng m\u00e0n LED<br \/>\n\u2022 \u01afu \u0111\u00e3i 10% \u0111\u1ed3 u\u1ed1ng<br \/>\n\u2022 T\u1eb7ng 01 b\u0103ng r\u00f4n ch\u00e0o m\u1eebng (in v\u00e0 treo theo k\u00edch th\u01b0\u1edbc c\u1ee7a kh\u00e1ch s\u1ea1n)<br \/>\n\u2022 T\u1eb7ng 01 voucher ngh\u1ec9 d\u01b0\u1ee1ng (t\u00f9y s\u1ed1 l\u01b0\u1ee3ng kh\u00e1ch)<\/p>\n","protected":false},"excerpt":{"rendered":"<p>T\u1eadn h\u01b0\u1edfng g\u00f3i \u01b0u \u0111\u00e3i h\u1ea5p d\u1eabn c\u00f9ng nhi\u1ec1u quy\u1ec1n l\u1ee3i \u0111\u1eb7c bi\u1ec7t: \u2022 Th\u1ef1c \u0111\u01a1n phong ph\u00fa, c\u00f3 th\u1ec3 t\u00f9y ch\u1ec9nh theo nhu c\u1ea7u \u2022 H\u1ec7 th\u1ed1ng \u00e2m thanh, \u00e1nh s\u00e1ng, m\u00e0n chi\u1ebfu hi\u1ec7n \u0111\u1ea1i \u2022 T\u1eb7ng k\u00e8m r\u01b0\u1ee3u vang khai ti\u1ec7c \u2022 Mi\u1ec5n ph\u00ed su\u1ea5t \u0103n t\u00f9y v\u00e0o s\u1ed1 l\u01b0\u1ee3ng kh\u00e1ch \u2022 Mi\u1ec5n [&hellip;]<\/p>\n","protected":false},"author":90,"featured_media":267,"parent":128,"menu_order":3,"comment_status":"closed","ping_status":"closed","template":"template-single-offer.php","meta":{"footnotes":""},"categories":[],"yoast_head":"<!-- This site is optimized with the Yoast SEO plugin v22.3 - https:\/\/yoast.com\/wordpress\/plugins\/seo\/ -->\n<title>G\u00f3i H\u1ecdp ch\u1ec9 t\u1eeb 459,000 VND m\u1ed7i kh\u00e1ch - Holiday Beach Hotel Danang<\/title>\n<meta name=\"robots\" content=\"index, follow, max-snippet:-1, max-image-preview:large, max-video-preview:-1\" \/>\n<link rel=\"canonical\" href=\"https:\/\/holidaybeachdanang.com\/vi\/offers\/meeting-package-from-459000-vnd-per-guest\/\" \/>\n<meta property=\"og:locale\" content=\"vi_VN\" \/>\n<meta property=\"og:type\" content=\"article\" \/>\n<meta property=\"og:title\" content=\"G\u00f3i H\u1ecdp ch\u1ec9 t\u1eeb 459,000 VND m\u1ed7i kh\u00e1ch - Holiday Beach Hotel Danang\" \/>\n<meta property=\"og:description\" content=\"T\u1eadn h\u01b0\u1edfng g\u00f3i \u01b0u \u0111\u00e3i h\u1ea5p d\u1eabn c\u00f9ng nhi\u1ec1u quy\u1ec1n l\u1ee3i \u0111\u1eb7c bi\u1ec7t: \u2022 Th\u1ef1c \u0111\u01a1n phong ph\u00fa, c\u00f3 th\u1ec3 t\u00f9y ch\u1ec9nh theo nhu c\u1ea7u \u2022 H\u1ec7 th\u1ed1ng \u00e2m thanh, \u00e1nh s\u00e1ng, m\u00e0n chi\u1ebfu hi\u1ec7n \u0111\u1ea1i \u2022 T\u1eb7ng k\u00e8m r\u01b0\u1ee3u vang khai ti\u1ec7c \u2022 Mi\u1ec5n ph\u00ed su\u1ea5t \u0103n t\u00f9y v\u00e0o s\u1ed1 l\u01b0\u1ee3ng kh\u00e1ch \u2022 Mi\u1ec5n [&hellip;]\" \/>\n<meta property=\"og:url\" content=\"https:\/\/holidaybeachdanang.com\/vi\/offers\/meeting-package-from-459000-vnd-per-guest\/\" \/>\n<meta property=\"og:site_name\" content=\"Holiday Beach Hotel Danang\" \/>\n<meta property=\"article:modified_time\" content=\"2026-03-21T06:39:51+00:00\" \/>\n<meta property=\"og:image\" content=\"https:\/\/holidaybeachdanang.com\/wp-content\/uploads\/sites\/160\/2026\/03\/DHP1517-2.jpg\" \/>\n\t<meta property=\"og:image:width\" content=\"2200\" \/>\n\t<meta property=\"og:image:height\" content=\"1467\" \/>\n\t<meta property=\"og:image:type\" content=\"image\/jpeg\" \/>\n<meta name=\"twitter:card\" content=\"summary_large_image\" \/>\n<meta name=\"twitter:label1\" content=\"Est. reading time\" \/>\n\t<meta name=\"twitter:data1\" content=\"1 minute\" \/>\n<script type=\"application\/ld+json\" class=\"yoast-schema-graph\">{\"@context\":\"https:\/\/schema.org\",\"@graph\":[{\"@type\":\"WebPage\",\"@id\":\"https:\/\/holidaybeachdanang.com\/vi\/offers\/meeting-package-from-459000-vnd-per-guest\/\",\"url\":\"https:\/\/holidaybeachdanang.com\/vi\/offers\/meeting-package-from-459000-vnd-per-guest\/\",\"name\":\"G\u00f3i H\u1ecdp ch\u1ec9 t\u1eeb 459,000 VND m\u1ed7i kh\u00e1ch - Holiday Beach Hotel Danang\",\"isPartOf\":{\"@id\":\"https:\/\/holidaybeachdanang.com\/vi\/#website\"},\"primaryImageOfPage\":{\"@id\":\"https:\/\/holidaybeachdanang.com\/vi\/offers\/meeting-package-from-459000-vnd-per-guest\/#primaryimage\"},\"image\":{\"@id\":\"https:\/\/holidaybeachdanang.com\/vi\/offers\/meeting-package-from-459000-vnd-per-guest\/#primaryimage\"},\"thumbnailUrl\":\"https:\/\/holidaybeachdanang.com\/wp-content\/uploads\/sites\/160\/2026\/03\/DHP1517-2.jpg\",\"datePublished\":\"2026-02-03T04:01:34+00:00\",\"dateModified\":\"2026-03-21T06:39:51+00:00\",\"breadcrumb\":{\"@id\":\"https:\/\/holidaybeachdanang.com\/vi\/offers\/meeting-package-from-459000-vnd-per-guest\/#breadcrumb\"},\"inLanguage\":\"vi-VN\",\"potentialAction\":[{\"@type\":\"ReadAction\",\"target\":[\"https:\/\/holidaybeachdanang.com\/vi\/offers\/meeting-package-from-459000-vnd-per-guest\/\"]}]},{\"@type\":\"ImageObject\",\"inLanguage\":\"vi-VN\",\"@id\":\"https:\/\/holidaybeachdanang.com\/vi\/offers\/meeting-package-from-459000-vnd-per-guest\/#primaryimage\",\"url\":\"https:\/\/holidaybeachdanang.com\/wp-content\/uploads\/sites\/160\/2026\/03\/DHP1517-2.jpg\",\"contentUrl\":\"https:\/\/holidaybeachdanang.com\/wp-content\/uploads\/sites\/160\/2026\/03\/DHP1517-2.jpg\",\"width\":2200,\"height\":1467},{\"@type\":\"BreadcrumbList\",\"@id\":\"https:\/\/holidaybeachdanang.com\/vi\/offers\/meeting-package-from-459000-vnd-per-guest\/#breadcrumb\",\"itemListElement\":[{\"@type\":\"ListItem\",\"position\":1,\"name\":\"Home\",\"item\":\"https:\/\/holidaybeachdanang.com\/vi\/\"},{\"@type\":\"ListItem\",\"position\":2,\"name\":\"\u01afu \u0111\u00e3i\",\"item\":\"https:\/\/holidaybeachdanang.com\/vi\/offers\/\"},{\"@type\":\"ListItem\",\"position\":3,\"name\":\"G\u00f3i H\u1ecdp ch\u1ec9 t\u1eeb 459,000 VND m\u1ed7i kh\u00e1ch\"}]},{\"@type\":\"WebSite\",\"@id\":\"https:\/\/holidaybeachdanang.com\/vi\/#website\",\"url\":\"https:\/\/holidaybeachdanang.com\/vi\/\",\"name\":\"Holiday Beach Hotel Danang\",\"description\":\"\",\"potentialAction\":[{\"@type\":\"SearchAction\",\"target\":{\"@type\":\"EntryPoint\",\"urlTemplate\":\"https:\/\/holidaybeachdanang.com\/vi\/?s={search_term_string}\"},\"query-input\":\"required name=search_term_string\"}],\"inLanguage\":\"vi-VN\"}]}<\/script>\n<!-- \/ Yoast SEO plugin. -->","yoast_head_json":{"title":"G\u00f3i H\u1ecdp ch\u1ec9 t\u1eeb 459,000 VND m\u1ed7i kh\u00e1ch - Holiday Beach Hotel Danang","robots":{"index":"index","follow":"follow","max-snippet":"max-snippet:-1","max-image-preview":"max-image-preview:large","max-video-preview":"max-video-preview:-1"},"canonical":"https:\/\/holidaybeachdanang.com\/vi\/offers\/meeting-package-from-459000-vnd-per-guest\/","og_locale":"vi_VN","og_type":"article","og_title":"G\u00f3i H\u1ecdp ch\u1ec9 t\u1eeb 459,000 VND m\u1ed7i kh\u00e1ch - Holiday Beach Hotel Danang","og_description":"T\u1eadn h\u01b0\u1edfng g\u00f3i \u01b0u \u0111\u00e3i h\u1ea5p d\u1eabn c\u00f9ng nhi\u1ec1u quy\u1ec1n l\u1ee3i \u0111\u1eb7c bi\u1ec7t: \u2022 Th\u1ef1c \u0111\u01a1n phong ph\u00fa, c\u00f3 th\u1ec3 t\u00f9y ch\u1ec9nh theo nhu c\u1ea7u \u2022 H\u1ec7 th\u1ed1ng \u00e2m thanh, \u00e1nh s\u00e1ng, m\u00e0n chi\u1ebfu hi\u1ec7n \u0111\u1ea1i \u2022 T\u1eb7ng k\u00e8m r\u01b0\u1ee3u vang khai ti\u1ec7c \u2022 Mi\u1ec5n ph\u00ed su\u1ea5t \u0103n t\u00f9y v\u00e0o s\u1ed1 l\u01b0\u1ee3ng kh\u00e1ch \u2022 Mi\u1ec5n [&hellip;]","og_url":"https:\/\/holidaybeachdanang.com\/vi\/offers\/meeting-package-from-459000-vnd-per-guest\/","og_site_name":"Holiday Beach Hotel Danang","article_modified_time":"2026-03-21T06:39:51+00:00","og_image":[{"width":2200,"height":1467,"url":"https:\/\/holidaybeachdanang.com\/wp-content\/uploads\/sites\/160\/2026\/03\/DHP1517-2.jpg","type":"image\/jpeg"}],"twitter_card":"summary_large_image","twitter_misc":{"Est. reading time":"1 minute"},"schema":{"@context":"https:\/\/schema.org","@graph":[{"@type":"WebPage","@id":"https:\/\/holidaybeachdanang.com\/vi\/offers\/meeting-package-from-459000-vnd-per-guest\/","url":"https:\/\/holidaybeachdanang.com\/vi\/offers\/meeting-package-from-459000-vnd-per-guest\/","name":"G\u00f3i H\u1ecdp ch\u1ec9 t\u1eeb 459,000 VND m\u1ed7i kh\u00e1ch - Holiday Beach Hotel Danang","isPartOf":{"@id":"https:\/\/holidaybeachdanang.com\/vi\/#website"},"primaryImageOfPage":{"@id":"https:\/\/holidaybeachdanang.com\/vi\/offers\/meeting-package-from-459000-vnd-per-guest\/#primaryimage"},"image":{"@id":"https:\/\/holidaybeachdanang.com\/vi\/offers\/meeting-package-from-459000-vnd-per-guest\/#primaryimage"},"thumbnailUrl":"https:\/\/holidaybeachdanang.com\/wp-content\/uploads\/sites\/160\/2026\/03\/DHP1517-2.jpg","datePublished":"2026-02-03T04:01:34+00:00","dateModified":"2026-03-21T06:39:51+00:00","breadcrumb":{"@id":"https:\/\/holidaybeachdanang.com\/vi\/offers\/meeting-package-from-459000-vnd-per-guest\/#breadcrumb"},"inLanguage":"vi-VN","potentialAction":[{"@type":"ReadAction","target":["https:\/\/holidaybeachdanang.com\/vi\/offers\/meeting-package-from-459000-vnd-per-guest\/"]}]},{"@type":"ImageObject","inLanguage":"vi-VN","@id":"https:\/\/holidaybeachdanang.com\/vi\/offers\/meeting-package-from-459000-vnd-per-guest\/#primaryimage","url":"https:\/\/holidaybeachdanang.com\/wp-content\/uploads\/sites\/160\/2026\/03\/DHP1517-2.jpg","contentUrl":"https:\/\/holidaybeachdanang.com\/wp-content\/uploads\/sites\/160\/2026\/03\/DHP1517-2.jpg","width":2200,"height":1467},{"@type":"BreadcrumbList","@id":"https:\/\/holidaybeachdanang.com\/vi\/offers\/meeting-package-from-459000-vnd-per-guest\/#breadcrumb","itemListElement":[{"@type":"ListItem","position":1,"name":"Home","item":"https:\/\/holidaybeachdanang.com\/vi\/"},{"@type":"ListItem","position":2,"name":"\u01afu \u0111\u00e3i","item":"https:\/\/holidaybeachdanang.com\/vi\/offers\/"},{"@type":"ListItem","position":3,"name":"G\u00f3i H\u1ecdp ch\u1ec9 t\u1eeb 459,000 VND m\u1ed7i kh\u00e1ch"}]},{"@type":"WebSite","@id":"https:\/\/holidaybeachdanang.com\/vi\/#website","url":"https:\/\/holidaybeachdanang.com\/vi\/","name":"Holiday Beach Hotel Danang","description":"","potentialAction":[{"@type":"SearchAction","target":{"@type":"EntryPoint","urlTemplate":"https:\/\/holidaybeachdanang.com\/vi\/?s={search_term_string}"},"query-input":"required name=search_term_string"}],"inLanguage":"vi-VN"}]}},"acf":[],"_links":{"self":[{"href":"https:\/\/holidaybeachdanang.com\/vi\/wp-json\/wp\/v2\/pages\/148"}],"collection":[{"href":"https:\/\/holidaybeachdanang.com\/vi\/wp-json\/wp\/v2\/pages"}],"about":[{"href":"https:\/\/holidaybeachdanang.com\/vi\/wp-json\/wp\/v2\/types\/page"}],"author":[{"embeddable":true,"href":"https:\/\/holidaybeachdanang.com\/vi\/wp-json\/wp\/v2\/users\/90"}],"replies":[{"embeddable":true,"href":"https:\/\/holidaybeachdanang.com\/vi\/wp-json\/wp\/v2\/comments?post=148"}],"version-history":[{"count":0,"href":"https:\/\/holidaybeachdanang.com\/vi\/wp-json\/wp\/v2\/pages\/148\/revisions"}],"up":[{"embeddable":true,"href":"https:\/\/holidaybeachdanang.com\/vi\/wp-json\/wp\/v2\/pages\/128"}],"wp:featuredmedia":[{"embeddable":true,"href":"https:\/\/holidaybeachdanang.com\/vi\/wp-json\/wp\/v2\/media\/267"}],"wp:attachment":[{"href":"https:\/\/holidaybeachdanang.com\/vi\/wp-json\/wp\/v2\/media?parent=148"}],"wp:term":[{"taxonomy":"category","embeddable":true,"href":"https:\/\/holidaybeachdanang.com\/vi\/wp-json\/wp\/v2\/categories?post=148"}],"curies":[{"name":"wp","href":"https:\/\/api.w.org\/{rel}","templated":true}]}}