{"id":142,"date":"2026-02-03T11:55:17","date_gmt":"2026-02-03T03:55:17","guid":{"rendered":"https:\/\/holidaybeachdanang.ms2.decms.asia\/offers\/taste-tranquility-with-afternoon-tea\/"},"modified":"2026-03-21T14:39:46","modified_gmt":"2026-03-21T06:39:46","slug":"taste-tranquility-with-afternoon-tea","status":"publish","type":"page","link":"https:\/\/holidaybeachdanang.com\/vi\/offers\/taste-tranquility-with-afternoon-tea\/","title":{"rendered":"Th\u01b0\u1edfng th\u1ee9c s\u1ef1 thanh b\u00ecnh v\u1edbi set Tr\u00e0 Chi\u1ec1u"},"content":{"rendered":"<p>M\u1ed9t bu\u1ed5i chi\u1ec1u l\u00e3ng \u0111\u00e3ng b\u00ean h\u1ed3 b\u01a1i, n\u01a1i tr\u00e0 th\u01a1m r\u00f3t \u0111\u1ec1u v\u00e0 c\u00e2u chuy\u1ec7n c\u1ee9 th\u1ebf n\u1ed1i d\u00e0i.<br \/>\nCh\u1ec9 290.000 VN\u0110 cho 2 kh\u00e1ch, c\u00f3 ngay set tr\u00e0 chi\u1ec1u xinh x\u1eafn c\u00f9ng view h\u1ed3 c\u1ef1c \u201cth\u01a1\u201d. Th\u1ea3 m\u00ecnh th\u01b0 gi\u00e3n c\u00f9ng s\u00f3ng n\u01b0\u1edbc v\u00e0 v\u1ecb tr\u00e0 d\u1ecbu d\u00e0ng \u2013 ch\u1ec9 t\u1ea1i The Waves Pool.<br \/>\nTh\u1ea3 m\u00ecnh th\u01b0 gi\u00e3n c\u00f9ng l\u00e0n n\u01b0\u1edbc trong xanh, nh\u00e2m nhi v\u1ecb tr\u00e0 d\u1ecbu nh\u1eb9 v\u00e0 t\u1eadn h\u01b0\u1edfng kho\u1ea3nh kh\u1eafc an y\u00ean.<\/p>\n<p><strong>Bao g\u1ed3m:<\/strong><br \/>\n\u2022 Set tr\u00e0 chi\u1ec1u bao g\u1ed3m m\u00f3n ng\u1ecdt, m\u00f3n m\u1eb7n v\u00e0 tr\u00e0 cho 2 kh\u00e1ch<\/p>\n<p><strong>\u0110i\u1ec1u ki\u1ec7n &amp; \u0110i\u1ec1u kho\u1ea3n:<\/strong><br \/>\n\u2022 Ph\u1ee5c v\u1ee5: 14:00 &#8211; 16:30 h\u00e0ng ng\u00e0y.<br \/>\n\u2022 S\u1eed d\u1ee5ng t\u1ea1i khu v\u1ef1c c\u00e0 ph\u00ea c\u1ee7a The Waves Pool<br \/>\n\u2022 Gi\u00e1 \u0111\u00e3 bao g\u1ed3m thu\u1ebf v\u00e0 ph\u00ed.<\/p>\n","protected":false},"excerpt":{"rendered":"<p>M\u1ed9t bu\u1ed5i chi\u1ec1u l\u00e3ng \u0111\u00e3ng b\u00ean h\u1ed3 b\u01a1i, n\u01a1i tr\u00e0 th\u01a1m r\u00f3t \u0111\u1ec1u v\u00e0 c\u00e2u chuy\u1ec7n c\u1ee9 th\u1ebf n\u1ed1i d\u00e0i. Ch\u1ec9 290.000 VN\u0110 cho 2 kh\u00e1ch, c\u00f3 ngay set tr\u00e0 chi\u1ec1u xinh x\u1eafn c\u00f9ng view h\u1ed3 c\u1ef1c \u201cth\u01a1\u201d. Th\u1ea3 m\u00ecnh th\u01b0 gi\u00e3n c\u00f9ng s\u00f3ng n\u01b0\u1edbc v\u00e0 v\u1ecb tr\u00e0 d\u1ecbu d\u00e0ng \u2013 ch\u1ec9 t\u1ea1i The Waves [&hellip;]<\/p>\n","protected":false},"author":90,"featured_media":0,"parent":128,"menu_order":1,"comment_status":"closed","ping_status":"closed","template":"template-single-offer.php","meta":{"footnotes":""},"categories":[],"yoast_head":"<!-- This site is optimized with the Yoast SEO plugin v22.3 - https:\/\/yoast.com\/wordpress\/plugins\/seo\/ -->\n<title>Th\u01b0\u1edfng th\u1ee9c s\u1ef1 thanh b\u00ecnh v\u1edbi set Tr\u00e0 Chi\u1ec1u - Holiday Beach Hotel Danang<\/title>\n<meta name=\"robots\" content=\"index, follow, max-snippet:-1, max-image-preview:large, max-video-preview:-1\" \/>\n<link rel=\"canonical\" href=\"https:\/\/holidaybeachdanang.com\/vi\/offers\/taste-tranquility-with-afternoon-tea\/\" \/>\n<meta property=\"og:locale\" content=\"vi_VN\" \/>\n<meta property=\"og:type\" content=\"article\" \/>\n<meta property=\"og:title\" content=\"Th\u01b0\u1edfng th\u1ee9c s\u1ef1 thanh b\u00ecnh v\u1edbi set Tr\u00e0 Chi\u1ec1u - Holiday Beach Hotel Danang\" \/>\n<meta property=\"og:description\" content=\"M\u1ed9t bu\u1ed5i chi\u1ec1u l\u00e3ng \u0111\u00e3ng b\u00ean h\u1ed3 b\u01a1i, n\u01a1i tr\u00e0 th\u01a1m r\u00f3t \u0111\u1ec1u v\u00e0 c\u00e2u chuy\u1ec7n c\u1ee9 th\u1ebf n\u1ed1i d\u00e0i. Ch\u1ec9 290.000 VN\u0110 cho 2 kh\u00e1ch, c\u00f3 ngay set tr\u00e0 chi\u1ec1u xinh x\u1eafn c\u00f9ng view h\u1ed3 c\u1ef1c \u201cth\u01a1\u201d. Th\u1ea3 m\u00ecnh th\u01b0 gi\u00e3n c\u00f9ng s\u00f3ng n\u01b0\u1edbc v\u00e0 v\u1ecb tr\u00e0 d\u1ecbu d\u00e0ng \u2013 ch\u1ec9 t\u1ea1i The Waves [&hellip;]\" \/>\n<meta property=\"og:url\" content=\"https:\/\/holidaybeachdanang.com\/vi\/offers\/taste-tranquility-with-afternoon-tea\/\" \/>\n<meta property=\"og:site_name\" content=\"Holiday Beach Hotel Danang\" \/>\n<meta property=\"article:modified_time\" content=\"2026-03-21T06:39:46+00:00\" \/>\n<meta name=\"twitter:card\" content=\"summary_large_image\" \/>\n<meta name=\"twitter:label1\" content=\"Est. reading time\" \/>\n\t<meta name=\"twitter:data1\" content=\"1 minute\" \/>\n<script type=\"application\/ld+json\" class=\"yoast-schema-graph\">{\"@context\":\"https:\/\/schema.org\",\"@graph\":[{\"@type\":\"WebPage\",\"@id\":\"https:\/\/holidaybeachdanang.com\/vi\/offers\/taste-tranquility-with-afternoon-tea\/\",\"url\":\"https:\/\/holidaybeachdanang.com\/vi\/offers\/taste-tranquility-with-afternoon-tea\/\",\"name\":\"Th\u01b0\u1edfng th\u1ee9c s\u1ef1 thanh b\u00ecnh v\u1edbi set Tr\u00e0 Chi\u1ec1u - Holiday Beach Hotel Danang\",\"isPartOf\":{\"@id\":\"https:\/\/holidaybeachdanang.com\/vi\/#website\"},\"datePublished\":\"2026-02-03T03:55:17+00:00\",\"dateModified\":\"2026-03-21T06:39:46+00:00\",\"breadcrumb\":{\"@id\":\"https:\/\/holidaybeachdanang.com\/vi\/offers\/taste-tranquility-with-afternoon-tea\/#breadcrumb\"},\"inLanguage\":\"vi-VN\",\"potentialAction\":[{\"@type\":\"ReadAction\",\"target\":[\"https:\/\/holidaybeachdanang.com\/vi\/offers\/taste-tranquility-with-afternoon-tea\/\"]}]},{\"@type\":\"BreadcrumbList\",\"@id\":\"https:\/\/holidaybeachdanang.com\/vi\/offers\/taste-tranquility-with-afternoon-tea\/#breadcrumb\",\"itemListElement\":[{\"@type\":\"ListItem\",\"position\":1,\"name\":\"Home\",\"item\":\"https:\/\/holidaybeachdanang.com\/vi\/\"},{\"@type\":\"ListItem\",\"position\":2,\"name\":\"\u01afu \u0111\u00e3i\",\"item\":\"https:\/\/holidaybeachdanang.com\/vi\/offers\/\"},{\"@type\":\"ListItem\",\"position\":3,\"name\":\"Th\u01b0\u1edfng th\u1ee9c s\u1ef1 thanh b\u00ecnh v\u1edbi set Tr\u00e0 Chi\u1ec1u\"}]},{\"@type\":\"WebSite\",\"@id\":\"https:\/\/holidaybeachdanang.com\/vi\/#website\",\"url\":\"https:\/\/holidaybeachdanang.com\/vi\/\",\"name\":\"Holiday Beach Hotel Danang\",\"description\":\"\",\"potentialAction\":[{\"@type\":\"SearchAction\",\"target\":{\"@type\":\"EntryPoint\",\"urlTemplate\":\"https:\/\/holidaybeachdanang.com\/vi\/?s={search_term_string}\"},\"query-input\":\"required name=search_term_string\"}],\"inLanguage\":\"vi-VN\"}]}<\/script>\n<!-- \/ Yoast SEO plugin. -->","yoast_head_json":{"title":"Th\u01b0\u1edfng th\u1ee9c s\u1ef1 thanh b\u00ecnh v\u1edbi set Tr\u00e0 Chi\u1ec1u - Holiday Beach Hotel Danang","robots":{"index":"index","follow":"follow","max-snippet":"max-snippet:-1","max-image-preview":"max-image-preview:large","max-video-preview":"max-video-preview:-1"},"canonical":"https:\/\/holidaybeachdanang.com\/vi\/offers\/taste-tranquility-with-afternoon-tea\/","og_locale":"vi_VN","og_type":"article","og_title":"Th\u01b0\u1edfng th\u1ee9c s\u1ef1 thanh b\u00ecnh v\u1edbi set Tr\u00e0 Chi\u1ec1u - Holiday Beach Hotel Danang","og_description":"M\u1ed9t bu\u1ed5i chi\u1ec1u l\u00e3ng \u0111\u00e3ng b\u00ean h\u1ed3 b\u01a1i, n\u01a1i tr\u00e0 th\u01a1m r\u00f3t \u0111\u1ec1u v\u00e0 c\u00e2u chuy\u1ec7n c\u1ee9 th\u1ebf n\u1ed1i d\u00e0i. Ch\u1ec9 290.000 VN\u0110 cho 2 kh\u00e1ch, c\u00f3 ngay set tr\u00e0 chi\u1ec1u xinh x\u1eafn c\u00f9ng view h\u1ed3 c\u1ef1c \u201cth\u01a1\u201d. Th\u1ea3 m\u00ecnh th\u01b0 gi\u00e3n c\u00f9ng s\u00f3ng n\u01b0\u1edbc v\u00e0 v\u1ecb tr\u00e0 d\u1ecbu d\u00e0ng \u2013 ch\u1ec9 t\u1ea1i The Waves [&hellip;]","og_url":"https:\/\/holidaybeachdanang.com\/vi\/offers\/taste-tranquility-with-afternoon-tea\/","og_site_name":"Holiday Beach Hotel Danang","article_modified_time":"2026-03-21T06:39:46+00:00","twitter_card":"summary_large_image","twitter_misc":{"Est. reading time":"1 minute"},"schema":{"@context":"https:\/\/schema.org","@graph":[{"@type":"WebPage","@id":"https:\/\/holidaybeachdanang.com\/vi\/offers\/taste-tranquility-with-afternoon-tea\/","url":"https:\/\/holidaybeachdanang.com\/vi\/offers\/taste-tranquility-with-afternoon-tea\/","name":"Th\u01b0\u1edfng th\u1ee9c s\u1ef1 thanh b\u00ecnh v\u1edbi set Tr\u00e0 Chi\u1ec1u - Holiday Beach Hotel Danang","isPartOf":{"@id":"https:\/\/holidaybeachdanang.com\/vi\/#website"},"datePublished":"2026-02-03T03:55:17+00:00","dateModified":"2026-03-21T06:39:46+00:00","breadcrumb":{"@id":"https:\/\/holidaybeachdanang.com\/vi\/offers\/taste-tranquility-with-afternoon-tea\/#breadcrumb"},"inLanguage":"vi-VN","potentialAction":[{"@type":"ReadAction","target":["https:\/\/holidaybeachdanang.com\/vi\/offers\/taste-tranquility-with-afternoon-tea\/"]}]},{"@type":"BreadcrumbList","@id":"https:\/\/holidaybeachdanang.com\/vi\/offers\/taste-tranquility-with-afternoon-tea\/#breadcrumb","itemListElement":[{"@type":"ListItem","position":1,"name":"Home","item":"https:\/\/holidaybeachdanang.com\/vi\/"},{"@type":"ListItem","position":2,"name":"\u01afu \u0111\u00e3i","item":"https:\/\/holidaybeachdanang.com\/vi\/offers\/"},{"@type":"ListItem","position":3,"name":"Th\u01b0\u1edfng th\u1ee9c s\u1ef1 thanh b\u00ecnh v\u1edbi set Tr\u00e0 Chi\u1ec1u"}]},{"@type":"WebSite","@id":"https:\/\/holidaybeachdanang.com\/vi\/#website","url":"https:\/\/holidaybeachdanang.com\/vi\/","name":"Holiday Beach Hotel Danang","description":"","potentialAction":[{"@type":"SearchAction","target":{"@type":"EntryPoint","urlTemplate":"https:\/\/holidaybeachdanang.com\/vi\/?s={search_term_string}"},"query-input":"required name=search_term_string"}],"inLanguage":"vi-VN"}]}},"acf":[],"_links":{"self":[{"href":"https:\/\/holidaybeachdanang.com\/vi\/wp-json\/wp\/v2\/pages\/142"}],"collection":[{"href":"https:\/\/holidaybeachdanang.com\/vi\/wp-json\/wp\/v2\/pages"}],"about":[{"href":"https:\/\/holidaybeachdanang.com\/vi\/wp-json\/wp\/v2\/types\/page"}],"author":[{"embeddable":true,"href":"https:\/\/holidaybeachdanang.com\/vi\/wp-json\/wp\/v2\/users\/90"}],"replies":[{"embeddable":true,"href":"https:\/\/holidaybeachdanang.com\/vi\/wp-json\/wp\/v2\/comments?post=142"}],"version-history":[{"count":0,"href":"https:\/\/holidaybeachdanang.com\/vi\/wp-json\/wp\/v2\/pages\/142\/revisions"}],"up":[{"embeddable":true,"href":"https:\/\/holidaybeachdanang.com\/vi\/wp-json\/wp\/v2\/pages\/128"}],"wp:attachment":[{"href":"https:\/\/holidaybeachdanang.com\/vi\/wp-json\/wp\/v2\/media?parent=142"}],"wp:term":[{"taxonomy":"category","embeddable":true,"href":"https:\/\/holidaybeachdanang.com\/vi\/wp-json\/wp\/v2\/categories?post=142"}],"curies":[{"name":"wp","href":"https:\/\/api.w.org\/{rel}","templated":true}]}}