{"id":133,"date":"2026-01-30T19:02:50","date_gmt":"2026-01-30T11:02:50","guid":{"rendered":"https:\/\/holidaybeachdanang.ms2.decms.asia\/contact\/"},"modified":"2026-03-17T17:51:08","modified_gmt":"2026-03-17T09:51:08","slug":"contact","status":"publish","type":"page","link":"https:\/\/holidaybeachdanang.com\/vi\/contact\/","title":{"rendered":"Li\u00ean h\u1ec7"},"content":{"rendered":"<p>K\u1ebft n\u1ed1i v\u1edbi ch\u00fang t\u00f4i \u0111\u1ec3 \u0111\u01b0\u1ee3c h\u1ed7 tr\u1ee3 \u0111\u1eb7t ph\u00f2ng, gi\u1ea3i \u0111\u00e1p th\u1eafc m\u1eafc ho\u1eb7c nh\u1eadn t\u01b0 v\u1ea5n ph\u00f9 h\u1ee3p. \u0110\u1ed9i ng\u0169 Holiday Beach Hotel Danang lu\u00f4n s\u1eb5n s\u00e0ng \u0111\u1ed3ng h\u00e0nh v\u00e0 mang \u0111\u1ebfn cho b\u1ea1n m\u1ed9t tr\u1ea3i nghi\u1ec7m l\u01b0u tr\u00fa tr\u1ecdn v\u1eb9n v\u00e0 \u0111\u00e1ng nh\u1edb. \u0110\u1eebng ng\u1ea7n ng\u1ea1i li\u00ean h\u1ec7 b\u1ea5t c\u1ee9 l\u00fac n\u00e0o &#8211; ch\u00fang t\u00f4i lu\u00f4n \u1edf \u0111\u00e2y v\u00ec b\u1ea1n.<\/p>\n","protected":false},"excerpt":{"rendered":"<p>K\u1ebft n\u1ed1i v\u1edbi ch\u00fang t\u00f4i \u0111\u1ec3 \u0111\u01b0\u1ee3c h\u1ed7 tr\u1ee3 \u0111\u1eb7t ph\u00f2ng, gi\u1ea3i \u0111\u00e1p th\u1eafc m\u1eafc ho\u1eb7c nh\u1eadn t\u01b0 v\u1ea5n ph\u00f9 h\u1ee3p. \u0110\u1ed9i ng\u0169 Holiday Beach Hotel Danang lu\u00f4n s\u1eb5n s\u00e0ng \u0111\u1ed3ng h\u00e0nh v\u00e0 mang \u0111\u1ebfn cho b\u1ea1n m\u1ed9t tr\u1ea3i nghi\u1ec7m l\u01b0u tr\u00fa tr\u1ecdn v\u1eb9n v\u00e0 \u0111\u00e1ng nh\u1edb. \u0110\u1eebng ng\u1ea7n ng\u1ea1i li\u00ean h\u1ec7 b\u1ea5t c\u1ee9 l\u00fac [&hellip;]<\/p>\n","protected":false},"author":90,"featured_media":0,"parent":0,"menu_order":0,"comment_status":"closed","ping_status":"closed","template":"template-contacts.php","meta":{"footnotes":""},"categories":[],"yoast_head":"<!-- This site is optimized with the Yoast SEO plugin v22.3 - https:\/\/yoast.com\/wordpress\/plugins\/seo\/ -->\n<title>Li\u00ean h\u1ec7 - Holiday Beach Hotel Danang<\/title>\n<meta name=\"description\" content=\"K\u1ebft n\u1ed1i v\u1edbi ch\u00fang t\u00f4i \u0111\u1ec3 \u0111\u01b0\u1ee3c h\u1ed7 tr\u1ee3 \u0111\u1eb7t ph\u00f2ng, gi\u1ea3i \u0111\u00e1p th\u1eafc m\u1eafc ho\u1eb7c nh\u1eadn t\u01b0 v\u1ea5n ph\u00f9 h\u1ee3p. \u0110\u1ed9i ng\u0169 Holiday Beach Hotel Danang lu\u00f4n s\u1eb5n s\u00e0ng \u0111\u1ed3ng h\u00e0nh v\u00e0 mang \u0111\u1ebfn cho b\u1ea1n m\u1ed9t tr\u1ea3i nghi\u1ec7m l\u01b0u tr\u00fa tr\u1ecdn v\u1eb9n v\u00e0 \u0111\u00e1ng nh\u1edb. \u0110\u1eebng ng\u1ea7n ng\u1ea1i li\u00ean h\u1ec7 b\u1ea5t c\u1ee9 l\u00fac n\u00e0o - ch\u00fang t\u00f4i lu\u00f4n \u1edf \u0111\u00e2y v\u00ec b\u1ea1n.\" \/>\n<meta name=\"robots\" content=\"index, follow, max-snippet:-1, max-image-preview:large, max-video-preview:-1\" \/>\n<link rel=\"canonical\" href=\"https:\/\/holidaybeachdanang.com\/vi\/contact\/\" \/>\n<meta property=\"og:locale\" content=\"vi_VN\" \/>\n<meta property=\"og:type\" content=\"article\" \/>\n<meta property=\"og:title\" content=\"Li\u00ean h\u1ec7 - Holiday Beach Hotel Danang\" \/>\n<meta property=\"og:description\" content=\"K\u1ebft n\u1ed1i v\u1edbi ch\u00fang t\u00f4i \u0111\u1ec3 \u0111\u01b0\u1ee3c h\u1ed7 tr\u1ee3 \u0111\u1eb7t ph\u00f2ng, gi\u1ea3i \u0111\u00e1p th\u1eafc m\u1eafc ho\u1eb7c nh\u1eadn t\u01b0 v\u1ea5n ph\u00f9 h\u1ee3p. \u0110\u1ed9i ng\u0169 Holiday Beach Hotel Danang lu\u00f4n s\u1eb5n s\u00e0ng \u0111\u1ed3ng h\u00e0nh v\u00e0 mang \u0111\u1ebfn cho b\u1ea1n m\u1ed9t tr\u1ea3i nghi\u1ec7m l\u01b0u tr\u00fa tr\u1ecdn v\u1eb9n v\u00e0 \u0111\u00e1ng nh\u1edb. \u0110\u1eebng ng\u1ea7n ng\u1ea1i li\u00ean h\u1ec7 b\u1ea5t c\u1ee9 l\u00fac n\u00e0o - ch\u00fang t\u00f4i lu\u00f4n \u1edf \u0111\u00e2y v\u00ec b\u1ea1n.\" \/>\n<meta property=\"og:url\" content=\"https:\/\/holidaybeachdanang.com\/vi\/contact\/\" \/>\n<meta property=\"og:site_name\" content=\"Holiday Beach Hotel Danang\" \/>\n<meta property=\"article:modified_time\" content=\"2026-03-17T09:51:08+00:00\" \/>\n<meta name=\"twitter:card\" content=\"summary_large_image\" \/>\n<meta name=\"twitter:label1\" content=\"Est. reading time\" \/>\n\t<meta name=\"twitter:data1\" content=\"1 minute\" \/>\n<script type=\"application\/ld+json\" class=\"yoast-schema-graph\">{\"@context\":\"https:\/\/schema.org\",\"@graph\":[{\"@type\":\"WebPage\",\"@id\":\"https:\/\/holidaybeachdanang.com\/vi\/contact\/\",\"url\":\"https:\/\/holidaybeachdanang.com\/vi\/contact\/\",\"name\":\"Li\u00ean h\u1ec7 - Holiday Beach Hotel Danang\",\"isPartOf\":{\"@id\":\"https:\/\/holidaybeachdanang.com\/vi\/#website\"},\"datePublished\":\"2026-01-30T11:02:50+00:00\",\"dateModified\":\"2026-03-17T09:51:08+00:00\",\"description\":\"K\u1ebft n\u1ed1i v\u1edbi ch\u00fang t\u00f4i \u0111\u1ec3 \u0111\u01b0\u1ee3c h\u1ed7 tr\u1ee3 \u0111\u1eb7t ph\u00f2ng, gi\u1ea3i \u0111\u00e1p th\u1eafc m\u1eafc ho\u1eb7c nh\u1eadn t\u01b0 v\u1ea5n ph\u00f9 h\u1ee3p. \u0110\u1ed9i ng\u0169 Holiday Beach Hotel Danang lu\u00f4n s\u1eb5n s\u00e0ng \u0111\u1ed3ng h\u00e0nh v\u00e0 mang \u0111\u1ebfn cho b\u1ea1n m\u1ed9t tr\u1ea3i nghi\u1ec7m l\u01b0u tr\u00fa tr\u1ecdn v\u1eb9n v\u00e0 \u0111\u00e1ng nh\u1edb. \u0110\u1eebng ng\u1ea7n ng\u1ea1i li\u00ean h\u1ec7 b\u1ea5t c\u1ee9 l\u00fac n\u00e0o - ch\u00fang t\u00f4i lu\u00f4n \u1edf \u0111\u00e2y v\u00ec b\u1ea1n.\",\"breadcrumb\":{\"@id\":\"https:\/\/holidaybeachdanang.com\/vi\/contact\/#breadcrumb\"},\"inLanguage\":\"vi-VN\",\"potentialAction\":[{\"@type\":\"ReadAction\",\"target\":[\"https:\/\/holidaybeachdanang.com\/vi\/contact\/\"]}]},{\"@type\":\"BreadcrumbList\",\"@id\":\"https:\/\/holidaybeachdanang.com\/vi\/contact\/#breadcrumb\",\"itemListElement\":[{\"@type\":\"ListItem\",\"position\":1,\"name\":\"Home\",\"item\":\"https:\/\/holidaybeachdanang.com\/vi\/\"},{\"@type\":\"ListItem\",\"position\":2,\"name\":\"Li\u00ean h\u1ec7\"}]},{\"@type\":\"WebSite\",\"@id\":\"https:\/\/holidaybeachdanang.com\/vi\/#website\",\"url\":\"https:\/\/holidaybeachdanang.com\/vi\/\",\"name\":\"Holiday Beach Hotel Danang\",\"description\":\"\",\"potentialAction\":[{\"@type\":\"SearchAction\",\"target\":{\"@type\":\"EntryPoint\",\"urlTemplate\":\"https:\/\/holidaybeachdanang.com\/vi\/?s={search_term_string}\"},\"query-input\":\"required name=search_term_string\"}],\"inLanguage\":\"vi-VN\"}]}<\/script>\n<!-- \/ Yoast SEO plugin. -->","yoast_head_json":{"title":"Li\u00ean h\u1ec7 - Holiday Beach Hotel Danang","description":"K\u1ebft n\u1ed1i v\u1edbi ch\u00fang t\u00f4i \u0111\u1ec3 \u0111\u01b0\u1ee3c h\u1ed7 tr\u1ee3 \u0111\u1eb7t ph\u00f2ng, gi\u1ea3i \u0111\u00e1p th\u1eafc m\u1eafc ho\u1eb7c nh\u1eadn t\u01b0 v\u1ea5n ph\u00f9 h\u1ee3p. \u0110\u1ed9i ng\u0169 Holiday Beach Hotel Danang lu\u00f4n s\u1eb5n s\u00e0ng \u0111\u1ed3ng h\u00e0nh v\u00e0 mang \u0111\u1ebfn cho b\u1ea1n m\u1ed9t tr\u1ea3i nghi\u1ec7m l\u01b0u tr\u00fa tr\u1ecdn v\u1eb9n v\u00e0 \u0111\u00e1ng nh\u1edb. \u0110\u1eebng ng\u1ea7n ng\u1ea1i li\u00ean h\u1ec7 b\u1ea5t c\u1ee9 l\u00fac n\u00e0o - ch\u00fang t\u00f4i lu\u00f4n \u1edf \u0111\u00e2y v\u00ec b\u1ea1n.","robots":{"index":"index","follow":"follow","max-snippet":"max-snippet:-1","max-image-preview":"max-image-preview:large","max-video-preview":"max-video-preview:-1"},"canonical":"https:\/\/holidaybeachdanang.com\/vi\/contact\/","og_locale":"vi_VN","og_type":"article","og_title":"Li\u00ean h\u1ec7 - Holiday Beach Hotel Danang","og_description":"K\u1ebft n\u1ed1i v\u1edbi ch\u00fang t\u00f4i \u0111\u1ec3 \u0111\u01b0\u1ee3c h\u1ed7 tr\u1ee3 \u0111\u1eb7t ph\u00f2ng, gi\u1ea3i \u0111\u00e1p th\u1eafc m\u1eafc ho\u1eb7c nh\u1eadn t\u01b0 v\u1ea5n ph\u00f9 h\u1ee3p. \u0110\u1ed9i ng\u0169 Holiday Beach Hotel Danang lu\u00f4n s\u1eb5n s\u00e0ng \u0111\u1ed3ng h\u00e0nh v\u00e0 mang \u0111\u1ebfn cho b\u1ea1n m\u1ed9t tr\u1ea3i nghi\u1ec7m l\u01b0u tr\u00fa tr\u1ecdn v\u1eb9n v\u00e0 \u0111\u00e1ng nh\u1edb. \u0110\u1eebng ng\u1ea7n ng\u1ea1i li\u00ean h\u1ec7 b\u1ea5t c\u1ee9 l\u00fac n\u00e0o - ch\u00fang t\u00f4i lu\u00f4n \u1edf \u0111\u00e2y v\u00ec b\u1ea1n.","og_url":"https:\/\/holidaybeachdanang.com\/vi\/contact\/","og_site_name":"Holiday Beach Hotel Danang","article_modified_time":"2026-03-17T09:51:08+00:00","twitter_card":"summary_large_image","twitter_misc":{"Est. reading time":"1 minute"},"schema":{"@context":"https:\/\/schema.org","@graph":[{"@type":"WebPage","@id":"https:\/\/holidaybeachdanang.com\/vi\/contact\/","url":"https:\/\/holidaybeachdanang.com\/vi\/contact\/","name":"Li\u00ean h\u1ec7 - Holiday Beach Hotel Danang","isPartOf":{"@id":"https:\/\/holidaybeachdanang.com\/vi\/#website"},"datePublished":"2026-01-30T11:02:50+00:00","dateModified":"2026-03-17T09:51:08+00:00","description":"K\u1ebft n\u1ed1i v\u1edbi ch\u00fang t\u00f4i \u0111\u1ec3 \u0111\u01b0\u1ee3c h\u1ed7 tr\u1ee3 \u0111\u1eb7t ph\u00f2ng, gi\u1ea3i \u0111\u00e1p th\u1eafc m\u1eafc ho\u1eb7c nh\u1eadn t\u01b0 v\u1ea5n ph\u00f9 h\u1ee3p. \u0110\u1ed9i ng\u0169 Holiday Beach Hotel Danang lu\u00f4n s\u1eb5n s\u00e0ng \u0111\u1ed3ng h\u00e0nh v\u00e0 mang \u0111\u1ebfn cho b\u1ea1n m\u1ed9t tr\u1ea3i nghi\u1ec7m l\u01b0u tr\u00fa tr\u1ecdn v\u1eb9n v\u00e0 \u0111\u00e1ng nh\u1edb. \u0110\u1eebng ng\u1ea7n ng\u1ea1i li\u00ean h\u1ec7 b\u1ea5t c\u1ee9 l\u00fac n\u00e0o - ch\u00fang t\u00f4i lu\u00f4n \u1edf \u0111\u00e2y v\u00ec b\u1ea1n.","breadcrumb":{"@id":"https:\/\/holidaybeachdanang.com\/vi\/contact\/#breadcrumb"},"inLanguage":"vi-VN","potentialAction":[{"@type":"ReadAction","target":["https:\/\/holidaybeachdanang.com\/vi\/contact\/"]}]},{"@type":"BreadcrumbList","@id":"https:\/\/holidaybeachdanang.com\/vi\/contact\/#breadcrumb","itemListElement":[{"@type":"ListItem","position":1,"name":"Home","item":"https:\/\/holidaybeachdanang.com\/vi\/"},{"@type":"ListItem","position":2,"name":"Li\u00ean h\u1ec7"}]},{"@type":"WebSite","@id":"https:\/\/holidaybeachdanang.com\/vi\/#website","url":"https:\/\/holidaybeachdanang.com\/vi\/","name":"Holiday Beach Hotel Danang","description":"","potentialAction":[{"@type":"SearchAction","target":{"@type":"EntryPoint","urlTemplate":"https:\/\/holidaybeachdanang.com\/vi\/?s={search_term_string}"},"query-input":"required name=search_term_string"}],"inLanguage":"vi-VN"}]}},"acf":[],"_links":{"self":[{"href":"https:\/\/holidaybeachdanang.com\/vi\/wp-json\/wp\/v2\/pages\/133"}],"collection":[{"href":"https:\/\/holidaybeachdanang.com\/vi\/wp-json\/wp\/v2\/pages"}],"about":[{"href":"https:\/\/holidaybeachdanang.com\/vi\/wp-json\/wp\/v2\/types\/page"}],"author":[{"embeddable":true,"href":"https:\/\/holidaybeachdanang.com\/vi\/wp-json\/wp\/v2\/users\/90"}],"replies":[{"embeddable":true,"href":"https:\/\/holidaybeachdanang.com\/vi\/wp-json\/wp\/v2\/comments?post=133"}],"version-history":[{"count":0,"href":"https:\/\/holidaybeachdanang.com\/vi\/wp-json\/wp\/v2\/pages\/133\/revisions"}],"wp:attachment":[{"href":"https:\/\/holidaybeachdanang.com\/vi\/wp-json\/wp\/v2\/media?parent=133"}],"wp:term":[{"taxonomy":"category","embeddable":true,"href":"https:\/\/holidaybeachdanang.com\/vi\/wp-json\/wp\/v2\/categories?post=133"}],"curies":[{"name":"wp","href":"https:\/\/api.w.org\/{rel}","templated":true}]}}