{"id":131,"date":"2025-12-01T13:24:59","date_gmt":"2025-12-01T05:24:59","guid":{"rendered":"https:\/\/holidaybeachdanang.ms2.decms.asia\/blog-news\/dragon-bridge\/"},"modified":"2026-03-13T11:36:25","modified_gmt":"2026-03-13T03:36:25","slug":"dragon-bridge","status":"publish","type":"page","link":"https:\/\/holidaybeachdanang.com\/vi\/blog-news\/dragon-bridge\/","title":{"rendered":"C\u1ea7u R\u1ed3ng"},"content":{"rendered":"<p>C\u1ea7u R\u1ed3ng \u0110\u00e0 N\u1eb5ng l\u00e0 m\u1ed9t trong nh\u1eefng \u0111i\u1ec3m \u0111\u1ebfn kh\u00f4ng th\u1ec3 b\u1ecf qua. T\u1edbi \u0111\u00e2y, b\u1ea1n kh\u00f4ng ch\u1ec9 \u0111\u01b0\u1ee3c chi\u00eam ng\u01b0\u1ee1ng khung c\u1ea3nh tuy\u1ec7t \u0111\u1eb9p c\u1ee7a d\u00f2ng s\u00f4ng H\u00e0n, m\u00e0 c\u00f2n c\u00f3 c\u01a1 h\u1ed9i th\u01b0\u1edfng th\u1ee9c nh\u1eefng m\u00e0n tr\u00ecnh di\u1ec5n ph\u00e1o hoa ho\u00e0nh tr\u00e1ng.<\/p>\n<p>C\u00f3 th\u1ec3 b\u1ea1n ch\u01b0a bi\u1ebft, c\u1ea7u R\u1ed3ng c\u00f3 thi\u1ebft k\u1ebf \u0111\u1ed9c \u0111\u00e1o nh\u1ea5t t\u1ea1i Vi\u1ec7t Nam hi\u1ec7n nay. C\u00e2y c\u1ea7u n\u00e0y kh\u00f4ng ch\u1ec9 l\u00e0 \u0111i\u1ec3m n\u1ed1i gi\u1eefa c\u00e1c tr\u1ee5c \u0111\u01b0\u1eddng ch\u00ednh c\u1ee7a th\u00e0nh ph\u1ed1, m\u00e0 c\u00f2n \u0111\u01b0\u1ee3c bi\u1ebft t\u1edbi nh\u01b0 m\u1ed9t bi\u1ec3u t\u01b0\u1ee3ng v\u1edbi ni\u1ec1m khao kh\u00e1t v\u01b0\u01a1n m\u00ecnh h\u1ed9i nh\u1eadp v\u1edbi th\u1ebf gi\u1edbi.<\/p>\n<p><strong>Thi\u1ebft k\u1ebf \u0111\u1ed9c \u0111\u00e1o c\u1ee7a c\u1ea7u R\u1ed3ng \u0110\u00e0 N\u1eb5ng<\/strong><\/p>\n<p>Thi\u1ebft k\u1ebf c\u1ea7u R\u1ed3ng c\u00f3 t\u1ed5ng chi\u1ec1u d\u00e0i l\u00e0 666 m, bao g\u1ed3m 5 nh\u1ecbp c\u1ea7u ch\u00ednh v\u00e0 3 nh\u1ecbp c\u1ea7u d\u1eabn. Chi\u1ec1u r\u1ed9ng c\u1ea7u l\u00e0 37.5m v\u1edbi 6 l\u00e0n xe ch\u1ea1y v\u00e0 2 l\u00e0n d\u00e0nh cho ng\u01b0\u1eddi \u0111i b\u1ed9. C\u00e2y c\u1ea7u R\u1ed3ng c\u00f3 k\u1ebft c\u1ea5u nh\u1ecbp th\u00e9p \u0111\u1ed9c \u0111\u00e1o, m\u00f4 ph\u1ecfng l\u1ea1i h\u00ecnh d\u00e1ng m\u1ed9t con r\u1ed3ng l\u1edbn d\u00e0i 568m, c\u00f9ng nhi\u1ec1u b\u1ed9 ph\u1eadn v\u1edbi t\u1ed5ng tr\u1ecdng l\u01b0\u1ee3ng g\u1ea7n 9,000 t\u1ea5n.<\/p>\n<p>C\u00f3 th\u1ec3 th\u1ea5y, nh\u1eefng c\u00f4ng ngh\u1ec7 \u0111\u01b0\u1ee3c \u00e1p d\u1ee5ng \u0111\u1ec3 x\u00e2y d\u1ef1ng c\u1ea7u R\u1ed3ng \u0111\u1ec1u \u0111\u01b0\u1ee3c c\u00e1c k\u1ef9 s\u01b0 t\u00ednh to\u00e1n m\u1ed9t c\u00e1ch r\u1ea5t k\u1ef9 l\u01b0\u1ee1ng, \u0111\u1ea3m b\u1ea3o ch\u1ea5t l\u01b0\u1ee3ng c\u0169ng nh\u01b0 \u0111\u1ed9 an to\u00e0n \u1edf m\u1ee9c cao nh\u1ea5t. To\u00e0n b\u1ed9 c\u1ea7u R\u1ed3ng \u0111\u01b0\u1ee3c ph\u1ee7 5 l\u1edbp s\u01a1n, v\u1eeba c\u00f3 kh\u1ea3 n\u0103ng ch\u1ed1ng \u0103n m\u00f2n, v\u1eeba t\u1ea1o m\u00e0u s\u1eafc \u1ea5n t\u01b0\u1ee3ng.<\/p>\n<p><strong>L\u1ecbch phun l\u1eeda, phun n\u01b0\u1edbc c\u1ea7u R\u1ed3ng \u0110\u00e0 N\u1eb5ng <\/strong><\/p>\n<p>C\u1ea7u R\u1ed3ng \u0110\u00e0 N\u1eb5ng \u0111\u1eb9p nh\u1ea5t s\u1ebd v\u00e0o bu\u1ed5i t\u1ed1i, khi m\u00e0 h\u01a1n 2,500 \u0111i\u1ec3m \u0111\u00e8n LED nhi\u1ec1u m\u00e0u s\u1eafc kh\u00e1c nhau \u0111\u01b0\u1ee3c ho\u1ea1t \u0111\u1ed9ng. \u0110i\u1ec3m \u0111\u1ed9c \u0111\u00e1o c\u1ee7a h\u1ec7 th\u1ed1ng \u0111\u00e8n n\u00e0y, \u0111\u00f3 l\u00e0 c\u00f3 th\u1ec3 thay \u0111\u1ed5i m\u00e0u s\u1eafc linh ho\u1ea1t, t\u00f9y theo quy m\u00f4 v\u00e0 lo\u1ea1i h\u00ecnh s\u1ef1 ki\u1ec7n l\u1ec5 h\u1ed9i \u0111\u01b0\u1ee3c t\u1ed5 ch\u1ee9c.<\/p>\n<p>L\u1ecbch phun l\u1eeda c\u1ea7u R\u1ed3ng \u0110\u00e0 N\u1eb5ng s\u1ebd \u0111\u01b0\u1ee3c di\u1ec5n ra v\u00e0o 21:00 th\u1ee9 7, Ch\u1ee7 Nh\u1eadt h\u00e0ng tu\u1ea7n, c\u00e1c ng\u00e0y l\u1ec5 l\u1edbn \u0111\u1ec3 ph\u1ee5c v\u1ee5 ng\u01b0\u1eddi d\u00e2n v\u00e0 kh\u00e1ch du l\u1ecbch.<\/p>\n<p>M\u00e0n bi\u1ec3u di\u1ec5n phun l\u1eeda s\u1ebd di\u1ec5n ra 2 l\u01b0\u1ee3t, m\u1ed7i l\u01b0\u1ee3t s\u1ebd g\u1ed3m 9 l\u1ea7n. Ti\u1ebfp theo l\u00e0 m\u00e0n tr\u00ecnh di\u1ec5n phun n\u01b0\u1edbc v\u1edbi 3 l\u01b0\u1ee3t, m\u1ed7i l\u01b0\u1ee3t 1 l\u1ea7n, b\u1eb1ng c\u00f4ng ngh\u1ec7 hi\u1ec7n \u0111\u1ea1i. Ho\u1ea1t \u0111\u1ed9ng n\u00e0y \u0111\u00e3 khi\u1ebfn cho c\u00e2y c\u1ea7u R\u1ed3ng tr\u1edf n\u00ean \u1ea5n t\u01b0\u1ee3ng v\u00e0 tr\u1edf th\u00e0nh \u0111\u1ecba \u0111i\u1ec3m du l\u1ecbch n\u1ed5i ti\u1ebfng \u0110\u00e0 N\u1eb5ng thu h\u00fat r\u1ea5t nhi\u1ec1u kh\u00e1ch du l\u1ecbch m\u1ed7i n\u0103m.<\/p>\n<p><strong>Th\u00f4ng tin tham quan<\/strong><\/p>\n<p><strong>\u0110\u1ecba ch\u1ec9:<\/strong> Nguy\u1ec5n V\u0103n Linh, Ph\u01b0\u1edbc Ninh, H\u1ea3i Ch\u00e2u, \u0110\u00e0 N\u1eb5ng<\/p>\n<p><strong>Th\u1eddi gian phun l\u1eeda:<\/strong> 21:00 th\u1ee9 7, Ch\u1ee7 Nh\u1eadt h\u00e0ng tu\u1ea7n<\/p>\n","protected":false},"excerpt":{"rendered":"<p>C\u1ea7u R\u1ed3ng \u0110\u00e0 N\u1eb5ng l\u00e0 m\u1ed9t trong nh\u1eefng \u0111i\u1ec3m \u0111\u1ebfn kh\u00f4ng th\u1ec3 b\u1ecf qua. T\u1edbi \u0111\u00e2y, b\u1ea1n kh\u00f4ng ch\u1ec9 \u0111\u01b0\u1ee3c chi\u00eam ng\u01b0\u1ee1ng khung c\u1ea3nh tuy\u1ec7t \u0111\u1eb9p c\u1ee7a d\u00f2ng s\u00f4ng H\u00e0n, m\u00e0 c\u00f2n c\u00f3 c\u01a1 h\u1ed9i th\u01b0\u1edfng th\u1ee9c nh\u1eefng m\u00e0n tr\u00ecnh di\u1ec5n ph\u00e1o hoa ho\u00e0nh tr\u00e1ng. C\u00f3 th\u1ec3 b\u1ea1n ch\u01b0a bi\u1ebft, c\u1ea7u R\u1ed3ng c\u00f3 thi\u1ebft k\u1ebf [&hellip;]<\/p>\n","protected":false},"author":90,"featured_media":0,"parent":130,"menu_order":0,"comment_status":"closed","ping_status":"closed","template":"","meta":{"footnotes":""},"categories":[15],"yoast_head":"<!-- This site is optimized with the Yoast SEO plugin v22.3 - https:\/\/yoast.com\/wordpress\/plugins\/seo\/ -->\n<title>C\u1ea7u R\u1ed3ng - Holiday Beach Hotel Danang<\/title>\n<meta name=\"description\" content=\"C\u1ea7u R\u1ed3ng \u0110\u00e0 N\u1eb5ng l\u00e0 m\u1ed9t trong nh\u1eefng \u0111i\u1ec3m \u0111\u1ebfn kh\u00f4ng th\u1ec3 b\u1ecf qua. T\u1edbi \u0111\u00e2y, b\u1ea1n kh\u00f4ng ch\u1ec9 \u0111\u01b0\u1ee3c chi\u00eam ng\u01b0\u1ee1ng khung c\u1ea3nh tuy\u1ec7t \u0111\u1eb9p c\u1ee7a d\u00f2ng s\u00f4ng H\u00e0n, m\u00e0 c\u00f2n c\u00f3 c\u01a1 h\u1ed9i th\u01b0\u1edfng th\u1ee9c nh\u1eefng m\u00e0n tr\u00ecnh di\u1ec5n ph\u00e1o hoa ho\u00e0nh tr\u00e1ng.\" \/>\n<meta name=\"robots\" content=\"index, follow, max-snippet:-1, max-image-preview:large, max-video-preview:-1\" \/>\n<link rel=\"canonical\" href=\"https:\/\/holidaybeachdanang.com\/vi\/blog-news\/dragon-bridge\/\" \/>\n<meta property=\"og:locale\" content=\"vi_VN\" \/>\n<meta property=\"og:type\" content=\"article\" \/>\n<meta property=\"og:title\" content=\"C\u1ea7u R\u1ed3ng - Holiday Beach Hotel Danang\" \/>\n<meta property=\"og:description\" content=\"C\u1ea7u R\u1ed3ng \u0110\u00e0 N\u1eb5ng l\u00e0 m\u1ed9t trong nh\u1eefng \u0111i\u1ec3m \u0111\u1ebfn kh\u00f4ng th\u1ec3 b\u1ecf qua. T\u1edbi \u0111\u00e2y, b\u1ea1n kh\u00f4ng ch\u1ec9 \u0111\u01b0\u1ee3c chi\u00eam ng\u01b0\u1ee1ng khung c\u1ea3nh tuy\u1ec7t \u0111\u1eb9p c\u1ee7a d\u00f2ng s\u00f4ng H\u00e0n, m\u00e0 c\u00f2n c\u00f3 c\u01a1 h\u1ed9i th\u01b0\u1edfng th\u1ee9c nh\u1eefng m\u00e0n tr\u00ecnh di\u1ec5n ph\u00e1o hoa ho\u00e0nh tr\u00e1ng.\" \/>\n<meta property=\"og:url\" content=\"https:\/\/holidaybeachdanang.com\/vi\/blog-news\/dragon-bridge\/\" \/>\n<meta property=\"og:site_name\" content=\"Holiday Beach Hotel Danang\" \/>\n<meta property=\"article:modified_time\" content=\"2026-03-13T03:36:25+00:00\" \/>\n<meta name=\"twitter:card\" content=\"summary_large_image\" \/>\n<meta name=\"twitter:label1\" content=\"Est. reading time\" \/>\n\t<meta name=\"twitter:data1\" content=\"2 minutes\" \/>\n<script type=\"application\/ld+json\" class=\"yoast-schema-graph\">{\"@context\":\"https:\/\/schema.org\",\"@graph\":[{\"@type\":\"WebPage\",\"@id\":\"https:\/\/holidaybeachdanang.com\/vi\/blog-news\/dragon-bridge\/\",\"url\":\"https:\/\/holidaybeachdanang.com\/vi\/blog-news\/dragon-bridge\/\",\"name\":\"C\u1ea7u R\u1ed3ng - Holiday Beach Hotel Danang\",\"isPartOf\":{\"@id\":\"https:\/\/holidaybeachdanang.com\/vi\/#website\"},\"datePublished\":\"2025-12-01T05:24:59+00:00\",\"dateModified\":\"2026-03-13T03:36:25+00:00\",\"description\":\"C\u1ea7u R\u1ed3ng \u0110\u00e0 N\u1eb5ng l\u00e0 m\u1ed9t trong nh\u1eefng \u0111i\u1ec3m \u0111\u1ebfn kh\u00f4ng th\u1ec3 b\u1ecf qua. T\u1edbi \u0111\u00e2y, b\u1ea1n kh\u00f4ng ch\u1ec9 \u0111\u01b0\u1ee3c chi\u00eam ng\u01b0\u1ee1ng khung c\u1ea3nh tuy\u1ec7t \u0111\u1eb9p c\u1ee7a d\u00f2ng s\u00f4ng H\u00e0n, m\u00e0 c\u00f2n c\u00f3 c\u01a1 h\u1ed9i th\u01b0\u1edfng th\u1ee9c nh\u1eefng m\u00e0n tr\u00ecnh di\u1ec5n ph\u00e1o hoa ho\u00e0nh tr\u00e1ng.\",\"breadcrumb\":{\"@id\":\"https:\/\/holidaybeachdanang.com\/vi\/blog-news\/dragon-bridge\/#breadcrumb\"},\"inLanguage\":\"vi-VN\",\"potentialAction\":[{\"@type\":\"ReadAction\",\"target\":[\"https:\/\/holidaybeachdanang.com\/vi\/blog-news\/dragon-bridge\/\"]}]},{\"@type\":\"BreadcrumbList\",\"@id\":\"https:\/\/holidaybeachdanang.com\/vi\/blog-news\/dragon-bridge\/#breadcrumb\",\"itemListElement\":[{\"@type\":\"ListItem\",\"position\":1,\"name\":\"Home\",\"item\":\"https:\/\/holidaybeachdanang.com\/vi\/\"},{\"@type\":\"ListItem\",\"position\":2,\"name\":\"Blog &#038; Tin t\u1ee9c\",\"item\":\"https:\/\/holidaybeachdanang.com\/vi\/blog-news\/\"},{\"@type\":\"ListItem\",\"position\":3,\"name\":\"C\u1ea7u R\u1ed3ng\"}]},{\"@type\":\"WebSite\",\"@id\":\"https:\/\/holidaybeachdanang.com\/vi\/#website\",\"url\":\"https:\/\/holidaybeachdanang.com\/vi\/\",\"name\":\"Holiday Beach Hotel Danang\",\"description\":\"\",\"potentialAction\":[{\"@type\":\"SearchAction\",\"target\":{\"@type\":\"EntryPoint\",\"urlTemplate\":\"https:\/\/holidaybeachdanang.com\/vi\/?s={search_term_string}\"},\"query-input\":\"required name=search_term_string\"}],\"inLanguage\":\"vi-VN\"}]}<\/script>\n<!-- \/ Yoast SEO plugin. -->","yoast_head_json":{"title":"C\u1ea7u R\u1ed3ng - Holiday Beach Hotel Danang","description":"C\u1ea7u R\u1ed3ng \u0110\u00e0 N\u1eb5ng l\u00e0 m\u1ed9t trong nh\u1eefng \u0111i\u1ec3m \u0111\u1ebfn kh\u00f4ng th\u1ec3 b\u1ecf qua. T\u1edbi \u0111\u00e2y, b\u1ea1n kh\u00f4ng ch\u1ec9 \u0111\u01b0\u1ee3c chi\u00eam ng\u01b0\u1ee1ng khung c\u1ea3nh tuy\u1ec7t \u0111\u1eb9p c\u1ee7a d\u00f2ng s\u00f4ng H\u00e0n, m\u00e0 c\u00f2n c\u00f3 c\u01a1 h\u1ed9i th\u01b0\u1edfng th\u1ee9c nh\u1eefng m\u00e0n tr\u00ecnh di\u1ec5n ph\u00e1o hoa ho\u00e0nh tr\u00e1ng.","robots":{"index":"index","follow":"follow","max-snippet":"max-snippet:-1","max-image-preview":"max-image-preview:large","max-video-preview":"max-video-preview:-1"},"canonical":"https:\/\/holidaybeachdanang.com\/vi\/blog-news\/dragon-bridge\/","og_locale":"vi_VN","og_type":"article","og_title":"C\u1ea7u R\u1ed3ng - Holiday Beach Hotel Danang","og_description":"C\u1ea7u R\u1ed3ng \u0110\u00e0 N\u1eb5ng l\u00e0 m\u1ed9t trong nh\u1eefng \u0111i\u1ec3m \u0111\u1ebfn kh\u00f4ng th\u1ec3 b\u1ecf qua. T\u1edbi \u0111\u00e2y, b\u1ea1n kh\u00f4ng ch\u1ec9 \u0111\u01b0\u1ee3c chi\u00eam ng\u01b0\u1ee1ng khung c\u1ea3nh tuy\u1ec7t \u0111\u1eb9p c\u1ee7a d\u00f2ng s\u00f4ng H\u00e0n, m\u00e0 c\u00f2n c\u00f3 c\u01a1 h\u1ed9i th\u01b0\u1edfng th\u1ee9c nh\u1eefng m\u00e0n tr\u00ecnh di\u1ec5n ph\u00e1o hoa ho\u00e0nh tr\u00e1ng.","og_url":"https:\/\/holidaybeachdanang.com\/vi\/blog-news\/dragon-bridge\/","og_site_name":"Holiday Beach Hotel Danang","article_modified_time":"2026-03-13T03:36:25+00:00","twitter_card":"summary_large_image","twitter_misc":{"Est. reading time":"2 minutes"},"schema":{"@context":"https:\/\/schema.org","@graph":[{"@type":"WebPage","@id":"https:\/\/holidaybeachdanang.com\/vi\/blog-news\/dragon-bridge\/","url":"https:\/\/holidaybeachdanang.com\/vi\/blog-news\/dragon-bridge\/","name":"C\u1ea7u R\u1ed3ng - Holiday Beach Hotel Danang","isPartOf":{"@id":"https:\/\/holidaybeachdanang.com\/vi\/#website"},"datePublished":"2025-12-01T05:24:59+00:00","dateModified":"2026-03-13T03:36:25+00:00","description":"C\u1ea7u R\u1ed3ng \u0110\u00e0 N\u1eb5ng l\u00e0 m\u1ed9t trong nh\u1eefng \u0111i\u1ec3m \u0111\u1ebfn kh\u00f4ng th\u1ec3 b\u1ecf qua. T\u1edbi \u0111\u00e2y, b\u1ea1n kh\u00f4ng ch\u1ec9 \u0111\u01b0\u1ee3c chi\u00eam ng\u01b0\u1ee1ng khung c\u1ea3nh tuy\u1ec7t \u0111\u1eb9p c\u1ee7a d\u00f2ng s\u00f4ng H\u00e0n, m\u00e0 c\u00f2n c\u00f3 c\u01a1 h\u1ed9i th\u01b0\u1edfng th\u1ee9c nh\u1eefng m\u00e0n tr\u00ecnh di\u1ec5n ph\u00e1o hoa ho\u00e0nh tr\u00e1ng.","breadcrumb":{"@id":"https:\/\/holidaybeachdanang.com\/vi\/blog-news\/dragon-bridge\/#breadcrumb"},"inLanguage":"vi-VN","potentialAction":[{"@type":"ReadAction","target":["https:\/\/holidaybeachdanang.com\/vi\/blog-news\/dragon-bridge\/"]}]},{"@type":"BreadcrumbList","@id":"https:\/\/holidaybeachdanang.com\/vi\/blog-news\/dragon-bridge\/#breadcrumb","itemListElement":[{"@type":"ListItem","position":1,"name":"Home","item":"https:\/\/holidaybeachdanang.com\/vi\/"},{"@type":"ListItem","position":2,"name":"Blog &#038; Tin t\u1ee9c","item":"https:\/\/holidaybeachdanang.com\/vi\/blog-news\/"},{"@type":"ListItem","position":3,"name":"C\u1ea7u R\u1ed3ng"}]},{"@type":"WebSite","@id":"https:\/\/holidaybeachdanang.com\/vi\/#website","url":"https:\/\/holidaybeachdanang.com\/vi\/","name":"Holiday Beach Hotel Danang","description":"","potentialAction":[{"@type":"SearchAction","target":{"@type":"EntryPoint","urlTemplate":"https:\/\/holidaybeachdanang.com\/vi\/?s={search_term_string}"},"query-input":"required name=search_term_string"}],"inLanguage":"vi-VN"}]}},"acf":[],"_links":{"self":[{"href":"https:\/\/holidaybeachdanang.com\/vi\/wp-json\/wp\/v2\/pages\/131"}],"collection":[{"href":"https:\/\/holidaybeachdanang.com\/vi\/wp-json\/wp\/v2\/pages"}],"about":[{"href":"https:\/\/holidaybeachdanang.com\/vi\/wp-json\/wp\/v2\/types\/page"}],"author":[{"embeddable":true,"href":"https:\/\/holidaybeachdanang.com\/vi\/wp-json\/wp\/v2\/users\/90"}],"replies":[{"embeddable":true,"href":"https:\/\/holidaybeachdanang.com\/vi\/wp-json\/wp\/v2\/comments?post=131"}],"version-history":[{"count":0,"href":"https:\/\/holidaybeachdanang.com\/vi\/wp-json\/wp\/v2\/pages\/131\/revisions"}],"up":[{"embeddable":true,"href":"https:\/\/holidaybeachdanang.com\/vi\/wp-json\/wp\/v2\/pages\/130"}],"wp:attachment":[{"href":"https:\/\/holidaybeachdanang.com\/vi\/wp-json\/wp\/v2\/media?parent=131"}],"wp:term":[{"taxonomy":"category","embeddable":true,"href":"https:\/\/holidaybeachdanang.com\/vi\/wp-json\/wp\/v2\/categories?post=131"}],"curies":[{"name":"wp","href":"https:\/\/api.w.org\/{rel}","templated":true}]}}