{"id":130,"date":"2026-01-30T18:57:06","date_gmt":"2026-01-30T10:57:06","guid":{"rendered":"https:\/\/holidaybeachdanang.ms2.decms.asia\/blog-news\/"},"modified":"2026-03-13T11:36:11","modified_gmt":"2026-03-13T03:36:11","slug":"blog-news","status":"publish","type":"page","link":"https:\/\/holidaybeachdanang.com\/vi\/blog-news\/","title":{"rendered":"Blog &#038; Tin t\u1ee9c"},"content":{"rendered":"","protected":false},"excerpt":{"rendered":"","protected":false},"author":90,"featured_media":0,"parent":0,"menu_order":0,"comment_status":"closed","ping_status":"closed","template":"template-default-2.php","meta":{"footnotes":""},"categories":[],"yoast_head":"<!-- This site is optimized with the Yoast SEO plugin v22.3 - https:\/\/yoast.com\/wordpress\/plugins\/seo\/ -->\n<title>Blog - Holiday Beach Hotel Danang<\/title>\n<meta name=\"description\" content=\"Thu h\u00fat b\u1edfi bi\u1ec3n c\u1ea3 quy\u1ebfn r\u0169, gi\u00f3 m\u00e1t \u0111\u1ea1i d\u01b0\u01a1ng, v\u00e0 r\u1ea5t nhi\u1ec1u \u0111i\u1ec1u ch\u1edd \u0111\u01b0\u1ee3c kh\u00e1m ph\u00e1\" \/>\n<meta name=\"robots\" content=\"index, follow, max-snippet:-1, max-image-preview:large, max-video-preview:-1\" \/>\n<link rel=\"canonical\" href=\"https:\/\/holidaybeachdanang.com\/vi\/blog-news\/\" \/>\n<meta property=\"og:locale\" content=\"vi_VN\" \/>\n<meta property=\"og:type\" content=\"article\" \/>\n<meta property=\"og:title\" content=\"Blog - Holiday Beach Hotel Danang\" \/>\n<meta property=\"og:description\" content=\"Thu h\u00fat b\u1edfi bi\u1ec3n c\u1ea3 quy\u1ebfn r\u0169, gi\u00f3 m\u00e1t \u0111\u1ea1i d\u01b0\u01a1ng, v\u00e0 r\u1ea5t nhi\u1ec1u \u0111i\u1ec1u ch\u1edd \u0111\u01b0\u1ee3c kh\u00e1m ph\u00e1\" \/>\n<meta property=\"og:url\" content=\"https:\/\/holidaybeachdanang.com\/vi\/blog-news\/\" \/>\n<meta property=\"og:site_name\" content=\"Holiday Beach Hotel Danang\" \/>\n<meta property=\"article:modified_time\" content=\"2026-03-13T03:36:11+00:00\" \/>\n<meta name=\"twitter:card\" content=\"summary_large_image\" \/>\n<script type=\"application\/ld+json\" class=\"yoast-schema-graph\">{\"@context\":\"https:\/\/schema.org\",\"@graph\":[{\"@type\":\"WebPage\",\"@id\":\"https:\/\/holidaybeachdanang.com\/vi\/blog-news\/\",\"url\":\"https:\/\/holidaybeachdanang.com\/vi\/blog-news\/\",\"name\":\"Blog - Holiday Beach Hotel Danang\",\"isPartOf\":{\"@id\":\"https:\/\/holidaybeachdanang.com\/vi\/#website\"},\"datePublished\":\"2026-01-30T10:57:06+00:00\",\"dateModified\":\"2026-03-13T03:36:11+00:00\",\"description\":\"Thu h\u00fat b\u1edfi bi\u1ec3n c\u1ea3 quy\u1ebfn r\u0169, gi\u00f3 m\u00e1t \u0111\u1ea1i d\u01b0\u01a1ng, v\u00e0 r\u1ea5t nhi\u1ec1u \u0111i\u1ec1u ch\u1edd \u0111\u01b0\u1ee3c kh\u00e1m ph\u00e1\",\"breadcrumb\":{\"@id\":\"https:\/\/holidaybeachdanang.com\/vi\/blog-news\/#breadcrumb\"},\"inLanguage\":\"vi-VN\",\"potentialAction\":[{\"@type\":\"ReadAction\",\"target\":[\"https:\/\/holidaybeachdanang.com\/vi\/blog-news\/\"]}]},{\"@type\":\"BreadcrumbList\",\"@id\":\"https:\/\/holidaybeachdanang.com\/vi\/blog-news\/#breadcrumb\",\"itemListElement\":[{\"@type\":\"ListItem\",\"position\":1,\"name\":\"Home\",\"item\":\"https:\/\/holidaybeachdanang.com\/vi\/\"},{\"@type\":\"ListItem\",\"position\":2,\"name\":\"Blog &#038; Tin t\u1ee9c\"}]},{\"@type\":\"WebSite\",\"@id\":\"https:\/\/holidaybeachdanang.com\/vi\/#website\",\"url\":\"https:\/\/holidaybeachdanang.com\/vi\/\",\"name\":\"Holiday Beach Hotel Danang\",\"description\":\"\",\"potentialAction\":[{\"@type\":\"SearchAction\",\"target\":{\"@type\":\"EntryPoint\",\"urlTemplate\":\"https:\/\/holidaybeachdanang.com\/vi\/?s={search_term_string}\"},\"query-input\":\"required name=search_term_string\"}],\"inLanguage\":\"vi-VN\"}]}<\/script>\n<!-- \/ Yoast SEO plugin. -->","yoast_head_json":{"title":"Blog - Holiday Beach Hotel Danang","description":"Thu h\u00fat b\u1edfi bi\u1ec3n c\u1ea3 quy\u1ebfn r\u0169, gi\u00f3 m\u00e1t \u0111\u1ea1i d\u01b0\u01a1ng, v\u00e0 r\u1ea5t nhi\u1ec1u \u0111i\u1ec1u ch\u1edd \u0111\u01b0\u1ee3c kh\u00e1m ph\u00e1","robots":{"index":"index","follow":"follow","max-snippet":"max-snippet:-1","max-image-preview":"max-image-preview:large","max-video-preview":"max-video-preview:-1"},"canonical":"https:\/\/holidaybeachdanang.com\/vi\/blog-news\/","og_locale":"vi_VN","og_type":"article","og_title":"Blog - Holiday Beach Hotel Danang","og_description":"Thu h\u00fat b\u1edfi bi\u1ec3n c\u1ea3 quy\u1ebfn r\u0169, gi\u00f3 m\u00e1t \u0111\u1ea1i d\u01b0\u01a1ng, v\u00e0 r\u1ea5t nhi\u1ec1u \u0111i\u1ec1u ch\u1edd \u0111\u01b0\u1ee3c kh\u00e1m ph\u00e1","og_url":"https:\/\/holidaybeachdanang.com\/vi\/blog-news\/","og_site_name":"Holiday Beach Hotel Danang","article_modified_time":"2026-03-13T03:36:11+00:00","twitter_card":"summary_large_image","schema":{"@context":"https:\/\/schema.org","@graph":[{"@type":"WebPage","@id":"https:\/\/holidaybeachdanang.com\/vi\/blog-news\/","url":"https:\/\/holidaybeachdanang.com\/vi\/blog-news\/","name":"Blog - Holiday Beach Hotel Danang","isPartOf":{"@id":"https:\/\/holidaybeachdanang.com\/vi\/#website"},"datePublished":"2026-01-30T10:57:06+00:00","dateModified":"2026-03-13T03:36:11+00:00","description":"Thu h\u00fat b\u1edfi bi\u1ec3n c\u1ea3 quy\u1ebfn r\u0169, gi\u00f3 m\u00e1t \u0111\u1ea1i d\u01b0\u01a1ng, v\u00e0 r\u1ea5t nhi\u1ec1u \u0111i\u1ec1u ch\u1edd \u0111\u01b0\u1ee3c kh\u00e1m ph\u00e1","breadcrumb":{"@id":"https:\/\/holidaybeachdanang.com\/vi\/blog-news\/#breadcrumb"},"inLanguage":"vi-VN","potentialAction":[{"@type":"ReadAction","target":["https:\/\/holidaybeachdanang.com\/vi\/blog-news\/"]}]},{"@type":"BreadcrumbList","@id":"https:\/\/holidaybeachdanang.com\/vi\/blog-news\/#breadcrumb","itemListElement":[{"@type":"ListItem","position":1,"name":"Home","item":"https:\/\/holidaybeachdanang.com\/vi\/"},{"@type":"ListItem","position":2,"name":"Blog &#038; Tin t\u1ee9c"}]},{"@type":"WebSite","@id":"https:\/\/holidaybeachdanang.com\/vi\/#website","url":"https:\/\/holidaybeachdanang.com\/vi\/","name":"Holiday Beach Hotel Danang","description":"","potentialAction":[{"@type":"SearchAction","target":{"@type":"EntryPoint","urlTemplate":"https:\/\/holidaybeachdanang.com\/vi\/?s={search_term_string}"},"query-input":"required name=search_term_string"}],"inLanguage":"vi-VN"}]}},"acf":[],"_links":{"self":[{"href":"https:\/\/holidaybeachdanang.com\/vi\/wp-json\/wp\/v2\/pages\/130"}],"collection":[{"href":"https:\/\/holidaybeachdanang.com\/vi\/wp-json\/wp\/v2\/pages"}],"about":[{"href":"https:\/\/holidaybeachdanang.com\/vi\/wp-json\/wp\/v2\/types\/page"}],"author":[{"embeddable":true,"href":"https:\/\/holidaybeachdanang.com\/vi\/wp-json\/wp\/v2\/users\/90"}],"replies":[{"embeddable":true,"href":"https:\/\/holidaybeachdanang.com\/vi\/wp-json\/wp\/v2\/comments?post=130"}],"version-history":[{"count":0,"href":"https:\/\/holidaybeachdanang.com\/vi\/wp-json\/wp\/v2\/pages\/130\/revisions"}],"wp:attachment":[{"href":"https:\/\/holidaybeachdanang.com\/vi\/wp-json\/wp\/v2\/media?parent=130"}],"wp:term":[{"taxonomy":"category","embeddable":true,"href":"https:\/\/holidaybeachdanang.com\/vi\/wp-json\/wp\/v2\/categories?post=130"}],"curies":[{"name":"wp","href":"https:\/\/api.w.org\/{rel}","templated":true}]}}