{"id":128,"date":"2026-01-30T18:44:54","date_gmt":"2026-01-30T10:44:54","guid":{"rendered":"https:\/\/holidaybeachdanang.ms2.decms.asia\/offers\/"},"modified":"2026-02-03T11:14:47","modified_gmt":"2026-02-03T03:14:47","slug":"offers","status":"publish","type":"page","link":"https:\/\/holidaybeachdanang.com\/vi\/offers\/","title":{"rendered":"\u01afu \u0111\u00e3i"},"content":{"rendered":"<p>Kh\u00e1m ph\u00e1 nh\u1eefng \u01b0u \u0111\u00e3i \u0111\u1eb7c bi\u1ec7t \u0111\u01b0\u1ee3c thi\u1ebft k\u1ebf \u0111\u1ec3 n\u00e2ng t\u1ea7m k\u1ef3 ngh\u1ec9 c\u1ee7a b\u1ea1n t\u1ea1i Holiday Beach Hotel Danang. T\u1eeb g\u00f3i ngh\u1ec9 d\u01b0\u1ee1ng h\u1ea5p d\u1eabn \u0111\u1ebfn ch\u01b0\u01a1ng tr\u00ecnh \u1ea9m th\u1ef1c v\u00e0 spa \u01b0u \u0111\u00e3i theo m\u00f9a &#8211; h\u00e3y t\u1eadn h\u01b0\u1edfng nhi\u1ec1u l\u1ef1a ch\u1ecdn gi\u00e1 tr\u1ecb d\u00e0nh ri\u00eang cho b\u1ea1n.<\/p>\n","protected":false},"excerpt":{"rendered":"<p>Kh\u00e1m ph\u00e1 nh\u1eefng \u01b0u \u0111\u00e3i \u0111\u1eb7c bi\u1ec7t \u0111\u01b0\u1ee3c thi\u1ebft k\u1ebf \u0111\u1ec3 n\u00e2ng t\u1ea7m k\u1ef3 ngh\u1ec9 c\u1ee7a b\u1ea1n t\u1ea1i Holiday Beach Hotel Danang. T\u1eeb g\u00f3i ngh\u1ec9 d\u01b0\u1ee1ng h\u1ea5p d\u1eabn \u0111\u1ebfn ch\u01b0\u01a1ng tr\u00ecnh \u1ea9m th\u1ef1c v\u00e0 spa \u01b0u \u0111\u00e3i theo m\u00f9a &#8211; h\u00e3y t\u1eadn h\u01b0\u1edfng nhi\u1ec1u l\u1ef1a ch\u1ecdn gi\u00e1 tr\u1ecb d\u00e0nh ri\u00eang cho b\u1ea1n.<\/p>\n","protected":false},"author":90,"featured_media":0,"parent":0,"menu_order":0,"comment_status":"closed","ping_status":"closed","template":"template-offers.php","meta":{"footnotes":""},"categories":[],"yoast_head":"<!-- This site is optimized with the Yoast SEO plugin v22.3 - https:\/\/yoast.com\/wordpress\/plugins\/seo\/ -->\n<title>\u01afu \u0111\u00e3i - Holiday Beach Hotel Danang<\/title>\n<meta name=\"description\" content=\"Kh\u00e1m ph\u00e1 nh\u1eefng \u01b0u \u0111\u00e3i \u0111\u1eb7c bi\u1ec7t \u0111\u01b0\u1ee3c thi\u1ebft k\u1ebf \u0111\u1ec3 n\u00e2ng t\u1ea7m k\u1ef3 ngh\u1ec9 c\u1ee7a b\u1ea1n t\u1ea1i Holiday Beach Hotel Danang. T\u1eeb g\u00f3i ngh\u1ec9 d\u01b0\u1ee1ng h\u1ea5p d\u1eabn \u0111\u1ebfn ch\u01b0\u01a1ng tr\u00ecnh \u1ea9m th\u1ef1c v\u00e0 spa \u01b0u \u0111\u00e3i theo m\u00f9a - h\u00e3y t\u1eadn h\u01b0\u1edfng nhi\u1ec1u l\u1ef1a ch\u1ecdn gi\u00e1 tr\u1ecb d\u00e0nh ri\u00eang cho b\u1ea1n.\" \/>\n<meta name=\"robots\" content=\"index, follow, max-snippet:-1, max-image-preview:large, max-video-preview:-1\" \/>\n<link rel=\"canonical\" href=\"https:\/\/holidaybeachdanang.com\/vi\/offers\/\" \/>\n<meta property=\"og:locale\" content=\"vi_VN\" \/>\n<meta property=\"og:type\" content=\"article\" \/>\n<meta property=\"og:title\" content=\"\u01afu \u0111\u00e3i - Holiday Beach Hotel Danang\" \/>\n<meta property=\"og:description\" content=\"Kh\u00e1m ph\u00e1 nh\u1eefng \u01b0u \u0111\u00e3i \u0111\u1eb7c bi\u1ec7t \u0111\u01b0\u1ee3c thi\u1ebft k\u1ebf \u0111\u1ec3 n\u00e2ng t\u1ea7m k\u1ef3 ngh\u1ec9 c\u1ee7a b\u1ea1n t\u1ea1i Holiday Beach Hotel Danang. T\u1eeb g\u00f3i ngh\u1ec9 d\u01b0\u1ee1ng h\u1ea5p d\u1eabn \u0111\u1ebfn ch\u01b0\u01a1ng tr\u00ecnh \u1ea9m th\u1ef1c v\u00e0 spa \u01b0u \u0111\u00e3i theo m\u00f9a - h\u00e3y t\u1eadn h\u01b0\u1edfng nhi\u1ec1u l\u1ef1a ch\u1ecdn gi\u00e1 tr\u1ecb d\u00e0nh ri\u00eang cho b\u1ea1n.\" \/>\n<meta property=\"og:url\" content=\"https:\/\/holidaybeachdanang.com\/vi\/offers\/\" \/>\n<meta property=\"og:site_name\" content=\"Holiday Beach Hotel Danang\" \/>\n<meta property=\"article:modified_time\" content=\"2026-02-03T03:14:47+00:00\" \/>\n<meta name=\"twitter:card\" content=\"summary_large_image\" \/>\n<meta name=\"twitter:label1\" content=\"Est. reading time\" \/>\n\t<meta name=\"twitter:data1\" content=\"1 minute\" \/>\n<script type=\"application\/ld+json\" class=\"yoast-schema-graph\">{\"@context\":\"https:\/\/schema.org\",\"@graph\":[{\"@type\":\"WebPage\",\"@id\":\"https:\/\/holidaybeachdanang.com\/vi\/offers\/\",\"url\":\"https:\/\/holidaybeachdanang.com\/vi\/offers\/\",\"name\":\"\u01afu \u0111\u00e3i - Holiday Beach Hotel Danang\",\"isPartOf\":{\"@id\":\"https:\/\/holidaybeachdanang.com\/vi\/#website\"},\"datePublished\":\"2026-01-30T10:44:54+00:00\",\"dateModified\":\"2026-02-03T03:14:47+00:00\",\"description\":\"Kh\u00e1m ph\u00e1 nh\u1eefng \u01b0u \u0111\u00e3i \u0111\u1eb7c bi\u1ec7t \u0111\u01b0\u1ee3c thi\u1ebft k\u1ebf \u0111\u1ec3 n\u00e2ng t\u1ea7m k\u1ef3 ngh\u1ec9 c\u1ee7a b\u1ea1n t\u1ea1i Holiday Beach Hotel Danang. T\u1eeb g\u00f3i ngh\u1ec9 d\u01b0\u1ee1ng h\u1ea5p d\u1eabn \u0111\u1ebfn ch\u01b0\u01a1ng tr\u00ecnh \u1ea9m th\u1ef1c v\u00e0 spa \u01b0u \u0111\u00e3i theo m\u00f9a - h\u00e3y t\u1eadn h\u01b0\u1edfng nhi\u1ec1u l\u1ef1a ch\u1ecdn gi\u00e1 tr\u1ecb d\u00e0nh ri\u00eang cho b\u1ea1n.\",\"breadcrumb\":{\"@id\":\"https:\/\/holidaybeachdanang.com\/vi\/offers\/#breadcrumb\"},\"inLanguage\":\"vi-VN\",\"potentialAction\":[{\"@type\":\"ReadAction\",\"target\":[\"https:\/\/holidaybeachdanang.com\/vi\/offers\/\"]}]},{\"@type\":\"BreadcrumbList\",\"@id\":\"https:\/\/holidaybeachdanang.com\/vi\/offers\/#breadcrumb\",\"itemListElement\":[{\"@type\":\"ListItem\",\"position\":1,\"name\":\"Home\",\"item\":\"https:\/\/holidaybeachdanang.com\/vi\/\"},{\"@type\":\"ListItem\",\"position\":2,\"name\":\"\u01afu \u0111\u00e3i\"}]},{\"@type\":\"WebSite\",\"@id\":\"https:\/\/holidaybeachdanang.com\/vi\/#website\",\"url\":\"https:\/\/holidaybeachdanang.com\/vi\/\",\"name\":\"Holiday Beach Hotel Danang\",\"description\":\"\",\"potentialAction\":[{\"@type\":\"SearchAction\",\"target\":{\"@type\":\"EntryPoint\",\"urlTemplate\":\"https:\/\/holidaybeachdanang.com\/vi\/?s={search_term_string}\"},\"query-input\":\"required name=search_term_string\"}],\"inLanguage\":\"vi-VN\"}]}<\/script>\n<!-- \/ Yoast SEO plugin. -->","yoast_head_json":{"title":"\u01afu \u0111\u00e3i - Holiday Beach Hotel Danang","description":"Kh\u00e1m ph\u00e1 nh\u1eefng \u01b0u \u0111\u00e3i \u0111\u1eb7c bi\u1ec7t \u0111\u01b0\u1ee3c thi\u1ebft k\u1ebf \u0111\u1ec3 n\u00e2ng t\u1ea7m k\u1ef3 ngh\u1ec9 c\u1ee7a b\u1ea1n t\u1ea1i Holiday Beach Hotel Danang. T\u1eeb g\u00f3i ngh\u1ec9 d\u01b0\u1ee1ng h\u1ea5p d\u1eabn \u0111\u1ebfn ch\u01b0\u01a1ng tr\u00ecnh \u1ea9m th\u1ef1c v\u00e0 spa \u01b0u \u0111\u00e3i theo m\u00f9a - h\u00e3y t\u1eadn h\u01b0\u1edfng nhi\u1ec1u l\u1ef1a ch\u1ecdn gi\u00e1 tr\u1ecb d\u00e0nh ri\u00eang cho b\u1ea1n.","robots":{"index":"index","follow":"follow","max-snippet":"max-snippet:-1","max-image-preview":"max-image-preview:large","max-video-preview":"max-video-preview:-1"},"canonical":"https:\/\/holidaybeachdanang.com\/vi\/offers\/","og_locale":"vi_VN","og_type":"article","og_title":"\u01afu \u0111\u00e3i - Holiday Beach Hotel Danang","og_description":"Kh\u00e1m ph\u00e1 nh\u1eefng \u01b0u \u0111\u00e3i \u0111\u1eb7c bi\u1ec7t \u0111\u01b0\u1ee3c thi\u1ebft k\u1ebf \u0111\u1ec3 n\u00e2ng t\u1ea7m k\u1ef3 ngh\u1ec9 c\u1ee7a b\u1ea1n t\u1ea1i Holiday Beach Hotel Danang. T\u1eeb g\u00f3i ngh\u1ec9 d\u01b0\u1ee1ng h\u1ea5p d\u1eabn \u0111\u1ebfn ch\u01b0\u01a1ng tr\u00ecnh \u1ea9m th\u1ef1c v\u00e0 spa \u01b0u \u0111\u00e3i theo m\u00f9a - h\u00e3y t\u1eadn h\u01b0\u1edfng nhi\u1ec1u l\u1ef1a ch\u1ecdn gi\u00e1 tr\u1ecb d\u00e0nh ri\u00eang cho b\u1ea1n.","og_url":"https:\/\/holidaybeachdanang.com\/vi\/offers\/","og_site_name":"Holiday Beach Hotel Danang","article_modified_time":"2026-02-03T03:14:47+00:00","twitter_card":"summary_large_image","twitter_misc":{"Est. reading time":"1 minute"},"schema":{"@context":"https:\/\/schema.org","@graph":[{"@type":"WebPage","@id":"https:\/\/holidaybeachdanang.com\/vi\/offers\/","url":"https:\/\/holidaybeachdanang.com\/vi\/offers\/","name":"\u01afu \u0111\u00e3i - Holiday Beach Hotel Danang","isPartOf":{"@id":"https:\/\/holidaybeachdanang.com\/vi\/#website"},"datePublished":"2026-01-30T10:44:54+00:00","dateModified":"2026-02-03T03:14:47+00:00","description":"Kh\u00e1m ph\u00e1 nh\u1eefng \u01b0u \u0111\u00e3i \u0111\u1eb7c bi\u1ec7t \u0111\u01b0\u1ee3c thi\u1ebft k\u1ebf \u0111\u1ec3 n\u00e2ng t\u1ea7m k\u1ef3 ngh\u1ec9 c\u1ee7a b\u1ea1n t\u1ea1i Holiday Beach Hotel Danang. T\u1eeb g\u00f3i ngh\u1ec9 d\u01b0\u1ee1ng h\u1ea5p d\u1eabn \u0111\u1ebfn ch\u01b0\u01a1ng tr\u00ecnh \u1ea9m th\u1ef1c v\u00e0 spa \u01b0u \u0111\u00e3i theo m\u00f9a - h\u00e3y t\u1eadn h\u01b0\u1edfng nhi\u1ec1u l\u1ef1a ch\u1ecdn gi\u00e1 tr\u1ecb d\u00e0nh ri\u00eang cho b\u1ea1n.","breadcrumb":{"@id":"https:\/\/holidaybeachdanang.com\/vi\/offers\/#breadcrumb"},"inLanguage":"vi-VN","potentialAction":[{"@type":"ReadAction","target":["https:\/\/holidaybeachdanang.com\/vi\/offers\/"]}]},{"@type":"BreadcrumbList","@id":"https:\/\/holidaybeachdanang.com\/vi\/offers\/#breadcrumb","itemListElement":[{"@type":"ListItem","position":1,"name":"Home","item":"https:\/\/holidaybeachdanang.com\/vi\/"},{"@type":"ListItem","position":2,"name":"\u01afu \u0111\u00e3i"}]},{"@type":"WebSite","@id":"https:\/\/holidaybeachdanang.com\/vi\/#website","url":"https:\/\/holidaybeachdanang.com\/vi\/","name":"Holiday Beach Hotel Danang","description":"","potentialAction":[{"@type":"SearchAction","target":{"@type":"EntryPoint","urlTemplate":"https:\/\/holidaybeachdanang.com\/vi\/?s={search_term_string}"},"query-input":"required name=search_term_string"}],"inLanguage":"vi-VN"}]}},"acf":[],"_links":{"self":[{"href":"https:\/\/holidaybeachdanang.com\/vi\/wp-json\/wp\/v2\/pages\/128"}],"collection":[{"href":"https:\/\/holidaybeachdanang.com\/vi\/wp-json\/wp\/v2\/pages"}],"about":[{"href":"https:\/\/holidaybeachdanang.com\/vi\/wp-json\/wp\/v2\/types\/page"}],"author":[{"embeddable":true,"href":"https:\/\/holidaybeachdanang.com\/vi\/wp-json\/wp\/v2\/users\/90"}],"replies":[{"embeddable":true,"href":"https:\/\/holidaybeachdanang.com\/vi\/wp-json\/wp\/v2\/comments?post=128"}],"version-history":[{"count":0,"href":"https:\/\/holidaybeachdanang.com\/vi\/wp-json\/wp\/v2\/pages\/128\/revisions"}],"wp:attachment":[{"href":"https:\/\/holidaybeachdanang.com\/vi\/wp-json\/wp\/v2\/media?parent=128"}],"wp:term":[{"taxonomy":"category","embeddable":true,"href":"https:\/\/holidaybeachdanang.com\/vi\/wp-json\/wp\/v2\/categories?post=128"}],"curies":[{"name":"wp","href":"https:\/\/api.w.org\/{rel}","templated":true}]}}