{"id":127,"date":"2026-01-30T18:43:28","date_gmt":"2026-01-30T10:43:28","guid":{"rendered":"https:\/\/holidaybeachdanang.ms2.decms.asia\/wedding\/"},"modified":"2026-04-08T18:18:59","modified_gmt":"2026-04-08T10:18:59","slug":"wedding","status":"publish","type":"page","link":"https:\/\/holidaybeachdanang.com\/vi\/wedding\/","title":{"rendered":"Ti\u1ec7c C\u01b0\u1edbi"},"content":{"rendered":"<p>\u1ea8n m\u00ecnh tr\u00ean b\u00e3i bi\u1ec3n M\u1ef9 Kh\u00ea ng\u1eadp n\u1eafng, Holiday Beach Hotel Danang l\u00e0 n\u01a1i b\u1eaft \u0111\u1ea7u nh\u1eefng c\u00e2u chuy\u1ec7n t\u00ecnh y\u00eau kh\u00f3 qu\u00ean. C\u00e1c kh\u00f4ng gian c\u1ee7a ch\u00fang t\u00f4i k\u1ebft h\u1ee3p v\u1ebb \u0111\u1eb9p t\u1ef1 nhi\u00ean v\u1edbi s\u1ef1 tinh t\u1ebf hi\u1ec7n \u0111\u1ea1i, mang \u0111\u1ebfn nhi\u1ec1u l\u1ef1a ch\u1ecdn ph\u00f9 h\u1ee3p cho t\u1eebng phong c\u00e1ch ti\u1ec7c c\u01b0\u1edbi ri\u00eang bi\u1ec7t.<br \/>\nH\u00e3y t\u01b0\u1edfng t\u01b0\u1ee3ng b\u1ea1n c\u1ea5t l\u1eddi \u201c\u0110\u1ed3ng \u00fd\u201d tr\u00ean b\u00e3i bi\u1ec3n tuy\u1ec7t \u0111\u1eb9p v\u1edbi s\u00f3ng bi\u1ec3n l\u00e0m kh\u00fac nh\u1ea1c n\u1ec1n, ho\u1eb7c t\u1ed5 ch\u1ee9c bu\u1ed5i ti\u1ec7c th\u00e2n m\u1eadt b\u00ean h\u1ed3 b\u01a1i d\u01b0\u1edbi \u00e1nh tr\u0103ng. Kh\u00e1ch s\u1ea1n ch\u1ec9 c\u00e1ch S\u00e2n bay Qu\u1ed1c t\u1ebf \u0110\u00e0 N\u1eb5ng 15 ph\u00fat v\u00e0 g\u1ea7n c\u00e1c di s\u1ea3n n\u1ed5i ti\u1ebfng nh\u01b0 Ph\u1ed1 c\u1ed5 H\u1ed9i An v\u00e0 C\u1ed1 \u0111\u00f4 Hu\u1ebf, mang \u0111\u1ebfn s\u1ef1 h\u00f2a quy\u1ec7n gi\u1eefa n\u00e9t v\u0103n h\u00f3a phong ph\u00fa v\u00e0 d\u1ecbch v\u1ee5 sang tr\u1ecdng hi\u1ec7n \u0111\u1ea1i.<\/p>\n","protected":false},"excerpt":{"rendered":"<p>\u1ea8n m\u00ecnh tr\u00ean b\u00e3i bi\u1ec3n M\u1ef9 Kh\u00ea ng\u1eadp n\u1eafng, Holiday Beach Hotel Danang l\u00e0 n\u01a1i b\u1eaft \u0111\u1ea7u nh\u1eefng c\u00e2u chuy\u1ec7n t\u00ecnh y\u00eau kh\u00f3 qu\u00ean. C\u00e1c kh\u00f4ng gian c\u1ee7a ch\u00fang t\u00f4i k\u1ebft h\u1ee3p v\u1ebb \u0111\u1eb9p t\u1ef1 nhi\u00ean v\u1edbi s\u1ef1 tinh t\u1ebf hi\u1ec7n \u0111\u1ea1i, mang \u0111\u1ebfn nhi\u1ec1u l\u1ef1a ch\u1ecdn ph\u00f9 h\u1ee3p cho t\u1eebng phong c\u00e1ch ti\u1ec7c c\u01b0\u1edbi [&hellip;]<\/p>\n","protected":false},"author":90,"featured_media":0,"parent":0,"menu_order":0,"comment_status":"closed","ping_status":"closed","template":"","meta":{"footnotes":""},"categories":[],"yoast_head":"<!-- This site is optimized with the Yoast SEO plugin v22.3 - https:\/\/yoast.com\/wordpress\/plugins\/seo\/ -->\n<title>Ti\u1ec7c C\u01b0\u1edbi - Holiday Beach Hotel Danang<\/title>\n<meta name=\"robots\" content=\"index, follow, max-snippet:-1, max-image-preview:large, max-video-preview:-1\" \/>\n<link rel=\"canonical\" href=\"https:\/\/holidaybeachdanang.com\/vi\/wedding\/\" \/>\n<meta property=\"og:locale\" content=\"vi_VN\" \/>\n<meta property=\"og:type\" content=\"article\" \/>\n<meta property=\"og:title\" content=\"Ti\u1ec7c C\u01b0\u1edbi - Holiday Beach Hotel Danang\" \/>\n<meta property=\"og:description\" content=\"\u1ea8n m\u00ecnh tr\u00ean b\u00e3i bi\u1ec3n M\u1ef9 Kh\u00ea ng\u1eadp n\u1eafng, Holiday Beach Hotel Danang l\u00e0 n\u01a1i b\u1eaft \u0111\u1ea7u nh\u1eefng c\u00e2u chuy\u1ec7n t\u00ecnh y\u00eau kh\u00f3 qu\u00ean. C\u00e1c kh\u00f4ng gian c\u1ee7a ch\u00fang t\u00f4i k\u1ebft h\u1ee3p v\u1ebb \u0111\u1eb9p t\u1ef1 nhi\u00ean v\u1edbi s\u1ef1 tinh t\u1ebf hi\u1ec7n \u0111\u1ea1i, mang \u0111\u1ebfn nhi\u1ec1u l\u1ef1a ch\u1ecdn ph\u00f9 h\u1ee3p cho t\u1eebng phong c\u00e1ch ti\u1ec7c c\u01b0\u1edbi [&hellip;]\" \/>\n<meta property=\"og:url\" content=\"https:\/\/holidaybeachdanang.com\/vi\/wedding\/\" \/>\n<meta property=\"og:site_name\" content=\"Holiday Beach Hotel Danang\" \/>\n<meta property=\"article:modified_time\" content=\"2026-04-08T10:18:59+00:00\" \/>\n<meta name=\"twitter:card\" content=\"summary_large_image\" \/>\n<meta name=\"twitter:label1\" content=\"Est. reading time\" \/>\n\t<meta name=\"twitter:data1\" content=\"1 minute\" \/>\n<script type=\"application\/ld+json\" class=\"yoast-schema-graph\">{\"@context\":\"https:\/\/schema.org\",\"@graph\":[{\"@type\":\"WebPage\",\"@id\":\"https:\/\/holidaybeachdanang.com\/vi\/wedding\/\",\"url\":\"https:\/\/holidaybeachdanang.com\/vi\/wedding\/\",\"name\":\"Ti\u1ec7c C\u01b0\u1edbi - Holiday Beach Hotel Danang\",\"isPartOf\":{\"@id\":\"https:\/\/holidaybeachdanang.com\/vi\/#website\"},\"datePublished\":\"2026-01-30T10:43:28+00:00\",\"dateModified\":\"2026-04-08T10:18:59+00:00\",\"breadcrumb\":{\"@id\":\"https:\/\/holidaybeachdanang.com\/vi\/wedding\/#breadcrumb\"},\"inLanguage\":\"vi-VN\",\"potentialAction\":[{\"@type\":\"ReadAction\",\"target\":[\"https:\/\/holidaybeachdanang.com\/vi\/wedding\/\"]}]},{\"@type\":\"BreadcrumbList\",\"@id\":\"https:\/\/holidaybeachdanang.com\/vi\/wedding\/#breadcrumb\",\"itemListElement\":[{\"@type\":\"ListItem\",\"position\":1,\"name\":\"Home\",\"item\":\"https:\/\/holidaybeachdanang.com\/vi\/\"},{\"@type\":\"ListItem\",\"position\":2,\"name\":\"Ti\u1ec7c C\u01b0\u1edbi\"}]},{\"@type\":\"WebSite\",\"@id\":\"https:\/\/holidaybeachdanang.com\/vi\/#website\",\"url\":\"https:\/\/holidaybeachdanang.com\/vi\/\",\"name\":\"Holiday Beach Hotel Danang\",\"description\":\"\",\"potentialAction\":[{\"@type\":\"SearchAction\",\"target\":{\"@type\":\"EntryPoint\",\"urlTemplate\":\"https:\/\/holidaybeachdanang.com\/vi\/?s={search_term_string}\"},\"query-input\":\"required name=search_term_string\"}],\"inLanguage\":\"vi-VN\"}]}<\/script>\n<!-- \/ Yoast SEO plugin. -->","yoast_head_json":{"title":"Ti\u1ec7c C\u01b0\u1edbi - Holiday Beach Hotel Danang","robots":{"index":"index","follow":"follow","max-snippet":"max-snippet:-1","max-image-preview":"max-image-preview:large","max-video-preview":"max-video-preview:-1"},"canonical":"https:\/\/holidaybeachdanang.com\/vi\/wedding\/","og_locale":"vi_VN","og_type":"article","og_title":"Ti\u1ec7c C\u01b0\u1edbi - Holiday Beach Hotel Danang","og_description":"\u1ea8n m\u00ecnh tr\u00ean b\u00e3i bi\u1ec3n M\u1ef9 Kh\u00ea ng\u1eadp n\u1eafng, Holiday Beach Hotel Danang l\u00e0 n\u01a1i b\u1eaft \u0111\u1ea7u nh\u1eefng c\u00e2u chuy\u1ec7n t\u00ecnh y\u00eau kh\u00f3 qu\u00ean. C\u00e1c kh\u00f4ng gian c\u1ee7a ch\u00fang t\u00f4i k\u1ebft h\u1ee3p v\u1ebb \u0111\u1eb9p t\u1ef1 nhi\u00ean v\u1edbi s\u1ef1 tinh t\u1ebf hi\u1ec7n \u0111\u1ea1i, mang \u0111\u1ebfn nhi\u1ec1u l\u1ef1a ch\u1ecdn ph\u00f9 h\u1ee3p cho t\u1eebng phong c\u00e1ch ti\u1ec7c c\u01b0\u1edbi [&hellip;]","og_url":"https:\/\/holidaybeachdanang.com\/vi\/wedding\/","og_site_name":"Holiday Beach Hotel Danang","article_modified_time":"2026-04-08T10:18:59+00:00","twitter_card":"summary_large_image","twitter_misc":{"Est. reading time":"1 minute"},"schema":{"@context":"https:\/\/schema.org","@graph":[{"@type":"WebPage","@id":"https:\/\/holidaybeachdanang.com\/vi\/wedding\/","url":"https:\/\/holidaybeachdanang.com\/vi\/wedding\/","name":"Ti\u1ec7c C\u01b0\u1edbi - Holiday Beach Hotel Danang","isPartOf":{"@id":"https:\/\/holidaybeachdanang.com\/vi\/#website"},"datePublished":"2026-01-30T10:43:28+00:00","dateModified":"2026-04-08T10:18:59+00:00","breadcrumb":{"@id":"https:\/\/holidaybeachdanang.com\/vi\/wedding\/#breadcrumb"},"inLanguage":"vi-VN","potentialAction":[{"@type":"ReadAction","target":["https:\/\/holidaybeachdanang.com\/vi\/wedding\/"]}]},{"@type":"BreadcrumbList","@id":"https:\/\/holidaybeachdanang.com\/vi\/wedding\/#breadcrumb","itemListElement":[{"@type":"ListItem","position":1,"name":"Home","item":"https:\/\/holidaybeachdanang.com\/vi\/"},{"@type":"ListItem","position":2,"name":"Ti\u1ec7c C\u01b0\u1edbi"}]},{"@type":"WebSite","@id":"https:\/\/holidaybeachdanang.com\/vi\/#website","url":"https:\/\/holidaybeachdanang.com\/vi\/","name":"Holiday Beach Hotel Danang","description":"","potentialAction":[{"@type":"SearchAction","target":{"@type":"EntryPoint","urlTemplate":"https:\/\/holidaybeachdanang.com\/vi\/?s={search_term_string}"},"query-input":"required name=search_term_string"}],"inLanguage":"vi-VN"}]}},"acf":[],"_links":{"self":[{"href":"https:\/\/holidaybeachdanang.com\/vi\/wp-json\/wp\/v2\/pages\/127"}],"collection":[{"href":"https:\/\/holidaybeachdanang.com\/vi\/wp-json\/wp\/v2\/pages"}],"about":[{"href":"https:\/\/holidaybeachdanang.com\/vi\/wp-json\/wp\/v2\/types\/page"}],"author":[{"embeddable":true,"href":"https:\/\/holidaybeachdanang.com\/vi\/wp-json\/wp\/v2\/users\/90"}],"replies":[{"embeddable":true,"href":"https:\/\/holidaybeachdanang.com\/vi\/wp-json\/wp\/v2\/comments?post=127"}],"version-history":[{"count":0,"href":"https:\/\/holidaybeachdanang.com\/vi\/wp-json\/wp\/v2\/pages\/127\/revisions"}],"wp:attachment":[{"href":"https:\/\/holidaybeachdanang.com\/vi\/wp-json\/wp\/v2\/media?parent=127"}],"wp:term":[{"taxonomy":"category","embeddable":true,"href":"https:\/\/holidaybeachdanang.com\/vi\/wp-json\/wp\/v2\/categories?post=127"}],"curies":[{"name":"wp","href":"https:\/\/api.w.org\/{rel}","templated":true}]}}