{"id":124,"date":"2026-01-30T18:13:37","date_gmt":"2026-01-30T10:13:37","guid":{"rendered":"https:\/\/holidaybeachdanang.ms2.decms.asia\/meeting-event\/"},"modified":"2026-03-13T11:33:43","modified_gmt":"2026-03-13T03:33:43","slug":"meeting-event","status":"publish","type":"page","link":"https:\/\/holidaybeachdanang.com\/vi\/meeting-event\/","title":{"rendered":"H\u1ed9i Ngh\u1ecb &#038; Ti\u1ec7c"},"content":{"rendered":"<p>Kh\u00e1m ph\u00e1 kh\u00f4ng gian s\u1ef1 ki\u1ec7n sang tr\u1ecdng v\u00e0 linh ho\u1ea1t t\u1ea1i Holiday Beach Hotel Danang. V\u1edbi nhi\u1ec1u l\u1ef1a ch\u1ecdn \u0111a d\u1ea1ng nh\u01b0 ph\u00f2ng h\u1ed9i ngh\u1ecb hi\u1ec7n \u0111\u1ea1i, b\u00e3i bi\u1ec3n ri\u00eang th\u01a1 m\u1ed9ng v\u00e0 kh\u00f4ng gian b\u00ean h\u1ed3 b\u01a1i tho\u00e1ng \u0111\u00e3ng, ch\u00fang t\u00f4i cam k\u1ebft mang \u0111\u1ebfn nh\u1eefng tr\u1ea3i nghi\u1ec7m kh\u00f3 qu\u00ean cho m\u1ecdi s\u1ef1 ki\u1ec7n c\u1ee7a qu\u00fd kh\u00e1ch.<\/p>\n","protected":false},"excerpt":{"rendered":"<p>Kh\u00e1m ph\u00e1 kh\u00f4ng gian s\u1ef1 ki\u1ec7n sang tr\u1ecdng v\u00e0 linh ho\u1ea1t t\u1ea1i Holiday Beach Hotel Danang. V\u1edbi nhi\u1ec1u l\u1ef1a ch\u1ecdn \u0111a d\u1ea1ng nh\u01b0 ph\u00f2ng h\u1ed9i ngh\u1ecb hi\u1ec7n \u0111\u1ea1i, b\u00e3i bi\u1ec3n ri\u00eang th\u01a1 m\u1ed9ng v\u00e0 kh\u00f4ng gian b\u00ean h\u1ed3 b\u01a1i tho\u00e1ng \u0111\u00e3ng, ch\u00fang t\u00f4i cam k\u1ebft mang \u0111\u1ebfn nh\u1eefng tr\u1ea3i nghi\u1ec7m kh\u00f3 qu\u00ean cho m\u1ecdi s\u1ef1 [&hellip;]<\/p>\n","protected":false},"author":90,"featured_media":0,"parent":0,"menu_order":0,"comment_status":"closed","ping_status":"closed","template":"template-meeting.php","meta":{"footnotes":""},"categories":[],"yoast_head":"<!-- This site is optimized with the Yoast SEO plugin v22.3 - https:\/\/yoast.com\/wordpress\/plugins\/seo\/ -->\n<title>H\u1ed9i Ngh\u1ecb &amp; Ti\u1ec7c - Holiday Beach Hotel Danang<\/title>\n<meta name=\"robots\" content=\"index, follow, max-snippet:-1, max-image-preview:large, max-video-preview:-1\" \/>\n<link rel=\"canonical\" href=\"https:\/\/holidaybeachdanang.com\/vi\/meeting-event\/\" \/>\n<meta property=\"og:locale\" content=\"vi_VN\" \/>\n<meta property=\"og:type\" content=\"article\" \/>\n<meta property=\"og:title\" content=\"H\u1ed9i Ngh\u1ecb &amp; Ti\u1ec7c - Holiday Beach Hotel Danang\" \/>\n<meta property=\"og:description\" content=\"Kh\u00e1m ph\u00e1 kh\u00f4ng gian s\u1ef1 ki\u1ec7n sang tr\u1ecdng v\u00e0 linh ho\u1ea1t t\u1ea1i Holiday Beach Hotel Danang. V\u1edbi nhi\u1ec1u l\u1ef1a ch\u1ecdn \u0111a d\u1ea1ng nh\u01b0 ph\u00f2ng h\u1ed9i ngh\u1ecb hi\u1ec7n \u0111\u1ea1i, b\u00e3i bi\u1ec3n ri\u00eang th\u01a1 m\u1ed9ng v\u00e0 kh\u00f4ng gian b\u00ean h\u1ed3 b\u01a1i tho\u00e1ng \u0111\u00e3ng, ch\u00fang t\u00f4i cam k\u1ebft mang \u0111\u1ebfn nh\u1eefng tr\u1ea3i nghi\u1ec7m kh\u00f3 qu\u00ean cho m\u1ecdi s\u1ef1 [&hellip;]\" \/>\n<meta property=\"og:url\" content=\"https:\/\/holidaybeachdanang.com\/vi\/meeting-event\/\" \/>\n<meta property=\"og:site_name\" content=\"Holiday Beach Hotel Danang\" \/>\n<meta property=\"article:modified_time\" content=\"2026-03-13T03:33:43+00:00\" \/>\n<meta name=\"twitter:card\" content=\"summary_large_image\" \/>\n<meta name=\"twitter:label1\" content=\"Est. reading time\" \/>\n\t<meta name=\"twitter:data1\" content=\"1 minute\" \/>\n<script type=\"application\/ld+json\" class=\"yoast-schema-graph\">{\"@context\":\"https:\/\/schema.org\",\"@graph\":[{\"@type\":\"WebPage\",\"@id\":\"https:\/\/holidaybeachdanang.com\/vi\/meeting-event\/\",\"url\":\"https:\/\/holidaybeachdanang.com\/vi\/meeting-event\/\",\"name\":\"H\u1ed9i Ngh\u1ecb & Ti\u1ec7c - Holiday Beach Hotel Danang\",\"isPartOf\":{\"@id\":\"https:\/\/holidaybeachdanang.com\/vi\/#website\"},\"datePublished\":\"2026-01-30T10:13:37+00:00\",\"dateModified\":\"2026-03-13T03:33:43+00:00\",\"breadcrumb\":{\"@id\":\"https:\/\/holidaybeachdanang.com\/vi\/meeting-event\/#breadcrumb\"},\"inLanguage\":\"vi-VN\",\"potentialAction\":[{\"@type\":\"ReadAction\",\"target\":[\"https:\/\/holidaybeachdanang.com\/vi\/meeting-event\/\"]}]},{\"@type\":\"BreadcrumbList\",\"@id\":\"https:\/\/holidaybeachdanang.com\/vi\/meeting-event\/#breadcrumb\",\"itemListElement\":[{\"@type\":\"ListItem\",\"position\":1,\"name\":\"Home\",\"item\":\"https:\/\/holidaybeachdanang.com\/vi\/\"},{\"@type\":\"ListItem\",\"position\":2,\"name\":\"H\u1ed9i Ngh\u1ecb &#038; Ti\u1ec7c\"}]},{\"@type\":\"WebSite\",\"@id\":\"https:\/\/holidaybeachdanang.com\/vi\/#website\",\"url\":\"https:\/\/holidaybeachdanang.com\/vi\/\",\"name\":\"Holiday Beach Hotel Danang\",\"description\":\"\",\"potentialAction\":[{\"@type\":\"SearchAction\",\"target\":{\"@type\":\"EntryPoint\",\"urlTemplate\":\"https:\/\/holidaybeachdanang.com\/vi\/?s={search_term_string}\"},\"query-input\":\"required name=search_term_string\"}],\"inLanguage\":\"vi-VN\"}]}<\/script>\n<!-- \/ Yoast SEO plugin. -->","yoast_head_json":{"title":"H\u1ed9i Ngh\u1ecb & Ti\u1ec7c - Holiday Beach Hotel Danang","robots":{"index":"index","follow":"follow","max-snippet":"max-snippet:-1","max-image-preview":"max-image-preview:large","max-video-preview":"max-video-preview:-1"},"canonical":"https:\/\/holidaybeachdanang.com\/vi\/meeting-event\/","og_locale":"vi_VN","og_type":"article","og_title":"H\u1ed9i Ngh\u1ecb & Ti\u1ec7c - Holiday Beach Hotel Danang","og_description":"Kh\u00e1m ph\u00e1 kh\u00f4ng gian s\u1ef1 ki\u1ec7n sang tr\u1ecdng v\u00e0 linh ho\u1ea1t t\u1ea1i Holiday Beach Hotel Danang. V\u1edbi nhi\u1ec1u l\u1ef1a ch\u1ecdn \u0111a d\u1ea1ng nh\u01b0 ph\u00f2ng h\u1ed9i ngh\u1ecb hi\u1ec7n \u0111\u1ea1i, b\u00e3i bi\u1ec3n ri\u00eang th\u01a1 m\u1ed9ng v\u00e0 kh\u00f4ng gian b\u00ean h\u1ed3 b\u01a1i tho\u00e1ng \u0111\u00e3ng, ch\u00fang t\u00f4i cam k\u1ebft mang \u0111\u1ebfn nh\u1eefng tr\u1ea3i nghi\u1ec7m kh\u00f3 qu\u00ean cho m\u1ecdi s\u1ef1 [&hellip;]","og_url":"https:\/\/holidaybeachdanang.com\/vi\/meeting-event\/","og_site_name":"Holiday Beach Hotel Danang","article_modified_time":"2026-03-13T03:33:43+00:00","twitter_card":"summary_large_image","twitter_misc":{"Est. reading time":"1 minute"},"schema":{"@context":"https:\/\/schema.org","@graph":[{"@type":"WebPage","@id":"https:\/\/holidaybeachdanang.com\/vi\/meeting-event\/","url":"https:\/\/holidaybeachdanang.com\/vi\/meeting-event\/","name":"H\u1ed9i Ngh\u1ecb & Ti\u1ec7c - Holiday Beach Hotel Danang","isPartOf":{"@id":"https:\/\/holidaybeachdanang.com\/vi\/#website"},"datePublished":"2026-01-30T10:13:37+00:00","dateModified":"2026-03-13T03:33:43+00:00","breadcrumb":{"@id":"https:\/\/holidaybeachdanang.com\/vi\/meeting-event\/#breadcrumb"},"inLanguage":"vi-VN","potentialAction":[{"@type":"ReadAction","target":["https:\/\/holidaybeachdanang.com\/vi\/meeting-event\/"]}]},{"@type":"BreadcrumbList","@id":"https:\/\/holidaybeachdanang.com\/vi\/meeting-event\/#breadcrumb","itemListElement":[{"@type":"ListItem","position":1,"name":"Home","item":"https:\/\/holidaybeachdanang.com\/vi\/"},{"@type":"ListItem","position":2,"name":"H\u1ed9i Ngh\u1ecb &#038; Ti\u1ec7c"}]},{"@type":"WebSite","@id":"https:\/\/holidaybeachdanang.com\/vi\/#website","url":"https:\/\/holidaybeachdanang.com\/vi\/","name":"Holiday Beach Hotel Danang","description":"","potentialAction":[{"@type":"SearchAction","target":{"@type":"EntryPoint","urlTemplate":"https:\/\/holidaybeachdanang.com\/vi\/?s={search_term_string}"},"query-input":"required name=search_term_string"}],"inLanguage":"vi-VN"}]}},"acf":[],"_links":{"self":[{"href":"https:\/\/holidaybeachdanang.com\/vi\/wp-json\/wp\/v2\/pages\/124"}],"collection":[{"href":"https:\/\/holidaybeachdanang.com\/vi\/wp-json\/wp\/v2\/pages"}],"about":[{"href":"https:\/\/holidaybeachdanang.com\/vi\/wp-json\/wp\/v2\/types\/page"}],"author":[{"embeddable":true,"href":"https:\/\/holidaybeachdanang.com\/vi\/wp-json\/wp\/v2\/users\/90"}],"replies":[{"embeddable":true,"href":"https:\/\/holidaybeachdanang.com\/vi\/wp-json\/wp\/v2\/comments?post=124"}],"version-history":[{"count":0,"href":"https:\/\/holidaybeachdanang.com\/vi\/wp-json\/wp\/v2\/pages\/124\/revisions"}],"wp:attachment":[{"href":"https:\/\/holidaybeachdanang.com\/vi\/wp-json\/wp\/v2\/media?parent=124"}],"wp:term":[{"taxonomy":"category","embeddable":true,"href":"https:\/\/holidaybeachdanang.com\/vi\/wp-json\/wp\/v2\/categories?post=124"}],"curies":[{"name":"wp","href":"https:\/\/api.w.org\/{rel}","templated":true}]}}