{"id":118,"date":"2026-01-30T18:05:20","date_gmt":"2026-01-30T10:05:20","guid":{"rendered":"https:\/\/holidaybeachdanang.ms2.decms.asia\/muong-spa\/"},"modified":"2026-04-08T14:41:41","modified_gmt":"2026-04-08T06:41:41","slug":"muong-spa","status":"publish","type":"page","link":"https:\/\/holidaybeachdanang.com\/vi\/muong-spa\/","title":{"rendered":"Mu\u1ed1ng Spa"},"content":{"rendered":"<p>C\u1ea3m nh\u1eadn s\u1ef1 th\u01b0 gi\u00e3n d\u1ec5 ch\u1ecbu, v\u00e0 \u0111\u1ec3 b\u1ea3n th\u00e2n th\u1ea3 l\u1ecfng kh\u1ecfi m\u1ecdi \u00e2u lo t\u1ea1i spa. Trang b\u1ecb thi\u1ebft b\u1ecb ti\u1ec7n nghi v\u1edbi ph\u00f2ng x\u00f4ng h\u01a1i v\u00e0 ph\u00f2ng t\u1eafm h\u01a1i ri\u00eang bi\u1ec7t.<\/p>\n<p><strong>V\u1ecb tr\u00ed:<\/strong> T\u1ea7ng 4<br \/>\n<strong>Th\u1eddi gian ho\u1ea1t \u0111\u1ed9ng:<\/strong> 9:00 \u2013 21:00<\/p>\n","protected":false},"excerpt":{"rendered":"<p>C\u1ea3m nh\u1eadn s\u1ef1 th\u01b0 gi\u00e3n d\u1ec5 ch\u1ecbu, v\u00e0 \u0111\u1ec3 b\u1ea3n th\u00e2n th\u1ea3 l\u1ecfng kh\u1ecfi m\u1ecdi \u00e2u lo t\u1ea1i spa. Trang b\u1ecb thi\u1ebft b\u1ecb ti\u1ec7n nghi v\u1edbi ph\u00f2ng x\u00f4ng h\u01a1i v\u00e0 ph\u00f2ng t\u1eafm h\u01a1i ri\u00eang bi\u1ec7t. V\u1ecb tr\u00ed: T\u1ea7ng 4 Th\u1eddi gian ho\u1ea1t \u0111\u1ed9ng: 9:00 \u2013 21:00<\/p>\n","protected":false},"author":90,"featured_media":0,"parent":0,"menu_order":0,"comment_status":"closed","ping_status":"closed","template":"template-spa.php","meta":{"footnotes":""},"categories":[],"yoast_head":"<!-- This site is optimized with the Yoast SEO plugin v22.3 - https:\/\/yoast.com\/wordpress\/plugins\/seo\/ -->\n<title>Mu\u1ed1ng Spa - Holiday Beach Hotel Danang<\/title>\n<meta name=\"description\" content=\"Ch\u00fang t\u00f4i m\u1eddi b\u1ea1n \u0111\u1eafm m\u00ecnh trong th\u1ebf gi\u1edbi tinh d\u1ea7u thi\u00ean nhi\u00ean \u0111\u01b0\u1ee3c tuy\u1ec3n ch\u1ecdn k\u1ef9 l\u01b0\u1ee1ng. C\u00e1c h\u01b0\u01a1ng th\u01a1m d\u1ecbu nh\u1eb9 s\u1ebd k\u00edch th\u00edch c\u1ea3m gi\u00e1c th\u01b0 th\u00e1i s\u00e2u, gi\u00fap gi\u1ea3i t\u1ecfa c\u0103ng th\u1eb3ng v\u00e0 t\u00e1i t\u1ea1o n\u0103ng l\u01b0\u1ee3ng. M\u1ed7i li\u1ec7u tr\u00ecnh l\u00e0 s\u1ef1 k\u1ebft h\u1ee3p ho\u00e0n h\u1ea3o gi\u1eefa k\u1ef9 thu\u1eadt massage chuy\u00ean s\u00e2u v\u00e0 h\u01b0\u01a1ng th\u01a1m \u0111\u1ed9c \u0111\u00e1o, nh\u1eb1m c\u00e2n b\u1eb1ng t\u00e2m tr\u00ed v\u00e0 nu\u00f4i d\u01b0\u1ee1ng c\u01a1 th\u1ec3. Tr\u1ea3i nghi\u1ec7m s\u1ef1 y\u00ean b\u00ecnh tuy\u1ec7t \u0111\u1ed1i t\u1ea1i m\u1ed9t trong nh\u1eefng spa cao c\u1ea5p t\u1ea1i \u0110\u00e0 N\u1eb5ng n\u00e0y, n\u01a1i b\u1ea1n t\u00ecm l\u1ea1i ch\u00ednh m\u00ecnh.\" \/>\n<meta name=\"robots\" content=\"index, follow, max-snippet:-1, max-image-preview:large, max-video-preview:-1\" \/>\n<link rel=\"canonical\" href=\"https:\/\/holidaybeachdanang.com\/vi\/muong-spa\/\" \/>\n<meta property=\"og:locale\" content=\"vi_VN\" \/>\n<meta property=\"og:type\" content=\"article\" \/>\n<meta property=\"og:title\" content=\"Mu\u1ed1ng Spa - Holiday Beach Hotel Danang\" \/>\n<meta property=\"og:description\" content=\"Ch\u00fang t\u00f4i m\u1eddi b\u1ea1n \u0111\u1eafm m\u00ecnh trong th\u1ebf gi\u1edbi tinh d\u1ea7u thi\u00ean nhi\u00ean \u0111\u01b0\u1ee3c tuy\u1ec3n ch\u1ecdn k\u1ef9 l\u01b0\u1ee1ng. C\u00e1c h\u01b0\u01a1ng th\u01a1m d\u1ecbu nh\u1eb9 s\u1ebd k\u00edch th\u00edch c\u1ea3m gi\u00e1c th\u01b0 th\u00e1i s\u00e2u, gi\u00fap gi\u1ea3i t\u1ecfa c\u0103ng th\u1eb3ng v\u00e0 t\u00e1i t\u1ea1o n\u0103ng l\u01b0\u1ee3ng. M\u1ed7i li\u1ec7u tr\u00ecnh l\u00e0 s\u1ef1 k\u1ebft h\u1ee3p ho\u00e0n h\u1ea3o gi\u1eefa k\u1ef9 thu\u1eadt massage chuy\u00ean s\u00e2u v\u00e0 h\u01b0\u01a1ng th\u01a1m \u0111\u1ed9c \u0111\u00e1o, nh\u1eb1m c\u00e2n b\u1eb1ng t\u00e2m tr\u00ed v\u00e0 nu\u00f4i d\u01b0\u1ee1ng c\u01a1 th\u1ec3. Tr\u1ea3i nghi\u1ec7m s\u1ef1 y\u00ean b\u00ecnh tuy\u1ec7t \u0111\u1ed1i t\u1ea1i m\u1ed9t trong nh\u1eefng spa cao c\u1ea5p t\u1ea1i \u0110\u00e0 N\u1eb5ng n\u00e0y, n\u01a1i b\u1ea1n t\u00ecm l\u1ea1i ch\u00ednh m\u00ecnh.\" \/>\n<meta property=\"og:url\" content=\"https:\/\/holidaybeachdanang.com\/vi\/muong-spa\/\" \/>\n<meta property=\"og:site_name\" content=\"Holiday Beach Hotel Danang\" \/>\n<meta property=\"article:modified_time\" content=\"2026-04-08T06:41:41+00:00\" \/>\n<meta name=\"twitter:card\" content=\"summary_large_image\" \/>\n<meta name=\"twitter:label1\" content=\"Est. reading time\" \/>\n\t<meta name=\"twitter:data1\" content=\"1 minute\" \/>\n<script type=\"application\/ld+json\" class=\"yoast-schema-graph\">{\"@context\":\"https:\/\/schema.org\",\"@graph\":[{\"@type\":\"WebPage\",\"@id\":\"https:\/\/holidaybeachdanang.com\/vi\/muong-spa\/\",\"url\":\"https:\/\/holidaybeachdanang.com\/vi\/muong-spa\/\",\"name\":\"Mu\u1ed1ng Spa - Holiday Beach Hotel Danang\",\"isPartOf\":{\"@id\":\"https:\/\/holidaybeachdanang.com\/vi\/#website\"},\"datePublished\":\"2026-01-30T10:05:20+00:00\",\"dateModified\":\"2026-04-08T06:41:41+00:00\",\"description\":\"Ch\u00fang t\u00f4i m\u1eddi b\u1ea1n \u0111\u1eafm m\u00ecnh trong th\u1ebf gi\u1edbi tinh d\u1ea7u thi\u00ean nhi\u00ean \u0111\u01b0\u1ee3c tuy\u1ec3n ch\u1ecdn k\u1ef9 l\u01b0\u1ee1ng. C\u00e1c h\u01b0\u01a1ng th\u01a1m d\u1ecbu nh\u1eb9 s\u1ebd k\u00edch th\u00edch c\u1ea3m gi\u00e1c th\u01b0 th\u00e1i s\u00e2u, gi\u00fap gi\u1ea3i t\u1ecfa c\u0103ng th\u1eb3ng v\u00e0 t\u00e1i t\u1ea1o n\u0103ng l\u01b0\u1ee3ng. M\u1ed7i li\u1ec7u tr\u00ecnh l\u00e0 s\u1ef1 k\u1ebft h\u1ee3p ho\u00e0n h\u1ea3o gi\u1eefa k\u1ef9 thu\u1eadt massage chuy\u00ean s\u00e2u v\u00e0 h\u01b0\u01a1ng th\u01a1m \u0111\u1ed9c \u0111\u00e1o, nh\u1eb1m c\u00e2n b\u1eb1ng t\u00e2m tr\u00ed v\u00e0 nu\u00f4i d\u01b0\u1ee1ng c\u01a1 th\u1ec3. Tr\u1ea3i nghi\u1ec7m s\u1ef1 y\u00ean b\u00ecnh tuy\u1ec7t \u0111\u1ed1i t\u1ea1i m\u1ed9t trong nh\u1eefng spa cao c\u1ea5p t\u1ea1i \u0110\u00e0 N\u1eb5ng n\u00e0y, n\u01a1i b\u1ea1n t\u00ecm l\u1ea1i ch\u00ednh m\u00ecnh.\",\"breadcrumb\":{\"@id\":\"https:\/\/holidaybeachdanang.com\/vi\/muong-spa\/#breadcrumb\"},\"inLanguage\":\"vi-VN\",\"potentialAction\":[{\"@type\":\"ReadAction\",\"target\":[\"https:\/\/holidaybeachdanang.com\/vi\/muong-spa\/\"]}]},{\"@type\":\"BreadcrumbList\",\"@id\":\"https:\/\/holidaybeachdanang.com\/vi\/muong-spa\/#breadcrumb\",\"itemListElement\":[{\"@type\":\"ListItem\",\"position\":1,\"name\":\"Home\",\"item\":\"https:\/\/holidaybeachdanang.com\/vi\/\"},{\"@type\":\"ListItem\",\"position\":2,\"name\":\"Mu\u1ed1ng Spa\"}]},{\"@type\":\"WebSite\",\"@id\":\"https:\/\/holidaybeachdanang.com\/vi\/#website\",\"url\":\"https:\/\/holidaybeachdanang.com\/vi\/\",\"name\":\"Holiday Beach Hotel Danang\",\"description\":\"\",\"potentialAction\":[{\"@type\":\"SearchAction\",\"target\":{\"@type\":\"EntryPoint\",\"urlTemplate\":\"https:\/\/holidaybeachdanang.com\/vi\/?s={search_term_string}\"},\"query-input\":\"required name=search_term_string\"}],\"inLanguage\":\"vi-VN\"}]}<\/script>\n<!-- \/ Yoast SEO plugin. -->","yoast_head_json":{"title":"Mu\u1ed1ng Spa - Holiday Beach Hotel Danang","description":"Ch\u00fang t\u00f4i m\u1eddi b\u1ea1n \u0111\u1eafm m\u00ecnh trong th\u1ebf gi\u1edbi tinh d\u1ea7u thi\u00ean nhi\u00ean \u0111\u01b0\u1ee3c tuy\u1ec3n ch\u1ecdn k\u1ef9 l\u01b0\u1ee1ng. C\u00e1c h\u01b0\u01a1ng th\u01a1m d\u1ecbu nh\u1eb9 s\u1ebd k\u00edch th\u00edch c\u1ea3m gi\u00e1c th\u01b0 th\u00e1i s\u00e2u, gi\u00fap gi\u1ea3i t\u1ecfa c\u0103ng th\u1eb3ng v\u00e0 t\u00e1i t\u1ea1o n\u0103ng l\u01b0\u1ee3ng. M\u1ed7i li\u1ec7u tr\u00ecnh l\u00e0 s\u1ef1 k\u1ebft h\u1ee3p ho\u00e0n h\u1ea3o gi\u1eefa k\u1ef9 thu\u1eadt massage chuy\u00ean s\u00e2u v\u00e0 h\u01b0\u01a1ng th\u01a1m \u0111\u1ed9c \u0111\u00e1o, nh\u1eb1m c\u00e2n b\u1eb1ng t\u00e2m tr\u00ed v\u00e0 nu\u00f4i d\u01b0\u1ee1ng c\u01a1 th\u1ec3. Tr\u1ea3i nghi\u1ec7m s\u1ef1 y\u00ean b\u00ecnh tuy\u1ec7t \u0111\u1ed1i t\u1ea1i m\u1ed9t trong nh\u1eefng spa cao c\u1ea5p t\u1ea1i \u0110\u00e0 N\u1eb5ng n\u00e0y, n\u01a1i b\u1ea1n t\u00ecm l\u1ea1i ch\u00ednh m\u00ecnh.","robots":{"index":"index","follow":"follow","max-snippet":"max-snippet:-1","max-image-preview":"max-image-preview:large","max-video-preview":"max-video-preview:-1"},"canonical":"https:\/\/holidaybeachdanang.com\/vi\/muong-spa\/","og_locale":"vi_VN","og_type":"article","og_title":"Mu\u1ed1ng Spa - Holiday Beach Hotel Danang","og_description":"Ch\u00fang t\u00f4i m\u1eddi b\u1ea1n \u0111\u1eafm m\u00ecnh trong th\u1ebf gi\u1edbi tinh d\u1ea7u thi\u00ean nhi\u00ean \u0111\u01b0\u1ee3c tuy\u1ec3n ch\u1ecdn k\u1ef9 l\u01b0\u1ee1ng. C\u00e1c h\u01b0\u01a1ng th\u01a1m d\u1ecbu nh\u1eb9 s\u1ebd k\u00edch th\u00edch c\u1ea3m gi\u00e1c th\u01b0 th\u00e1i s\u00e2u, gi\u00fap gi\u1ea3i t\u1ecfa c\u0103ng th\u1eb3ng v\u00e0 t\u00e1i t\u1ea1o n\u0103ng l\u01b0\u1ee3ng. M\u1ed7i li\u1ec7u tr\u00ecnh l\u00e0 s\u1ef1 k\u1ebft h\u1ee3p ho\u00e0n h\u1ea3o gi\u1eefa k\u1ef9 thu\u1eadt massage chuy\u00ean s\u00e2u v\u00e0 h\u01b0\u01a1ng th\u01a1m \u0111\u1ed9c \u0111\u00e1o, nh\u1eb1m c\u00e2n b\u1eb1ng t\u00e2m tr\u00ed v\u00e0 nu\u00f4i d\u01b0\u1ee1ng c\u01a1 th\u1ec3. Tr\u1ea3i nghi\u1ec7m s\u1ef1 y\u00ean b\u00ecnh tuy\u1ec7t \u0111\u1ed1i t\u1ea1i m\u1ed9t trong nh\u1eefng spa cao c\u1ea5p t\u1ea1i \u0110\u00e0 N\u1eb5ng n\u00e0y, n\u01a1i b\u1ea1n t\u00ecm l\u1ea1i ch\u00ednh m\u00ecnh.","og_url":"https:\/\/holidaybeachdanang.com\/vi\/muong-spa\/","og_site_name":"Holiday Beach Hotel Danang","article_modified_time":"2026-04-08T06:41:41+00:00","twitter_card":"summary_large_image","twitter_misc":{"Est. reading time":"1 minute"},"schema":{"@context":"https:\/\/schema.org","@graph":[{"@type":"WebPage","@id":"https:\/\/holidaybeachdanang.com\/vi\/muong-spa\/","url":"https:\/\/holidaybeachdanang.com\/vi\/muong-spa\/","name":"Mu\u1ed1ng Spa - Holiday Beach Hotel Danang","isPartOf":{"@id":"https:\/\/holidaybeachdanang.com\/vi\/#website"},"datePublished":"2026-01-30T10:05:20+00:00","dateModified":"2026-04-08T06:41:41+00:00","description":"Ch\u00fang t\u00f4i m\u1eddi b\u1ea1n \u0111\u1eafm m\u00ecnh trong th\u1ebf gi\u1edbi tinh d\u1ea7u thi\u00ean nhi\u00ean \u0111\u01b0\u1ee3c tuy\u1ec3n ch\u1ecdn k\u1ef9 l\u01b0\u1ee1ng. C\u00e1c h\u01b0\u01a1ng th\u01a1m d\u1ecbu nh\u1eb9 s\u1ebd k\u00edch th\u00edch c\u1ea3m gi\u00e1c th\u01b0 th\u00e1i s\u00e2u, gi\u00fap gi\u1ea3i t\u1ecfa c\u0103ng th\u1eb3ng v\u00e0 t\u00e1i t\u1ea1o n\u0103ng l\u01b0\u1ee3ng. M\u1ed7i li\u1ec7u tr\u00ecnh l\u00e0 s\u1ef1 k\u1ebft h\u1ee3p ho\u00e0n h\u1ea3o gi\u1eefa k\u1ef9 thu\u1eadt massage chuy\u00ean s\u00e2u v\u00e0 h\u01b0\u01a1ng th\u01a1m \u0111\u1ed9c \u0111\u00e1o, nh\u1eb1m c\u00e2n b\u1eb1ng t\u00e2m tr\u00ed v\u00e0 nu\u00f4i d\u01b0\u1ee1ng c\u01a1 th\u1ec3. Tr\u1ea3i nghi\u1ec7m s\u1ef1 y\u00ean b\u00ecnh tuy\u1ec7t \u0111\u1ed1i t\u1ea1i m\u1ed9t trong nh\u1eefng spa cao c\u1ea5p t\u1ea1i \u0110\u00e0 N\u1eb5ng n\u00e0y, n\u01a1i b\u1ea1n t\u00ecm l\u1ea1i ch\u00ednh m\u00ecnh.","breadcrumb":{"@id":"https:\/\/holidaybeachdanang.com\/vi\/muong-spa\/#breadcrumb"},"inLanguage":"vi-VN","potentialAction":[{"@type":"ReadAction","target":["https:\/\/holidaybeachdanang.com\/vi\/muong-spa\/"]}]},{"@type":"BreadcrumbList","@id":"https:\/\/holidaybeachdanang.com\/vi\/muong-spa\/#breadcrumb","itemListElement":[{"@type":"ListItem","position":1,"name":"Home","item":"https:\/\/holidaybeachdanang.com\/vi\/"},{"@type":"ListItem","position":2,"name":"Mu\u1ed1ng Spa"}]},{"@type":"WebSite","@id":"https:\/\/holidaybeachdanang.com\/vi\/#website","url":"https:\/\/holidaybeachdanang.com\/vi\/","name":"Holiday Beach Hotel Danang","description":"","potentialAction":[{"@type":"SearchAction","target":{"@type":"EntryPoint","urlTemplate":"https:\/\/holidaybeachdanang.com\/vi\/?s={search_term_string}"},"query-input":"required name=search_term_string"}],"inLanguage":"vi-VN"}]}},"acf":[],"_links":{"self":[{"href":"https:\/\/holidaybeachdanang.com\/vi\/wp-json\/wp\/v2\/pages\/118"}],"collection":[{"href":"https:\/\/holidaybeachdanang.com\/vi\/wp-json\/wp\/v2\/pages"}],"about":[{"href":"https:\/\/holidaybeachdanang.com\/vi\/wp-json\/wp\/v2\/types\/page"}],"author":[{"embeddable":true,"href":"https:\/\/holidaybeachdanang.com\/vi\/wp-json\/wp\/v2\/users\/90"}],"replies":[{"embeddable":true,"href":"https:\/\/holidaybeachdanang.com\/vi\/wp-json\/wp\/v2\/comments?post=118"}],"version-history":[{"count":0,"href":"https:\/\/holidaybeachdanang.com\/vi\/wp-json\/wp\/v2\/pages\/118\/revisions"}],"wp:attachment":[{"href":"https:\/\/holidaybeachdanang.com\/vi\/wp-json\/wp\/v2\/media?parent=118"}],"wp:term":[{"taxonomy":"category","embeddable":true,"href":"https:\/\/holidaybeachdanang.com\/vi\/wp-json\/wp\/v2\/categories?post=118"}],"curies":[{"name":"wp","href":"https:\/\/api.w.org\/{rel}","templated":true}]}}