{"id":113,"date":"2026-01-30T18:03:55","date_gmt":"2026-01-30T10:03:55","guid":{"rendered":"https:\/\/holidaybeachdanang.ms2.decms.asia\/services\/transportation\/"},"modified":"2026-03-17T17:48:32","modified_gmt":"2026-03-17T09:48:32","slug":"transportation","status":"publish","type":"page","link":"https:\/\/holidaybeachdanang.com\/vi\/services\/transportation\/","title":{"rendered":"D\u1ecbch v\u1ee5 \u0111\u01b0a \u0111\u00f3n"},"content":{"rendered":"<p>T\u1eadn h\u01b0\u1edfng nh\u1eefng chuy\u1ebfn \u0111i th\u00f4ng su\u1ed1t v\u00e0 an to\u00e0n v\u1edbi d\u1ecbch v\u1ee5 v\u1eadn chuy\u1ec3n ti\u1ec7n l\u1ee3i c\u1ee7a ch\u00fang t\u00f4i. Cho d\u00f9 qu\u00fd kh\u00e1ch c\u1ea7n \u0111\u01b0a \u0111\u00f3n s\u00e2n bay, di chuy\u1ec3n \u0111\u1ebfn ga t\u00e0u, hay tham quan kh\u00e1m ph\u00e1 th\u00e0nh ph\u1ed1 \u0110\u00e0 N\u1eb5ng v\u00e0 H\u1ed9i An, \u0111\u1ed9i ng\u0169 c\u1ee7a ch\u00fang t\u00f4i lu\u00f4n \u0111\u1ea3m b\u1ea3o m\u1ed9t h\u00e0nh tr\u00ecnh \u00eam \u00e1i, an to\u00e0n v\u00e0 tho\u1ea3i m\u00e1i \u0111\u1ebfn \u0111i\u1ec3m \u0111\u1ebfn. D\u1ecbch v\u1ee5 n\u00e0y bao g\u1ed3m c\u1ea3 tuy\u1ebfn c\u1ed1 \u0111\u1ecbnh v\u00e0 c\u00e1c l\u1ef1a ch\u1ecdn v\u1eadn chuy\u1ec3n t\u00f9y ch\u1ec9nh linh ho\u1ea1t theo y\u00eau c\u1ea7u ri\u00eang c\u1ee7a qu\u00fd kh\u00e1ch.<\/p>\n","protected":false},"excerpt":{"rendered":"<p>T\u1eadn h\u01b0\u1edfng nh\u1eefng chuy\u1ebfn \u0111i th\u00f4ng su\u1ed1t v\u00e0 an to\u00e0n v\u1edbi d\u1ecbch v\u1ee5 v\u1eadn chuy\u1ec3n ti\u1ec7n l\u1ee3i c\u1ee7a ch\u00fang t\u00f4i. Cho d\u00f9 qu\u00fd kh\u00e1ch c\u1ea7n \u0111\u01b0a \u0111\u00f3n s\u00e2n bay, di chuy\u1ec3n \u0111\u1ebfn ga t\u00e0u, hay tham quan kh\u00e1m ph\u00e1 th\u00e0nh ph\u1ed1 \u0110\u00e0 N\u1eb5ng v\u00e0 H\u1ed9i An, \u0111\u1ed9i ng\u0169 c\u1ee7a ch\u00fang t\u00f4i lu\u00f4n \u0111\u1ea3m b\u1ea3o m\u1ed9t [&hellip;]<\/p>\n","protected":false},"author":90,"featured_media":0,"parent":112,"menu_order":0,"comment_status":"closed","ping_status":"closed","template":"template-single-service.php","meta":{"footnotes":""},"categories":[],"yoast_head":"<!-- This site is optimized with the Yoast SEO plugin v22.3 - https:\/\/yoast.com\/wordpress\/plugins\/seo\/ -->\n<title>D\u1ecbch v\u1ee5 \u0111\u01b0a \u0111\u00f3n - Holiday Beach Hotel Danang<\/title>\n<meta name=\"description\" content=\"T\u1eadn h\u01b0\u1edfng nh\u1eefng chuy\u1ebfn \u0111i th\u00f4ng su\u1ed1t v\u00e0 an to\u00e0n v\u1edbi d\u1ecbch v\u1ee5 v\u1eadn chuy\u1ec3n ti\u1ec7n l\u1ee3i c\u1ee7a ch\u00fang t\u00f4i. Cho d\u00f9 qu\u00fd kh\u00e1ch c\u1ea7n \u0111\u01b0a \u0111\u00f3n s\u00e2n bay, di chuy\u1ec3n \u0111\u1ebfn ga t\u00e0u, hay tham quan kh\u00e1m ph\u00e1 th\u00e0nh ph\u1ed1 \u0110\u00e0 N\u1eb5ng v\u00e0 H\u1ed9i An, \u0111\u1ed9i ng\u0169 c\u1ee7a ch\u00fang t\u00f4i lu\u00f4n \u0111\u1ea3m b\u1ea3o m\u1ed9t h\u00e0nh tr\u00ecnh \u00eam \u00e1i, an to\u00e0n v\u00e0 tho\u1ea3i m\u00e1i \u0111\u1ebfn \u0111i\u1ec3m \u0111\u1ebfn. D\u1ecbch v\u1ee5 n\u00e0y bao g\u1ed3m c\u1ea3 tuy\u1ebfn c\u1ed1 \u0111\u1ecbnh v\u00e0 c\u00e1c l\u1ef1a ch\u1ecdn v\u1eadn chuy\u1ec3n t\u00f9y ch\u1ec9nh linh ho\u1ea1t theo y\u00eau c\u1ea7u ri\u00eang c\u1ee7a qu\u00fd kh\u00e1ch.\" \/>\n<meta name=\"robots\" content=\"index, follow, max-snippet:-1, max-image-preview:large, max-video-preview:-1\" \/>\n<link rel=\"canonical\" href=\"https:\/\/holidaybeachdanang.com\/vi\/services\/transportation\/\" \/>\n<meta property=\"og:locale\" content=\"vi_VN\" \/>\n<meta property=\"og:type\" content=\"article\" \/>\n<meta property=\"og:title\" content=\"D\u1ecbch v\u1ee5 \u0111\u01b0a \u0111\u00f3n - Holiday Beach Hotel Danang\" \/>\n<meta property=\"og:description\" content=\"T\u1eadn h\u01b0\u1edfng nh\u1eefng chuy\u1ebfn \u0111i th\u00f4ng su\u1ed1t v\u00e0 an to\u00e0n v\u1edbi d\u1ecbch v\u1ee5 v\u1eadn chuy\u1ec3n ti\u1ec7n l\u1ee3i c\u1ee7a ch\u00fang t\u00f4i. Cho d\u00f9 qu\u00fd kh\u00e1ch c\u1ea7n \u0111\u01b0a \u0111\u00f3n s\u00e2n bay, di chuy\u1ec3n \u0111\u1ebfn ga t\u00e0u, hay tham quan kh\u00e1m ph\u00e1 th\u00e0nh ph\u1ed1 \u0110\u00e0 N\u1eb5ng v\u00e0 H\u1ed9i An, \u0111\u1ed9i ng\u0169 c\u1ee7a ch\u00fang t\u00f4i lu\u00f4n \u0111\u1ea3m b\u1ea3o m\u1ed9t h\u00e0nh tr\u00ecnh \u00eam \u00e1i, an to\u00e0n v\u00e0 tho\u1ea3i m\u00e1i \u0111\u1ebfn \u0111i\u1ec3m \u0111\u1ebfn. D\u1ecbch v\u1ee5 n\u00e0y bao g\u1ed3m c\u1ea3 tuy\u1ebfn c\u1ed1 \u0111\u1ecbnh v\u00e0 c\u00e1c l\u1ef1a ch\u1ecdn v\u1eadn chuy\u1ec3n t\u00f9y ch\u1ec9nh linh ho\u1ea1t theo y\u00eau c\u1ea7u ri\u00eang c\u1ee7a qu\u00fd kh\u00e1ch.\" \/>\n<meta property=\"og:url\" content=\"https:\/\/holidaybeachdanang.com\/vi\/services\/transportation\/\" \/>\n<meta property=\"og:site_name\" content=\"Holiday Beach Hotel Danang\" \/>\n<meta property=\"article:modified_time\" content=\"2026-03-17T09:48:32+00:00\" \/>\n<meta name=\"twitter:card\" content=\"summary_large_image\" \/>\n<meta name=\"twitter:label1\" content=\"Est. reading time\" \/>\n\t<meta name=\"twitter:data1\" content=\"1 minute\" \/>\n<script type=\"application\/ld+json\" class=\"yoast-schema-graph\">{\"@context\":\"https:\/\/schema.org\",\"@graph\":[{\"@type\":\"WebPage\",\"@id\":\"https:\/\/holidaybeachdanang.com\/vi\/services\/transportation\/\",\"url\":\"https:\/\/holidaybeachdanang.com\/vi\/services\/transportation\/\",\"name\":\"D\u1ecbch v\u1ee5 \u0111\u01b0a \u0111\u00f3n - Holiday Beach Hotel Danang\",\"isPartOf\":{\"@id\":\"https:\/\/holidaybeachdanang.com\/vi\/#website\"},\"datePublished\":\"2026-01-30T10:03:55+00:00\",\"dateModified\":\"2026-03-17T09:48:32+00:00\",\"description\":\"T\u1eadn h\u01b0\u1edfng nh\u1eefng chuy\u1ebfn \u0111i th\u00f4ng su\u1ed1t v\u00e0 an to\u00e0n v\u1edbi d\u1ecbch v\u1ee5 v\u1eadn chuy\u1ec3n ti\u1ec7n l\u1ee3i c\u1ee7a ch\u00fang t\u00f4i. Cho d\u00f9 qu\u00fd kh\u00e1ch c\u1ea7n \u0111\u01b0a \u0111\u00f3n s\u00e2n bay, di chuy\u1ec3n \u0111\u1ebfn ga t\u00e0u, hay tham quan kh\u00e1m ph\u00e1 th\u00e0nh ph\u1ed1 \u0110\u00e0 N\u1eb5ng v\u00e0 H\u1ed9i An, \u0111\u1ed9i ng\u0169 c\u1ee7a ch\u00fang t\u00f4i lu\u00f4n \u0111\u1ea3m b\u1ea3o m\u1ed9t h\u00e0nh tr\u00ecnh \u00eam \u00e1i, an to\u00e0n v\u00e0 tho\u1ea3i m\u00e1i \u0111\u1ebfn \u0111i\u1ec3m \u0111\u1ebfn. D\u1ecbch v\u1ee5 n\u00e0y bao g\u1ed3m c\u1ea3 tuy\u1ebfn c\u1ed1 \u0111\u1ecbnh v\u00e0 c\u00e1c l\u1ef1a ch\u1ecdn v\u1eadn chuy\u1ec3n t\u00f9y ch\u1ec9nh linh ho\u1ea1t theo y\u00eau c\u1ea7u ri\u00eang c\u1ee7a qu\u00fd kh\u00e1ch.\",\"breadcrumb\":{\"@id\":\"https:\/\/holidaybeachdanang.com\/vi\/services\/transportation\/#breadcrumb\"},\"inLanguage\":\"vi-VN\",\"potentialAction\":[{\"@type\":\"ReadAction\",\"target\":[\"https:\/\/holidaybeachdanang.com\/vi\/services\/transportation\/\"]}]},{\"@type\":\"BreadcrumbList\",\"@id\":\"https:\/\/holidaybeachdanang.com\/vi\/services\/transportation\/#breadcrumb\",\"itemListElement\":[{\"@type\":\"ListItem\",\"position\":1,\"name\":\"Home\",\"item\":\"https:\/\/holidaybeachdanang.com\/vi\/\"},{\"@type\":\"ListItem\",\"position\":2,\"name\":\"D\u1ecbch v\u1ee5\",\"item\":\"https:\/\/holidaybeachdanang.com\/vi\/services\/\"},{\"@type\":\"ListItem\",\"position\":3,\"name\":\"D\u1ecbch v\u1ee5 \u0111\u01b0a \u0111\u00f3n\"}]},{\"@type\":\"WebSite\",\"@id\":\"https:\/\/holidaybeachdanang.com\/vi\/#website\",\"url\":\"https:\/\/holidaybeachdanang.com\/vi\/\",\"name\":\"Holiday Beach Hotel Danang\",\"description\":\"\",\"potentialAction\":[{\"@type\":\"SearchAction\",\"target\":{\"@type\":\"EntryPoint\",\"urlTemplate\":\"https:\/\/holidaybeachdanang.com\/vi\/?s={search_term_string}\"},\"query-input\":\"required name=search_term_string\"}],\"inLanguage\":\"vi-VN\"}]}<\/script>\n<!-- \/ Yoast SEO plugin. -->","yoast_head_json":{"title":"D\u1ecbch v\u1ee5 \u0111\u01b0a \u0111\u00f3n - Holiday Beach Hotel Danang","description":"T\u1eadn h\u01b0\u1edfng nh\u1eefng chuy\u1ebfn \u0111i th\u00f4ng su\u1ed1t v\u00e0 an to\u00e0n v\u1edbi d\u1ecbch v\u1ee5 v\u1eadn chuy\u1ec3n ti\u1ec7n l\u1ee3i c\u1ee7a ch\u00fang t\u00f4i. Cho d\u00f9 qu\u00fd kh\u00e1ch c\u1ea7n \u0111\u01b0a \u0111\u00f3n s\u00e2n bay, di chuy\u1ec3n \u0111\u1ebfn ga t\u00e0u, hay tham quan kh\u00e1m ph\u00e1 th\u00e0nh ph\u1ed1 \u0110\u00e0 N\u1eb5ng v\u00e0 H\u1ed9i An, \u0111\u1ed9i ng\u0169 c\u1ee7a ch\u00fang t\u00f4i lu\u00f4n \u0111\u1ea3m b\u1ea3o m\u1ed9t h\u00e0nh tr\u00ecnh \u00eam \u00e1i, an to\u00e0n v\u00e0 tho\u1ea3i m\u00e1i \u0111\u1ebfn \u0111i\u1ec3m \u0111\u1ebfn. D\u1ecbch v\u1ee5 n\u00e0y bao g\u1ed3m c\u1ea3 tuy\u1ebfn c\u1ed1 \u0111\u1ecbnh v\u00e0 c\u00e1c l\u1ef1a ch\u1ecdn v\u1eadn chuy\u1ec3n t\u00f9y ch\u1ec9nh linh ho\u1ea1t theo y\u00eau c\u1ea7u ri\u00eang c\u1ee7a qu\u00fd kh\u00e1ch.","robots":{"index":"index","follow":"follow","max-snippet":"max-snippet:-1","max-image-preview":"max-image-preview:large","max-video-preview":"max-video-preview:-1"},"canonical":"https:\/\/holidaybeachdanang.com\/vi\/services\/transportation\/","og_locale":"vi_VN","og_type":"article","og_title":"D\u1ecbch v\u1ee5 \u0111\u01b0a \u0111\u00f3n - Holiday Beach Hotel Danang","og_description":"T\u1eadn h\u01b0\u1edfng nh\u1eefng chuy\u1ebfn \u0111i th\u00f4ng su\u1ed1t v\u00e0 an to\u00e0n v\u1edbi d\u1ecbch v\u1ee5 v\u1eadn chuy\u1ec3n ti\u1ec7n l\u1ee3i c\u1ee7a ch\u00fang t\u00f4i. Cho d\u00f9 qu\u00fd kh\u00e1ch c\u1ea7n \u0111\u01b0a \u0111\u00f3n s\u00e2n bay, di chuy\u1ec3n \u0111\u1ebfn ga t\u00e0u, hay tham quan kh\u00e1m ph\u00e1 th\u00e0nh ph\u1ed1 \u0110\u00e0 N\u1eb5ng v\u00e0 H\u1ed9i An, \u0111\u1ed9i ng\u0169 c\u1ee7a ch\u00fang t\u00f4i lu\u00f4n \u0111\u1ea3m b\u1ea3o m\u1ed9t h\u00e0nh tr\u00ecnh \u00eam \u00e1i, an to\u00e0n v\u00e0 tho\u1ea3i m\u00e1i \u0111\u1ebfn \u0111i\u1ec3m \u0111\u1ebfn. D\u1ecbch v\u1ee5 n\u00e0y bao g\u1ed3m c\u1ea3 tuy\u1ebfn c\u1ed1 \u0111\u1ecbnh v\u00e0 c\u00e1c l\u1ef1a ch\u1ecdn v\u1eadn chuy\u1ec3n t\u00f9y ch\u1ec9nh linh ho\u1ea1t theo y\u00eau c\u1ea7u ri\u00eang c\u1ee7a qu\u00fd kh\u00e1ch.","og_url":"https:\/\/holidaybeachdanang.com\/vi\/services\/transportation\/","og_site_name":"Holiday Beach Hotel Danang","article_modified_time":"2026-03-17T09:48:32+00:00","twitter_card":"summary_large_image","twitter_misc":{"Est. reading time":"1 minute"},"schema":{"@context":"https:\/\/schema.org","@graph":[{"@type":"WebPage","@id":"https:\/\/holidaybeachdanang.com\/vi\/services\/transportation\/","url":"https:\/\/holidaybeachdanang.com\/vi\/services\/transportation\/","name":"D\u1ecbch v\u1ee5 \u0111\u01b0a \u0111\u00f3n - Holiday Beach Hotel Danang","isPartOf":{"@id":"https:\/\/holidaybeachdanang.com\/vi\/#website"},"datePublished":"2026-01-30T10:03:55+00:00","dateModified":"2026-03-17T09:48:32+00:00","description":"T\u1eadn h\u01b0\u1edfng nh\u1eefng chuy\u1ebfn \u0111i th\u00f4ng su\u1ed1t v\u00e0 an to\u00e0n v\u1edbi d\u1ecbch v\u1ee5 v\u1eadn chuy\u1ec3n ti\u1ec7n l\u1ee3i c\u1ee7a ch\u00fang t\u00f4i. Cho d\u00f9 qu\u00fd kh\u00e1ch c\u1ea7n \u0111\u01b0a \u0111\u00f3n s\u00e2n bay, di chuy\u1ec3n \u0111\u1ebfn ga t\u00e0u, hay tham quan kh\u00e1m ph\u00e1 th\u00e0nh ph\u1ed1 \u0110\u00e0 N\u1eb5ng v\u00e0 H\u1ed9i An, \u0111\u1ed9i ng\u0169 c\u1ee7a ch\u00fang t\u00f4i lu\u00f4n \u0111\u1ea3m b\u1ea3o m\u1ed9t h\u00e0nh tr\u00ecnh \u00eam \u00e1i, an to\u00e0n v\u00e0 tho\u1ea3i m\u00e1i \u0111\u1ebfn \u0111i\u1ec3m \u0111\u1ebfn. D\u1ecbch v\u1ee5 n\u00e0y bao g\u1ed3m c\u1ea3 tuy\u1ebfn c\u1ed1 \u0111\u1ecbnh v\u00e0 c\u00e1c l\u1ef1a ch\u1ecdn v\u1eadn chuy\u1ec3n t\u00f9y ch\u1ec9nh linh ho\u1ea1t theo y\u00eau c\u1ea7u ri\u00eang c\u1ee7a qu\u00fd kh\u00e1ch.","breadcrumb":{"@id":"https:\/\/holidaybeachdanang.com\/vi\/services\/transportation\/#breadcrumb"},"inLanguage":"vi-VN","potentialAction":[{"@type":"ReadAction","target":["https:\/\/holidaybeachdanang.com\/vi\/services\/transportation\/"]}]},{"@type":"BreadcrumbList","@id":"https:\/\/holidaybeachdanang.com\/vi\/services\/transportation\/#breadcrumb","itemListElement":[{"@type":"ListItem","position":1,"name":"Home","item":"https:\/\/holidaybeachdanang.com\/vi\/"},{"@type":"ListItem","position":2,"name":"D\u1ecbch v\u1ee5","item":"https:\/\/holidaybeachdanang.com\/vi\/services\/"},{"@type":"ListItem","position":3,"name":"D\u1ecbch v\u1ee5 \u0111\u01b0a \u0111\u00f3n"}]},{"@type":"WebSite","@id":"https:\/\/holidaybeachdanang.com\/vi\/#website","url":"https:\/\/holidaybeachdanang.com\/vi\/","name":"Holiday Beach Hotel Danang","description":"","potentialAction":[{"@type":"SearchAction","target":{"@type":"EntryPoint","urlTemplate":"https:\/\/holidaybeachdanang.com\/vi\/?s={search_term_string}"},"query-input":"required name=search_term_string"}],"inLanguage":"vi-VN"}]}},"acf":[],"_links":{"self":[{"href":"https:\/\/holidaybeachdanang.com\/vi\/wp-json\/wp\/v2\/pages\/113"}],"collection":[{"href":"https:\/\/holidaybeachdanang.com\/vi\/wp-json\/wp\/v2\/pages"}],"about":[{"href":"https:\/\/holidaybeachdanang.com\/vi\/wp-json\/wp\/v2\/types\/page"}],"author":[{"embeddable":true,"href":"https:\/\/holidaybeachdanang.com\/vi\/wp-json\/wp\/v2\/users\/90"}],"replies":[{"embeddable":true,"href":"https:\/\/holidaybeachdanang.com\/vi\/wp-json\/wp\/v2\/comments?post=113"}],"version-history":[{"count":0,"href":"https:\/\/holidaybeachdanang.com\/vi\/wp-json\/wp\/v2\/pages\/113\/revisions"}],"up":[{"embeddable":true,"href":"https:\/\/holidaybeachdanang.com\/vi\/wp-json\/wp\/v2\/pages\/112"}],"wp:attachment":[{"href":"https:\/\/holidaybeachdanang.com\/vi\/wp-json\/wp\/v2\/media?parent=113"}],"wp:term":[{"taxonomy":"category","embeddable":true,"href":"https:\/\/holidaybeachdanang.com\/vi\/wp-json\/wp\/v2\/categories?post=113"}],"curies":[{"name":"wp","href":"https:\/\/api.w.org\/{rel}","templated":true}]}}