{"id":112,"date":"2026-01-30T18:00:07","date_gmt":"2026-01-30T10:00:07","guid":{"rendered":"https:\/\/holidaybeachdanang.ms2.decms.asia\/services\/"},"modified":"2026-02-02T21:22:47","modified_gmt":"2026-02-02T13:22:47","slug":"services","status":"publish","type":"page","link":"https:\/\/holidaybeachdanang.com\/vi\/services\/","title":{"rendered":"D\u1ecbch v\u1ee5"},"content":{"rendered":"<p>T\u1ea1i Holiday Beach Hotel Danang, ch\u00fang t\u00f4i cam k\u1ebft mang \u0111\u1ebfn nh\u1eefng d\u1ecbch v\u1ee5 thi\u1ebft y\u1ebfu v\u00e0 chu \u0111\u00e1o \u0111\u1ec3 n\u00e2ng t\u1ea7m tr\u1ea3i nghi\u1ec7m l\u01b0u tr\u00fa c\u1ee7a qu\u00fd kh\u00e1ch. \u0110\u1ed9i ng\u0169 chuy\u00ean nghi\u1ec7p c\u1ee7a ch\u00fang t\u00f4i lu\u00f4n s\u1eb5n l\u00f2ng h\u1ed7 tr\u1ee3 m\u1ecdi nhu c\u1ea7u, t\u1eeb d\u1ecbch v\u1ee5 gi\u1eb7t l\u00e0 nhanh ch\u00f3ng, s\u1eafp x\u1ebfp c\u00e1c tour du l\u1ecbch kh\u00e1m ph\u00e1 \u0111\u00e1ng nh\u1edb, cho \u0111\u1ebfn d\u1ecbch v\u1ee5 \u0111\u01b0a \u0111\u00f3n linh ho\u1ea1t \u0111\u1ebfn s\u00e2n bay, ga t\u00e0u ho\u1eb7c b\u1ea5t k\u1ef3 danh lam th\u1eafng c\u1ea3nh n\u00e0o. V\u1edbi s\u1ef1 h\u1ed7 tr\u1ee3 t\u1eadn t\u00ecnh c\u1ee7a ch\u00fang t\u00f4i, qu\u00fd kh\u00e1ch s\u1ebd t\u1eadn h\u01b0\u1edfng m\u1ed9t h\u00e0nh tr\u00ecnh thu\u1eadn ti\u1ec7n, tho\u1ea3i m\u00e1i v\u00e0 tr\u1ecdn v\u1eb9n nh\u1ea5t.<\/p>\n","protected":false},"excerpt":{"rendered":"<p>T\u1ea1i Holiday Beach Hotel Danang, ch\u00fang t\u00f4i cam k\u1ebft mang \u0111\u1ebfn nh\u1eefng d\u1ecbch v\u1ee5 thi\u1ebft y\u1ebfu v\u00e0 chu \u0111\u00e1o \u0111\u1ec3 n\u00e2ng t\u1ea7m tr\u1ea3i nghi\u1ec7m l\u01b0u tr\u00fa c\u1ee7a qu\u00fd kh\u00e1ch. \u0110\u1ed9i ng\u0169 chuy\u00ean nghi\u1ec7p c\u1ee7a ch\u00fang t\u00f4i lu\u00f4n s\u1eb5n l\u00f2ng h\u1ed7 tr\u1ee3 m\u1ecdi nhu c\u1ea7u, t\u1eeb d\u1ecbch v\u1ee5 gi\u1eb7t l\u00e0 nhanh ch\u00f3ng, s\u1eafp x\u1ebfp c\u00e1c tour [&hellip;]<\/p>\n","protected":false},"author":90,"featured_media":0,"parent":0,"menu_order":0,"comment_status":"closed","ping_status":"closed","template":"template-services.php","meta":{"footnotes":""},"categories":[],"yoast_head":"<!-- This site is optimized with the Yoast SEO plugin v22.3 - https:\/\/yoast.com\/wordpress\/plugins\/seo\/ -->\n<title>D\u1ecbch v\u1ee5 - Holiday Beach Hotel Danang<\/title>\n<meta name=\"description\" content=\"T\u1ea1i Holiday Beach Hotel Danang, ch\u00fang t\u00f4i cam k\u1ebft mang \u0111\u1ebfn nh\u1eefng d\u1ecbch v\u1ee5 thi\u1ebft y\u1ebfu v\u00e0 chu \u0111\u00e1o \u0111\u1ec3 n\u00e2ng t\u1ea7m tr\u1ea3i nghi\u1ec7m l\u01b0u tr\u00fa c\u1ee7a qu\u00fd kh\u00e1ch. \u0110\u1ed9i ng\u0169 chuy\u00ean nghi\u1ec7p c\u1ee7a ch\u00fang t\u00f4i lu\u00f4n s\u1eb5n l\u00f2ng h\u1ed7 tr\u1ee3 m\u1ecdi nhu c\u1ea7u, t\u1eeb d\u1ecbch v\u1ee5 gi\u1eb7t l\u00e0 nhanh ch\u00f3ng, s\u1eafp x\u1ebfp c\u00e1c tour du l\u1ecbch kh\u00e1m ph\u00e1 \u0111\u00e1ng nh\u1edb, cho \u0111\u1ebfn d\u1ecbch v\u1ee5 \u0111\u01b0a \u0111\u00f3n linh ho\u1ea1t \u0111\u1ebfn s\u00e2n bay, ga t\u00e0u ho\u1eb7c b\u1ea5t k\u1ef3 danh lam th\u1eafng c\u1ea3nh n\u00e0o. V\u1edbi s\u1ef1 h\u1ed7 tr\u1ee3 t\u1eadn t\u00ecnh c\u1ee7a ch\u00fang t\u00f4i, qu\u00fd kh\u00e1ch s\u1ebd t\u1eadn h\u01b0\u1edfng m\u1ed9t h\u00e0nh tr\u00ecnh thu\u1eadn ti\u1ec7n, tho\u1ea3i m\u00e1i v\u00e0 tr\u1ecdn v\u1eb9n nh\u1ea5t.\" \/>\n<meta name=\"robots\" content=\"index, follow, max-snippet:-1, max-image-preview:large, max-video-preview:-1\" \/>\n<link rel=\"canonical\" href=\"https:\/\/holidaybeachdanang.com\/vi\/services\/\" \/>\n<meta property=\"og:locale\" content=\"vi_VN\" \/>\n<meta property=\"og:type\" content=\"article\" \/>\n<meta property=\"og:title\" content=\"D\u1ecbch v\u1ee5 - Holiday Beach Hotel Danang\" \/>\n<meta property=\"og:description\" content=\"T\u1ea1i Holiday Beach Hotel Danang, ch\u00fang t\u00f4i cam k\u1ebft mang \u0111\u1ebfn nh\u1eefng d\u1ecbch v\u1ee5 thi\u1ebft y\u1ebfu v\u00e0 chu \u0111\u00e1o \u0111\u1ec3 n\u00e2ng t\u1ea7m tr\u1ea3i nghi\u1ec7m l\u01b0u tr\u00fa c\u1ee7a qu\u00fd kh\u00e1ch. \u0110\u1ed9i ng\u0169 chuy\u00ean nghi\u1ec7p c\u1ee7a ch\u00fang t\u00f4i lu\u00f4n s\u1eb5n l\u00f2ng h\u1ed7 tr\u1ee3 m\u1ecdi nhu c\u1ea7u, t\u1eeb d\u1ecbch v\u1ee5 gi\u1eb7t l\u00e0 nhanh ch\u00f3ng, s\u1eafp x\u1ebfp c\u00e1c tour du l\u1ecbch kh\u00e1m ph\u00e1 \u0111\u00e1ng nh\u1edb, cho \u0111\u1ebfn d\u1ecbch v\u1ee5 \u0111\u01b0a \u0111\u00f3n linh ho\u1ea1t \u0111\u1ebfn s\u00e2n bay, ga t\u00e0u ho\u1eb7c b\u1ea5t k\u1ef3 danh lam th\u1eafng c\u1ea3nh n\u00e0o. V\u1edbi s\u1ef1 h\u1ed7 tr\u1ee3 t\u1eadn t\u00ecnh c\u1ee7a ch\u00fang t\u00f4i, qu\u00fd kh\u00e1ch s\u1ebd t\u1eadn h\u01b0\u1edfng m\u1ed9t h\u00e0nh tr\u00ecnh thu\u1eadn ti\u1ec7n, tho\u1ea3i m\u00e1i v\u00e0 tr\u1ecdn v\u1eb9n nh\u1ea5t.\" \/>\n<meta property=\"og:url\" content=\"https:\/\/holidaybeachdanang.com\/vi\/services\/\" \/>\n<meta property=\"og:site_name\" content=\"Holiday Beach Hotel Danang\" \/>\n<meta property=\"article:modified_time\" content=\"2026-02-02T13:22:47+00:00\" \/>\n<meta name=\"twitter:card\" content=\"summary_large_image\" \/>\n<meta name=\"twitter:label1\" content=\"Est. reading time\" \/>\n\t<meta name=\"twitter:data1\" content=\"1 minute\" \/>\n<script type=\"application\/ld+json\" class=\"yoast-schema-graph\">{\"@context\":\"https:\/\/schema.org\",\"@graph\":[{\"@type\":\"WebPage\",\"@id\":\"https:\/\/holidaybeachdanang.com\/vi\/services\/\",\"url\":\"https:\/\/holidaybeachdanang.com\/vi\/services\/\",\"name\":\"D\u1ecbch v\u1ee5 - Holiday Beach Hotel Danang\",\"isPartOf\":{\"@id\":\"https:\/\/holidaybeachdanang.com\/vi\/#website\"},\"datePublished\":\"2026-01-30T10:00:07+00:00\",\"dateModified\":\"2026-02-02T13:22:47+00:00\",\"description\":\"T\u1ea1i Holiday Beach Hotel Danang, ch\u00fang t\u00f4i cam k\u1ebft mang \u0111\u1ebfn nh\u1eefng d\u1ecbch v\u1ee5 thi\u1ebft y\u1ebfu v\u00e0 chu \u0111\u00e1o \u0111\u1ec3 n\u00e2ng t\u1ea7m tr\u1ea3i nghi\u1ec7m l\u01b0u tr\u00fa c\u1ee7a qu\u00fd kh\u00e1ch. \u0110\u1ed9i ng\u0169 chuy\u00ean nghi\u1ec7p c\u1ee7a ch\u00fang t\u00f4i lu\u00f4n s\u1eb5n l\u00f2ng h\u1ed7 tr\u1ee3 m\u1ecdi nhu c\u1ea7u, t\u1eeb d\u1ecbch v\u1ee5 gi\u1eb7t l\u00e0 nhanh ch\u00f3ng, s\u1eafp x\u1ebfp c\u00e1c tour du l\u1ecbch kh\u00e1m ph\u00e1 \u0111\u00e1ng nh\u1edb, cho \u0111\u1ebfn d\u1ecbch v\u1ee5 \u0111\u01b0a \u0111\u00f3n linh ho\u1ea1t \u0111\u1ebfn s\u00e2n bay, ga t\u00e0u ho\u1eb7c b\u1ea5t k\u1ef3 danh lam th\u1eafng c\u1ea3nh n\u00e0o. V\u1edbi s\u1ef1 h\u1ed7 tr\u1ee3 t\u1eadn t\u00ecnh c\u1ee7a ch\u00fang t\u00f4i, qu\u00fd kh\u00e1ch s\u1ebd t\u1eadn h\u01b0\u1edfng m\u1ed9t h\u00e0nh tr\u00ecnh thu\u1eadn ti\u1ec7n, tho\u1ea3i m\u00e1i v\u00e0 tr\u1ecdn v\u1eb9n nh\u1ea5t.\",\"breadcrumb\":{\"@id\":\"https:\/\/holidaybeachdanang.com\/vi\/services\/#breadcrumb\"},\"inLanguage\":\"vi-VN\",\"potentialAction\":[{\"@type\":\"ReadAction\",\"target\":[\"https:\/\/holidaybeachdanang.com\/vi\/services\/\"]}]},{\"@type\":\"BreadcrumbList\",\"@id\":\"https:\/\/holidaybeachdanang.com\/vi\/services\/#breadcrumb\",\"itemListElement\":[{\"@type\":\"ListItem\",\"position\":1,\"name\":\"Home\",\"item\":\"https:\/\/holidaybeachdanang.com\/vi\/\"},{\"@type\":\"ListItem\",\"position\":2,\"name\":\"D\u1ecbch v\u1ee5\"}]},{\"@type\":\"WebSite\",\"@id\":\"https:\/\/holidaybeachdanang.com\/vi\/#website\",\"url\":\"https:\/\/holidaybeachdanang.com\/vi\/\",\"name\":\"Holiday Beach Hotel Danang\",\"description\":\"\",\"potentialAction\":[{\"@type\":\"SearchAction\",\"target\":{\"@type\":\"EntryPoint\",\"urlTemplate\":\"https:\/\/holidaybeachdanang.com\/vi\/?s={search_term_string}\"},\"query-input\":\"required name=search_term_string\"}],\"inLanguage\":\"vi-VN\"}]}<\/script>\n<!-- \/ Yoast SEO plugin. -->","yoast_head_json":{"title":"D\u1ecbch v\u1ee5 - Holiday Beach Hotel Danang","description":"T\u1ea1i Holiday Beach Hotel Danang, ch\u00fang t\u00f4i cam k\u1ebft mang \u0111\u1ebfn nh\u1eefng d\u1ecbch v\u1ee5 thi\u1ebft y\u1ebfu v\u00e0 chu \u0111\u00e1o \u0111\u1ec3 n\u00e2ng t\u1ea7m tr\u1ea3i nghi\u1ec7m l\u01b0u tr\u00fa c\u1ee7a qu\u00fd kh\u00e1ch. \u0110\u1ed9i ng\u0169 chuy\u00ean nghi\u1ec7p c\u1ee7a ch\u00fang t\u00f4i lu\u00f4n s\u1eb5n l\u00f2ng h\u1ed7 tr\u1ee3 m\u1ecdi nhu c\u1ea7u, t\u1eeb d\u1ecbch v\u1ee5 gi\u1eb7t l\u00e0 nhanh ch\u00f3ng, s\u1eafp x\u1ebfp c\u00e1c tour du l\u1ecbch kh\u00e1m ph\u00e1 \u0111\u00e1ng nh\u1edb, cho \u0111\u1ebfn d\u1ecbch v\u1ee5 \u0111\u01b0a \u0111\u00f3n linh ho\u1ea1t \u0111\u1ebfn s\u00e2n bay, ga t\u00e0u ho\u1eb7c b\u1ea5t k\u1ef3 danh lam th\u1eafng c\u1ea3nh n\u00e0o. V\u1edbi s\u1ef1 h\u1ed7 tr\u1ee3 t\u1eadn t\u00ecnh c\u1ee7a ch\u00fang t\u00f4i, qu\u00fd kh\u00e1ch s\u1ebd t\u1eadn h\u01b0\u1edfng m\u1ed9t h\u00e0nh tr\u00ecnh thu\u1eadn ti\u1ec7n, tho\u1ea3i m\u00e1i v\u00e0 tr\u1ecdn v\u1eb9n nh\u1ea5t.","robots":{"index":"index","follow":"follow","max-snippet":"max-snippet:-1","max-image-preview":"max-image-preview:large","max-video-preview":"max-video-preview:-1"},"canonical":"https:\/\/holidaybeachdanang.com\/vi\/services\/","og_locale":"vi_VN","og_type":"article","og_title":"D\u1ecbch v\u1ee5 - Holiday Beach Hotel Danang","og_description":"T\u1ea1i Holiday Beach Hotel Danang, ch\u00fang t\u00f4i cam k\u1ebft mang \u0111\u1ebfn nh\u1eefng d\u1ecbch v\u1ee5 thi\u1ebft y\u1ebfu v\u00e0 chu \u0111\u00e1o \u0111\u1ec3 n\u00e2ng t\u1ea7m tr\u1ea3i nghi\u1ec7m l\u01b0u tr\u00fa c\u1ee7a qu\u00fd kh\u00e1ch. \u0110\u1ed9i ng\u0169 chuy\u00ean nghi\u1ec7p c\u1ee7a ch\u00fang t\u00f4i lu\u00f4n s\u1eb5n l\u00f2ng h\u1ed7 tr\u1ee3 m\u1ecdi nhu c\u1ea7u, t\u1eeb d\u1ecbch v\u1ee5 gi\u1eb7t l\u00e0 nhanh ch\u00f3ng, s\u1eafp x\u1ebfp c\u00e1c tour du l\u1ecbch kh\u00e1m ph\u00e1 \u0111\u00e1ng nh\u1edb, cho \u0111\u1ebfn d\u1ecbch v\u1ee5 \u0111\u01b0a \u0111\u00f3n linh ho\u1ea1t \u0111\u1ebfn s\u00e2n bay, ga t\u00e0u ho\u1eb7c b\u1ea5t k\u1ef3 danh lam th\u1eafng c\u1ea3nh n\u00e0o. V\u1edbi s\u1ef1 h\u1ed7 tr\u1ee3 t\u1eadn t\u00ecnh c\u1ee7a ch\u00fang t\u00f4i, qu\u00fd kh\u00e1ch s\u1ebd t\u1eadn h\u01b0\u1edfng m\u1ed9t h\u00e0nh tr\u00ecnh thu\u1eadn ti\u1ec7n, tho\u1ea3i m\u00e1i v\u00e0 tr\u1ecdn v\u1eb9n nh\u1ea5t.","og_url":"https:\/\/holidaybeachdanang.com\/vi\/services\/","og_site_name":"Holiday Beach Hotel Danang","article_modified_time":"2026-02-02T13:22:47+00:00","twitter_card":"summary_large_image","twitter_misc":{"Est. reading time":"1 minute"},"schema":{"@context":"https:\/\/schema.org","@graph":[{"@type":"WebPage","@id":"https:\/\/holidaybeachdanang.com\/vi\/services\/","url":"https:\/\/holidaybeachdanang.com\/vi\/services\/","name":"D\u1ecbch v\u1ee5 - Holiday Beach Hotel Danang","isPartOf":{"@id":"https:\/\/holidaybeachdanang.com\/vi\/#website"},"datePublished":"2026-01-30T10:00:07+00:00","dateModified":"2026-02-02T13:22:47+00:00","description":"T\u1ea1i Holiday Beach Hotel Danang, ch\u00fang t\u00f4i cam k\u1ebft mang \u0111\u1ebfn nh\u1eefng d\u1ecbch v\u1ee5 thi\u1ebft y\u1ebfu v\u00e0 chu \u0111\u00e1o \u0111\u1ec3 n\u00e2ng t\u1ea7m tr\u1ea3i nghi\u1ec7m l\u01b0u tr\u00fa c\u1ee7a qu\u00fd kh\u00e1ch. \u0110\u1ed9i ng\u0169 chuy\u00ean nghi\u1ec7p c\u1ee7a ch\u00fang t\u00f4i lu\u00f4n s\u1eb5n l\u00f2ng h\u1ed7 tr\u1ee3 m\u1ecdi nhu c\u1ea7u, t\u1eeb d\u1ecbch v\u1ee5 gi\u1eb7t l\u00e0 nhanh ch\u00f3ng, s\u1eafp x\u1ebfp c\u00e1c tour du l\u1ecbch kh\u00e1m ph\u00e1 \u0111\u00e1ng nh\u1edb, cho \u0111\u1ebfn d\u1ecbch v\u1ee5 \u0111\u01b0a \u0111\u00f3n linh ho\u1ea1t \u0111\u1ebfn s\u00e2n bay, ga t\u00e0u ho\u1eb7c b\u1ea5t k\u1ef3 danh lam th\u1eafng c\u1ea3nh n\u00e0o. V\u1edbi s\u1ef1 h\u1ed7 tr\u1ee3 t\u1eadn t\u00ecnh c\u1ee7a ch\u00fang t\u00f4i, qu\u00fd kh\u00e1ch s\u1ebd t\u1eadn h\u01b0\u1edfng m\u1ed9t h\u00e0nh tr\u00ecnh thu\u1eadn ti\u1ec7n, tho\u1ea3i m\u00e1i v\u00e0 tr\u1ecdn v\u1eb9n nh\u1ea5t.","breadcrumb":{"@id":"https:\/\/holidaybeachdanang.com\/vi\/services\/#breadcrumb"},"inLanguage":"vi-VN","potentialAction":[{"@type":"ReadAction","target":["https:\/\/holidaybeachdanang.com\/vi\/services\/"]}]},{"@type":"BreadcrumbList","@id":"https:\/\/holidaybeachdanang.com\/vi\/services\/#breadcrumb","itemListElement":[{"@type":"ListItem","position":1,"name":"Home","item":"https:\/\/holidaybeachdanang.com\/vi\/"},{"@type":"ListItem","position":2,"name":"D\u1ecbch v\u1ee5"}]},{"@type":"WebSite","@id":"https:\/\/holidaybeachdanang.com\/vi\/#website","url":"https:\/\/holidaybeachdanang.com\/vi\/","name":"Holiday Beach Hotel Danang","description":"","potentialAction":[{"@type":"SearchAction","target":{"@type":"EntryPoint","urlTemplate":"https:\/\/holidaybeachdanang.com\/vi\/?s={search_term_string}"},"query-input":"required name=search_term_string"}],"inLanguage":"vi-VN"}]}},"acf":[],"_links":{"self":[{"href":"https:\/\/holidaybeachdanang.com\/vi\/wp-json\/wp\/v2\/pages\/112"}],"collection":[{"href":"https:\/\/holidaybeachdanang.com\/vi\/wp-json\/wp\/v2\/pages"}],"about":[{"href":"https:\/\/holidaybeachdanang.com\/vi\/wp-json\/wp\/v2\/types\/page"}],"author":[{"embeddable":true,"href":"https:\/\/holidaybeachdanang.com\/vi\/wp-json\/wp\/v2\/users\/90"}],"replies":[{"embeddable":true,"href":"https:\/\/holidaybeachdanang.com\/vi\/wp-json\/wp\/v2\/comments?post=112"}],"version-history":[{"count":0,"href":"https:\/\/holidaybeachdanang.com\/vi\/wp-json\/wp\/v2\/pages\/112\/revisions"}],"wp:attachment":[{"href":"https:\/\/holidaybeachdanang.com\/vi\/wp-json\/wp\/v2\/media?parent=112"}],"wp:term":[{"taxonomy":"category","embeddable":true,"href":"https:\/\/holidaybeachdanang.com\/vi\/wp-json\/wp\/v2\/categories?post=112"}],"curies":[{"name":"wp","href":"https:\/\/api.w.org\/{rel}","templated":true}]}}