{"id":111,"date":"2026-01-30T17:59:35","date_gmt":"2026-01-30T09:59:35","guid":{"rendered":"https:\/\/holidaybeachdanang.ms2.decms.asia\/facilities\/the-waves-pool\/"},"modified":"2026-02-02T21:15:27","modified_gmt":"2026-02-02T13:15:27","slug":"the-waves-pool","status":"publish","type":"page","link":"https:\/\/holidaybeachdanang.com\/vi\/facilities\/the-waves-pool\/","title":{"rendered":"H\u1ed3 b\u01a1i The Waves"},"content":{"rendered":"<p>T\u1ecda l\u1ea1c b\u00ean con \u0111\u01b0\u1eddng b\u1eadn r\u1ed9n h\u01b0\u1edbng ra m\u1ed9t bi\u1ec3n M\u1ef9 Kh\u00ea, h\u1ed3 b\u01a1i l\u00e0 n\u01a1i n\u00e1u m\u00ecnh ho\u00e0n h\u1ea3o ch\u1ec9 v\u00e0i b\u01b0\u1edbc \u0111\u1ebfn b\u00e3i bi\u1ec3n ri\u00eang. T\u1eadn h\u01b0\u1edfng m\u1ed9t ng\u00e0y n\u1eafng b\u00ean h\u00e0ng gh\u1ebf d\u00e0i nh\u00ecn ra h\u1ed3 b\u01a1i, ho\u1eb7c nh\u1ea3y xu\u1ed1ng t\u1eadn h\u01b0\u1edfng l\u00e0n n\u01b0\u1edbc m\u00e1t.<\/p>\n","protected":false},"excerpt":{"rendered":"<p>T\u1ecda l\u1ea1c b\u00ean con \u0111\u01b0\u1eddng b\u1eadn r\u1ed9n h\u01b0\u1edbng ra m\u1ed9t bi\u1ec3n M\u1ef9 Kh\u00ea, h\u1ed3 b\u01a1i l\u00e0 n\u01a1i n\u00e1u m\u00ecnh ho\u00e0n h\u1ea3o ch\u1ec9 v\u00e0i b\u01b0\u1edbc \u0111\u1ebfn b\u00e3i bi\u1ec3n ri\u00eang. T\u1eadn h\u01b0\u1edfng m\u1ed9t ng\u00e0y n\u1eafng b\u00ean h\u00e0ng gh\u1ebf d\u00e0i nh\u00ecn ra h\u1ed3 b\u01a1i, ho\u1eb7c nh\u1ea3y xu\u1ed1ng t\u1eadn h\u01b0\u1edfng l\u00e0n n\u01b0\u1edbc m\u00e1t.<\/p>\n","protected":false},"author":90,"featured_media":0,"parent":107,"menu_order":0,"comment_status":"closed","ping_status":"closed","template":"template-single-service.php","meta":{"footnotes":""},"categories":[],"yoast_head":"<!-- This site is optimized with the Yoast SEO plugin v22.3 - https:\/\/yoast.com\/wordpress\/plugins\/seo\/ -->\n<title>H\u1ed3 b\u01a1i The Waves - Holiday Beach Hotel Danang<\/title>\n<meta name=\"description\" content=\"T\u1ecda l\u1ea1c b\u00ean con \u0111\u01b0\u1eddng b\u1eadn r\u1ed9n h\u01b0\u1edbng ra m\u1ed9t bi\u1ec3n M\u1ef9 Kh\u00ea, h\u1ed3 b\u01a1i l\u00e0 n\u01a1i n\u00e1u m\u00ecnh ho\u00e0n h\u1ea3o ch\u1ec9 v\u00e0i b\u01b0\u1edbc \u0111\u1ebfn b\u00e3i bi\u1ec3n ri\u00eang. T\u1eadn h\u01b0\u1edfng m\u1ed9t ng\u00e0y n\u1eafng b\u00ean h\u00e0ng gh\u1ebf d\u00e0i nh\u00ecn ra h\u1ed3 b\u01a1i, ho\u1eb7c nh\u1ea3y xu\u1ed1ng t\u1eadn h\u01b0\u1edfng l\u00e0n n\u01b0\u1edbc m\u00e1t.\" \/>\n<meta name=\"robots\" content=\"index, follow, max-snippet:-1, max-image-preview:large, max-video-preview:-1\" \/>\n<link rel=\"canonical\" href=\"https:\/\/holidaybeachdanang.com\/vi\/facilities\/the-waves-pool\/\" \/>\n<meta property=\"og:locale\" content=\"vi_VN\" \/>\n<meta property=\"og:type\" content=\"article\" \/>\n<meta property=\"og:title\" content=\"H\u1ed3 b\u01a1i The Waves - Holiday Beach Hotel Danang\" \/>\n<meta property=\"og:description\" content=\"T\u1ecda l\u1ea1c b\u00ean con \u0111\u01b0\u1eddng b\u1eadn r\u1ed9n h\u01b0\u1edbng ra m\u1ed9t bi\u1ec3n M\u1ef9 Kh\u00ea, h\u1ed3 b\u01a1i l\u00e0 n\u01a1i n\u00e1u m\u00ecnh ho\u00e0n h\u1ea3o ch\u1ec9 v\u00e0i b\u01b0\u1edbc \u0111\u1ebfn b\u00e3i bi\u1ec3n ri\u00eang. T\u1eadn h\u01b0\u1edfng m\u1ed9t ng\u00e0y n\u1eafng b\u00ean h\u00e0ng gh\u1ebf d\u00e0i nh\u00ecn ra h\u1ed3 b\u01a1i, ho\u1eb7c nh\u1ea3y xu\u1ed1ng t\u1eadn h\u01b0\u1edfng l\u00e0n n\u01b0\u1edbc m\u00e1t.\" \/>\n<meta property=\"og:url\" content=\"https:\/\/holidaybeachdanang.com\/vi\/facilities\/the-waves-pool\/\" \/>\n<meta property=\"og:site_name\" content=\"Holiday Beach Hotel Danang\" \/>\n<meta property=\"article:modified_time\" content=\"2026-02-02T13:15:27+00:00\" \/>\n<meta name=\"twitter:card\" content=\"summary_large_image\" \/>\n<meta name=\"twitter:label1\" content=\"Est. reading time\" \/>\n\t<meta name=\"twitter:data1\" content=\"1 minute\" \/>\n<script type=\"application\/ld+json\" class=\"yoast-schema-graph\">{\"@context\":\"https:\/\/schema.org\",\"@graph\":[{\"@type\":\"WebPage\",\"@id\":\"https:\/\/holidaybeachdanang.com\/vi\/facilities\/the-waves-pool\/\",\"url\":\"https:\/\/holidaybeachdanang.com\/vi\/facilities\/the-waves-pool\/\",\"name\":\"H\u1ed3 b\u01a1i The Waves - Holiday Beach Hotel Danang\",\"isPartOf\":{\"@id\":\"https:\/\/holidaybeachdanang.com\/vi\/#website\"},\"datePublished\":\"2026-01-30T09:59:35+00:00\",\"dateModified\":\"2026-02-02T13:15:27+00:00\",\"description\":\"T\u1ecda l\u1ea1c b\u00ean con \u0111\u01b0\u1eddng b\u1eadn r\u1ed9n h\u01b0\u1edbng ra m\u1ed9t bi\u1ec3n M\u1ef9 Kh\u00ea, h\u1ed3 b\u01a1i l\u00e0 n\u01a1i n\u00e1u m\u00ecnh ho\u00e0n h\u1ea3o ch\u1ec9 v\u00e0i b\u01b0\u1edbc \u0111\u1ebfn b\u00e3i bi\u1ec3n ri\u00eang. T\u1eadn h\u01b0\u1edfng m\u1ed9t ng\u00e0y n\u1eafng b\u00ean h\u00e0ng gh\u1ebf d\u00e0i nh\u00ecn ra h\u1ed3 b\u01a1i, ho\u1eb7c nh\u1ea3y xu\u1ed1ng t\u1eadn h\u01b0\u1edfng l\u00e0n n\u01b0\u1edbc m\u00e1t.\",\"breadcrumb\":{\"@id\":\"https:\/\/holidaybeachdanang.com\/vi\/facilities\/the-waves-pool\/#breadcrumb\"},\"inLanguage\":\"vi-VN\",\"potentialAction\":[{\"@type\":\"ReadAction\",\"target\":[\"https:\/\/holidaybeachdanang.com\/vi\/facilities\/the-waves-pool\/\"]}]},{\"@type\":\"BreadcrumbList\",\"@id\":\"https:\/\/holidaybeachdanang.com\/vi\/facilities\/the-waves-pool\/#breadcrumb\",\"itemListElement\":[{\"@type\":\"ListItem\",\"position\":1,\"name\":\"Home\",\"item\":\"https:\/\/holidaybeachdanang.com\/vi\/\"},{\"@type\":\"ListItem\",\"position\":2,\"name\":\"Ti\u1ec7n \u00edch\",\"item\":\"https:\/\/holidaybeachdanang.com\/vi\/facilities\/\"},{\"@type\":\"ListItem\",\"position\":3,\"name\":\"H\u1ed3 b\u01a1i The Waves\"}]},{\"@type\":\"WebSite\",\"@id\":\"https:\/\/holidaybeachdanang.com\/vi\/#website\",\"url\":\"https:\/\/holidaybeachdanang.com\/vi\/\",\"name\":\"Holiday Beach Hotel Danang\",\"description\":\"\",\"potentialAction\":[{\"@type\":\"SearchAction\",\"target\":{\"@type\":\"EntryPoint\",\"urlTemplate\":\"https:\/\/holidaybeachdanang.com\/vi\/?s={search_term_string}\"},\"query-input\":\"required name=search_term_string\"}],\"inLanguage\":\"vi-VN\"}]}<\/script>\n<!-- \/ Yoast SEO plugin. -->","yoast_head_json":{"title":"H\u1ed3 b\u01a1i The Waves - Holiday Beach Hotel Danang","description":"T\u1ecda l\u1ea1c b\u00ean con \u0111\u01b0\u1eddng b\u1eadn r\u1ed9n h\u01b0\u1edbng ra m\u1ed9t bi\u1ec3n M\u1ef9 Kh\u00ea, h\u1ed3 b\u01a1i l\u00e0 n\u01a1i n\u00e1u m\u00ecnh ho\u00e0n h\u1ea3o ch\u1ec9 v\u00e0i b\u01b0\u1edbc \u0111\u1ebfn b\u00e3i bi\u1ec3n ri\u00eang. T\u1eadn h\u01b0\u1edfng m\u1ed9t ng\u00e0y n\u1eafng b\u00ean h\u00e0ng gh\u1ebf d\u00e0i nh\u00ecn ra h\u1ed3 b\u01a1i, ho\u1eb7c nh\u1ea3y xu\u1ed1ng t\u1eadn h\u01b0\u1edfng l\u00e0n n\u01b0\u1edbc m\u00e1t.","robots":{"index":"index","follow":"follow","max-snippet":"max-snippet:-1","max-image-preview":"max-image-preview:large","max-video-preview":"max-video-preview:-1"},"canonical":"https:\/\/holidaybeachdanang.com\/vi\/facilities\/the-waves-pool\/","og_locale":"vi_VN","og_type":"article","og_title":"H\u1ed3 b\u01a1i The Waves - Holiday Beach Hotel Danang","og_description":"T\u1ecda l\u1ea1c b\u00ean con \u0111\u01b0\u1eddng b\u1eadn r\u1ed9n h\u01b0\u1edbng ra m\u1ed9t bi\u1ec3n M\u1ef9 Kh\u00ea, h\u1ed3 b\u01a1i l\u00e0 n\u01a1i n\u00e1u m\u00ecnh ho\u00e0n h\u1ea3o ch\u1ec9 v\u00e0i b\u01b0\u1edbc \u0111\u1ebfn b\u00e3i bi\u1ec3n ri\u00eang. T\u1eadn h\u01b0\u1edfng m\u1ed9t ng\u00e0y n\u1eafng b\u00ean h\u00e0ng gh\u1ebf d\u00e0i nh\u00ecn ra h\u1ed3 b\u01a1i, ho\u1eb7c nh\u1ea3y xu\u1ed1ng t\u1eadn h\u01b0\u1edfng l\u00e0n n\u01b0\u1edbc m\u00e1t.","og_url":"https:\/\/holidaybeachdanang.com\/vi\/facilities\/the-waves-pool\/","og_site_name":"Holiday Beach Hotel Danang","article_modified_time":"2026-02-02T13:15:27+00:00","twitter_card":"summary_large_image","twitter_misc":{"Est. reading time":"1 minute"},"schema":{"@context":"https:\/\/schema.org","@graph":[{"@type":"WebPage","@id":"https:\/\/holidaybeachdanang.com\/vi\/facilities\/the-waves-pool\/","url":"https:\/\/holidaybeachdanang.com\/vi\/facilities\/the-waves-pool\/","name":"H\u1ed3 b\u01a1i The Waves - Holiday Beach Hotel Danang","isPartOf":{"@id":"https:\/\/holidaybeachdanang.com\/vi\/#website"},"datePublished":"2026-01-30T09:59:35+00:00","dateModified":"2026-02-02T13:15:27+00:00","description":"T\u1ecda l\u1ea1c b\u00ean con \u0111\u01b0\u1eddng b\u1eadn r\u1ed9n h\u01b0\u1edbng ra m\u1ed9t bi\u1ec3n M\u1ef9 Kh\u00ea, h\u1ed3 b\u01a1i l\u00e0 n\u01a1i n\u00e1u m\u00ecnh ho\u00e0n h\u1ea3o ch\u1ec9 v\u00e0i b\u01b0\u1edbc \u0111\u1ebfn b\u00e3i bi\u1ec3n ri\u00eang. T\u1eadn h\u01b0\u1edfng m\u1ed9t ng\u00e0y n\u1eafng b\u00ean h\u00e0ng gh\u1ebf d\u00e0i nh\u00ecn ra h\u1ed3 b\u01a1i, ho\u1eb7c nh\u1ea3y xu\u1ed1ng t\u1eadn h\u01b0\u1edfng l\u00e0n n\u01b0\u1edbc m\u00e1t.","breadcrumb":{"@id":"https:\/\/holidaybeachdanang.com\/vi\/facilities\/the-waves-pool\/#breadcrumb"},"inLanguage":"vi-VN","potentialAction":[{"@type":"ReadAction","target":["https:\/\/holidaybeachdanang.com\/vi\/facilities\/the-waves-pool\/"]}]},{"@type":"BreadcrumbList","@id":"https:\/\/holidaybeachdanang.com\/vi\/facilities\/the-waves-pool\/#breadcrumb","itemListElement":[{"@type":"ListItem","position":1,"name":"Home","item":"https:\/\/holidaybeachdanang.com\/vi\/"},{"@type":"ListItem","position":2,"name":"Ti\u1ec7n \u00edch","item":"https:\/\/holidaybeachdanang.com\/vi\/facilities\/"},{"@type":"ListItem","position":3,"name":"H\u1ed3 b\u01a1i The Waves"}]},{"@type":"WebSite","@id":"https:\/\/holidaybeachdanang.com\/vi\/#website","url":"https:\/\/holidaybeachdanang.com\/vi\/","name":"Holiday Beach Hotel Danang","description":"","potentialAction":[{"@type":"SearchAction","target":{"@type":"EntryPoint","urlTemplate":"https:\/\/holidaybeachdanang.com\/vi\/?s={search_term_string}"},"query-input":"required name=search_term_string"}],"inLanguage":"vi-VN"}]}},"acf":[],"_links":{"self":[{"href":"https:\/\/holidaybeachdanang.com\/vi\/wp-json\/wp\/v2\/pages\/111"}],"collection":[{"href":"https:\/\/holidaybeachdanang.com\/vi\/wp-json\/wp\/v2\/pages"}],"about":[{"href":"https:\/\/holidaybeachdanang.com\/vi\/wp-json\/wp\/v2\/types\/page"}],"author":[{"embeddable":true,"href":"https:\/\/holidaybeachdanang.com\/vi\/wp-json\/wp\/v2\/users\/90"}],"replies":[{"embeddable":true,"href":"https:\/\/holidaybeachdanang.com\/vi\/wp-json\/wp\/v2\/comments?post=111"}],"version-history":[{"count":0,"href":"https:\/\/holidaybeachdanang.com\/vi\/wp-json\/wp\/v2\/pages\/111\/revisions"}],"up":[{"embeddable":true,"href":"https:\/\/holidaybeachdanang.com\/vi\/wp-json\/wp\/v2\/pages\/107"}],"wp:attachment":[{"href":"https:\/\/holidaybeachdanang.com\/vi\/wp-json\/wp\/v2\/media?parent=111"}],"wp:term":[{"taxonomy":"category","embeddable":true,"href":"https:\/\/holidaybeachdanang.com\/vi\/wp-json\/wp\/v2\/categories?post=111"}],"curies":[{"name":"wp","href":"https:\/\/api.w.org\/{rel}","templated":true}]}}