{"id":107,"date":"2026-01-30T17:56:46","date_gmt":"2026-01-30T09:56:46","guid":{"rendered":"https:\/\/holidaybeachdanang.ms2.decms.asia\/facilities\/"},"modified":"2026-02-02T21:12:31","modified_gmt":"2026-02-02T13:12:31","slug":"facilities","status":"publish","type":"page","link":"https:\/\/holidaybeachdanang.com\/vi\/facilities\/","title":{"rendered":"Ti\u1ec7n \u00edch"},"content":{"rendered":"<p>Holiday Beach Hotel Danang mang \u0111\u1ebfn m\u1ed9t h\u1ec7 sinh th\u00e1i ti\u1ec7n \u00edch to\u00e0n di\u1ec7n \u0111\u1ec3 m\u1ecdi th\u00e0nh vi\u00ean trong gia \u0111\u00ecnh b\u1ea1n \u0111\u1ec1u t\u00ecm th\u1ea5y ni\u1ec1m vui v\u00e0 s\u1ef1 th\u01b0 th\u00e1i. H\u00e3y th\u1ea3 m\u00ecnh trong l\u00e0n n\u01b0\u1edbc m\u00e1t l\u1ea1nh t\u1ea1i h\u1ed3 b\u01a1i, duy tr\u00ec s\u1ee9c kh\u1ecfe t\u1ea1i ph\u00f2ng Gym hi\u1ec7n \u0111\u1ea1i, hay \u0111\u1ec3 c\u00e1c b\u00e9 th\u1ecfa s\u1ee9c kh\u00e1m ph\u00e1 t\u1ea1i Kids&#8217; Club an to\u00e0n. \u0110\u1eb7c bi\u1ec7t, \u0111\u01b0\u1eddng h\u1ea7m d\u01b0\u1edbi bi\u1ec3n \u0111\u1ed9c \u0111\u00e1o s\u1ebd \u0111\u01b0a b\u1ea1n th\u1eb3ng t\u1edbi b\u00e3i bi\u1ec3n ri\u00eang, ki\u1ebfn t\u1ea1o n\u00ean nh\u1eefng tr\u1ea3i nghi\u1ec7m ngh\u1ec9 d\u01b0\u1ee1ng v\u1eeba ti\u1ec7n nghi, v\u1eeba kh\u00f3 qu\u00ean.<\/p>\n","protected":false},"excerpt":{"rendered":"<p>Holiday Beach Hotel Danang mang \u0111\u1ebfn m\u1ed9t h\u1ec7 sinh th\u00e1i ti\u1ec7n \u00edch to\u00e0n di\u1ec7n \u0111\u1ec3 m\u1ecdi th\u00e0nh vi\u00ean trong gia \u0111\u00ecnh b\u1ea1n \u0111\u1ec1u t\u00ecm th\u1ea5y ni\u1ec1m vui v\u00e0 s\u1ef1 th\u01b0 th\u00e1i. H\u00e3y th\u1ea3 m\u00ecnh trong l\u00e0n n\u01b0\u1edbc m\u00e1t l\u1ea1nh t\u1ea1i h\u1ed3 b\u01a1i, duy tr\u00ec s\u1ee9c kh\u1ecfe t\u1ea1i ph\u00f2ng Gym hi\u1ec7n \u0111\u1ea1i, hay \u0111\u1ec3 c\u00e1c b\u00e9 [&hellip;]<\/p>\n","protected":false},"author":90,"featured_media":0,"parent":0,"menu_order":0,"comment_status":"closed","ping_status":"closed","template":"template-services.php","meta":{"footnotes":""},"categories":[],"yoast_head":"<!-- This site is optimized with the Yoast SEO plugin v22.3 - https:\/\/yoast.com\/wordpress\/plugins\/seo\/ -->\n<title>Ti\u1ec7n \u00edch - Holiday Beach Hotel Danang<\/title>\n<meta name=\"description\" content=\"Holiday Beach Hotel Danang mang \u0111\u1ebfn m\u1ed9t h\u1ec7 sinh th\u00e1i ti\u1ec7n \u00edch to\u00e0n di\u1ec7n \u0111\u1ec3 m\u1ecdi th\u00e0nh vi\u00ean trong gia \u0111\u00ecnh b\u1ea1n \u0111\u1ec1u t\u00ecm th\u1ea5y ni\u1ec1m vui v\u00e0 s\u1ef1 th\u01b0 th\u00e1i. H\u00e3y th\u1ea3 m\u00ecnh trong l\u00e0n n\u01b0\u1edbc m\u00e1t l\u1ea1nh t\u1ea1i h\u1ed3 b\u01a1i, duy tr\u00ec s\u1ee9c kh\u1ecfe t\u1ea1i ph\u00f2ng Gym hi\u1ec7n \u0111\u1ea1i, hay \u0111\u1ec3 c\u00e1c b\u00e9 th\u1ecfa s\u1ee9c kh\u00e1m ph\u00e1 t\u1ea1i Kids&#039; Club an to\u00e0n. \u0110\u1eb7c bi\u1ec7t, \u0111\u01b0\u1eddng h\u1ea7m d\u01b0\u1edbi bi\u1ec3n \u0111\u1ed9c \u0111\u00e1o s\u1ebd \u0111\u01b0a b\u1ea1n th\u1eb3ng t\u1edbi b\u00e3i bi\u1ec3n ri\u00eang, ki\u1ebfn t\u1ea1o n\u00ean nh\u1eefng tr\u1ea3i nghi\u1ec7m ngh\u1ec9 d\u01b0\u1ee1ng v\u1eeba ti\u1ec7n nghi, v\u1eeba kh\u00f3 qu\u00ean.\" \/>\n<meta name=\"robots\" content=\"index, follow, max-snippet:-1, max-image-preview:large, max-video-preview:-1\" \/>\n<link rel=\"canonical\" href=\"https:\/\/holidaybeachdanang.com\/vi\/facilities\/\" \/>\n<meta property=\"og:locale\" content=\"vi_VN\" \/>\n<meta property=\"og:type\" content=\"article\" \/>\n<meta property=\"og:title\" content=\"Ti\u1ec7n \u00edch - Holiday Beach Hotel Danang\" \/>\n<meta property=\"og:description\" content=\"Holiday Beach Hotel Danang mang \u0111\u1ebfn m\u1ed9t h\u1ec7 sinh th\u00e1i ti\u1ec7n \u00edch to\u00e0n di\u1ec7n \u0111\u1ec3 m\u1ecdi th\u00e0nh vi\u00ean trong gia \u0111\u00ecnh b\u1ea1n \u0111\u1ec1u t\u00ecm th\u1ea5y ni\u1ec1m vui v\u00e0 s\u1ef1 th\u01b0 th\u00e1i. H\u00e3y th\u1ea3 m\u00ecnh trong l\u00e0n n\u01b0\u1edbc m\u00e1t l\u1ea1nh t\u1ea1i h\u1ed3 b\u01a1i, duy tr\u00ec s\u1ee9c kh\u1ecfe t\u1ea1i ph\u00f2ng Gym hi\u1ec7n \u0111\u1ea1i, hay \u0111\u1ec3 c\u00e1c b\u00e9 th\u1ecfa s\u1ee9c kh\u00e1m ph\u00e1 t\u1ea1i Kids&#039; Club an to\u00e0n. \u0110\u1eb7c bi\u1ec7t, \u0111\u01b0\u1eddng h\u1ea7m d\u01b0\u1edbi bi\u1ec3n \u0111\u1ed9c \u0111\u00e1o s\u1ebd \u0111\u01b0a b\u1ea1n th\u1eb3ng t\u1edbi b\u00e3i bi\u1ec3n ri\u00eang, ki\u1ebfn t\u1ea1o n\u00ean nh\u1eefng tr\u1ea3i nghi\u1ec7m ngh\u1ec9 d\u01b0\u1ee1ng v\u1eeba ti\u1ec7n nghi, v\u1eeba kh\u00f3 qu\u00ean.\" \/>\n<meta property=\"og:url\" content=\"https:\/\/holidaybeachdanang.com\/vi\/facilities\/\" \/>\n<meta property=\"og:site_name\" content=\"Holiday Beach Hotel Danang\" \/>\n<meta property=\"article:modified_time\" content=\"2026-02-02T13:12:31+00:00\" \/>\n<meta name=\"twitter:card\" content=\"summary_large_image\" \/>\n<meta name=\"twitter:label1\" content=\"Est. reading time\" \/>\n\t<meta name=\"twitter:data1\" content=\"1 minute\" \/>\n<script type=\"application\/ld+json\" class=\"yoast-schema-graph\">{\"@context\":\"https:\/\/schema.org\",\"@graph\":[{\"@type\":\"WebPage\",\"@id\":\"https:\/\/holidaybeachdanang.com\/vi\/facilities\/\",\"url\":\"https:\/\/holidaybeachdanang.com\/vi\/facilities\/\",\"name\":\"Ti\u1ec7n \u00edch - Holiday Beach Hotel Danang\",\"isPartOf\":{\"@id\":\"https:\/\/holidaybeachdanang.com\/vi\/#website\"},\"datePublished\":\"2026-01-30T09:56:46+00:00\",\"dateModified\":\"2026-02-02T13:12:31+00:00\",\"description\":\"Holiday Beach Hotel Danang mang \u0111\u1ebfn m\u1ed9t h\u1ec7 sinh th\u00e1i ti\u1ec7n \u00edch to\u00e0n di\u1ec7n \u0111\u1ec3 m\u1ecdi th\u00e0nh vi\u00ean trong gia \u0111\u00ecnh b\u1ea1n \u0111\u1ec1u t\u00ecm th\u1ea5y ni\u1ec1m vui v\u00e0 s\u1ef1 th\u01b0 th\u00e1i. H\u00e3y th\u1ea3 m\u00ecnh trong l\u00e0n n\u01b0\u1edbc m\u00e1t l\u1ea1nh t\u1ea1i h\u1ed3 b\u01a1i, duy tr\u00ec s\u1ee9c kh\u1ecfe t\u1ea1i ph\u00f2ng Gym hi\u1ec7n \u0111\u1ea1i, hay \u0111\u1ec3 c\u00e1c b\u00e9 th\u1ecfa s\u1ee9c kh\u00e1m ph\u00e1 t\u1ea1i Kids' Club an to\u00e0n. \u0110\u1eb7c bi\u1ec7t, \u0111\u01b0\u1eddng h\u1ea7m d\u01b0\u1edbi bi\u1ec3n \u0111\u1ed9c \u0111\u00e1o s\u1ebd \u0111\u01b0a b\u1ea1n th\u1eb3ng t\u1edbi b\u00e3i bi\u1ec3n ri\u00eang, ki\u1ebfn t\u1ea1o n\u00ean nh\u1eefng tr\u1ea3i nghi\u1ec7m ngh\u1ec9 d\u01b0\u1ee1ng v\u1eeba ti\u1ec7n nghi, v\u1eeba kh\u00f3 qu\u00ean.\",\"breadcrumb\":{\"@id\":\"https:\/\/holidaybeachdanang.com\/vi\/facilities\/#breadcrumb\"},\"inLanguage\":\"vi-VN\",\"potentialAction\":[{\"@type\":\"ReadAction\",\"target\":[\"https:\/\/holidaybeachdanang.com\/vi\/facilities\/\"]}]},{\"@type\":\"BreadcrumbList\",\"@id\":\"https:\/\/holidaybeachdanang.com\/vi\/facilities\/#breadcrumb\",\"itemListElement\":[{\"@type\":\"ListItem\",\"position\":1,\"name\":\"Home\",\"item\":\"https:\/\/holidaybeachdanang.com\/vi\/\"},{\"@type\":\"ListItem\",\"position\":2,\"name\":\"Ti\u1ec7n \u00edch\"}]},{\"@type\":\"WebSite\",\"@id\":\"https:\/\/holidaybeachdanang.com\/vi\/#website\",\"url\":\"https:\/\/holidaybeachdanang.com\/vi\/\",\"name\":\"Holiday Beach Hotel Danang\",\"description\":\"\",\"potentialAction\":[{\"@type\":\"SearchAction\",\"target\":{\"@type\":\"EntryPoint\",\"urlTemplate\":\"https:\/\/holidaybeachdanang.com\/vi\/?s={search_term_string}\"},\"query-input\":\"required name=search_term_string\"}],\"inLanguage\":\"vi-VN\"}]}<\/script>\n<!-- \/ Yoast SEO plugin. -->","yoast_head_json":{"title":"Ti\u1ec7n \u00edch - Holiday Beach Hotel Danang","description":"Holiday Beach Hotel Danang mang \u0111\u1ebfn m\u1ed9t h\u1ec7 sinh th\u00e1i ti\u1ec7n \u00edch to\u00e0n di\u1ec7n \u0111\u1ec3 m\u1ecdi th\u00e0nh vi\u00ean trong gia \u0111\u00ecnh b\u1ea1n \u0111\u1ec1u t\u00ecm th\u1ea5y ni\u1ec1m vui v\u00e0 s\u1ef1 th\u01b0 th\u00e1i. H\u00e3y th\u1ea3 m\u00ecnh trong l\u00e0n n\u01b0\u1edbc m\u00e1t l\u1ea1nh t\u1ea1i h\u1ed3 b\u01a1i, duy tr\u00ec s\u1ee9c kh\u1ecfe t\u1ea1i ph\u00f2ng Gym hi\u1ec7n \u0111\u1ea1i, hay \u0111\u1ec3 c\u00e1c b\u00e9 th\u1ecfa s\u1ee9c kh\u00e1m ph\u00e1 t\u1ea1i Kids' Club an to\u00e0n. \u0110\u1eb7c bi\u1ec7t, \u0111\u01b0\u1eddng h\u1ea7m d\u01b0\u1edbi bi\u1ec3n \u0111\u1ed9c \u0111\u00e1o s\u1ebd \u0111\u01b0a b\u1ea1n th\u1eb3ng t\u1edbi b\u00e3i bi\u1ec3n ri\u00eang, ki\u1ebfn t\u1ea1o n\u00ean nh\u1eefng tr\u1ea3i nghi\u1ec7m ngh\u1ec9 d\u01b0\u1ee1ng v\u1eeba ti\u1ec7n nghi, v\u1eeba kh\u00f3 qu\u00ean.","robots":{"index":"index","follow":"follow","max-snippet":"max-snippet:-1","max-image-preview":"max-image-preview:large","max-video-preview":"max-video-preview:-1"},"canonical":"https:\/\/holidaybeachdanang.com\/vi\/facilities\/","og_locale":"vi_VN","og_type":"article","og_title":"Ti\u1ec7n \u00edch - Holiday Beach Hotel Danang","og_description":"Holiday Beach Hotel Danang mang \u0111\u1ebfn m\u1ed9t h\u1ec7 sinh th\u00e1i ti\u1ec7n \u00edch to\u00e0n di\u1ec7n \u0111\u1ec3 m\u1ecdi th\u00e0nh vi\u00ean trong gia \u0111\u00ecnh b\u1ea1n \u0111\u1ec1u t\u00ecm th\u1ea5y ni\u1ec1m vui v\u00e0 s\u1ef1 th\u01b0 th\u00e1i. H\u00e3y th\u1ea3 m\u00ecnh trong l\u00e0n n\u01b0\u1edbc m\u00e1t l\u1ea1nh t\u1ea1i h\u1ed3 b\u01a1i, duy tr\u00ec s\u1ee9c kh\u1ecfe t\u1ea1i ph\u00f2ng Gym hi\u1ec7n \u0111\u1ea1i, hay \u0111\u1ec3 c\u00e1c b\u00e9 th\u1ecfa s\u1ee9c kh\u00e1m ph\u00e1 t\u1ea1i Kids' Club an to\u00e0n. \u0110\u1eb7c bi\u1ec7t, \u0111\u01b0\u1eddng h\u1ea7m d\u01b0\u1edbi bi\u1ec3n \u0111\u1ed9c \u0111\u00e1o s\u1ebd \u0111\u01b0a b\u1ea1n th\u1eb3ng t\u1edbi b\u00e3i bi\u1ec3n ri\u00eang, ki\u1ebfn t\u1ea1o n\u00ean nh\u1eefng tr\u1ea3i nghi\u1ec7m ngh\u1ec9 d\u01b0\u1ee1ng v\u1eeba ti\u1ec7n nghi, v\u1eeba kh\u00f3 qu\u00ean.","og_url":"https:\/\/holidaybeachdanang.com\/vi\/facilities\/","og_site_name":"Holiday Beach Hotel Danang","article_modified_time":"2026-02-02T13:12:31+00:00","twitter_card":"summary_large_image","twitter_misc":{"Est. reading time":"1 minute"},"schema":{"@context":"https:\/\/schema.org","@graph":[{"@type":"WebPage","@id":"https:\/\/holidaybeachdanang.com\/vi\/facilities\/","url":"https:\/\/holidaybeachdanang.com\/vi\/facilities\/","name":"Ti\u1ec7n \u00edch - Holiday Beach Hotel Danang","isPartOf":{"@id":"https:\/\/holidaybeachdanang.com\/vi\/#website"},"datePublished":"2026-01-30T09:56:46+00:00","dateModified":"2026-02-02T13:12:31+00:00","description":"Holiday Beach Hotel Danang mang \u0111\u1ebfn m\u1ed9t h\u1ec7 sinh th\u00e1i ti\u1ec7n \u00edch to\u00e0n di\u1ec7n \u0111\u1ec3 m\u1ecdi th\u00e0nh vi\u00ean trong gia \u0111\u00ecnh b\u1ea1n \u0111\u1ec1u t\u00ecm th\u1ea5y ni\u1ec1m vui v\u00e0 s\u1ef1 th\u01b0 th\u00e1i. H\u00e3y th\u1ea3 m\u00ecnh trong l\u00e0n n\u01b0\u1edbc m\u00e1t l\u1ea1nh t\u1ea1i h\u1ed3 b\u01a1i, duy tr\u00ec s\u1ee9c kh\u1ecfe t\u1ea1i ph\u00f2ng Gym hi\u1ec7n \u0111\u1ea1i, hay \u0111\u1ec3 c\u00e1c b\u00e9 th\u1ecfa s\u1ee9c kh\u00e1m ph\u00e1 t\u1ea1i Kids' Club an to\u00e0n. \u0110\u1eb7c bi\u1ec7t, \u0111\u01b0\u1eddng h\u1ea7m d\u01b0\u1edbi bi\u1ec3n \u0111\u1ed9c \u0111\u00e1o s\u1ebd \u0111\u01b0a b\u1ea1n th\u1eb3ng t\u1edbi b\u00e3i bi\u1ec3n ri\u00eang, ki\u1ebfn t\u1ea1o n\u00ean nh\u1eefng tr\u1ea3i nghi\u1ec7m ngh\u1ec9 d\u01b0\u1ee1ng v\u1eeba ti\u1ec7n nghi, v\u1eeba kh\u00f3 qu\u00ean.","breadcrumb":{"@id":"https:\/\/holidaybeachdanang.com\/vi\/facilities\/#breadcrumb"},"inLanguage":"vi-VN","potentialAction":[{"@type":"ReadAction","target":["https:\/\/holidaybeachdanang.com\/vi\/facilities\/"]}]},{"@type":"BreadcrumbList","@id":"https:\/\/holidaybeachdanang.com\/vi\/facilities\/#breadcrumb","itemListElement":[{"@type":"ListItem","position":1,"name":"Home","item":"https:\/\/holidaybeachdanang.com\/vi\/"},{"@type":"ListItem","position":2,"name":"Ti\u1ec7n \u00edch"}]},{"@type":"WebSite","@id":"https:\/\/holidaybeachdanang.com\/vi\/#website","url":"https:\/\/holidaybeachdanang.com\/vi\/","name":"Holiday Beach Hotel Danang","description":"","potentialAction":[{"@type":"SearchAction","target":{"@type":"EntryPoint","urlTemplate":"https:\/\/holidaybeachdanang.com\/vi\/?s={search_term_string}"},"query-input":"required name=search_term_string"}],"inLanguage":"vi-VN"}]}},"acf":[],"_links":{"self":[{"href":"https:\/\/holidaybeachdanang.com\/vi\/wp-json\/wp\/v2\/pages\/107"}],"collection":[{"href":"https:\/\/holidaybeachdanang.com\/vi\/wp-json\/wp\/v2\/pages"}],"about":[{"href":"https:\/\/holidaybeachdanang.com\/vi\/wp-json\/wp\/v2\/types\/page"}],"author":[{"embeddable":true,"href":"https:\/\/holidaybeachdanang.com\/vi\/wp-json\/wp\/v2\/users\/90"}],"replies":[{"embeddable":true,"href":"https:\/\/holidaybeachdanang.com\/vi\/wp-json\/wp\/v2\/comments?post=107"}],"version-history":[{"count":0,"href":"https:\/\/holidaybeachdanang.com\/vi\/wp-json\/wp\/v2\/pages\/107\/revisions"}],"wp:attachment":[{"href":"https:\/\/holidaybeachdanang.com\/vi\/wp-json\/wp\/v2\/media?parent=107"}],"wp:term":[{"taxonomy":"category","embeddable":true,"href":"https:\/\/holidaybeachdanang.com\/vi\/wp-json\/wp\/v2\/categories?post=107"}],"curies":[{"name":"wp","href":"https:\/\/api.w.org\/{rel}","templated":true}]}}