{"id":104,"date":"2026-01-30T17:56:21","date_gmt":"2026-01-30T09:56:21","guid":{"rendered":"https:\/\/holidaybeachdanang.ms2.decms.asia\/dining\/holiday-beach-club\/"},"modified":"2026-04-08T18:15:33","modified_gmt":"2026-04-08T10:15:33","slug":"holiday-beach-club","status":"publish","type":"page","link":"https:\/\/holidaybeachdanang.com\/vi\/dining\/holiday-beach-club\/","title":{"rendered":"Holiday Beach Club"},"content":{"rendered":"<p>Holiday Beach Club \u0111\u01b0\u1ee3c thi\u1ebft k\u1ebf \u0111\u1ed9c \u0111\u00e1o \u0111\u1ec3 mang l\u1ea1i tr\u1ea3i nghi\u1ec7m b\u00ean b\u1edd bi\u1ec3n tuy\u1ec7t v\u1eddi, l\u00e0 \u0111\u1ecba \u0111i\u1ec3m l\u00fd t\u01b0\u1edfng \u0111\u1ec3 b\u1ea1n th\u01b0 gi\u00e3n v\u00e0 t\u1eadn h\u01b0\u1edfng ni\u1ec1m vui tr\u1ecdn v\u1eb9n. V\u1edbi d\u1ecbch v\u1ee5 \u1ea9m th\u1ef1c su\u1ed1t c\u1ea3 ng\u00e0y (all-day dining), \u0111\u1ed3 u\u1ed1ng \u0111\u01b0\u1ee3c pha ch\u1ebf tinh t\u1ebf v\u00e0 khu v\u1ef1c gi\u01b0\u1eddng t\u1eafm n\u1eafng tho\u1ea3i m\u00e1i, \u0111\u00e2y ch\u1eafc ch\u1eafn l\u00e0 beach club m\u00e0 b\u1ea1n ph\u1ea3i gh\u00e9 th\u0103m \u0111\u1ec3 c\u00f3 m\u1ed9t ng\u00e0y ngh\u1ec9 d\u01b0\u1ee1ng th\u01b0 th\u00e1i ho\u1eb7c chi\u00eam ng\u01b0\u1ee1ng kho\u1ea3nh kh\u1eafc ho\u00e0ng h\u00f4n tuy\u1ec7t \u0111\u1eb9p tr\u00ean b\u00e3i bi\u1ec3n M\u1ef9 Kh\u00ea n\u1ed5i ti\u1ebfng.<\/p>\n","protected":false},"excerpt":{"rendered":"<p>Holiday Beach Club \u0111\u01b0\u1ee3c thi\u1ebft k\u1ebf \u0111\u1ed9c \u0111\u00e1o \u0111\u1ec3 mang l\u1ea1i tr\u1ea3i nghi\u1ec7m b\u00ean b\u1edd bi\u1ec3n tuy\u1ec7t v\u1eddi, l\u00e0 \u0111\u1ecba \u0111i\u1ec3m l\u00fd t\u01b0\u1edfng \u0111\u1ec3 b\u1ea1n th\u01b0 gi\u00e3n v\u00e0 t\u1eadn h\u01b0\u1edfng ni\u1ec1m vui tr\u1ecdn v\u1eb9n. V\u1edbi d\u1ecbch v\u1ee5 \u1ea9m th\u1ef1c su\u1ed1t c\u1ea3 ng\u00e0y (all-day dining), \u0111\u1ed3 u\u1ed1ng \u0111\u01b0\u1ee3c pha ch\u1ebf tinh t\u1ebf v\u00e0 khu v\u1ef1c gi\u01b0\u1eddng [&hellip;]<\/p>\n","protected":false},"author":90,"featured_media":0,"parent":86,"menu_order":2,"comment_status":"closed","ping_status":"closed","template":"template-single-restaurant.php","meta":{"footnotes":""},"categories":[],"yoast_head":"<!-- This site is optimized with the Yoast SEO plugin v22.3 - https:\/\/yoast.com\/wordpress\/plugins\/seo\/ -->\n<title>Holiday Beach Club - Holiday Beach Hotel Danang<\/title>\n<meta name=\"description\" content=\"Holiday Beach Club \u0111\u01b0\u1ee3c thi\u1ebft k\u1ebf \u0111\u1ed9c \u0111\u00e1o \u0111\u1ec3 mang l\u1ea1i tr\u1ea3i nghi\u1ec7m b\u00ean b\u1edd bi\u1ec3n tuy\u1ec7t v\u1eddi, l\u00e0 \u0111\u1ecba \u0111i\u1ec3m l\u00fd t\u01b0\u1edfng \u0111\u1ec3 b\u1ea1n th\u01b0 gi\u00e3n v\u00e0 t\u1eadn h\u01b0\u1edfng ni\u1ec1m vui tr\u1ecdn v\u1eb9n. V\u1edbi d\u1ecbch v\u1ee5 \u1ea9m th\u1ef1c su\u1ed1t c\u1ea3 ng\u00e0y (all-day dining), \u0111\u1ed3 u\u1ed1ng \u0111\u01b0\u1ee3c pha ch\u1ebf tinh t\u1ebf v\u00e0 khu v\u1ef1c gi\u01b0\u1eddng t\u1eafm n\u1eafng tho\u1ea3i m\u00e1i, \u0111\u00e2y ch\u1eafc ch\u1eafn l\u00e0 beach club m\u00e0 b\u1ea1n ph\u1ea3i gh\u00e9 th\u0103m \u0111\u1ec3 c\u00f3 m\u1ed9t ng\u00e0y ngh\u1ec9 d\u01b0\u1ee1ng th\u01b0 th\u00e1i ho\u1eb7c chi\u00eam ng\u01b0\u1ee1ng kho\u1ea3nh kh\u1eafc ho\u00e0ng h\u00f4n tuy\u1ec7t \u0111\u1eb9p tr\u00ean b\u00e3i bi\u1ec3n M\u1ef9 Kh\u00ea n\u1ed5i ti\u1ebfng.\" \/>\n<meta name=\"robots\" content=\"index, follow, max-snippet:-1, max-image-preview:large, max-video-preview:-1\" \/>\n<link rel=\"canonical\" href=\"https:\/\/holidaybeachdanang.com\/vi\/dining\/holiday-beach-club\/\" \/>\n<meta property=\"og:locale\" content=\"vi_VN\" \/>\n<meta property=\"og:type\" content=\"article\" \/>\n<meta property=\"og:title\" content=\"Holiday Beach Club - Holiday Beach Hotel Danang\" \/>\n<meta property=\"og:description\" content=\"Holiday Beach Club \u0111\u01b0\u1ee3c thi\u1ebft k\u1ebf \u0111\u1ed9c \u0111\u00e1o \u0111\u1ec3 mang l\u1ea1i tr\u1ea3i nghi\u1ec7m b\u00ean b\u1edd bi\u1ec3n tuy\u1ec7t v\u1eddi, l\u00e0 \u0111\u1ecba \u0111i\u1ec3m l\u00fd t\u01b0\u1edfng \u0111\u1ec3 b\u1ea1n th\u01b0 gi\u00e3n v\u00e0 t\u1eadn h\u01b0\u1edfng ni\u1ec1m vui tr\u1ecdn v\u1eb9n. V\u1edbi d\u1ecbch v\u1ee5 \u1ea9m th\u1ef1c su\u1ed1t c\u1ea3 ng\u00e0y (all-day dining), \u0111\u1ed3 u\u1ed1ng \u0111\u01b0\u1ee3c pha ch\u1ebf tinh t\u1ebf v\u00e0 khu v\u1ef1c gi\u01b0\u1eddng t\u1eafm n\u1eafng tho\u1ea3i m\u00e1i, \u0111\u00e2y ch\u1eafc ch\u1eafn l\u00e0 beach club m\u00e0 b\u1ea1n ph\u1ea3i gh\u00e9 th\u0103m \u0111\u1ec3 c\u00f3 m\u1ed9t ng\u00e0y ngh\u1ec9 d\u01b0\u1ee1ng th\u01b0 th\u00e1i ho\u1eb7c chi\u00eam ng\u01b0\u1ee1ng kho\u1ea3nh kh\u1eafc ho\u00e0ng h\u00f4n tuy\u1ec7t \u0111\u1eb9p tr\u00ean b\u00e3i bi\u1ec3n M\u1ef9 Kh\u00ea n\u1ed5i ti\u1ebfng.\" \/>\n<meta property=\"og:url\" content=\"https:\/\/holidaybeachdanang.com\/vi\/dining\/holiday-beach-club\/\" \/>\n<meta property=\"og:site_name\" content=\"Holiday Beach Hotel Danang\" \/>\n<meta property=\"article:modified_time\" content=\"2026-04-08T10:15:33+00:00\" \/>\n<meta name=\"twitter:card\" content=\"summary_large_image\" \/>\n<meta name=\"twitter:label1\" content=\"Est. reading time\" \/>\n\t<meta name=\"twitter:data1\" content=\"1 minute\" \/>\n<script type=\"application\/ld+json\" class=\"yoast-schema-graph\">{\"@context\":\"https:\/\/schema.org\",\"@graph\":[{\"@type\":\"WebPage\",\"@id\":\"https:\/\/holidaybeachdanang.com\/vi\/dining\/holiday-beach-club\/\",\"url\":\"https:\/\/holidaybeachdanang.com\/vi\/dining\/holiday-beach-club\/\",\"name\":\"Holiday Beach Club - Holiday Beach Hotel Danang\",\"isPartOf\":{\"@id\":\"https:\/\/holidaybeachdanang.com\/vi\/#website\"},\"datePublished\":\"2026-01-30T09:56:21+00:00\",\"dateModified\":\"2026-04-08T10:15:33+00:00\",\"description\":\"Holiday Beach Club \u0111\u01b0\u1ee3c thi\u1ebft k\u1ebf \u0111\u1ed9c \u0111\u00e1o \u0111\u1ec3 mang l\u1ea1i tr\u1ea3i nghi\u1ec7m b\u00ean b\u1edd bi\u1ec3n tuy\u1ec7t v\u1eddi, l\u00e0 \u0111\u1ecba \u0111i\u1ec3m l\u00fd t\u01b0\u1edfng \u0111\u1ec3 b\u1ea1n th\u01b0 gi\u00e3n v\u00e0 t\u1eadn h\u01b0\u1edfng ni\u1ec1m vui tr\u1ecdn v\u1eb9n. V\u1edbi d\u1ecbch v\u1ee5 \u1ea9m th\u1ef1c su\u1ed1t c\u1ea3 ng\u00e0y (all-day dining), \u0111\u1ed3 u\u1ed1ng \u0111\u01b0\u1ee3c pha ch\u1ebf tinh t\u1ebf v\u00e0 khu v\u1ef1c gi\u01b0\u1eddng t\u1eafm n\u1eafng tho\u1ea3i m\u00e1i, \u0111\u00e2y ch\u1eafc ch\u1eafn l\u00e0 beach club m\u00e0 b\u1ea1n ph\u1ea3i gh\u00e9 th\u0103m \u0111\u1ec3 c\u00f3 m\u1ed9t ng\u00e0y ngh\u1ec9 d\u01b0\u1ee1ng th\u01b0 th\u00e1i ho\u1eb7c chi\u00eam ng\u01b0\u1ee1ng kho\u1ea3nh kh\u1eafc ho\u00e0ng h\u00f4n tuy\u1ec7t \u0111\u1eb9p tr\u00ean b\u00e3i bi\u1ec3n M\u1ef9 Kh\u00ea n\u1ed5i ti\u1ebfng.\",\"breadcrumb\":{\"@id\":\"https:\/\/holidaybeachdanang.com\/vi\/dining\/holiday-beach-club\/#breadcrumb\"},\"inLanguage\":\"vi-VN\",\"potentialAction\":[{\"@type\":\"ReadAction\",\"target\":[\"https:\/\/holidaybeachdanang.com\/vi\/dining\/holiday-beach-club\/\"]}]},{\"@type\":\"BreadcrumbList\",\"@id\":\"https:\/\/holidaybeachdanang.com\/vi\/dining\/holiday-beach-club\/#breadcrumb\",\"itemListElement\":[{\"@type\":\"ListItem\",\"position\":1,\"name\":\"Home\",\"item\":\"https:\/\/holidaybeachdanang.com\/vi\/\"},{\"@type\":\"ListItem\",\"position\":2,\"name\":\"\u1ea8m th\u1ef1c\",\"item\":\"https:\/\/holidaybeachdanang.com\/vi\/dining\/\"},{\"@type\":\"ListItem\",\"position\":3,\"name\":\"Holiday Beach Club\"}]},{\"@type\":\"WebSite\",\"@id\":\"https:\/\/holidaybeachdanang.com\/vi\/#website\",\"url\":\"https:\/\/holidaybeachdanang.com\/vi\/\",\"name\":\"Holiday Beach Hotel Danang\",\"description\":\"\",\"potentialAction\":[{\"@type\":\"SearchAction\",\"target\":{\"@type\":\"EntryPoint\",\"urlTemplate\":\"https:\/\/holidaybeachdanang.com\/vi\/?s={search_term_string}\"},\"query-input\":\"required name=search_term_string\"}],\"inLanguage\":\"vi-VN\"}]}<\/script>\n<!-- \/ Yoast SEO plugin. -->","yoast_head_json":{"title":"Holiday Beach Club - Holiday Beach Hotel Danang","description":"Holiday Beach Club \u0111\u01b0\u1ee3c thi\u1ebft k\u1ebf \u0111\u1ed9c \u0111\u00e1o \u0111\u1ec3 mang l\u1ea1i tr\u1ea3i nghi\u1ec7m b\u00ean b\u1edd bi\u1ec3n tuy\u1ec7t v\u1eddi, l\u00e0 \u0111\u1ecba \u0111i\u1ec3m l\u00fd t\u01b0\u1edfng \u0111\u1ec3 b\u1ea1n th\u01b0 gi\u00e3n v\u00e0 t\u1eadn h\u01b0\u1edfng ni\u1ec1m vui tr\u1ecdn v\u1eb9n. V\u1edbi d\u1ecbch v\u1ee5 \u1ea9m th\u1ef1c su\u1ed1t c\u1ea3 ng\u00e0y (all-day dining), \u0111\u1ed3 u\u1ed1ng \u0111\u01b0\u1ee3c pha ch\u1ebf tinh t\u1ebf v\u00e0 khu v\u1ef1c gi\u01b0\u1eddng t\u1eafm n\u1eafng tho\u1ea3i m\u00e1i, \u0111\u00e2y ch\u1eafc ch\u1eafn l\u00e0 beach club m\u00e0 b\u1ea1n ph\u1ea3i gh\u00e9 th\u0103m \u0111\u1ec3 c\u00f3 m\u1ed9t ng\u00e0y ngh\u1ec9 d\u01b0\u1ee1ng th\u01b0 th\u00e1i ho\u1eb7c chi\u00eam ng\u01b0\u1ee1ng kho\u1ea3nh kh\u1eafc ho\u00e0ng h\u00f4n tuy\u1ec7t \u0111\u1eb9p tr\u00ean b\u00e3i bi\u1ec3n M\u1ef9 Kh\u00ea n\u1ed5i ti\u1ebfng.","robots":{"index":"index","follow":"follow","max-snippet":"max-snippet:-1","max-image-preview":"max-image-preview:large","max-video-preview":"max-video-preview:-1"},"canonical":"https:\/\/holidaybeachdanang.com\/vi\/dining\/holiday-beach-club\/","og_locale":"vi_VN","og_type":"article","og_title":"Holiday Beach Club - Holiday Beach Hotel Danang","og_description":"Holiday Beach Club \u0111\u01b0\u1ee3c thi\u1ebft k\u1ebf \u0111\u1ed9c \u0111\u00e1o \u0111\u1ec3 mang l\u1ea1i tr\u1ea3i nghi\u1ec7m b\u00ean b\u1edd bi\u1ec3n tuy\u1ec7t v\u1eddi, l\u00e0 \u0111\u1ecba \u0111i\u1ec3m l\u00fd t\u01b0\u1edfng \u0111\u1ec3 b\u1ea1n th\u01b0 gi\u00e3n v\u00e0 t\u1eadn h\u01b0\u1edfng ni\u1ec1m vui tr\u1ecdn v\u1eb9n. V\u1edbi d\u1ecbch v\u1ee5 \u1ea9m th\u1ef1c su\u1ed1t c\u1ea3 ng\u00e0y (all-day dining), \u0111\u1ed3 u\u1ed1ng \u0111\u01b0\u1ee3c pha ch\u1ebf tinh t\u1ebf v\u00e0 khu v\u1ef1c gi\u01b0\u1eddng t\u1eafm n\u1eafng tho\u1ea3i m\u00e1i, \u0111\u00e2y ch\u1eafc ch\u1eafn l\u00e0 beach club m\u00e0 b\u1ea1n ph\u1ea3i gh\u00e9 th\u0103m \u0111\u1ec3 c\u00f3 m\u1ed9t ng\u00e0y ngh\u1ec9 d\u01b0\u1ee1ng th\u01b0 th\u00e1i ho\u1eb7c chi\u00eam ng\u01b0\u1ee1ng kho\u1ea3nh kh\u1eafc ho\u00e0ng h\u00f4n tuy\u1ec7t \u0111\u1eb9p tr\u00ean b\u00e3i bi\u1ec3n M\u1ef9 Kh\u00ea n\u1ed5i ti\u1ebfng.","og_url":"https:\/\/holidaybeachdanang.com\/vi\/dining\/holiday-beach-club\/","og_site_name":"Holiday Beach Hotel Danang","article_modified_time":"2026-04-08T10:15:33+00:00","twitter_card":"summary_large_image","twitter_misc":{"Est. reading time":"1 minute"},"schema":{"@context":"https:\/\/schema.org","@graph":[{"@type":"WebPage","@id":"https:\/\/holidaybeachdanang.com\/vi\/dining\/holiday-beach-club\/","url":"https:\/\/holidaybeachdanang.com\/vi\/dining\/holiday-beach-club\/","name":"Holiday Beach Club - Holiday Beach Hotel Danang","isPartOf":{"@id":"https:\/\/holidaybeachdanang.com\/vi\/#website"},"datePublished":"2026-01-30T09:56:21+00:00","dateModified":"2026-04-08T10:15:33+00:00","description":"Holiday Beach Club \u0111\u01b0\u1ee3c thi\u1ebft k\u1ebf \u0111\u1ed9c \u0111\u00e1o \u0111\u1ec3 mang l\u1ea1i tr\u1ea3i nghi\u1ec7m b\u00ean b\u1edd bi\u1ec3n tuy\u1ec7t v\u1eddi, l\u00e0 \u0111\u1ecba \u0111i\u1ec3m l\u00fd t\u01b0\u1edfng \u0111\u1ec3 b\u1ea1n th\u01b0 gi\u00e3n v\u00e0 t\u1eadn h\u01b0\u1edfng ni\u1ec1m vui tr\u1ecdn v\u1eb9n. V\u1edbi d\u1ecbch v\u1ee5 \u1ea9m th\u1ef1c su\u1ed1t c\u1ea3 ng\u00e0y (all-day dining), \u0111\u1ed3 u\u1ed1ng \u0111\u01b0\u1ee3c pha ch\u1ebf tinh t\u1ebf v\u00e0 khu v\u1ef1c gi\u01b0\u1eddng t\u1eafm n\u1eafng tho\u1ea3i m\u00e1i, \u0111\u00e2y ch\u1eafc ch\u1eafn l\u00e0 beach club m\u00e0 b\u1ea1n ph\u1ea3i gh\u00e9 th\u0103m \u0111\u1ec3 c\u00f3 m\u1ed9t ng\u00e0y ngh\u1ec9 d\u01b0\u1ee1ng th\u01b0 th\u00e1i ho\u1eb7c chi\u00eam ng\u01b0\u1ee1ng kho\u1ea3nh kh\u1eafc ho\u00e0ng h\u00f4n tuy\u1ec7t \u0111\u1eb9p tr\u00ean b\u00e3i bi\u1ec3n M\u1ef9 Kh\u00ea n\u1ed5i ti\u1ebfng.","breadcrumb":{"@id":"https:\/\/holidaybeachdanang.com\/vi\/dining\/holiday-beach-club\/#breadcrumb"},"inLanguage":"vi-VN","potentialAction":[{"@type":"ReadAction","target":["https:\/\/holidaybeachdanang.com\/vi\/dining\/holiday-beach-club\/"]}]},{"@type":"BreadcrumbList","@id":"https:\/\/holidaybeachdanang.com\/vi\/dining\/holiday-beach-club\/#breadcrumb","itemListElement":[{"@type":"ListItem","position":1,"name":"Home","item":"https:\/\/holidaybeachdanang.com\/vi\/"},{"@type":"ListItem","position":2,"name":"\u1ea8m th\u1ef1c","item":"https:\/\/holidaybeachdanang.com\/vi\/dining\/"},{"@type":"ListItem","position":3,"name":"Holiday Beach Club"}]},{"@type":"WebSite","@id":"https:\/\/holidaybeachdanang.com\/vi\/#website","url":"https:\/\/holidaybeachdanang.com\/vi\/","name":"Holiday Beach Hotel Danang","description":"","potentialAction":[{"@type":"SearchAction","target":{"@type":"EntryPoint","urlTemplate":"https:\/\/holidaybeachdanang.com\/vi\/?s={search_term_string}"},"query-input":"required name=search_term_string"}],"inLanguage":"vi-VN"}]}},"acf":[],"_links":{"self":[{"href":"https:\/\/holidaybeachdanang.com\/vi\/wp-json\/wp\/v2\/pages\/104"}],"collection":[{"href":"https:\/\/holidaybeachdanang.com\/vi\/wp-json\/wp\/v2\/pages"}],"about":[{"href":"https:\/\/holidaybeachdanang.com\/vi\/wp-json\/wp\/v2\/types\/page"}],"author":[{"embeddable":true,"href":"https:\/\/holidaybeachdanang.com\/vi\/wp-json\/wp\/v2\/users\/90"}],"replies":[{"embeddable":true,"href":"https:\/\/holidaybeachdanang.com\/vi\/wp-json\/wp\/v2\/comments?post=104"}],"version-history":[{"count":0,"href":"https:\/\/holidaybeachdanang.com\/vi\/wp-json\/wp\/v2\/pages\/104\/revisions"}],"up":[{"embeddable":true,"href":"https:\/\/holidaybeachdanang.com\/vi\/wp-json\/wp\/v2\/pages\/86"}],"wp:attachment":[{"href":"https:\/\/holidaybeachdanang.com\/vi\/wp-json\/wp\/v2\/media?parent=104"}],"wp:term":[{"taxonomy":"category","embeddable":true,"href":"https:\/\/holidaybeachdanang.com\/vi\/wp-json\/wp\/v2\/categories?post=104"}],"curies":[{"name":"wp","href":"https:\/\/api.w.org\/{rel}","templated":true}]}}