{"id":100,"date":"2026-01-30T17:54:32","date_gmt":"2026-01-30T09:54:32","guid":{"rendered":"https:\/\/holidaybeachdanang.ms2.decms.asia\/dining\/the-waves-pool-bar-bistro\/"},"modified":"2026-04-08T18:14:44","modified_gmt":"2026-04-08T10:14:44","slug":"the-waves-pool-bar-bistro","status":"publish","type":"page","link":"https:\/\/holidaybeachdanang.com\/vi\/dining\/the-waves-pool-bar-bistro\/","title":{"rendered":"The Waves Pool Bar &amp; Bistro"},"content":{"rendered":"<p>H\u00e3y d\u00e0nh th\u1eddi gian th\u1ea3 m\u00ecnh trong l\u00e0n n\u01b0\u1edbc m\u00e1t l\u00e0nh t\u1ea1i h\u1ed3 b\u01a1i v\u00f4 c\u1ef1c, l\u1eafng nghe ti\u1ebfng s\u00f3ng v\u1ed7 t\u1eeb xa v\u00e0 c\u1ea3m nh\u1eadn h\u01a1i th\u1edf c\u1ee7a bi\u1ec3n c\u1ea3 \u2013 \u0111\u00f3 ch\u00ednh l\u00e0 c\u00e1ch tuy\u1ec7t v\u1eddi nh\u1ea5t \u0111\u1ec3 t\u00e1i t\u1ea1o n\u0103ng l\u01b0\u1ee3ng cho t\u00e2m h\u1ed3n. T\u1ea1i The Waves, m\u1ed7i kho\u1ea3nh kh\u1eafc \u0111\u1ec1u l\u00e0 m\u1ed9t s\u1ef1 h\u00f2a quy\u1ec7n tuy\u1ec7t v\u1eddi gi\u1eefa h\u01b0\u01a1ng v\u1ecb t\u01b0\u01a1i m\u1edbi v\u00e0 khung c\u1ea3nh \u0111\u1ea1i d\u01b0\u01a1ng tuy\u1ec7t m\u1ef9.<\/p>\n<p>H\u01a1n c\u1ea3 m\u1ed9t qu\u00e1n bar b\u00ean h\u1ed3 b\u01a1i, The Waves c\u00f2n l\u00e0 \u0111\u1ecba \u0111i\u1ec3m l\u00fd t\u01b0\u1edfng \u0111\u1ec3 t\u1ed5 ch\u1ee9c s\u1ef1 ki\u1ec7n v\u1edbi kh\u00f4ng gian m\u1edf tho\u00e1ng \u0111\u00e3ng v\u00e0 t\u1ea7m nh\u00ecn ngo\u1ea1n m\u1ee5c. T\u1eeb c\u00e1c b\u1eefa ti\u1ec7c s\u00f4i \u0111\u1ed9ng, ti\u1ec7c cocktail lung linh, \u0111\u1ebfn nh\u1eefng bu\u1ed5i g\u1eb7p g\u1ee1 c\u00f4ng ty hay ti\u1ec7c c\u01b0\u1edbi th\u00e2n m\u1eadt, The Waves \u0111\u1ec1u mang \u0111\u1ebfn m\u1ed9t ph\u00f4ng n\u1ec1n tuy\u1ec7t v\u1eddi v\u00e0 d\u1ecbch v\u1ee5 chuy\u00ean nghi\u1ec7p \u0111\u1ec3 bi\u1ebfn m\u1ecdi \u00fd t\u01b0\u1edfng th\u00e0nh hi\u1ec7n th\u1ef1c kh\u00f3 qu\u00ean.<\/p>\n","protected":false},"excerpt":{"rendered":"<p>H\u00e3y d\u00e0nh th\u1eddi gian th\u1ea3 m\u00ecnh trong l\u00e0n n\u01b0\u1edbc m\u00e1t l\u00e0nh t\u1ea1i h\u1ed3 b\u01a1i v\u00f4 c\u1ef1c, l\u1eafng nghe ti\u1ebfng s\u00f3ng v\u1ed7 t\u1eeb xa v\u00e0 c\u1ea3m nh\u1eadn h\u01a1i th\u1edf c\u1ee7a bi\u1ec3n c\u1ea3 \u2013 \u0111\u00f3 ch\u00ednh l\u00e0 c\u00e1ch tuy\u1ec7t v\u1eddi nh\u1ea5t \u0111\u1ec3 t\u00e1i t\u1ea1o n\u0103ng l\u01b0\u1ee3ng cho t\u00e2m h\u1ed3n. T\u1ea1i The Waves, m\u1ed7i kho\u1ea3nh kh\u1eafc \u0111\u1ec1u l\u00e0 [&hellip;]<\/p>\n","protected":false},"author":90,"featured_media":0,"parent":86,"menu_order":1,"comment_status":"closed","ping_status":"closed","template":"template-single-restaurant.php","meta":{"footnotes":""},"categories":[],"yoast_head":"<!-- This site is optimized with the Yoast SEO plugin v22.3 - https:\/\/yoast.com\/wordpress\/plugins\/seo\/ -->\n<title>The Waves Pool Bar &amp; Bistro - Holiday Beach Hotel Danang<\/title>\n<meta name=\"description\" content=\"H\u00e3y d\u00e0nh th\u1eddi gian th\u1ea3 m\u00ecnh trong l\u00e0n n\u01b0\u1edbc m\u00e1t l\u00e0nh t\u1ea1i h\u1ed3 b\u01a1i v\u00f4 c\u1ef1c, l\u1eafng nghe ti\u1ebfng s\u00f3ng v\u1ed7 t\u1eeb xa v\u00e0 c\u1ea3m nh\u1eadn h\u01a1i th\u1edf c\u1ee7a bi\u1ec3n c\u1ea3 \u2013 \u0111\u00f3 ch\u00ednh l\u00e0 c\u00e1ch tuy\u1ec7t v\u1eddi nh\u1ea5t \u0111\u1ec3 t\u00e1i t\u1ea1o n\u0103ng l\u01b0\u1ee3ng cho t\u00e2m h\u1ed3n. T\u1ea1i The Waves, m\u1ed7i kho\u1ea3nh kh\u1eafc \u0111\u1ec1u l\u00e0 m\u1ed9t s\u1ef1 h\u00f2a quy\u1ec7n tuy\u1ec7t v\u1eddi gi\u1eefa h\u01b0\u01a1ng v\u1ecb t\u01b0\u01a1i m\u1edbi v\u00e0 khung c\u1ea3nh \u0111\u1ea1i d\u01b0\u01a1ng tuy\u1ec7t m\u1ef9.H\u01a1n c\u1ea3 m\u1ed9t qu\u00e1n bar b\u00ean h\u1ed3 b\u01a1i, The Waves c\u00f2n l\u00e0 \u0111\u1ecba \u0111i\u1ec3m l\u00fd t\u01b0\u1edfng \u0111\u1ec3 t\u1ed5 ch\u1ee9c s\u1ef1 ki\u1ec7n v\u1edbi kh\u00f4ng gian m\u1edf tho\u00e1ng \u0111\u00e3ng v\u00e0 t\u1ea7m nh\u00ecn ngo\u1ea1n m\u1ee5c. T\u1eeb c\u00e1c b\u1eefa ti\u1ec7c s\u00f4i \u0111\u1ed9ng, ti\u1ec7c cocktail lung linh, \u0111\u1ebfn nh\u1eefng bu\u1ed5i g\u1eb7p g\u1ee1 c\u00f4ng ty hay ti\u1ec7c c\u01b0\u1edbi th\u00e2n m\u1eadt, The Waves \u0111\u1ec1u mang \u0111\u1ebfn m\u1ed9t ph\u00f4ng n\u1ec1n tuy\u1ec7t v\u1eddi v\u00e0 d\u1ecbch v\u1ee5 chuy\u00ean nghi\u1ec7p \u0111\u1ec3 bi\u1ebfn m\u1ecdi \u00fd t\u01b0\u1edfng th\u00e0nh hi\u1ec7n th\u1ef1c kh\u00f3 qu\u00ean.\" \/>\n<meta name=\"robots\" content=\"index, follow, max-snippet:-1, max-image-preview:large, max-video-preview:-1\" \/>\n<link rel=\"canonical\" href=\"https:\/\/holidaybeachdanang.com\/vi\/dining\/the-waves-pool-bar-bistro\/\" \/>\n<meta property=\"og:locale\" content=\"vi_VN\" \/>\n<meta property=\"og:type\" content=\"article\" \/>\n<meta property=\"og:title\" content=\"The Waves Pool Bar &amp; Bistro - Holiday Beach Hotel Danang\" \/>\n<meta property=\"og:description\" content=\"H\u00e3y d\u00e0nh th\u1eddi gian th\u1ea3 m\u00ecnh trong l\u00e0n n\u01b0\u1edbc m\u00e1t l\u00e0nh t\u1ea1i h\u1ed3 b\u01a1i v\u00f4 c\u1ef1c, l\u1eafng nghe ti\u1ebfng s\u00f3ng v\u1ed7 t\u1eeb xa v\u00e0 c\u1ea3m nh\u1eadn h\u01a1i th\u1edf c\u1ee7a bi\u1ec3n c\u1ea3 \u2013 \u0111\u00f3 ch\u00ednh l\u00e0 c\u00e1ch tuy\u1ec7t v\u1eddi nh\u1ea5t \u0111\u1ec3 t\u00e1i t\u1ea1o n\u0103ng l\u01b0\u1ee3ng cho t\u00e2m h\u1ed3n. T\u1ea1i The Waves, m\u1ed7i kho\u1ea3nh kh\u1eafc \u0111\u1ec1u l\u00e0 m\u1ed9t s\u1ef1 h\u00f2a quy\u1ec7n tuy\u1ec7t v\u1eddi gi\u1eefa h\u01b0\u01a1ng v\u1ecb t\u01b0\u01a1i m\u1edbi v\u00e0 khung c\u1ea3nh \u0111\u1ea1i d\u01b0\u01a1ng tuy\u1ec7t m\u1ef9.H\u01a1n c\u1ea3 m\u1ed9t qu\u00e1n bar b\u00ean h\u1ed3 b\u01a1i, The Waves c\u00f2n l\u00e0 \u0111\u1ecba \u0111i\u1ec3m l\u00fd t\u01b0\u1edfng \u0111\u1ec3 t\u1ed5 ch\u1ee9c s\u1ef1 ki\u1ec7n v\u1edbi kh\u00f4ng gian m\u1edf tho\u00e1ng \u0111\u00e3ng v\u00e0 t\u1ea7m nh\u00ecn ngo\u1ea1n m\u1ee5c. T\u1eeb c\u00e1c b\u1eefa ti\u1ec7c s\u00f4i \u0111\u1ed9ng, ti\u1ec7c cocktail lung linh, \u0111\u1ebfn nh\u1eefng bu\u1ed5i g\u1eb7p g\u1ee1 c\u00f4ng ty hay ti\u1ec7c c\u01b0\u1edbi th\u00e2n m\u1eadt, The Waves \u0111\u1ec1u mang \u0111\u1ebfn m\u1ed9t ph\u00f4ng n\u1ec1n tuy\u1ec7t v\u1eddi v\u00e0 d\u1ecbch v\u1ee5 chuy\u00ean nghi\u1ec7p \u0111\u1ec3 bi\u1ebfn m\u1ecdi \u00fd t\u01b0\u1edfng th\u00e0nh hi\u1ec7n th\u1ef1c kh\u00f3 qu\u00ean.\" \/>\n<meta property=\"og:url\" content=\"https:\/\/holidaybeachdanang.com\/vi\/dining\/the-waves-pool-bar-bistro\/\" \/>\n<meta property=\"og:site_name\" content=\"Holiday Beach Hotel Danang\" \/>\n<meta property=\"article:modified_time\" content=\"2026-04-08T10:14:44+00:00\" \/>\n<meta name=\"twitter:card\" content=\"summary_large_image\" \/>\n<meta name=\"twitter:label1\" content=\"Est. reading time\" \/>\n\t<meta name=\"twitter:data1\" content=\"1 minute\" \/>\n<script type=\"application\/ld+json\" class=\"yoast-schema-graph\">{\"@context\":\"https:\/\/schema.org\",\"@graph\":[{\"@type\":\"WebPage\",\"@id\":\"https:\/\/holidaybeachdanang.com\/vi\/dining\/the-waves-pool-bar-bistro\/\",\"url\":\"https:\/\/holidaybeachdanang.com\/vi\/dining\/the-waves-pool-bar-bistro\/\",\"name\":\"The Waves Pool Bar & Bistro - Holiday Beach Hotel Danang\",\"isPartOf\":{\"@id\":\"https:\/\/holidaybeachdanang.com\/vi\/#website\"},\"datePublished\":\"2026-01-30T09:54:32+00:00\",\"dateModified\":\"2026-04-08T10:14:44+00:00\",\"description\":\"H\u00e3y d\u00e0nh th\u1eddi gian th\u1ea3 m\u00ecnh trong l\u00e0n n\u01b0\u1edbc m\u00e1t l\u00e0nh t\u1ea1i h\u1ed3 b\u01a1i v\u00f4 c\u1ef1c, l\u1eafng nghe ti\u1ebfng s\u00f3ng v\u1ed7 t\u1eeb xa v\u00e0 c\u1ea3m nh\u1eadn h\u01a1i th\u1edf c\u1ee7a bi\u1ec3n c\u1ea3 \u2013 \u0111\u00f3 ch\u00ednh l\u00e0 c\u00e1ch tuy\u1ec7t v\u1eddi nh\u1ea5t \u0111\u1ec3 t\u00e1i t\u1ea1o n\u0103ng l\u01b0\u1ee3ng cho t\u00e2m h\u1ed3n. T\u1ea1i The Waves, m\u1ed7i kho\u1ea3nh kh\u1eafc \u0111\u1ec1u l\u00e0 m\u1ed9t s\u1ef1 h\u00f2a quy\u1ec7n tuy\u1ec7t v\u1eddi gi\u1eefa h\u01b0\u01a1ng v\u1ecb t\u01b0\u01a1i m\u1edbi v\u00e0 khung c\u1ea3nh \u0111\u1ea1i d\u01b0\u01a1ng tuy\u1ec7t m\u1ef9.H\u01a1n c\u1ea3 m\u1ed9t qu\u00e1n bar b\u00ean h\u1ed3 b\u01a1i, The Waves c\u00f2n l\u00e0 \u0111\u1ecba \u0111i\u1ec3m l\u00fd t\u01b0\u1edfng \u0111\u1ec3 t\u1ed5 ch\u1ee9c s\u1ef1 ki\u1ec7n v\u1edbi kh\u00f4ng gian m\u1edf tho\u00e1ng \u0111\u00e3ng v\u00e0 t\u1ea7m nh\u00ecn ngo\u1ea1n m\u1ee5c. T\u1eeb c\u00e1c b\u1eefa ti\u1ec7c s\u00f4i \u0111\u1ed9ng, ti\u1ec7c cocktail lung linh, \u0111\u1ebfn nh\u1eefng bu\u1ed5i g\u1eb7p g\u1ee1 c\u00f4ng ty hay ti\u1ec7c c\u01b0\u1edbi th\u00e2n m\u1eadt, The Waves \u0111\u1ec1u mang \u0111\u1ebfn m\u1ed9t ph\u00f4ng n\u1ec1n tuy\u1ec7t v\u1eddi v\u00e0 d\u1ecbch v\u1ee5 chuy\u00ean nghi\u1ec7p \u0111\u1ec3 bi\u1ebfn m\u1ecdi \u00fd t\u01b0\u1edfng th\u00e0nh hi\u1ec7n th\u1ef1c kh\u00f3 qu\u00ean.\",\"breadcrumb\":{\"@id\":\"https:\/\/holidaybeachdanang.com\/vi\/dining\/the-waves-pool-bar-bistro\/#breadcrumb\"},\"inLanguage\":\"vi-VN\",\"potentialAction\":[{\"@type\":\"ReadAction\",\"target\":[\"https:\/\/holidaybeachdanang.com\/vi\/dining\/the-waves-pool-bar-bistro\/\"]}]},{\"@type\":\"BreadcrumbList\",\"@id\":\"https:\/\/holidaybeachdanang.com\/vi\/dining\/the-waves-pool-bar-bistro\/#breadcrumb\",\"itemListElement\":[{\"@type\":\"ListItem\",\"position\":1,\"name\":\"Home\",\"item\":\"https:\/\/holidaybeachdanang.com\/vi\/\"},{\"@type\":\"ListItem\",\"position\":2,\"name\":\"\u1ea8m th\u1ef1c\",\"item\":\"https:\/\/holidaybeachdanang.com\/vi\/dining\/\"},{\"@type\":\"ListItem\",\"position\":3,\"name\":\"The Waves Pool Bar &amp; Bistro\"}]},{\"@type\":\"WebSite\",\"@id\":\"https:\/\/holidaybeachdanang.com\/vi\/#website\",\"url\":\"https:\/\/holidaybeachdanang.com\/vi\/\",\"name\":\"Holiday Beach Hotel Danang\",\"description\":\"\",\"potentialAction\":[{\"@type\":\"SearchAction\",\"target\":{\"@type\":\"EntryPoint\",\"urlTemplate\":\"https:\/\/holidaybeachdanang.com\/vi\/?s={search_term_string}\"},\"query-input\":\"required name=search_term_string\"}],\"inLanguage\":\"vi-VN\"}]}<\/script>\n<!-- \/ Yoast SEO plugin. -->","yoast_head_json":{"title":"The Waves Pool Bar & Bistro - Holiday Beach Hotel Danang","description":"H\u00e3y d\u00e0nh th\u1eddi gian th\u1ea3 m\u00ecnh trong l\u00e0n n\u01b0\u1edbc m\u00e1t l\u00e0nh t\u1ea1i h\u1ed3 b\u01a1i v\u00f4 c\u1ef1c, l\u1eafng nghe ti\u1ebfng s\u00f3ng v\u1ed7 t\u1eeb xa v\u00e0 c\u1ea3m nh\u1eadn h\u01a1i th\u1edf c\u1ee7a bi\u1ec3n c\u1ea3 \u2013 \u0111\u00f3 ch\u00ednh l\u00e0 c\u00e1ch tuy\u1ec7t v\u1eddi nh\u1ea5t \u0111\u1ec3 t\u00e1i t\u1ea1o n\u0103ng l\u01b0\u1ee3ng cho t\u00e2m h\u1ed3n. T\u1ea1i The Waves, m\u1ed7i kho\u1ea3nh kh\u1eafc \u0111\u1ec1u l\u00e0 m\u1ed9t s\u1ef1 h\u00f2a quy\u1ec7n tuy\u1ec7t v\u1eddi gi\u1eefa h\u01b0\u01a1ng v\u1ecb t\u01b0\u01a1i m\u1edbi v\u00e0 khung c\u1ea3nh \u0111\u1ea1i d\u01b0\u01a1ng tuy\u1ec7t m\u1ef9.H\u01a1n c\u1ea3 m\u1ed9t qu\u00e1n bar b\u00ean h\u1ed3 b\u01a1i, The Waves c\u00f2n l\u00e0 \u0111\u1ecba \u0111i\u1ec3m l\u00fd t\u01b0\u1edfng \u0111\u1ec3 t\u1ed5 ch\u1ee9c s\u1ef1 ki\u1ec7n v\u1edbi kh\u00f4ng gian m\u1edf tho\u00e1ng \u0111\u00e3ng v\u00e0 t\u1ea7m nh\u00ecn ngo\u1ea1n m\u1ee5c. T\u1eeb c\u00e1c b\u1eefa ti\u1ec7c s\u00f4i \u0111\u1ed9ng, ti\u1ec7c cocktail lung linh, \u0111\u1ebfn nh\u1eefng bu\u1ed5i g\u1eb7p g\u1ee1 c\u00f4ng ty hay ti\u1ec7c c\u01b0\u1edbi th\u00e2n m\u1eadt, The Waves \u0111\u1ec1u mang \u0111\u1ebfn m\u1ed9t ph\u00f4ng n\u1ec1n tuy\u1ec7t v\u1eddi v\u00e0 d\u1ecbch v\u1ee5 chuy\u00ean nghi\u1ec7p \u0111\u1ec3 bi\u1ebfn m\u1ecdi \u00fd t\u01b0\u1edfng th\u00e0nh hi\u1ec7n th\u1ef1c kh\u00f3 qu\u00ean.","robots":{"index":"index","follow":"follow","max-snippet":"max-snippet:-1","max-image-preview":"max-image-preview:large","max-video-preview":"max-video-preview:-1"},"canonical":"https:\/\/holidaybeachdanang.com\/vi\/dining\/the-waves-pool-bar-bistro\/","og_locale":"vi_VN","og_type":"article","og_title":"The Waves Pool Bar & Bistro - Holiday Beach Hotel Danang","og_description":"H\u00e3y d\u00e0nh th\u1eddi gian th\u1ea3 m\u00ecnh trong l\u00e0n n\u01b0\u1edbc m\u00e1t l\u00e0nh t\u1ea1i h\u1ed3 b\u01a1i v\u00f4 c\u1ef1c, l\u1eafng nghe ti\u1ebfng s\u00f3ng v\u1ed7 t\u1eeb xa v\u00e0 c\u1ea3m nh\u1eadn h\u01a1i th\u1edf c\u1ee7a bi\u1ec3n c\u1ea3 \u2013 \u0111\u00f3 ch\u00ednh l\u00e0 c\u00e1ch tuy\u1ec7t v\u1eddi nh\u1ea5t \u0111\u1ec3 t\u00e1i t\u1ea1o n\u0103ng l\u01b0\u1ee3ng cho t\u00e2m h\u1ed3n. T\u1ea1i The Waves, m\u1ed7i kho\u1ea3nh kh\u1eafc \u0111\u1ec1u l\u00e0 m\u1ed9t s\u1ef1 h\u00f2a quy\u1ec7n tuy\u1ec7t v\u1eddi gi\u1eefa h\u01b0\u01a1ng v\u1ecb t\u01b0\u01a1i m\u1edbi v\u00e0 khung c\u1ea3nh \u0111\u1ea1i d\u01b0\u01a1ng tuy\u1ec7t m\u1ef9.H\u01a1n c\u1ea3 m\u1ed9t qu\u00e1n bar b\u00ean h\u1ed3 b\u01a1i, The Waves c\u00f2n l\u00e0 \u0111\u1ecba \u0111i\u1ec3m l\u00fd t\u01b0\u1edfng \u0111\u1ec3 t\u1ed5 ch\u1ee9c s\u1ef1 ki\u1ec7n v\u1edbi kh\u00f4ng gian m\u1edf tho\u00e1ng \u0111\u00e3ng v\u00e0 t\u1ea7m nh\u00ecn ngo\u1ea1n m\u1ee5c. T\u1eeb c\u00e1c b\u1eefa ti\u1ec7c s\u00f4i \u0111\u1ed9ng, ti\u1ec7c cocktail lung linh, \u0111\u1ebfn nh\u1eefng bu\u1ed5i g\u1eb7p g\u1ee1 c\u00f4ng ty hay ti\u1ec7c c\u01b0\u1edbi th\u00e2n m\u1eadt, The Waves \u0111\u1ec1u mang \u0111\u1ebfn m\u1ed9t ph\u00f4ng n\u1ec1n tuy\u1ec7t v\u1eddi v\u00e0 d\u1ecbch v\u1ee5 chuy\u00ean nghi\u1ec7p \u0111\u1ec3 bi\u1ebfn m\u1ecdi \u00fd t\u01b0\u1edfng th\u00e0nh hi\u1ec7n th\u1ef1c kh\u00f3 qu\u00ean.","og_url":"https:\/\/holidaybeachdanang.com\/vi\/dining\/the-waves-pool-bar-bistro\/","og_site_name":"Holiday Beach Hotel Danang","article_modified_time":"2026-04-08T10:14:44+00:00","twitter_card":"summary_large_image","twitter_misc":{"Est. reading time":"1 minute"},"schema":{"@context":"https:\/\/schema.org","@graph":[{"@type":"WebPage","@id":"https:\/\/holidaybeachdanang.com\/vi\/dining\/the-waves-pool-bar-bistro\/","url":"https:\/\/holidaybeachdanang.com\/vi\/dining\/the-waves-pool-bar-bistro\/","name":"The Waves Pool Bar & Bistro - Holiday Beach Hotel Danang","isPartOf":{"@id":"https:\/\/holidaybeachdanang.com\/vi\/#website"},"datePublished":"2026-01-30T09:54:32+00:00","dateModified":"2026-04-08T10:14:44+00:00","description":"H\u00e3y d\u00e0nh th\u1eddi gian th\u1ea3 m\u00ecnh trong l\u00e0n n\u01b0\u1edbc m\u00e1t l\u00e0nh t\u1ea1i h\u1ed3 b\u01a1i v\u00f4 c\u1ef1c, l\u1eafng nghe ti\u1ebfng s\u00f3ng v\u1ed7 t\u1eeb xa v\u00e0 c\u1ea3m nh\u1eadn h\u01a1i th\u1edf c\u1ee7a bi\u1ec3n c\u1ea3 \u2013 \u0111\u00f3 ch\u00ednh l\u00e0 c\u00e1ch tuy\u1ec7t v\u1eddi nh\u1ea5t \u0111\u1ec3 t\u00e1i t\u1ea1o n\u0103ng l\u01b0\u1ee3ng cho t\u00e2m h\u1ed3n. T\u1ea1i The Waves, m\u1ed7i kho\u1ea3nh kh\u1eafc \u0111\u1ec1u l\u00e0 m\u1ed9t s\u1ef1 h\u00f2a quy\u1ec7n tuy\u1ec7t v\u1eddi gi\u1eefa h\u01b0\u01a1ng v\u1ecb t\u01b0\u01a1i m\u1edbi v\u00e0 khung c\u1ea3nh \u0111\u1ea1i d\u01b0\u01a1ng tuy\u1ec7t m\u1ef9.H\u01a1n c\u1ea3 m\u1ed9t qu\u00e1n bar b\u00ean h\u1ed3 b\u01a1i, The Waves c\u00f2n l\u00e0 \u0111\u1ecba \u0111i\u1ec3m l\u00fd t\u01b0\u1edfng \u0111\u1ec3 t\u1ed5 ch\u1ee9c s\u1ef1 ki\u1ec7n v\u1edbi kh\u00f4ng gian m\u1edf tho\u00e1ng \u0111\u00e3ng v\u00e0 t\u1ea7m nh\u00ecn ngo\u1ea1n m\u1ee5c. T\u1eeb c\u00e1c b\u1eefa ti\u1ec7c s\u00f4i \u0111\u1ed9ng, ti\u1ec7c cocktail lung linh, \u0111\u1ebfn nh\u1eefng bu\u1ed5i g\u1eb7p g\u1ee1 c\u00f4ng ty hay ti\u1ec7c c\u01b0\u1edbi th\u00e2n m\u1eadt, The Waves \u0111\u1ec1u mang \u0111\u1ebfn m\u1ed9t ph\u00f4ng n\u1ec1n tuy\u1ec7t v\u1eddi v\u00e0 d\u1ecbch v\u1ee5 chuy\u00ean nghi\u1ec7p \u0111\u1ec3 bi\u1ebfn m\u1ecdi \u00fd t\u01b0\u1edfng th\u00e0nh hi\u1ec7n th\u1ef1c kh\u00f3 qu\u00ean.","breadcrumb":{"@id":"https:\/\/holidaybeachdanang.com\/vi\/dining\/the-waves-pool-bar-bistro\/#breadcrumb"},"inLanguage":"vi-VN","potentialAction":[{"@type":"ReadAction","target":["https:\/\/holidaybeachdanang.com\/vi\/dining\/the-waves-pool-bar-bistro\/"]}]},{"@type":"BreadcrumbList","@id":"https:\/\/holidaybeachdanang.com\/vi\/dining\/the-waves-pool-bar-bistro\/#breadcrumb","itemListElement":[{"@type":"ListItem","position":1,"name":"Home","item":"https:\/\/holidaybeachdanang.com\/vi\/"},{"@type":"ListItem","position":2,"name":"\u1ea8m th\u1ef1c","item":"https:\/\/holidaybeachdanang.com\/vi\/dining\/"},{"@type":"ListItem","position":3,"name":"The Waves Pool Bar &amp; Bistro"}]},{"@type":"WebSite","@id":"https:\/\/holidaybeachdanang.com\/vi\/#website","url":"https:\/\/holidaybeachdanang.com\/vi\/","name":"Holiday Beach Hotel Danang","description":"","potentialAction":[{"@type":"SearchAction","target":{"@type":"EntryPoint","urlTemplate":"https:\/\/holidaybeachdanang.com\/vi\/?s={search_term_string}"},"query-input":"required name=search_term_string"}],"inLanguage":"vi-VN"}]}},"acf":[],"_links":{"self":[{"href":"https:\/\/holidaybeachdanang.com\/vi\/wp-json\/wp\/v2\/pages\/100"}],"collection":[{"href":"https:\/\/holidaybeachdanang.com\/vi\/wp-json\/wp\/v2\/pages"}],"about":[{"href":"https:\/\/holidaybeachdanang.com\/vi\/wp-json\/wp\/v2\/types\/page"}],"author":[{"embeddable":true,"href":"https:\/\/holidaybeachdanang.com\/vi\/wp-json\/wp\/v2\/users\/90"}],"replies":[{"embeddable":true,"href":"https:\/\/holidaybeachdanang.com\/vi\/wp-json\/wp\/v2\/comments?post=100"}],"version-history":[{"count":0,"href":"https:\/\/holidaybeachdanang.com\/vi\/wp-json\/wp\/v2\/pages\/100\/revisions"}],"up":[{"embeddable":true,"href":"https:\/\/holidaybeachdanang.com\/vi\/wp-json\/wp\/v2\/pages\/86"}],"wp:attachment":[{"href":"https:\/\/holidaybeachdanang.com\/vi\/wp-json\/wp\/v2\/media?parent=100"}],"wp:term":[{"taxonomy":"category","embeddable":true,"href":"https:\/\/holidaybeachdanang.com\/vi\/wp-json\/wp\/v2\/categories?post=100"}],"curies":[{"name":"wp","href":"https:\/\/api.w.org\/{rel}","templated":true}]}}